{"id":40467,"date":"2025-07-09T23:57:00","date_gmt":"2025-07-09T15:57:00","guid":{"rendered":"https:\/\/bolttech.io\/cong-nghe-ngan-chan-bu-long\/"},"modified":"2025-11-10T23:23:48","modified_gmt":"2025-11-10T15:23:48","slug":"cong-nghe-ngan-chan-bu-long","status":"publish","type":"page","link":"https:\/\/bolttech.io\/vi\/cong-nghe-ngan-chan-bu-long\/","title":{"rendered":"C\u00f4ng ngh\u1ec7 ph\u00f2ng ng\u1eeba"},"content":{"rendered":"\n<section id=\"block_20e2828334c53b2c828ab7a5b405ead8\"       class=\"bl-first-element bl-bg-image-hero hp-bg-brand-black bl-section-element bl-bg-image-hero_overlay\">\n\n            <picture class=\"bl-bg-image-hero__bg\">\n            <source srcset=\"https:\/\/bolttech.io\/wp-content\/uploads\/2024\/09\/Insurance-entity-setup-1920x1080.jpg\" media=\"(min-width: 1025px)\">\n            <img decoding=\"async\" src=\"https:\/\/bolttech.io\/wp-content\/uploads\/2024\/09\/Insurance-entity-setup-834x566.jpg\"\n                 alt=\"Gi\u1ea3m th\u1ea5t tho\u00e1t n\u01b0\u1edbc b\u1eb1ng c\u00e1ch ch\u1ee7 \u0111\u1ed9ng ph\u00f2ng ng\u1eeba\">\n        <\/picture>\n    \n    \n    <div class=\"bl-bg-image-hero__container\">\n        <div class=\"bl-container-wide\">\n            <div class=\"bl-bg-image-hero__head bl-animate-text\"><h1 class=\"bl-eyebrow\">C\u00f4ng ngh\u1ec7 ph\u00f2ng ng\u1eeba<\/h1><h2 class=\"h1\">Gi\u1ea3m th\u1ea5t tho\u00e1t n\u01b0\u1edbc b\u1eb1ng c\u00e1ch ch\u1ee7 \u0111\u1ed9ng ph\u00f2ng ng\u1eeba<\/h2><div class=\"bl-bg-image-hero__head-description\"><p>C\u00f4ng ngh\u1ec7 ph\u00f2ng ng\u1eeba c\u1ee7a ch\u00fang t\u00f4i gi\u00fap c\u00e1c h\u00e3ng b\u1ea3o hi\u1ec3m v\u00e0 MGA gi\u1ea3m t\u1ed5n th\u1ea5t li\u00ean quan \u0111\u1ebfn n\u01b0\u1edbc b\u1eb1ng c\u00e1ch t\u00edch h\u1ee3p d\u1eef li\u1ec7u c\u1ea3m bi\u1ebfn th\u1eddi gian th\u1ef1c v\u1edbi quy tr\u00ecnh qu\u1ea3n l\u00fd h\u1ee3p \u0111\u1ed3ng v\u00e0 y\u00eau c\u1ea7u b\u1ed3i th\u01b0\u1eddng.<\/p>\n<\/div><a class=\"bl-btn bl-btn_primary-dark\" href=\"https:\/\/bolttech.io\/vi\/bat-dau-2\/\" aria-label=\"B\u1eaft \u0111\u1ea7u\"><span>B\u1eaft \u0111\u1ea7u<\/span><\/a><\/div>        <\/div>\n\n            <\/div>\n\n<\/section>\n\n\n\n\n\n\n\n\n\n<section id=\"block_52a66cc7f7cc80e468c4f507249d50da\"       class=\"bl-card-layouts hp-bg-brand-black bl-section-element\"\n      style=\"background:var(--wp--preset--color--white)\">\n\n    <div class=\"bl-card-layouts__container\">\n        <div class=\"bl-card-layouts__head bl-animate-text\"><h2 class=\"h3\">Ng\u0103n ng\u1eeba t\u1ed5n th\u1ea5t, t\u1ed1i \u01b0u h\u00f3a b\u1ea3o hi\u1ec3m v\u00e0 b\u1ea3o v\u1ec7 c\u00e1c ch\u1ee7 h\u1ee3p \u0111\u1ed3ng.<\/h2><p>Gi\u1ea3m t\u1ed5n th\u1ea5t thi\u1ec7t h\u1ea1i do n\u01b0\u1edbc tr\u01b0\u1edbc khi ch\u00fang x\u1ea3y ra v\u1edbi gi\u00e1m s\u00e1t th\u1eddi gian th\u1ef1c, th\u00f4ng tin chi ti\u1ebft v\u1ec1 r\u1ee7i ro t\u1ef1 \u0111\u1ed9ng v\u00e0 t\u00edch h\u1ee3p li\u1ec1n m\u1ea1ch c\u1ee7a h\u00e3ng v\u1eadn chuy\u1ec3n.<\/p>\n<\/div>            <div class=\"bl-card-layouts__row bl-fade-up-items\">\n                \n<article class=\"bl-card-with-icon bl-card-with-icon_dark\">\n    <div class=\"bl-card-with-icon__media bl-card-with-icon__media_image\"><img loading=\"lazy\" decoding=\"async\" width=\"44\" height=\"44\" src=\"https:\/\/bolttech.io\/wp-content\/uploads\/2024\/09\/Idea-2.svg\" class=\"bl-card-with-icon__media-image\" alt=\"\" \/><\/div><h3 class=\"h5\">Gi\u00e1m s\u00e1t v\u00e0 c\u1ea3nh b\u00e1o theo th\u1eddi gian th\u1ef1c<\/h3><div><p>C\u1ea3m bi\u1ebfn n\u01b0\u1edbc \u0111\u01b0\u1ee3c k\u1ebft n\u1ed1i ph\u00e1t hi\u1ec7n r\u00f2 r\u1ec9 v\u00e0 c\u1ea3nh b\u00e1o c\u00e1c ch\u1ee7 h\u1ee3p \u0111\u1ed3ng v\u00e0 ng\u01b0\u1eddi v\u1eadn chuy\u1ec3n tr\u01b0\u1edbc khi thi\u1ec7t h\u1ea1i leo thang.<\/p>\n<\/div><\/article>\n\n<article class=\"bl-card-with-icon bl-card-with-icon_dark\">\n    <div class=\"bl-card-with-icon__media bl-card-with-icon__media_image\"><img loading=\"lazy\" decoding=\"async\" width=\"44\" height=\"44\" src=\"https:\/\/bolttech.io\/wp-content\/uploads\/2024\/10\/Big-data.svg\" class=\"bl-card-with-icon__media-image\" alt=\"\" \/><\/div><h3 class=\"h5\">H\u1ed7 tr\u1ee3 b\u1ea3o l\u00e3nh ph\u00e1t h\u00e0nh d\u1ef1a tr\u00ean d\u1eef li\u1ec7u<\/h3><div><p>Th\u00f4ng tin chi ti\u1ebft h\u1eefu \u00edch gi\u00fap c\u00e1c h\u00e3ng v\u1eadn chuy\u1ec3n tinh ch\u1ec9nh m\u00f4 h\u00ecnh r\u1ee7i ro, t\u1ed1i \u01b0u h\u00f3a gi\u00e1 c\u1ea3 v\u00e0 c\u1ea3i thi\u1ec7n hi\u1ec7u su\u1ea5t ch\u00ednh s\u00e1ch.<\/p>\n<\/div><\/article>\n\n<article class=\"bl-card-with-icon bl-card-with-icon_dark\">\n    <div class=\"bl-card-with-icon__media bl-card-with-icon__media_image\"><img loading=\"lazy\" decoding=\"async\" width=\"44\" height=\"44\" src=\"https:\/\/bolttech.io\/wp-content\/uploads\/2024\/10\/Connection-2.svg\" class=\"bl-card-with-icon__media-image\" alt=\"\" \/><\/div><h3 class=\"h5\">T\u00edch h\u1ee3p \u0111\u1ea7u cu\u1ed1i<\/h3><div><p>C\u00f4ng ngh\u1ec7 ph\u00f2ng ng\u1eeba c\u1ee7a ch\u00fang t\u00f4i k\u1ebft n\u1ed1i li\u1ec1n m\u1ea1ch v\u1edbi quy tr\u00ecnh qu\u1ea3n l\u00fd h\u1ee3p \u0111\u1ed3ng v\u00e0 y\u00eau c\u1ea7u b\u1ed3i th\u01b0\u1eddng hi\u1ec7n c\u00f3.<\/p>\n<\/div><\/article>\n            <\/div>\n            <\/div>\n\n<\/section>\n\n\n\n\n<section id=\"block_6484a8d0572c9c62a5e7fc36be382cc7\"       class=\"bl-hover-tabs hp-bg-brand-black bl-section-element\"\n      style=\"background:var(--wp--preset--color--white)\">\n\n    <div class=\"bl-container-wide\">\n        <div class=\"bl-hover-tabs__head bl-animate-text\"><h2 class=\"h3\">M\u1ed9t c\u00e1ch th\u00f4ng minh h\u01a1n \u0111\u1ec3 gi\u1ea3m thi\u1ec3u r\u1ee7i ro cho c\u00e1c c\u00f4ng ty b\u1ea3o hi\u1ec3m<\/h2><div class=\"bl-hover-tabs__head-description\"><p>Ng\u0103n ng\u1eeba t\u1ed5n th\u1ea5t tr\u01b0\u1edbc khi ch\u00fang x\u1ea3y ra l\u00e0 m\u1ed9t b\u01b0\u1edbc quan tr\u1ecdng trong vi\u1ec7c c\u1ea3i thi\u1ec7n qu\u1ea3n l\u00fd r\u1ee7i ro. C\u00f4ng ngh\u1ec7 ph\u00f2ng ng\u1eeba c\u1ee7a ch\u00fang t\u00f4i trao quy\u1ec1n cho c\u00e1c nh\u00e0 cung c\u1ea5p d\u1ecbch v\u1ee5 v\u00e0 MGA gi\u1ea3m t\u1ed5n th\u1ea5t b\u1eb1ng c\u00e1ch t\u00edch h\u1ee3p c\u1ea3m bi\u1ebfn n\u01b0\u1edbc h\u1ed7 tr\u1ee3 IoT v\u1edbi quy tr\u00ecnh l\u00e0m vi\u1ec7c ch\u00ednh s\u00e1ch. C\u1ea3nh b\u00e1o th\u1eddi gian th\u1ef1c, c\u00f4ng c\u1ee5 t\u01b0\u01a1ng t\u00e1c t\u1ef1 \u0111\u1ed9ng v\u00e0 t\u00edch h\u1ee3p li\u1ec1n m\u1ea1ch c\u1ee7a nh\u00e0 cung c\u1ea5p d\u1ecbch v\u1ee5 \u0111\u1ea3m b\u1ea3o ch\u1ee7 h\u1ee3p \u0111\u1ed3ng lu\u00f4n tu\u00e2n th\u1ee7 \u0111\u1ed3ng th\u1eddi cung c\u1ea5p cho c\u00e1c c\u00f4ng ty b\u1ea3o hi\u1ec3m th\u00f4ng tin chi ti\u1ebft h\u1eefu \u00edch, cho ph\u00e9p h\u1ecd th\u1ef1c hi\u1ec7n c\u00e1ch ti\u1ebfp c\u1eadn th\u00f4ng minh h\u01a1n, d\u1ef1a tr\u00ean d\u1eef li\u1ec7u \u0111\u1ec3 gi\u1ea3m thi\u1ec3u r\u1ee7i ro.  <\/p>\n<\/div><\/div>\n                    <div class=\"bl-hover-tabs__container\">\n                <div class=\"bl-hover-tabs__panel\">\n                    <div class=\"bl-hover-tabs__panel-row\">\n                                                    <button class=\"bl-hover-tabs__panel-button active\"\n                                    data-id-tab=\"block_6484a8d0572c9c62a5e7fc36be382cc7-1\"\n                                    aria-label=\"Y\u00eau c\u1ea7u b\u1ed3i th\u01b0\u1eddng th\u1ea5t tho\u00e1t n\u01b0\u1edbc th\u1ea5p h\u01a1n  \">\n                                Y\u00eau c\u1ea7u b\u1ed3i th\u01b0\u1eddng th\u1ea5t tho\u00e1t n\u01b0\u1edbc th\u1ea5p h\u01a1n                              <\/button>\n                                                        <button class=\"bl-hover-tabs__panel-button\"\n                                    data-id-tab=\"block_6484a8d0572c9c62a5e7fc36be382cc7-2\"\n                                    aria-label=\"T\u00edch h\u1ee3p li\u1ec1n m\u1ea1ch v\u1edbi c\u00e1c h\u1ec7 th\u1ed1ng v\u1eadn chuy\u1ec3n  \">\n                                T\u00edch h\u1ee3p li\u1ec1n m\u1ea1ch v\u1edbi c\u00e1c h\u1ec7 th\u1ed1ng v\u1eadn chuy\u1ec3n                              <\/button>\n                                                        <button class=\"bl-hover-tabs__panel-button\"\n                                    data-id-tab=\"block_6484a8d0572c9c62a5e7fc36be382cc7-3\"\n                                    aria-label=\"C\u00f4ng c\u1ee5 t\u01b0\u01a1ng t\u00e1c v\u1edbi ch\u1ee7 h\u1ee3p \u0111\u1ed3ng  \">\n                                C\u00f4ng c\u1ee5 t\u01b0\u01a1ng t\u00e1c v\u1edbi ch\u1ee7 h\u1ee3p \u0111\u1ed3ng                              <\/button>\n                                                        <button class=\"bl-hover-tabs__panel-button\"\n                                    data-id-tab=\"block_6484a8d0572c9c62a5e7fc36be382cc7-4\"\n                                    aria-label=\"N\u1ec1n t\u1ea3ng linh ho\u1ea1t, kh\u00f4ng ph\u1ee5 thu\u1ed9c v\u00e0o thi\u1ebft b\u1ecb\">\n                                N\u1ec1n t\u1ea3ng linh ho\u1ea1t, kh\u00f4ng ph\u1ee5 thu\u1ed9c v\u00e0o thi\u1ebft b\u1ecb                            <\/button>\n                                                <\/div>\n                <\/div>\n\n                                    <div class=\"bl-hover-tabs__content active\"\n                         data-id-content=\"block_6484a8d0572c9c62a5e7fc36be382cc7-1\" tabindex=\"-1\">\n\n                        <img loading=\"lazy\" decoding=\"async\" width=\"768\" height=\"512\" src=\"https:\/\/bolttech.io\/wp-content\/uploads\/2025\/08\/GettyImages-1222861323-768x512.jpg\" class=\"bl-hover-tabs__img\" alt=\"\" srcset=\"https:\/\/bolttech.io\/wp-content\/uploads\/2025\/08\/GettyImages-1222861323-768x512.jpg 768w, https:\/\/bolttech.io\/wp-content\/uploads\/2025\/08\/GettyImages-1222861323-300x200.jpg 300w, https:\/\/bolttech.io\/wp-content\/uploads\/2025\/08\/GettyImages-1222861323-1024x682.jpg 1024w, https:\/\/bolttech.io\/wp-content\/uploads\/2025\/08\/GettyImages-1222861323-1536x1024.jpg 1536w, https:\/\/bolttech.io\/wp-content\/uploads\/2025\/08\/GettyImages-1222861323.jpg 2000w\" sizes=\"auto, (max-width: 768px) 100vw, 768px\" \/>                        <div class=\"bl-hover-tabs__section bl-hover-tabs__section_gradient\">\n                                                            <div class=\"h5\">Gi\u1ea3m t\u1ea7n su\u1ea5t v\u00e0 m\u1ee9c \u0111\u1ed9 nghi\u00eam tr\u1ecdng c\u1ee7a c\u00e1c y\u00eau c\u1ea7u b\u1ed3i th\u01b0\u1eddng t\u1ed1n k\u00e9m<\/div>\n                                                            <div class=\"bl-hover-tabs__section-description\">\n                                    <p>C\u00f4ng ngh\u1ec7 ph\u00f2ng ng\u1eeba c\u1ee7a ch\u00fang t\u00f4i \u0111\u00e3 \u0111\u01b0\u1ee3c ch\u1ee9ng minh l\u00e0 gi\u1ea3m t\u1ea7n su\u1ea5t y\u00eau c\u1ea7u b\u1ed3i th\u01b0\u1eddng m\u1ea5t n\u01b0\u1edbc xu\u1ed1ng 39% v\u00e0 m\u1ee9c \u0111\u1ed9 nghi\u00eam tr\u1ecdng xu\u1ed1ng 12%, gi\u00fap c\u00e1c c\u00f4ng ty b\u1ea3o hi\u1ec3m c\u1eaft gi\u1ea3m chi ph\u00ed v\u00e0 c\u1ea3i thi\u1ec7n l\u1ee3i nhu\u1eadn.<\/p>\n                                <\/div>\n                                                    <\/div>\n                    <\/div>\n                                        <div class=\"bl-hover-tabs__content\"\n                         data-id-content=\"block_6484a8d0572c9c62a5e7fc36be382cc7-2\" tabindex=\"-1\">\n\n                        <img loading=\"lazy\" decoding=\"async\" width=\"768\" height=\"512\" src=\"https:\/\/bolttech.io\/wp-content\/uploads\/2025\/03\/Seamless-integration-with-carrier-systems-768x512.webp\" class=\"bl-hover-tabs__img\" alt=\"\" srcset=\"https:\/\/bolttech.io\/wp-content\/uploads\/2025\/03\/Seamless-integration-with-carrier-systems-768x512.webp 768w, https:\/\/bolttech.io\/wp-content\/uploads\/2025\/03\/Seamless-integration-with-carrier-systems-300x200.webp 300w, https:\/\/bolttech.io\/wp-content\/uploads\/2025\/03\/Seamless-integration-with-carrier-systems-1024x683.webp 1024w, https:\/\/bolttech.io\/wp-content\/uploads\/2025\/03\/Seamless-integration-with-carrier-systems.webp 1500w\" sizes=\"auto, (max-width: 768px) 100vw, 768px\" \/>                        <div class=\"bl-hover-tabs__section bl-hover-tabs__section_gradient\">\n                                                            <div class=\"h5\">H\u1ee3p l\u00fd h\u00f3a quy tr\u00ecnh b\u1ed3i th\u01b0\u1eddng v\u00e0 y\u00eau c\u1ea7u b\u1ed3i th\u01b0\u1eddng<\/div>\n                                                            <div class=\"bl-hover-tabs__section-description\">\n                                    <p>N\u1ec1n t\u1ea3ng n\u00e0y k\u1ebft n\u1ed1i tr\u1ef1c ti\u1ebfp v\u1edbi h\u1ec7 th\u1ed1ng qu\u1ea3n l\u00fd ch\u00ednh s\u00e1ch v\u00e0 y\u00eau c\u1ea7u b\u1ed3i th\u01b0\u1eddng, \u0111\u1ea3m b\u1ea3o lu\u1ed3ng d\u1eef li\u1ec7u theo th\u1eddi gian th\u1ef1c v\u00e0 c\u1ea3i thi\u1ec7n \u0111\u00e1nh gi\u00e1 r\u1ee7i ro.<\/p>\n                                <\/div>\n                                                    <\/div>\n                    <\/div>\n                                        <div class=\"bl-hover-tabs__content\"\n                         data-id-content=\"block_6484a8d0572c9c62a5e7fc36be382cc7-3\" tabindex=\"-1\">\n\n                        <img loading=\"lazy\" decoding=\"async\" width=\"768\" height=\"512\" src=\"https:\/\/bolttech.io\/wp-content\/uploads\/2025\/07\/GettyImages-2103894533-768x512.jpg\" class=\"bl-hover-tabs__img\" alt=\"\" srcset=\"https:\/\/bolttech.io\/wp-content\/uploads\/2025\/07\/GettyImages-2103894533-768x512.jpg 768w, https:\/\/bolttech.io\/wp-content\/uploads\/2025\/07\/GettyImages-2103894533-300x200.jpg 300w, https:\/\/bolttech.io\/wp-content\/uploads\/2025\/07\/GettyImages-2103894533-1024x682.jpg 1024w, https:\/\/bolttech.io\/wp-content\/uploads\/2025\/07\/GettyImages-2103894533-1536x1024.jpg 1536w, https:\/\/bolttech.io\/wp-content\/uploads\/2025\/07\/GettyImages-2103894533.jpg 2000w\" sizes=\"auto, (max-width: 768px) 100vw, 768px\" \/>                        <div class=\"bl-hover-tabs__section bl-hover-tabs__section_gradient\">\n                                                            <div class=\"h5\">Gi\u00fap kh\u00e1ch h\u00e0ng tu\u00e2n th\u1ee7 v\u00e0 ng\u0103n ng\u1eeba t\u1ed5n th\u1ea5t<\/div>\n                                                            <div class=\"bl-hover-tabs__section-description\">\n                                    <p>C\u00f4ng ngh\u1ec7 ph\u00f2ng ng\u1eeba c\u1ee7a ch\u00fang t\u00f4i cung c\u1ea5p th\u00f4ng b\u00e1o v\u00e0 h\u01b0\u1edbng d\u1eabn t\u1ef1 \u0111\u1ed9ng \u0111\u1ec3 khuy\u1ebfn kh\u00edch s\u1eed d\u1ee5ng c\u1ea3m bi\u1ebfn \u0111\u00fang c\u00e1ch, gi\u1ea3m thi\u1ec3u c\u00e1c thi\u1ebft b\u1ecb kh\u00f4ng tu\u00e2n th\u1ee7 v\u00e0 kh\u00f4ng ho\u1ea1t \u0111\u1ed9ng.<\/p>\n                                <\/div>\n                                                    <\/div>\n                    <\/div>\n                                        <div class=\"bl-hover-tabs__content\"\n                         data-id-content=\"block_6484a8d0572c9c62a5e7fc36be382cc7-4\" tabindex=\"-1\">\n\n                        <img loading=\"lazy\" decoding=\"async\" width=\"768\" height=\"512\" src=\"https:\/\/bolttech.io\/wp-content\/uploads\/2024\/11\/GettyImages-1362328147-768x512.jpg\" class=\"bl-hover-tabs__img\" alt=\"\" srcset=\"https:\/\/bolttech.io\/wp-content\/uploads\/2024\/11\/GettyImages-1362328147-768x512.jpg 768w, https:\/\/bolttech.io\/wp-content\/uploads\/2024\/11\/GettyImages-1362328147-300x200.jpg 300w, https:\/\/bolttech.io\/wp-content\/uploads\/2024\/11\/GettyImages-1362328147-1024x683.jpg 1024w, https:\/\/bolttech.io\/wp-content\/uploads\/2024\/11\/GettyImages-1362328147-1536x1024.jpg 1536w, https:\/\/bolttech.io\/wp-content\/uploads\/2024\/11\/GettyImages-1362328147-2048x1365.jpg 2048w\" sizes=\"auto, (max-width: 768px) 100vw, 768px\" \/>                        <div class=\"bl-hover-tabs__section bl-hover-tabs__section_gradient\">\n                                                            <div class=\"h5\">Ho\u1ea1t \u0111\u1ed9ng v\u1edbi nhi\u1ec1u nh\u00e0 cung c\u1ea5p c\u1ea3m bi\u1ebfn<\/div>\n                                                            <div class=\"bl-hover-tabs__section-description\">\n                                    <p>C\u00e1c nh\u00e0 cung c\u1ea5p d\u1ecbch v\u1ee5 c\u00f3 th\u1ec3 ch\u1ecdn t\u1eeb nhi\u1ec1u \u0111\u1ed1i t\u00e1c c\u1ea3m bi\u1ebfn, cho ph\u00e9p t\u00f9y ch\u1ec9nh v\u00e0 m\u1edf r\u1ed9ng \u0111\u1ec3 ph\u00f9 h\u1ee3p v\u1edbi c\u00e1c h\u1ed3 s\u01a1 r\u1ee7i ro kh\u00e1c nhau.<\/p>\n                                <\/div>\n                                                    <\/div>\n                    <\/div>\n                                <\/div>\n        \n    <\/div>\n\n<\/section>\n\n\n","protected":false},"excerpt":{"rendered":"","protected":false},"author":6,"featured_media":0,"parent":0,"menu_order":0,"comment_status":"closed","ping_status":"closed","template":"","meta":{"_acf_changed":false,"footnotes":""},"class_list":["post-40467","page","type-page","status-publish","hentry"],"acf":[],"_links":{"self":[{"href":"https:\/\/bolttech.io\/vi\/wp-json\/wp\/v2\/pages\/40467","targetHints":{"allow":["GET"]}}],"collection":[{"href":"https:\/\/bolttech.io\/vi\/wp-json\/wp\/v2\/pages"}],"about":[{"href":"https:\/\/bolttech.io\/vi\/wp-json\/wp\/v2\/types\/page"}],"author":[{"embeddable":true,"href":"https:\/\/bolttech.io\/vi\/wp-json\/wp\/v2\/users\/6"}],"replies":[{"embeddable":true,"href":"https:\/\/bolttech.io\/vi\/wp-json\/wp\/v2\/comments?post=40467"}],"version-history":[{"count":0,"href":"https:\/\/bolttech.io\/vi\/wp-json\/wp\/v2\/pages\/40467\/revisions"}],"wp:attachment":[{"href":"https:\/\/bolttech.io\/vi\/wp-json\/wp\/v2\/media?parent=40467"}],"curies":[{"name":"wp","href":"https:\/\/api.w.org\/{rel}","templated":true}]}}