{"id":37166,"date":"2025-05-28T02:35:15","date_gmt":"2025-05-27T18:35:15","guid":{"rendered":"https:\/\/bolttech.io\/itc-chau-a-2025\/"},"modified":"2025-05-28T21:03:17","modified_gmt":"2025-05-28T13:03:17","slug":"itc-chau-a-2025","status":"publish","type":"page","link":"https:\/\/bolttech.io\/vi\/itc-chau-a-2025\/","title":{"rendered":"ITC Ch\u00e2u \u00c1 2025"},"content":{"rendered":"<figure class=\"wp-block-post-featured-image\"><img loading=\"lazy\" decoding=\"async\" width=\"1494\" height=\"448\" src=\"https:\/\/bolttech.io\/wp-content\/uploads\/2025\/05\/itcasia-header.png\" class=\"attachment-post-thumbnail size-post-thumbnail wp-post-image\" alt=\"\" style=\"object-fit:cover;\" srcset=\"https:\/\/bolttech.io\/wp-content\/uploads\/2025\/05\/itcasia-header.png 1494w, https:\/\/bolttech.io\/wp-content\/uploads\/2025\/05\/itcasia-header-300x90.png 300w, https:\/\/bolttech.io\/wp-content\/uploads\/2025\/05\/itcasia-header-1024x307.png 1024w, https:\/\/bolttech.io\/wp-content\/uploads\/2025\/05\/itcasia-header-768x230.png 768w\" sizes=\"auto, (max-width: 1494px) 100vw, 1494px\" \/><\/figure><!-- Hidden input -->\n\n    <input type=\"hidden\" id=\"geo-country\" value=\"[geot_country_name default=&quot;&quot;]\" data-country=\"[geot_country_name default=&quot;&quot;]\" >\n    <!-- <input type=\"hidden\" id=\"geo-country\" value=\"Hong Kong\"> -->\n\n<section id=\"block_638efaed64bfab658bed2be01a5a8fad\"       class=\"bl-secondary-hero hp-bg-brand-black bl-section-element bl-secondary-hero_centered-content\"\n      style=\"background:var(--wp--preset--color--white)\">\n\n    <div class=\"bl-secondary-hero__container\">\n        <div class=\"bl-secondary-hero__head bl-animate-text\"><h1 class=\"h2\">Ch\u00fang t\u00f4i r\u1ea5t vui m\u1eebng \u0111\u01b0\u1ee3c k\u1ebft n\u1ed1i v\u1edbi b\u1ea1n t\u1ea1i ITC Asia 2025!<\/h1><div class=\"bl-secondary-hero__head-description bl-secondary-hero__head-description_\u0110au v\u1eeba\"><p style=\"text-align: left\">B\u1ea1n \u0111ang t\u00ecm c\u00e1ch t\u0103ng l\u00f2ng trung th\u00e0nh c\u1ee7a kh\u00e1ch h\u00e0ng v\u00e0 m\u1edf kh\u00f3a c\u00e1c ngu\u1ed3n doanh thu m\u1edbi?<br \/>\nBoltTech c\u00f3 th\u1ec3 gi\u00fap b\u1ea1n \u0111\u01b0a tr\u1ea3i nghi\u1ec7m kh\u00e1ch h\u00e0ng c\u1ee7a m\u00ecnh l\u00ean m\u1ed9t t\u1ea7m cao m\u1edbi v\u1edbi c\u00e1c t\u00f9y ch\u1ecdn b\u1ea3o hi\u1ec3m v\u00e0 b\u1ea3o v\u1ec7 t\u00edch h\u1ee3p, li\u1ec1n<br \/>\n m\u1ea1ch mang l\u1ea1i s\u1ef1 l\u1ef1a ch\u1ecdn v\u00e0 d\u1ecbch v\u1ee5<br \/>\nt\u1ed1t nh\u1ea5t cho kh\u00e1ch h\u00e0ng c\u1ee7a b\u1ea1n.<\/p>\n<p style=\"text-align: left\">V\u1edbi c\u00e1c s\u1ea3n ph\u1ea9m b\u1ea3o hi\u1ec3m v\u00e0 b\u1ea3o hi\u1ec3m r\u1ed9ng r\u00e3i \u0111\u01b0\u1ee3c h\u1ed7 tr\u1ee3 b\u1edfi c\u00f4ng c\u1ee5 ph\u00e2n ph\u1ed1i<br \/>\nm\u1edf r\u1ed9ng c\u1ee7a ch\u00fang t\u00f4i, b\u1ea5t k\u1ef3 doanh nghi\u1ec7p n\u00e0o c\u0169ng c\u00f3 th\u1ec3 d\u1ec5 d\u00e0ng cung c\u1ea5p c\u00e1c gi\u1ea3i ph\u00e1p ph\u00f9 h\u1ee3p, ph\u00f9 h\u1ee3p v\u00e0 gi\u00e1 c\u1ea3 ph\u1ea3i ch\u0103ng m\u00e0<br \/>\nkh\u00e1ch h\u00e0ng tin t\u01b0\u1edfng v\u00e0o th\u1eddi \u0111i\u1ec3m c\u1ea7n.<\/p>\n<p style=\"text-align: left\">K\u1ebft n\u1ed1i v\u1edbi nh\u00f3m c\u1ee7a ch\u00fang t\u00f4i \u0111\u1ec3 t\u00ecm hi\u1ec3u th\u00eam.<\/p>\n<\/div><a class=\"bl-btn bl-btn_primary-dark\" href=\"mailto:enquiries@bolttech.io\" aria-label=\"K\u1ebft n\u1ed1i v\u1edbi ch\u00fang t\u00f4i\"><span>K\u1ebft n\u1ed1i v\u1edbi ch\u00fang t\u00f4i<\/span><\/a><\/div>\n\n            <\/div>\n\n                <div class=\"shape-left-1\"><\/div>\n            <div class=\"shape-left-2\"><\/div>\n\n            <div class=\"shape-right-1\"><\/div>\n            <div class=\"shape-right-2\"><\/div>\n        \n    \n<\/section>\n\n\n\n<p class=\"has-20-font-size\">T\u00ecm ch\u00fang t\u00f4i tr\u00ean LinkedIn!<\/p>\n\n<figure class=\"wp-block-image size-large is-resized\"><a href=\"https:\/\/www.linkedin.com\/company\/bolttech\/\" target=\"_blank\" rel=\"noopener\"><img loading=\"lazy\" decoding=\"async\" width=\"44\" height=\"44\" src=\"https:\/\/bolttech.io\/wp-content\/uploads\/2025\/05\/Linkedin.svg\" alt=\"Li&#xEA;n k&#x1EBF;t LinkedIn\" class=\"wp-image-37059\" style=\"width:56px;height:auto\"\/><\/a><\/figure>\n\n<h3 class=\"wp-block-heading\">\u0110\u1eebng b\u1ecf l\u1ee1 c\u00e1c nh\u00e0 l\u00e3nh \u0111\u1ea1o c\u1ee7a ch\u00fang t\u00f4i tr\u00ean s\u00e2n kh\u1ea5u<\/h3>\n\n<div class=\"wp-block-columns is-layout-flex wp-container-core-columns-is-layout-28f84493 wp-block-columns-is-layout-flex\">\n<div class=\"wp-block-column is-layout-flow wp-block-column-is-layout-flow\">\n<figure class=\"wp-block-image size-full is-resized\"><img loading=\"lazy\" decoding=\"async\" width=\"361\" height=\"400\" src=\"https:\/\/bolttech.io\/wp-content\/uploads\/2025\/05\/Philip-Weiner-CEO-Asia-Middle-East-e1748370742701.jpeg\" alt=\"\" class=\"wp-image-37094\" style=\"width:477px;height:auto\" srcset=\"https:\/\/bolttech.io\/wp-content\/uploads\/2025\/05\/Philip-Weiner-CEO-Asia-Middle-East-e1748370742701.jpeg 361w, https:\/\/bolttech.io\/wp-content\/uploads\/2025\/05\/Philip-Weiner-CEO-Asia-Middle-East-e1748370742701-271x300.jpeg 271w\" sizes=\"auto, (max-width: 361px) 100vw, 361px\" \/><\/figure>\n\n\n\n<h4 class=\"wp-block-heading\">Philip Weiner, Gi\u00e1m \u0111\u1ed1c \u0111i\u1ec1u h\u00e0nh khu v\u1ef1c Ch\u00e2u \u00c1 v\u00e0 Trung \u0110\u00f4ng<\/h4>\n\n\n\n<div style=\"height:57px\" aria-hidden=\"true\" class=\"wp-block-spacer\"><\/div>\n\n\n\n<h6 class=\"wp-block-heading\">Quan h\u1ec7 \u0111\u1ed1i t\u00e1c h\u1ec7 sinh th\u00e1i:<br\/>C\u1ed9ng t\u00e1c \u0111\u1ec3 c\u00f3 tr\u1ea3i nghi\u1ec7m kh\u00e1ch h\u00e0ng li\u1ec1n m\u1ea1ch<br\/>\u2028<br\/>4\/06, 14:00 &#8211; 14:30,<br\/>Giai \u0111o\u1ea1n m\u1ed1i quan h\u1ec7<\/h6>\n<\/div>\n\n\n\n<div class=\"wp-block-column is-layout-flow wp-block-column-is-layout-flow\">\n<figure class=\"wp-block-image aligncenter size-full is-resized\"><img loading=\"lazy\" decoding=\"async\" width=\"529\" height=\"609\" src=\"https:\/\/bolttech.io\/wp-content\/uploads\/2025\/05\/Ralph-Rambausek-Dir-Business-Dev-Asia-e1748370422325.jpeg\" alt=\"\" class=\"wp-image-37104\" style=\"width:460px;height:auto\" srcset=\"https:\/\/bolttech.io\/wp-content\/uploads\/2025\/05\/Ralph-Rambausek-Dir-Business-Dev-Asia-e1748370422325.jpeg 529w, https:\/\/bolttech.io\/wp-content\/uploads\/2025\/05\/Ralph-Rambausek-Dir-Business-Dev-Asia-e1748370422325-261x300.jpeg 261w\" sizes=\"auto, (max-width: 529px) 100vw, 529px\" \/><\/figure>\n\n\n\n<h4 class=\"wp-block-heading has-text-align-left\">Ralph Rambausek, Gi\u00e1m \u0111\u1ed1c Ph\u00e1t tri\u1ec3n Kinh doanh Ch\u00e2u \u00c1<\/h4>\n\n\n\n<h6 class=\"wp-block-heading\">\u0110i\u1ec1u h\u01b0\u1edbng s\u1ef1 kh\u00f4ng ch\u1eafc ch\u1eafn:<br\/>Ph\u01b0\u01a1ng ph\u00e1p ti\u1ebfp c\u1eadn chi\u1ebfn l\u01b0\u1ee3c cho c\u00e1c c\u00f4ng ty b\u1ea3o hi\u1ec3m \u0111\u1ec3 m\u1edf kh\u00f3a t\u0103ng tr\u01b0\u1edfng<br\/>v\u00e0 Kh\u1ea3 n\u0103ng ph\u1ee5c h\u1ed3i<br\/>\u2028<br\/>06\/04, 11:00 s\u00e1ng &#8211; 11:30 s\u00e1ng,<br\/>Giai \u0111o\u1ea1n ph\u00e1t tri\u1ec3n c\u00f4ng ngh\u1ec7<\/h6>\n<\/div>\n<\/div>\n\n<div style=\"height:198px\" aria-hidden=\"true\" class=\"wp-block-spacer\"><\/div>\n","protected":false},"excerpt":{"rendered":"<p>T\u00ecm ch\u00fang t\u00f4i tr\u00ean LinkedIn! \u0110\u1eebng b\u1ecf l\u1ee1 c\u00e1c nh\u00e0 l\u00e3nh \u0111\u1ea1o c\u1ee7a ch\u00fang t\u00f4i tr\u00ean s\u00e2n kh\u1ea5u Philip Weiner, Gi\u00e1m \u0111\u1ed1c \u0111i\u1ec1u h\u00e0nh khu v\u1ef1c Ch\u00e2u \u00c1 v\u00e0 Trung \u0110\u00f4ng Quan h\u1ec7 \u0111\u1ed1i t\u00e1c h\u1ec7 sinh th\u00e1i:C\u1ed9ng t\u00e1c \u0111\u1ec3 c\u00f3 tr\u1ea3i nghi\u1ec7m kh\u00e1ch h\u00e0ng li\u1ec1n m\u1ea1ch\u20284\/06, 14:00 &#8211; 14:30,Giai \u0111o\u1ea1n m\u1ed1i quan h\u1ec7 Ralph [&hellip;]<\/p>\n","protected":false},"author":8,"featured_media":37079,"parent":0,"menu_order":0,"comment_status":"closed","ping_status":"closed","template":"","meta":{"_acf_changed":false,"footnotes":""},"class_list":["post-37166","page","type-page","status-publish","has-post-thumbnail","hentry"],"acf":[],"_links":{"self":[{"href":"https:\/\/bolttech.io\/vi\/wp-json\/wp\/v2\/pages\/37166","targetHints":{"allow":["GET"]}}],"collection":[{"href":"https:\/\/bolttech.io\/vi\/wp-json\/wp\/v2\/pages"}],"about":[{"href":"https:\/\/bolttech.io\/vi\/wp-json\/wp\/v2\/types\/page"}],"author":[{"embeddable":true,"href":"https:\/\/bolttech.io\/vi\/wp-json\/wp\/v2\/users\/8"}],"replies":[{"embeddable":true,"href":"https:\/\/bolttech.io\/vi\/wp-json\/wp\/v2\/comments?post=37166"}],"version-history":[{"count":0,"href":"https:\/\/bolttech.io\/vi\/wp-json\/wp\/v2\/pages\/37166\/revisions"}],"wp:featuredmedia":[{"embeddable":true,"href":"https:\/\/bolttech.io\/vi\/wp-json\/wp\/v2\/media\/37079"}],"wp:attachment":[{"href":"https:\/\/bolttech.io\/vi\/wp-json\/wp\/v2\/media?parent=37166"}],"curies":[{"name":"wp","href":"https:\/\/api.w.org\/{rel}","templated":true}]}}