{"id":35363,"date":"2025-04-24T15:12:22","date_gmt":"2025-04-24T07:12:22","guid":{"rendered":"https:\/\/bolttech.io\/?page_id=35363"},"modified":"2026-04-02T14:34:45","modified_gmt":"2026-04-02T06:34:45","slug":"thong-bao-viet-nam","status":"publish","type":"page","link":"https:\/\/bolttech.io\/vi\/thong-bao-viet-nam\/","title":{"rendered":"Th\u00f4ng b\u00e1o \u2013 Vi\u1ec7t Nam"},"content":{"rendered":"<!-- Hidden input -->\n\n    <input type=\"hidden\" id=\"geo-country\" value=\"[geot_country_name default=&quot;&quot;]\" data-country=\"[geot_country_name default=&quot;&quot;]\" >\n    <!-- <input type=\"hidden\" id=\"geo-country\" value=\"Hong Kong\"> -->\n\n<section id=\"block_ebd4dc437ce26ef9c8b05a68d863d892\"       class=\"bl-first-element bl-secondary-hero hp-bg-brand-black bl-section-element bl-secondary-hero_centered-content-with-images bl-secondary-hero_shapes-animation\"\n      style=\"background:var(--wp--preset--color--white)\">\n\n    <div class=\"bl-secondary-hero__container\">\n        <div class=\"bl-secondary-hero__head bl-animate-text\"><h2 class=\"h2\">Th\u00f4ng b\u00e1o \u2013 Vi\u1ec7t Nam<\/h2><\/div>\n\n            <\/div>\n\n                <div class=\"shape-left-1\"><\/div>\n            <div class=\"shape-left-2\"><\/div>\n            <div class=\"shape-left-3\"><\/div>\n\n            <div class=\"shape-right-1\"><\/div>\n            <div class=\"shape-right-2\"><\/div>\n            <div class=\"shape-right-3\"><\/div>\n        \n    \n<\/section>\n\n\n\n\n\n<section id=\"block_eb4c6c843225eeea668cfaa14823511a\"\n         class=\"bl-last-element bl-sticky-sidebar hp-bg-brand-black bl-section-element\">\n\n    <div class=\"bl-container-wide\">\n        <div class=\"bl-sticky-sidebar__content\">\n                            <div class=\"bl-sticky-sidebar__sidebar\">\n                    <div class=\"bl-sticky-sidebar__bar\">\n                        <div class=\"bl-sticky-sidebar__bar-links\">\n                                                            <div class=\"bl-sticky-sidebar__bar-heading\">\n                                    \u0110i\u1ec1u h\u01b0\u1edbng \u0111\u1ebfn                                <\/div>\n                            \n                                                            <div class=\"bl-sticky-sidebar__nav\">\n                                                                                <a href=\"#publishing_information\"\n                                               target=\"_self\"\n                                               class=\"bl-sticky-sidebar__nav-link\">\n                                                C\u00f4ng b\u1ed1 th\u00f4ng tin                                            <\/a>\n                                                                        <\/div>\n                                                    <\/div>\n                    <\/div>\n                <\/div>\n            \n            <div class=\"bl-sticky-sidebar__textual\">\n                <div class=\"acf-innerblocks-container\">\n\n<h3 class=\"wp-block-heading\">CTCP Bolttech Device Protection Vi\u1ec7t Nam<\/h3>\n\n\n\n<ul class=\"wp-block-list list-squre-ul\" style=\"list-style-type: square;\">\n  <li>\n    <a href=\"https:\/\/bolttech.io\/wp-content\/uploads\/2025\/07\/2019.-BDP-audited-FS-EN-version-signed.pdf\" target=\"_blank\">\n      CTCP Bolttech Device Protection Vietnam \u2013 B\u00e1o c\u00e1o t\u00e0i ch\u00ednh 2019 \u2013 c\u00f4ng b\u1ed1 ng\u00e0y 31\/03\/2020\n    <\/a>\n  <\/li>\n  <li>\n    <a href=\"https:\/\/bolttech.io\/wp-content\/uploads\/2025\/07\/2020.-VNDP-Audit-Report-E.pdf\" target=\"_blank\">\n      CTCP Bolttech Device Protection Vietnam \u2013 B\u00e1o c\u00e1o t\u00e0i ch\u00ednh 2020 \u2013 c\u00f4ng b\u1ed1 ng\u00e0y 31\/03\/2021\n    <\/a>\n  <\/li>\n  <li>\n    <a href=\"https:\/\/bolttech.io\/wp-content\/uploads\/2025\/07\/2021.-BDP-VAS-FS-EN.pdf\" target=\"_blank\">\n      CTCP Bolttech Device Protection Vietnam \u2013 B\u00e1o c\u00e1o t\u00e0i ch\u00ednh 2021 \u2013 c\u00f4ng b\u1ed1 ng\u00e0y 31\/03\/2022\n    <\/a>\n  <\/li>\n  <li>\n    <a href=\"https:\/\/bolttech.io\/wp-content\/uploads\/2025\/07\/2022-BDPVN-Audited-FS-EN-dated-28-April-2023.pdf\" target=\"_blank\">\n      CTCP Bolttech Device Protection Vietnam \u2013 B\u00e1o c\u00e1o t\u00e0i ch\u00ednh 2022 \u2013 c\u00f4ng b\u1ed1 ng\u00e0y 31\/03\/2023\n    <\/a>\n  <\/li>\n  <li>\n    <a href=\"https:\/\/bolttech.io\/wp-content\/uploads\/2025\/07\/2023-BDP-Audit-report-EN-Signed.pdf\" target=\"_blank\">\n      CTCP Bolttech Device Protection Vietnam \u2013 B\u00e1o c\u00e1o t\u00e0i ch\u00ednh 2023 \u2013 c\u00f4ng b\u1ed1 ng\u00e0y 31\/03\/2024\n    <\/a>\n  <\/li>\n  <li>\n    <a href=\"https:\/\/bolttech.io\/wp-content\/uploads\/2025\/07\/2024-BDP-Audit-report-EN-Signed.pdf\" target=\"_blank\">\n      CTCP Bolttech Device Protection Vietnam \u2013 B\u00e1o c\u00e1o t\u00e0i ch\u00ednh 2024 \u2013 c\u00f4ng b\u1ed1 ng\u00e0y 31\/03\/2025\n    <\/a>\n  <\/li>\n<li>\n  <a href=\"https:\/\/bolttech.io\/wp-content\/uploads\/2026\/04\/BDP-VN-Financial-Statements-V-31.12.2025.pdf\" target=\"_blank\">\n    CTCP Bolttech Device Protection Vietnam \u2013 B\u00e1o c\u00e1o t\u00e0i ch\u00ednh 2025 \u2013 c\u00f4ng b\u1ed1 ng\u00e0y 31\/03\/2026\n  <\/a>\n<\/li>\n<\/ul>\n\n\n\n<h3 class=\"wp-block-heading\">CTCP MGBH Bolttech Vi\u1ec7t Nam<\/h3>\n\n\n\n<ul class=\"wp-block-list list-squre-ul\" style=\"list-style-type: square;\">\n<li><a href=\"https:\/\/bolttech.io\/wp-content\/uploads\/2025\/04\/Broker-Audited-FS-2020.pdf\" data-type=\"link\" data-id=\"https:\/\/bolttech.io\/wp-content\/uploads\/2025\/04\/Broker-Audited-FS-2020.pdf\" target=\"_blank\">CTCP MGBH Bolttech Vietnam \u2013 B\u00e1o c\u00e1o t\u00e0i ch\u00ednh 2020 \u2013 c\u00f4ng b\u1ed1 ng\u00e0y 31\/03\/2021<\/a><\/li>\n<li><a href=\"https:\/\/bolttech.io\/wp-content\/uploads\/2025\/04\/Broker-Audited-FS-2021.pdf\" data-type=\"link\" data-id=\"https:\/\/bolttech.io\/wp-content\/uploads\/2025\/04\/Broker-Audited-FS-2021.pdf\" target=\"_blank\">CTCP MGBH Bolttech Vietnam \u2013 B\u00e1o c\u00e1o t\u00e0i ch\u00ednh 2021 \u2013 c\u00f4ng b\u1ed1 ng\u00e0y 31\/03\/2022<\/a><\/li>\n<li><a href=\"https:\/\/bolttech.io\/wp-content\/uploads\/2025\/04\/Broker-Audited-FS-2022.pdf\" data-type=\"link\" data-id=\"https:\/\/bolttech.io\/wp-content\/uploads\/2025\/04\/Broker-Audited-FS-2022.pdf\" target=\"_blank\">CTCP MGBH Bolttech Vietnam \u2013 B\u00e1o c\u00e1o t\u00e0i ch\u00ednh 2022 \u2013 c\u00f4ng b\u1ed1 ng\u00e0y 31\/03\/2023<\/a><\/li>\n<li><a href=\"https:\/\/bolttech.io\/wp-content\/uploads\/2025\/04\/Broker-Audited-FS-2023.pdf\" data-type=\"link\" data-id=\"https:\/\/bolttech.io\/wp-content\/uploads\/2025\/04\/Broker-Audited-FS-2023.pdf\" target=\"_blank\">CTCP MGBH Bolttech Vietnam \u2013 B\u00e1o c\u00e1o t\u00e0i ch\u00ednh 2023 \u2013 c\u00f4ng b\u1ed1 ng\u00e0y 31\/03\/2024<\/a><\/li>\n<li><a href=\"https:\/\/bolttech.io\/wp-content\/uploads\/2025\/04\/Broker-Audited-FS-2024.pdf\" data-type=\"link\" data-id=\"https:\/\/bolttech.io\/wp-content\/uploads\/2025\/04\/Broker-Audited-FS-2024.pdf\" target=\"_blank\">CTCP MGBH Bolttech Vietnam \u2013 B\u00e1o c\u00e1o t\u00e0i ch\u00ednh 2024 \u2013 c\u00f4ng b\u1ed1 ng\u00e0y 31\/03\/2025<\/a><\/li>\n<li><a href=\"https:\/\/bolttech.io\/wp-content\/uploads\/2025\/04\/Publishing-Change-Chairwomen.pdf\" data-type=\"link\" data-id=\"https:\/\/bolttech.io\/wp-content\/uploads\/2025\/04\/Publishing-Change-Chairwomen.pdf\" target=\"_blank\">CTCP MGBH Bolttech Vi\u1ec7t Nam \u2013 Thay \u0111\u1ed5i Ch\u1ee7 t\u1ecbch H\u1ed9i \u0111\u1ed3ng Qu\u1ea3n tr\u1ecb \u2013 c\u00f4ng b\u1ed1 ng\u00e0y 23\/08\/2023<\/a><\/li>\n<li><a href=\"https:\/\/bolttech.io\/wp-content\/uploads\/2025\/04\/Publishing-Increase-capital.pdf\" data-type=\"link\" data-id=\"https:\/\/bolttech.io\/wp-content\/uploads\/2025\/04\/Publishing-Increase-capital.pdf\" target=\"_blank\">CTCP MGBH Bolttech Vi\u1ec7t Nam \u2013 T\u0103ng v\u1ed1n \u0111i\u1ec1u l\u1ec7 \u2013 c\u00f4ng b\u1ed1 ng\u00e0y 26\/07\/2024<\/a><\/li>\n<li><a href=\"https:\/\/bolttech.io\/wp-content\/uploads\/2025\/09\/BIB_Decision-of-Administrative-Penalty_20250815.pdf\" data-type=\"link\" data-id=\"https:\/\/bolttech.io\/wp-content\/uploads\/2025\/09\/BIB_Decision-of-Administrative-Penalty_20250815.pdf\" target=\"_blank\">BTC \u2013 Quy\u1ebft \u0111\u1ecbnh x\u1eed ph\u1ea1t vi ph\u1ea1m h\u00e0nh ch\u00ednh \u2013 ban h\u00e0nh ng\u00e0y 15\/08\/2025<\/a><\/li>\n<li>\n  <a href=\"https:\/\/bolttech.io\/wp-content\/uploads\/2026\/04\/BIBVN_VAS_2025AFS-V.pdf\" target=\"_blank\">\n    CTCP MGBH Bolttech Vietnam \u2013 B\u00e1o c\u00e1o t\u00e0i ch\u00ednh 2025 \u2013 c\u00f4ng b\u1ed1 ng\u00e0y 31\/03\/2026\n  <\/a>\n<\/li>\n<\/ul>\n\n<\/div>\n            <\/div>\n        <\/div>\n    <\/div>\n\n<\/section>\n","protected":false},"excerpt":{"rendered":"","protected":false},"author":26,"featured_media":0,"parent":0,"menu_order":0,"comment_status":"closed","ping_status":"closed","template":"","meta":{"_acf_changed":false,"footnotes":""},"class_list":["post-35363","page","type-page","status-publish","hentry"],"acf":[],"_links":{"self":[{"href":"https:\/\/bolttech.io\/vi\/wp-json\/wp\/v2\/pages\/35363","targetHints":{"allow":["GET"]}}],"collection":[{"href":"https:\/\/bolttech.io\/vi\/wp-json\/wp\/v2\/pages"}],"about":[{"href":"https:\/\/bolttech.io\/vi\/wp-json\/wp\/v2\/types\/page"}],"author":[{"embeddable":true,"href":"https:\/\/bolttech.io\/vi\/wp-json\/wp\/v2\/users\/26"}],"replies":[{"embeddable":true,"href":"https:\/\/bolttech.io\/vi\/wp-json\/wp\/v2\/comments?post=35363"}],"version-history":[{"count":2,"href":"https:\/\/bolttech.io\/vi\/wp-json\/wp\/v2\/pages\/35363\/revisions"}],"predecessor-version":[{"id":52911,"href":"https:\/\/bolttech.io\/vi\/wp-json\/wp\/v2\/pages\/35363\/revisions\/52911"}],"wp:attachment":[{"href":"https:\/\/bolttech.io\/vi\/wp-json\/wp\/v2\/media?parent=35363"}],"curies":[{"name":"wp","href":"https:\/\/api.w.org\/{rel}","templated":true}]}}