{"id":24491,"date":"2024-10-24T04:38:27","date_gmt":"2024-10-24T09:38:27","guid":{"rendered":"https:\/\/bolttech.io\/truong-hop-su-dung\/co-quan-bao-hiem\/bolt-can-thiet\/"},"modified":"2025-05-01T16:09:51","modified_gmt":"2025-05-01T08:09:51","slug":"bolt-can-thiet","status":"publish","type":"page","link":"https:\/\/bolttech.io\/vi\/truong-hop-su-dung\/co-quan-bao-hiem\/bolt-can-thiet\/","title":{"rendered":"Bolt c\u1ea7n thi\u1ebft"},"content":{"rendered":"\n<section id=\"block_d617343f0a146f6fad16e838883138a1\"       class=\"bl-first-element bl-bg-image-hero hp-bg-brand-black bl-section-element bl-bg-image-hero_overlay\">\n\n            <picture class=\"bl-bg-image-hero__bg\">\n            <source srcset=\"https:\/\/bolttech.io\/wp-content\/uploads\/2024\/08\/888aeb619f6b751643738baaf5dbd9cf.png\" media=\"(min-width: 1025px)\">\n            <img decoding=\"async\" src=\"https:\/\/bolttech.io\/wp-content\/uploads\/2024\/08\/888aeb619f6b751643738baaf5dbd9cf-834x566.png\"\n                 alt=\"Ph\u00e1t tri\u1ec3n \u0111\u1ea1i l\u00fd c\u1ee7a b\u1ea1n v\u1edbi kh\u1ea3 n\u0103ng ti\u1ebfp c\u1eadn th\u1ecb tr\u01b0\u1eddng t\u1ee9c th\u00ec v\u1edbi c\u00e1c nh\u00e0 cung c\u1ea5p d\u1ecbch v\u1ee5 h\u00e0ng \u0111\u1ea7u trong ng\u00e0nh\">\n        <\/picture>\n    \n    \n    <div class=\"bl-bg-image-hero__container\">\n        <div class=\"bl-container-wide\">\n            <div class=\"bl-bg-image-hero__head bl-animate-text\"><h1 class=\"bl-eyebrow\">bu l\u00f4ng C\u1ea7n thi\u1ebft<\/h1><h2 class=\"h1\">Ph\u00e1t tri\u1ec3n \u0111\u1ea1i l\u00fd c\u1ee7a b\u1ea1n v\u1edbi kh\u1ea3 n\u0103ng ti\u1ebfp c\u1eadn th\u1ecb tr\u01b0\u1eddng t\u1ee9c th\u00ec v\u1edbi c\u00e1c nh\u00e0 cung c\u1ea5p d\u1ecbch v\u1ee5 h\u00e0ng \u0111\u1ea7u trong ng\u00e0nh<\/h2><div class=\"bl-bg-image-hero__head-description\"><p>bolt Essential l\u00e0 m\u1ed9t n\u1ec1n t\u1ea3ng ph\u00e2n ph\u1ed1i b\u1ea3o hi\u1ec3m \u0111\u01b0\u1ee3c thi\u1ebft k\u1ebf b\u1edfi c\u00e1c \u0111\u1ea1i l\u00fd cho c\u00e1c \u0111\u1ea1i l\u00fd. Ch\u00fang t\u00f4i cung c\u1ea5p quy\u1ec1n truy c\u1eadp t\u1ee9c th\u00ec v\u00e0o c\u00e1c nh\u00e0 cung c\u1ea5p d\u1ecbch v\u1ee5 v\u00e0 s\u1ea3n ph\u1ea9m h\u00e0ng \u0111\u1ea7u, c\u00f9ng v\u1edbi c\u00e1c c\u00f4ng c\u1ee5 \u0111\u1ec3 ph\u00e1t tri\u1ec3n \u0111\u1ea1i l\u00fd c\u1ee7a b\u1ea1n m\u1ed9t c\u00e1ch hi\u1ec7u qu\u1ea3. Tham gia c\u00f9ng c\u00e1c c\u01a1 quan h\u00e0ng \u0111\u1ea7u c\u1ee7a qu\u1ed1c gia, nh\u1eefng ng\u01b0\u1eddi tin t\u01b0\u1edfng bolt.  <\/p>\n<\/div><a class=\"bl-btn bl-btn_primary-dark\" href=\"https:\/\/signup.boltinsurance.com\/welcome\" aria-label=\"\u0110\u0103ng k\u00fd ngay\" target=\"_blank\" rel=\"noopener\"><span>\u0110\u0103ng k\u00fd ngay<\/span><\/a><\/div>        <\/div>\n\n            <\/div>\n\n<\/section>\n<!-- Hidden input -->\n\n    <input type=\"hidden\" id=\"geo-country\" value=\"[geot_country_name default=&quot;&quot;]\" data-country=\"[geot_country_name default=&quot;&quot;]\" >\n    <!-- <input type=\"hidden\" id=\"geo-country\" value=\"Hong Kong\"> -->\n\n<section id=\"block_f915e721302a9ebe145add5c4750956e\"       class=\"bl-secondary-hero hp-bg-brand-black bl-section-element bl-secondary-hero_form-hero\"\n      style=\"background:var(--wp--preset--gradient--cyan-white-gradient)\">\n\n    <div class=\"bl-secondary-hero__container\">\n        <div class=\"bl-secondary-hero__head bl-animate-text\"><h2 class=\"h1\">B\u1eaft \u0111\u1ea7u b\u00e1n h\u00e0ng v\u1edbi c\u00e1c h\u00e3ng b\u1ea3o hi\u1ec3m l\u1edbn nh\u1ea5t ngay h\u00f4m nay<\/h2><div class=\"bl-secondary-hero__head-description bl-secondary-hero__head-description_b\u00e9 nh\u1ecf\"><p>bolt Essential cung c\u1ea5p cho b\u1ea1n quy\u1ec1n truy c\u1eadp ngay v\u00e0o c\u00e1c h\u00e3ng h\u00e0ng kh\u00f4ng qu\u1ed1c gia \u01b0a th\u00edch c\u0169ng nh\u01b0 m\u1ed9t lo\u1ea1t c\u00e1c th\u1ecb tr\u01b0\u1eddng.<\/p>\n<\/div><\/div>\n\n                    <div class=\"bl-secondary-hero__form bl-animate-text\">\n                                    <div class=\"h5\">\n                        Kh\u00e1m ph\u00e1 c\u00e1c ch\u01b0\u01a1ng tr\u00ecnh c\u1ee7a ch\u00fang t\u00f4i                    <\/div>\n                                    <div class=\"bl-secondary-hero__form-description\">\n                        <p>Nh\u00f3m c\u1ee7a ch\u00fang t\u00f4i s\u1eb5n s\u00e0ng gi\u00fap b\u1ea1n b\u1eaft \u0111\u1ea7u vi\u1ebft th\u00eam kinh doanh. \u0110i\u1ec1n v\u00e0o m\u1eabu d\u01b0\u1edbi \u0111\u00e2y \u0111\u1ec3 n\u00f3i chuy\u1ec7n v\u1edbi ng\u01b0\u1eddi \u0111\u1ea1i di\u1ec7n.  <\/p>\n                    <\/div>\n                \n                                    <div id=\"sh_block_f915e721302a9ebe145add5c4750956e\"\n                         data-region=\"NA1\"\n                         data-portal-id=\"711460\"\n                         data-form-id=\"5ecf9155-6bb3-4f8b-a0a4-a75715dfc9a8\"><\/div>\n                            <\/div>\n            <\/div>\n\n    \n    \n<\/section>\n\n\n\n<section id=\"block_94ced5c24a9b6324373ec7659169b01b\"       class=\"bl-callouts hp-bg-brand-black bl-section-element bl-callouts_white-text bl-callouts_callout-with-stats\">\n\n    \n            <div class=\"bl-callouts__with-stats\"\n             style=\"background:var(--wp--preset--gradient--blue-gradient)\">\n            <div class=\"bl-callouts__with-stats-container\">\n                <div class=\"bl-callouts__with-stats-head bl-animate-text bl-callouts__with-stats-head_center-tablet\"><h2 class=\"h2\">bolt C\u1ea7n thi\u1ebft trong nh\u00e1y m\u1eaft<\/h2><\/div>\n                                    <div class=\"bl-callouts__with-stats-count\">\n                                                    <div class=\"bl-callouts__with-stats-item\">\n                                <div class=\"h4\">\n                                    ~100                                <\/div>\n                                                                    <div class=\"bl-callouts__with-stats-item-description\">\n                                        \u0110\u1ed1i t\u00e1c v\u1eadn chuy\u1ec3n                                    <\/div>\n                                                            <\/div>\n                                                    <div class=\"bl-callouts__with-stats-item\">\n                                <div class=\"h4\">\n                                    ~200                                <\/div>\n                                                                    <div class=\"bl-callouts__with-stats-item-description\">\n                                        s\u1ea3n ph\u1ea9m tr\u00ean c\u00e1c ng\u00e0nh ngh\u1ec1 kinh doanh P&amp;C                                    <\/div>\n                                                            <\/div>\n                                                    <div class=\"bl-callouts__with-stats-item\">\n                                <div class=\"h4\">\n                                    50                                <\/div>\n                                                                    <div class=\"bl-callouts__with-stats-item-description\">\n                                        C\u00e1c ti\u1ec3u bang c\u00f3 b\u1ea3o hi\u1ec3m s\u1eb5n c\u00f3                                    <\/div>\n                                                            <\/div>\n                                                    <div class=\"bl-callouts__with-stats-item\">\n                                <div class=\"h4\">\n                                    4,000+                                <\/div>\n                                                                    <div class=\"bl-callouts__with-stats-item-description\">\n                                        C\u00e1c \u0111\u1ea1i l\u00fd \u0111\u00e3 s\u1eed d\u1ee5ng n\u1ec1n t\u1ea3ng c\u1ee7a ch\u00fang t\u00f4i                                    <\/div>\n                                                            <\/div>\n                                            <\/div>\n                \n                            <\/div>\n        <\/div>\n    \n    \n    \n<\/section>\n\n\n\n<section id=\"block_7309eb14a96f3aa6449f2e2b699ec4c4\"       class=\"bl-hover-tabs hp-bg-brand-black bl-section-element\"\n      style=\"background:var(--wp--preset--color--white)\">\n\n    <div class=\"bl-container-wide\">\n        <div class=\"bl-hover-tabs__head bl-animate-text\"><h2 class=\"bl-eyebrow\">L\u1ee3i \u00edch<\/h2><h3 class=\"h3\">T\u1ea1i sao bolt Essential?<\/h3><div class=\"bl-hover-tabs__head-description\"><p>T\u00edch h\u1ee3p c\u00e1c ch\u01b0\u01a1ng tr\u00ecnh to\u00e0n di\u1ec7n v\u00e0o cu\u1ed9c s\u1ed1ng h\u00e0ng ng\u00e0y c\u1ee7a kh\u00e1ch h\u00e0ng \u0111\u1ec3 mang l\u1ea1i s\u1ef1 b\u1ea3o v\u1ec7, b\u1ea3o hi\u1ec3m v\u00e0 d\u1ecbch v\u1ee5 t\u1ed1t nh\u1ea5t tr\u00ean t\u1ea5t c\u1ea3 c\u00e1c ng\u00e0nh s\u1ea3n ph\u1ea9m.<\/p>\n<\/div><\/div>\n                    <div class=\"bl-hover-tabs__container\">\n                <div class=\"bl-hover-tabs__panel\">\n                    <div class=\"bl-hover-tabs__panel-row\">\n                                                    <button class=\"bl-hover-tabs__panel-button active\"\n                                    data-id-tab=\"block_7309eb14a96f3aa6449f2e2b699ec4c4-1\"\n                                    aria-label=\"S\u1ef1 l\u1ef1a ch\u1ecdn\">\n                                S\u1ef1 l\u1ef1a ch\u1ecdn                            <\/button>\n                                                        <button class=\"bl-hover-tabs__panel-button\"\n                                    data-id-tab=\"block_7309eb14a96f3aa6449f2e2b699ec4c4-2\"\n                                    aria-label=\"T\u1ed1c \u0111\u1ed9\">\n                                T\u1ed1c \u0111\u1ed9                            <\/button>\n                                                        <button class=\"bl-hover-tabs__panel-button\"\n                                    data-id-tab=\"block_7309eb14a96f3aa6449f2e2b699ec4c4-3\"\n                                    aria-label=\"Thu\u1eadn ti\u1ec7n\">\n                                Thu\u1eadn ti\u1ec7n                            <\/button>\n                                                <\/div>\n                <\/div>\n\n                                    <div class=\"bl-hover-tabs__content active\"\n                         data-id-content=\"block_7309eb14a96f3aa6449f2e2b699ec4c4-1\" tabindex=\"-1\">\n\n                        <img loading=\"lazy\" decoding=\"async\" width=\"680\" height=\"736\" src=\"https:\/\/bolttech.io\/wp-content\/uploads\/2024\/08\/4377ded7e6c751a5f97e3012f313d140.png\" class=\"bl-hover-tabs__img\" alt=\"\" srcset=\"https:\/\/bolttech.io\/wp-content\/uploads\/2024\/08\/4377ded7e6c751a5f97e3012f313d140.png 680w, https:\/\/bolttech.io\/wp-content\/uploads\/2024\/08\/4377ded7e6c751a5f97e3012f313d140-277x300.png 277w\" sizes=\"auto, (max-width: 680px) 100vw, 680px\" \/>                        <div class=\"bl-hover-tabs__section bl-hover-tabs__section_gradient\">\n                                                            <div class=\"h5\">Ti\u1ebfp c\u1eadn v\u1edbi nhi\u1ec1u nh\u00e0 cung c\u1ea5p d\u1ecbch v\u1ee5 h\u01a1n<\/div>\n                                                            <div class=\"bl-hover-tabs__section-description\">\n                                    <p>B\u1ea3ng \u0111i\u1ec1u khi\u1ec3n m\u1edf r\u1ed9ng g\u1ed3m c\u00e1c h\u00e3ng v\u1eadn chuy\u1ec3n v\u00e0 s\u1ea3n ph\u1ea9m c\u00e1 nh\u00e2n v\u00e0 th\u01b0\u01a1ng m\u1ea1i tr\u00ean m\u1ed9t n\u1ec1n t\u1ea3ng h\u1ed7 tr\u1ee3 c\u00f4ng ngh\u1ec7 \u0111\u1ec3 vi\u1ebft th\u00eam kinh doanh, c\u1ea3i thi\u1ec7n kh\u1ea3 n\u0103ng duy tr\u00ec v\u00e0 t\u0103ng l\u1ee3i nhu\u1eadn.<\/p>\n                                <\/div>\n                                                    <\/div>\n                    <\/div>\n                                        <div class=\"bl-hover-tabs__content\"\n                         data-id-content=\"block_7309eb14a96f3aa6449f2e2b699ec4c4-2\" tabindex=\"-1\">\n\n                        <img loading=\"lazy\" decoding=\"async\" width=\"768\" height=\"512\" src=\"https:\/\/bolttech.io\/wp-content\/uploads\/2024\/07\/212dcb9cab4ebee6a6240815d61c7094-768x512.png\" class=\"bl-hover-tabs__img\" alt=\"\" srcset=\"https:\/\/bolttech.io\/wp-content\/uploads\/2024\/07\/212dcb9cab4ebee6a6240815d61c7094-768x512.png 768w, https:\/\/bolttech.io\/wp-content\/uploads\/2024\/07\/212dcb9cab4ebee6a6240815d61c7094-300x200.png 300w, https:\/\/bolttech.io\/wp-content\/uploads\/2024\/07\/212dcb9cab4ebee6a6240815d61c7094.png 800w\" sizes=\"auto, (max-width: 768px) 100vw, 768px\" \/>                        <div class=\"bl-hover-tabs__section bl-hover-tabs__section_gradient\">\n                                                            <div class=\"h5\">Ph\u00e1t h\u00e0nh b\u00e1o gi\u00e1 nhanh h\u01a1n<\/div>\n                                                            <div class=\"bl-hover-tabs__section-description\">\n                                    <p>M\u1ed9t cu\u1ed9c ph\u1ecfng v\u1ea5n n\u0103ng \u0111\u1ed9ng duy nh\u1ea5t t\u1ea1o ra nhi\u1ec1u b\u00e1o gi\u00e1 theo th\u1eddi gian th\u1ef1c v\u1edbi kh\u1ea3 n\u0103ng li\u00ean k\u1ebft t\u1ee9c th\u1eddi \u0111\u1ec3 gi\u00fap b\u1ea1n vi\u1ebft kinh doanh nhanh h\u01a1n. Th\u00eam v\u00e0o \u0111\u00f3, th\u1eddi gian ho\u00e0n th\u00e0nh nhanh nh\u1ea5t trong ng\u00e0nh t\u1eeb m\u1ed9t nh\u00f3m chuy\u00ean gia tuy\u1ec3n d\u1ee5ng t\u1eadn t\u00e2m. <\/p>\n                                <\/div>\n                                                    <\/div>\n                    <\/div>\n                                        <div class=\"bl-hover-tabs__content\"\n                         data-id-content=\"block_7309eb14a96f3aa6449f2e2b699ec4c4-3\" tabindex=\"-1\">\n\n                        <img loading=\"lazy\" decoding=\"async\" width=\"768\" height=\"539\" src=\"https:\/\/bolttech.io\/wp-content\/uploads\/2024\/08\/888aeb619f6b751643738baaf5dbd9cf-768x539.png\" class=\"bl-hover-tabs__img\" alt=\"\" srcset=\"https:\/\/bolttech.io\/wp-content\/uploads\/2024\/08\/888aeb619f6b751643738baaf5dbd9cf-768x539.png 768w, https:\/\/bolttech.io\/wp-content\/uploads\/2024\/08\/888aeb619f6b751643738baaf5dbd9cf-300x211.png 300w, https:\/\/bolttech.io\/wp-content\/uploads\/2024\/08\/888aeb619f6b751643738baaf5dbd9cf-1024x719.png 1024w, https:\/\/bolttech.io\/wp-content\/uploads\/2024\/08\/888aeb619f6b751643738baaf5dbd9cf-1536x1079.png 1536w, https:\/\/bolttech.io\/wp-content\/uploads\/2024\/08\/888aeb619f6b751643738baaf5dbd9cf.png 1538w\" sizes=\"auto, (max-width: 768px) 100vw, 768px\" \/>                        <div class=\"bl-hover-tabs__section bl-hover-tabs__section_gradient\">\n                                                            <div class=\"h5\">D\u1ec5 d\u00e0ng ph\u00e1t h\u00e0nh b\u00e1o gi\u00e1<\/div>\n                                                            <div class=\"bl-hover-tabs__section-description\">\n                                    <p>C\u00e1c c\u00f4ng c\u1ee5 v\u00e0 d\u1ecbch v\u1ee5 \u0111\u01a1n gi\u1ea3n v\u00e0 tr\u1ef1c quan tr\u00ean m\u1ed9t n\u1ec1n t\u1ea3ng duy nh\u1ea5t d\u1ec5 d\u00e0ng t\u00edch h\u1ee3p c\u00e1c cu\u1ed9c h\u1eb9n hi\u1ec7n c\u00f3 c\u1ee7a b\u1ea1n v\u00e0 c\u00e1c \u1ee9ng d\u1ee5ng \u0111\u1ea1i l\u00fd b\u00ean th\u1ee9 ba.<\/p>\n                                <\/div>\n                                                    <\/div>\n                    <\/div>\n                                <\/div>\n        \n    <\/div>\n\n<\/section>\n\n<section id=\"block_a54ef95da27d4f06550fb78f01aab0d0\"       class=\"bl-last-element bl-card-layouts hp-bg-brand-black bl-section-element\"\n      style=\"background:var(--wp--preset--color--white)\">\n\n    <div class=\"bl-card-layouts__container\">\n        <div class=\"bl-card-layouts__head bl-animate-text\"><h3 class=\"bl-eyebrow\">T\u00ednh n\u0103ng<\/h3><h2 class=\"h3\">\u0110i\u1ec1u g\u00ec khi\u1ebfn ch\u00fang t\u00f4i kh\u00e1c bi\u1ec7t?<\/h2><\/div>            <div class=\"bl-card-layouts__row bl-fade-up-items\">\n                \n<article class=\"bl-card-with-icon bl-card-with-icon_dark\">\n    <h3 class=\"h5\">M\u1edf r\u1ed9ng ti\u1ebfp c\u1eadn th\u1ecb tr\u01b0\u1eddng<\/h3><div><p>So s\u00e1nh nhi\u1ec1u b\u00e1o gi\u00e1 th\u1eddi gian th\u1ef1c t\u1eeb c\u00e1c cu\u1ed9c h\u1eb9n truy c\u1eadp tr\u1ef1c ti\u1ebfp v\u00e0 bu l\u00f4ng c\u1ee7a b\u1ea1n song song trong m\u1ed9t ch\u1ebf \u0111\u1ed9 xem duy nh\u1ea5t.<\/p>\n<\/div><\/article>\n\n<article class=\"bl-card-with-icon bl-card-with-icon_dark\">\n    <h3 class=\"h5\">Ph\u1ecfng v\u1ea5n n\u0103ng \u0111\u1ed9ng<\/h3><div><p>Cung c\u1ea5p b\u00e1o gi\u00e1 nhanh h\u01a1n v\u1edbi m\u1ed9t cu\u1ed9c ph\u1ecfng v\u1ea5n duy nh\u1ea5t gi\u00fap h\u1ee3p l\u00fd h\u00f3a quy tr\u00ecnh b\u1ea3o l\u00e3nh ph\u00e1t h\u00e0nh d\u1ef1a tr\u00ean ph\u1ea3n h\u1ed3i c\u1ee7a kh\u00e1ch h\u00e0ng.<\/p>\n<\/div><\/article>\n\n<article class=\"bl-card-with-icon bl-card-with-icon_dark\">\n    <h3 class=\"h5\">D\u1ecbch v\u1ee5 chi\u1ebft r\u00f3t s\u1eb5n<\/h3><div><p>Ti\u1ebft ki\u1ec7m th\u1eddi gian v\u1edbi c\u00e1c tr\u01b0\u1eddng ph\u1ecfng v\u1ea5n \u0111\u01b0\u1ee3c \u0111i\u1ec1n s\u1eb5n t\u1eeb c\u00e1c d\u1ecbch v\u1ee5 d\u1eef li\u1ec7u \u0111i\u1ec1n s\u1eb5n chuy\u00ean d\u1ee5ng t\u1ef1 \u0111\u1ed9ng.<\/p>\n<\/div><\/article>\n\n<article class=\"bl-card-with-icon bl-card-with-icon_dark\">\n    <h3 class=\"h5\">Li\u00ean k\u1ebft t\u1ee9c th\u00ec<\/h3><div><p>T\u1eadn d\u1ee5ng b\u00e1o gi\u00e1 d\u1ec5 d\u00e0ng v\u00e0 kh\u1ea3 n\u0103ng li\u00ean k\u1ebft t\u1ee9c th\u00ec.<\/p>\n<\/div><\/article>\n\n<article class=\"bl-card-with-icon bl-card-with-icon_dark\">\n    <h3 class=\"h5\">C\u00f4ng c\u1ee5 t\u00ecm th\u1ecb tr\u01b0\u1eddng<\/h3><div><p>\u0110i\u1ec1u h\u01b0\u1edbng c\u00e1c nh\u00e0 cung c\u1ea5p d\u1ecbch v\u1ee5 v\u00e0 s\u1ea3n ph\u1ea9m c\u00f3 s\u1eb5n theo ti\u1ec3u bang m\u1ed9t c\u00e1ch d\u1ec5 d\u00e0ng.<\/p>\n<\/div><\/article>\n\n<article class=\"bl-card-with-icon bl-card-with-icon_dark\">\n    <h3 class=\"h5\">H\u1ed7 tr\u1ee3 tr\u1ef1c ti\u1ebfp<\/h3><div><p>Ti\u1ebfp c\u1eadn m\u1ed9t nh\u00f3m c\u00e1c chuy\u00ean gia v\u1ec1 v\u1ecb tr\u00ed v\u00e0 d\u1ecbch v\u1ee5 \u0111\u1ec3 t\u00ecm ph\u1ea1m vi b\u1ea3o hi\u1ec3m ph\u00f9 h\u1ee3p.<\/p>\n<\/div><\/article>\n\n<article class=\"bl-card-with-icon bl-card-with-icon_dark\">\n    <h3 class=\"h5\">T\u00edch h\u1ee3p<\/h3><div><p>\u0110\u1ed3ng b\u1ed9 h\u00f3a li\u1ec1n m\u1ea1ch ph\u1ea7n m\u1ec1m v\u00e0 \u1ee9ng d\u1ee5ng \u0111\u1ea1i l\u00fd hi\u1ec7n c\u00f3 c\u1ee7a b\u1ea1n v\u00e0o n\u1ec1n t\u1ea3ng k\u1ef9 thu\u1eadt s\u1ed1 c\u1ee7a ch\u00fang t\u00f4i.<\/p>\n<\/div><\/article>\n\n<article class=\"bl-card-with-icon bl-card-with-icon_dark\">\n    <h3 class=\"h5\">B\u1ea3ng \u0111i\u1ec1u khi\u1ec3n \u0111\u1ea1i l\u00fd<\/h3><div><p>Theo d\u00f5i v\u00e0 s\u1eafp x\u1ebfp kh\u00e1ch h\u00e0ng ti\u1ec1m n\u0103ng theo ngu\u1ed3n v\u00e0 qu\u1ea3n l\u00fd t\u1ea5t c\u1ea3 c\u00e1c t\u00e0i li\u1ec7u \u0111\u1ea1i l\u00fd c\u1ee7a b\u1ea1n \u1edf m\u1ed9t n\u01a1i c\u00f3 t\u1ed5 ch\u1ee9c.<\/p>\n<\/div><\/article>\n            <\/div>\n            <\/div>\n\n<\/section>\n\n","protected":false},"excerpt":{"rendered":"","protected":false},"author":2,"featured_media":0,"parent":23649,"menu_order":0,"comment_status":"closed","ping_status":"closed","template":"","meta":{"_acf_changed":false,"footnotes":""},"class_list":["post-24491","page","type-page","status-publish","hentry"],"acf":[],"_links":{"self":[{"href":"https:\/\/bolttech.io\/vi\/wp-json\/wp\/v2\/pages\/24491","targetHints":{"allow":["GET"]}}],"collection":[{"href":"https:\/\/bolttech.io\/vi\/wp-json\/wp\/v2\/pages"}],"about":[{"href":"https:\/\/bolttech.io\/vi\/wp-json\/wp\/v2\/types\/page"}],"author":[{"embeddable":true,"href":"https:\/\/bolttech.io\/vi\/wp-json\/wp\/v2\/users\/2"}],"replies":[{"embeddable":true,"href":"https:\/\/bolttech.io\/vi\/wp-json\/wp\/v2\/comments?post=24491"}],"version-history":[{"count":0,"href":"https:\/\/bolttech.io\/vi\/wp-json\/wp\/v2\/pages\/24491\/revisions"}],"up":[{"embeddable":true,"href":"https:\/\/bolttech.io\/vi\/wp-json\/wp\/v2\/pages\/23649"}],"wp:attachment":[{"href":"https:\/\/bolttech.io\/vi\/wp-json\/wp\/v2\/media?parent=24491"}],"curies":[{"name":"wp","href":"https:\/\/api.w.org\/{rel}","templated":true}]}}