{"id":24475,"date":"2024-10-24T04:38:15","date_gmt":"2024-10-24T09:38:15","guid":{"rendered":"https:\/\/bolttech.io\/dich-vu-khach-hang\/"},"modified":"2025-07-30T19:36:45","modified_gmt":"2025-07-30T11:36:45","slug":"dich-vu-khach-hang","status":"publish","type":"page","link":"https:\/\/bolttech.io\/vi\/dich-vu-khach-hang\/","title":{"rendered":"D\u1ecbch v\u1ee5 kh\u00e1ch h\u00e0ng"},"content":{"rendered":"<!-- Hidden input -->\n\n    <input type=\"hidden\" id=\"geo-country\" value=\"[geot_country_name default=&quot;&quot;]\" data-country=\"[geot_country_name default=&quot;&quot;]\" >\n    <!-- <input type=\"hidden\" id=\"geo-country\" value=\"Hong Kong\"> -->\n\n<section id=\"block_57507252a88038786e5dbc6d6f048f1c\"       class=\"bl-first-element bl-last-element bl-secondary-hero hp-bg-brand-black bl-section-element bl-secondary-hero_support-hero\"\n      style=\"background:var(--wp--preset--color--white)\">\n\n    <div class=\"bl-secondary-hero__container\">\n        <div class=\"bl-secondary-hero__head bl-animate-text\"><h3 class=\"bl-eyebrow\">B\u1ea1n \u0111ang t\u00ecm ki\u1ebfm d\u1ecbch v\u1ee5 h\u1ed7 tr\u1ee3 kh\u00e1ch h\u00e0ng?<\/h3><h2 class=\"h1\">Y\u00eau c\u1ea7u D\u1ecbch v\u1ee5 b\u1ea3o v\u1ec7 v\u00e0 b\u1ea3o hi\u1ec3m<\/h2><div class=\"bl-secondary-hero__head-filter\"><label for=\"secondary-hero-filter\">Ch\u1ecdn qu\u1ed1c gia c\u1ee7a b\u1ea1n<\/label><select id=\"secondary-hero-filter\" data-geo-autoselect=\"true\"><option value=\"block_57507252a88038786e5dbc6d6f048f1c-1\">\u00c1o<\/option><option value=\"block_57507252a88038786e5dbc6d6f048f1c-2\">H\u1ed3ng K\u00f4ng<\/option><option value=\"block_57507252a88038786e5dbc6d6f048f1c-3\">Indonesia<\/option><option value=\"block_57507252a88038786e5dbc6d6f048f1c-4\">Ireland<\/option><option value=\"block_57507252a88038786e5dbc6d6f048f1c-5\">\u00dd<\/option><option value=\"block_57507252a88038786e5dbc6d6f048f1c-6\">Malaysia<\/option><option value=\"block_57507252a88038786e5dbc6d6f048f1c-7\">Philippines<\/option><option value=\"block_57507252a88038786e5dbc6d6f048f1c-8\">H\u00e0n Qu\u1ed1c<\/option><option value=\"block_57507252a88038786e5dbc6d6f048f1c-9\">\u0110\u00e0i Loan<\/option><option value=\"block_57507252a88038786e5dbc6d6f048f1c-10\">Th\u00e1i Lan<\/option><option value=\"block_57507252a88038786e5dbc6d6f048f1c-11\">Vi\u1ec7t Nam<\/option><\/select><\/div><\/div>\n\n                    <div class=\"bl-secondary-hero__support-hero\">\n                <img loading=\"lazy\" decoding=\"async\" width=\"768\" height=\"586\" src=\"https:\/\/bolttech.io\/wp-content\/uploads\/2024\/09\/bt-customer-support-768x586.avif\" class=\"attachment-medium_large size-medium_large\" alt=\"\" srcset=\"https:\/\/bolttech.io\/wp-content\/uploads\/2024\/09\/bt-customer-support-768x586.avif 768w, https:\/\/bolttech.io\/wp-content\/uploads\/2024\/09\/bt-customer-support-300x229.avif 300w, https:\/\/bolttech.io\/wp-content\/uploads\/2024\/09\/bt-customer-support-1024x782.avif 1024w, https:\/\/bolttech.io\/wp-content\/uploads\/2024\/09\/bt-customer-support-1536x1173.avif 1536w, https:\/\/bolttech.io\/wp-content\/uploads\/2024\/09\/bt-customer-support.avif 1928w\" sizes=\"auto, (max-width: 768px) 100vw, 768px\" \/>                    <div class=\"bl-secondary-hero__support-hero-caption h6\">\n                        Nh\u1eadn h\u1ed7 tr\u1ee3 cho g\u00f3i b\u1ea3o hi\u1ec3m ho\u1eb7c b\u1ea3o v\u1ec7 thi\u1ebft b\u1ecb c\u1ee7a b\u1ea1n                    <\/div>\n                            <\/div>\n            <\/div>\n\n    \n                    <div id=\"block_57507252a88038786e5dbc6d6f048f1c-1\"\n                     class=\"bl-container-wide bl-secondary-hero__support-hero-container active\">\n\n                                            <div class=\"bl-secondary-hero__support-hero-item\">\n                            <div class=\"bl-secondary-hero__support-hero-item-head\"><h2 class=\"h5\">B\u1ea3o v\u1ec7 thi\u1ebft b\u1ecb<\/h2><div class=\"bl-secondary-hero__support-hero-item-head-description\"><p><a href=\"tel:\/\/+43660303700\">+43 660 303 700 (Direkttausch)<\/a><br \/>\n<a href=\"tel:\/\/+431206092917\">+43 1 206 092 917 (Direktschutz)<\/a><br \/>\n<a href=\"mailto:kontakt@bolttech.at\">kontakt@bolttech.at<\/a><\/p>\n<\/div><a class=\"bl-btn bl-btn_primary-dark\" href=\"https:\/\/www.drei.at\/de\/privat\/produkte-und-services\/drei-direkttausch\/\" aria-label=\"Drei\" target=\"_blank\" rel=\"noopener\"><span>Drei<\/span><\/a><\/div>                        <\/div>\n                    \n                <\/div>\n                                <div id=\"block_57507252a88038786e5dbc6d6f048f1c-2\"\n                     class=\"bl-container-wide bl-secondary-hero__support-hero-container\">\n\n                                            <div class=\"bl-secondary-hero__support-hero-item\">\n                            <div class=\"bl-secondary-hero__support-hero-item-head\"><h2 class=\"h5\">Nh\u00e0 m\u00f4i gi\u1edbi bolttech<\/h2><div class=\"bl-secondary-hero__support-hero-item-head-description\"><p><a href=\"tel:\/\/+85258033558\">+852 5803 3558<\/a><br \/>\n<a href=\"mailto:broker.cs@bolttech.hk\">broker.cs@bolttech.hk<\/a><\/p>\n<\/div><a class=\"bl-btn bl-btn_primary-dark\" href=\"https:\/\/broker.bolttech.hk\/en\" aria-label=\"Truy c\u1eadp trang web\" target=\"_blank\" rel=\"noopener\"><span>Truy c\u1eadp trang web<\/span><\/a><\/div>                        <\/div>\n                                            <div class=\"bl-secondary-hero__support-hero-item\">\n                            <div class=\"bl-secondary-hero__support-hero-item-head\"><h2 class=\"h5\">B\u1ea3o v\u1ec7 thi\u1ebft b\u1ecb<\/h2><div class=\"bl-secondary-hero__support-hero-item-head-description\"><p><a href=\"tel:\/\/+85258032496\">+852 5803 2496<\/a><br \/>\ndevice.support@bolttech.hk<\/p>\n<\/div><a class=\"bl-btn bl-btn_primary-dark\" href=\"https:\/\/device.bolttech.hk\/\" aria-label=\"c\u1ed5ng th\u00f4ng tin kh\u00e1ch h\u00e0ng bolttech\" target=\"_blank\" rel=\"noopener\"><span>c\u1ed5ng th\u00f4ng tin kh\u00e1ch h\u00e0ng bolttech<\/span><\/a><\/div>                        <\/div>\n                                            <div class=\"bl-secondary-hero__support-hero-item\">\n                            <div class=\"bl-secondary-hero__support-hero-item-head\"><h2 class=\"h5\">B\u1ea3o hi\u1ec3m bolttech<\/h2><div class=\"bl-secondary-hero__support-hero-item-head-description\"><p><a href=\"tel:\/\/+85226039435\">+852 2603 9435<\/a><br \/>\ncs.hk@bolttechinsurance.com<\/p>\n<\/div><a class=\"bl-btn bl-btn_primary-dark\" href=\"https:\/\/bolttechinsurance.hk\/en\/\" aria-label=\"Truy c\u1eadp trang web\" target=\"_blank\" rel=\"noopener\"><span>Truy c\u1eadp trang web<\/span><\/a><\/div>                        <\/div>\n                    \n                <\/div>\n                                <div id=\"block_57507252a88038786e5dbc6d6f048f1c-3\"\n                     class=\"bl-container-wide bl-secondary-hero__support-hero-container\">\n\n                                            <div class=\"bl-secondary-hero__support-hero-item\">\n                            <div class=\"bl-secondary-hero__support-hero-item-head\"><h2 class=\"h5\">B\u1ea3o v\u1ec7 thi\u1ebft b\u1ecb<\/h2><div class=\"bl-secondary-hero__support-hero-item-head-description\"><p><a href=\"http:\/\/sr.bolttech.asia\/hcid\/login.php\" target=\"_blank\" rel=\"noopener\">T\u00edn d\u1ee5ng<\/a><\/p>\n<p> nh\u00e0<a href=\"https:\/\/device.bolttech.id\/service-request\" target=\"_blank\" rel=\"noopener\">C\u1ed5ng th\u00f4ng tin kh\u00e1ch h\u00e0ng Bolttech<\/a><\/p>\n<\/div><\/div>                        <\/div>\n                    \n                <\/div>\n                                <div id=\"block_57507252a88038786e5dbc6d6f048f1c-4\"\n                     class=\"bl-container-wide bl-secondary-hero__support-hero-container\">\n\n                                            <div class=\"bl-secondary-hero__support-hero-item\">\n                            <div class=\"bl-secondary-hero__support-hero-item-head\"><h2 class=\"h5\">B\u1ea3o v\u1ec7 thi\u1ebft b\u1ecb<\/h2><div class=\"bl-secondary-hero__support-hero-item-head-description\"><p><a href=\"tel:\/\/+35315569772\">+353 1556 9772<\/a><br \/>\n<a href=\"mailto:contact@bolttech.ie\">contact@bolttech.ie<\/a><\/p>\n<\/div><\/div>                        <\/div>\n                    \n                <\/div>\n                                <div id=\"block_57507252a88038786e5dbc6d6f048f1c-5\"\n                     class=\"bl-container-wide bl-secondary-hero__support-hero-container\">\n\n                                            <div class=\"bl-secondary-hero__support-hero-item\">\n                            <div class=\"bl-secondary-hero__support-hero-item-head\"><h2 class=\"h5\">B\u1ea3o v\u1ec7 thi\u1ebft b\u1ecb<\/h2><div class=\"bl-secondary-hero__support-hero-item-head-description\"><p><a href=\"https:\/\/windtre-device.bolttech.it\/reload\" target=\"_blank\" rel=\"noopener\">WindTre<\/a><\/p>\n<p><a href=\"https:\/\/device.bolttech.eu\/it\/\" target=\"_blank\" rel=\"noopener\">C\u00e1c \u0111\u1ed1i t\u00e1c kh\u00e1c c\u1ee7a bolttech<\/a><\/p>\n<\/div><a class=\"bl-btn bl-btn_primary-dark\" href=\"mailto:contact@bolttech.it\" aria-label=\"li\u00ean h\u1ec7@bolttech.it\"><span>li\u00ean h\u1ec7@bolttech.it<\/span><\/a><\/div>                        <\/div>\n                    \n                <\/div>\n                                <div id=\"block_57507252a88038786e5dbc6d6f048f1c-6\"\n                     class=\"bl-container-wide bl-secondary-hero__support-hero-container\">\n\n                                            <div class=\"bl-secondary-hero__support-hero-item\">\n                            <div class=\"bl-secondary-hero__support-hero-item-head\"><h2 class=\"h5\">B\u1ea3o v\u1ec7 thi\u1ebft b\u1ecb<\/h2><div class=\"bl-secondary-hero__support-hero-item-head-description\"><p><a href=\"https:\/\/device.bolttech.my\/service-request\/?lang=BM\" target=\"_blank\" rel=\"noopener\">Digi<\/a><\/p>\n<p><a href=\"https:\/\/device.bolttech.my\/service-request\/?lang=BM\" target=\"_blank\" rel=\"noopener\">TM<\/a><\/p>\n<p><a href=\"https:\/\/device.bolttech.my\/service-request\/?lang=BM\" target=\"_blank\" rel=\"noopener\">C\u1ed5ng th\u00f4ng tin kh\u00e1ch h\u00e0ng Bolttech<\/a><\/p>\n<\/div><\/div>                        <\/div>\n                    \n                <\/div>\n                                <div id=\"block_57507252a88038786e5dbc6d6f048f1c-7\"\n                     class=\"bl-container-wide bl-secondary-hero__support-hero-container\">\n\n                                            <div class=\"bl-secondary-hero__support-hero-item\">\n                            <div class=\"bl-secondary-hero__support-hero-item-head\"><h2 class=\"h5\">B\u1ea3o v\u1ec7 thi\u1ebft b\u1ecb<\/h2><div class=\"bl-secondary-hero__support-hero-item-head-description\"><p><a href=\"https:\/\/homecredit.device.bolttech.ph\/service-request\/\" target=\"_blank\" rel=\"noopener\">T\u00edn d\u1ee5ng<\/a><\/p>\n<p> nh\u00e0<a href=\"https:\/\/device.bolttech.ph\/service-request\/\" target=\"_blank\" rel=\"noopener\">C\u1ed5ng th\u00f4ng tin kh\u00e1ch h\u00e0ng Bolttech<\/a><\/p>\n<\/div><\/div>                        <\/div>\n                    \n                <\/div>\n                                <div id=\"block_57507252a88038786e5dbc6d6f048f1c-8\"\n                     class=\"bl-container-wide bl-secondary-hero__support-hero-container\">\n\n                                            <div class=\"bl-secondary-hero__support-hero-item\">\n                            <div class=\"bl-secondary-hero__support-hero-item-head\"><h2 class=\"h5\">B\u1ea3o v\u1ec7 thi\u1ebft b\u1ecb<\/h2><div class=\"bl-secondary-hero__support-hero-item-head-description\"><p><a href=\"mailto:device-support@bolttech.kr\">thi\u1ebft b\u1ecb-h\u1ed7 tr\u1ee3@bolttech.kr<\/a><\/p>\n<\/div><a class=\"bl-btn bl-btn_primary-dark\" href=\"https:\/\/uplus.bolttech.kr\/kr\/account\/sign-in\" aria-label=\"LG U+\" target=\"_blank\" rel=\"noopener\"><span>LG U+<\/span><\/a><\/div>                        <\/div>\n                    \n                <\/div>\n                                <div id=\"block_57507252a88038786e5dbc6d6f048f1c-9\"\n                     class=\"bl-container-wide bl-secondary-hero__support-hero-container\">\n\n                                            <div class=\"bl-secondary-hero__support-hero-item\">\n                            <div class=\"bl-secondary-hero__support-hero-item-head\"><h2 class=\"h5\">B\u1ea3o hi\u1ec3m<\/h2><div class=\"bl-secondary-hero__support-hero-item-head-description\"><p><a href=\"tel:\/\/+886266041121\">+886 2 6604 1121<\/a><\/p>\n<p><a href=\"mailto:exchange.cs@bolttech.tw\">exchange.cs@bolttech.tw<\/a><\/p>\n<\/div><a class=\"bl-btn bl-btn_primary-dark\" href=\"https:\/\/broker.bolttech.tw\/\" aria-label=\"trang web m\u00f4i gi\u1edbi bolttech \u0110\u00e0i Loan\" target=\"_blank\" rel=\"noopener\"><span>trang web m\u00f4i gi\u1edbi bolttech \u0110\u00e0i Loan<\/span><\/a><\/div>                        <\/div>\n                                            <div class=\"bl-secondary-hero__support-hero-item\">\n                            <div class=\"bl-secondary-hero__support-hero-item-head\"><h2 class=\"h5\">B\u1ea3o v\u1ec7 thi\u1ebft b\u1ecb<\/h2><div class=\"bl-secondary-hero__support-hero-item-head-description\"><p><a href=\"tel:\/\/+886266041125\">+886 2 6604 1125<\/a><\/p>\n<\/div><\/div>                        <\/div>\n                    \n                <\/div>\n                                <div id=\"block_57507252a88038786e5dbc6d6f048f1c-10\"\n                     class=\"bl-container-wide bl-secondary-hero__support-hero-container\">\n\n                                            <div class=\"bl-secondary-hero__support-hero-item\">\n                            <div class=\"bl-secondary-hero__support-hero-item-head\"><h2 class=\"h5\">B\u1ea3o hi\u1ec3m<\/h2><div class=\"bl-secondary-hero__support-hero-item-head-description\"><p><a href=\"tel:\/\/+6621065800%5D\">+66 2 106 5800<\/a><\/p>\n<p><a href=\"mailto:support@bolttech.co.th\">support@bolttech.co.th<\/a><\/p>\n<\/div><a class=\"bl-btn bl-btn_primary-dark\" href=\"https:\/\/line.me\/R\/ti\/p\/%40eak4042f\" aria-label=\"Li\u00ean h\u1ec7 v\u1edbi ch\u00fang t\u00f4i tr\u1ef1c tuy\u1ebfn\" target=\"_blank\" rel=\"noopener\"><span>Li\u00ean h\u1ec7 v\u1edbi ch\u00fang t\u00f4i tr\u1ef1c tuy\u1ebfn<\/span><\/a><\/div>                        <\/div>\n                                            <div class=\"bl-secondary-hero__support-hero-item\">\n                            <div class=\"bl-secondary-hero__support-hero-item-head\"><h2 class=\"h5\">B\u1ea3o v\u1ec7 thi\u1ebft b\u1ecb<\/h2><div class=\"bl-secondary-hero__support-hero-item-head-description\"><\/div><a class=\"bl-btn bl-btn_primary-dark\" href=\"https:\/\/device.bolttech.co.th\/\" aria-label=\"c\u1ed5ng th\u00f4ng tin kh\u00e1ch h\u00e0ng bolttech\" target=\"_blank\" rel=\"noopener\"><span>c\u1ed5ng th\u00f4ng tin kh\u00e1ch h\u00e0ng bolttech<\/span><\/a><\/div>                        <\/div>\n                    \n                <\/div>\n                                <div id=\"block_57507252a88038786e5dbc6d6f048f1c-11\"\n                     class=\"bl-container-wide bl-secondary-hero__support-hero-container\">\n\n                                            <div class=\"bl-secondary-hero__support-hero-item\">\n                            <div class=\"bl-secondary-hero__support-hero-item-head\"><h2 class=\"h5\">B\u1ea3o hi\u1ec3m<\/h2><div class=\"bl-secondary-hero__support-hero-item-head-description\"><\/div><\/div>                        <\/div>\n                                            <div class=\"bl-secondary-hero__support-hero-item\">\n                            <div class=\"bl-secondary-hero__support-hero-item-head\"><h2 class=\"h5\">B\u1ea3o v\u1ec7 thi\u1ebft b\u1ecb<\/h2><div class=\"bl-secondary-hero__support-hero-item-head-description\"><p><a href=\"https:\/\/www.tecprotec.co\/vn\/portal\" target=\"_blank\" rel=\"noopener\">T\u00edn d\u1ee5ng<\/a><\/p>\n<p> nh\u00e0<a href=\"https:\/\/device.bolttech.vn\/service-request\" target=\"_blank\" rel=\"noopener\">C\u1ed5ng th\u00f4ng tin kh\u00e1ch h\u00e0ng Bolttech<\/a><\/p>\n<\/div><a class=\"bl-btn bl-btn_primary-dark\" href=\"http:\/\/broker.bolttech.vn\/\" aria-label=\"trang web m\u00f4i gi\u1edbi bolttech Vi\u1ec7t Nam\" target=\"_blank\" rel=\"noopener\"><span>trang web m\u00f4i gi\u1edbi bolttech Vi\u1ec7t Nam<\/span><\/a><\/div>                        <\/div>\n                    \n                <\/div>\n                \n<\/section>\n\n\n","protected":false},"excerpt":{"rendered":"","protected":false},"author":2,"featured_media":0,"parent":0,"menu_order":0,"comment_status":"closed","ping_status":"closed","template":"","meta":{"_acf_changed":false,"footnotes":""},"class_list":["post-24475","page","type-page","status-publish","hentry"],"acf":[],"_links":{"self":[{"href":"https:\/\/bolttech.io\/vi\/wp-json\/wp\/v2\/pages\/24475","targetHints":{"allow":["GET"]}}],"collection":[{"href":"https:\/\/bolttech.io\/vi\/wp-json\/wp\/v2\/pages"}],"about":[{"href":"https:\/\/bolttech.io\/vi\/wp-json\/wp\/v2\/types\/page"}],"author":[{"embeddable":true,"href":"https:\/\/bolttech.io\/vi\/wp-json\/wp\/v2\/users\/2"}],"replies":[{"embeddable":true,"href":"https:\/\/bolttech.io\/vi\/wp-json\/wp\/v2\/comments?post=24475"}],"version-history":[{"count":0,"href":"https:\/\/bolttech.io\/vi\/wp-json\/wp\/v2\/pages\/24475\/revisions"}],"wp:attachment":[{"href":"https:\/\/bolttech.io\/vi\/wp-json\/wp\/v2\/media?parent=24475"}],"curies":[{"name":"wp","href":"https:\/\/api.w.org\/{rel}","templated":true}]}}