{"id":24314,"date":"2024-10-24T04:00:27","date_gmt":"2024-10-24T09:00:27","guid":{"rendered":"https:\/\/bolttech.io\/chinh-sach-cookie\/"},"modified":"2024-11-08T06:18:44","modified_gmt":"2024-11-08T11:18:44","slug":"chinh-sach-cookie","status":"publish","type":"page","link":"https:\/\/bolttech.io\/vi\/chinh-sach-cookie\/","title":{"rendered":"Ch\u00ednh s\u00e1ch cookie"},"content":{"rendered":"<!-- Hidden input -->\n\n    <input type=\"hidden\" id=\"geo-country\" value=\"[geot_country_name default=&quot;&quot;]\" data-country=\"[geot_country_name default=&quot;&quot;]\" >\n    <!-- <input type=\"hidden\" id=\"geo-country\" value=\"Hong Kong\"> -->\n\n<section id=\"block_c3641cd18bf040d144cae26a3feb068e\"       class=\"bl-first-element bl-secondary-hero hp-bg-brand-black bl-section-element bl-secondary-hero_centered-content bl-secondary-hero_shapes-animation\"\n      style=\"background:var(--wp--preset--color--white)\">\n\n    <div class=\"bl-secondary-hero__container\">\n        <div class=\"bl-secondary-hero__head bl-animate-text\"><h2 class=\"h2\">Ch\u00ednh s\u00e1ch cookie<\/h2><\/div>\n\n            <\/div>\n\n                <div class=\"shape-left-1\"><\/div>\n            <div class=\"shape-left-2\"><\/div>\n\n            <div class=\"shape-right-1\"><\/div>\n            <div class=\"shape-right-2\"><\/div>\n        \n    \n<\/section>\n\n\n\n\n\n<section id=\"block_bfe5514c50a03fe4c69279edf318eb5e\"\n         class=\"bl-last-element bl-sticky-sidebar hp-bg-brand-black bl-section-element\">\n\n    <div class=\"bl-container-wide\">\n        <div class=\"bl-sticky-sidebar__content\">\n                            <div class=\"bl-sticky-sidebar__sidebar\">\n                    <div class=\"bl-sticky-sidebar__bar\">\n                        <div class=\"bl-sticky-sidebar__bar-links\">\n                                                            <div class=\"bl-sticky-sidebar__bar-heading\">\n                                    Di chuy\u1ec3n                                <\/div>\n                            \n                                                            <div class=\"bl-sticky-sidebar__nav\">\n                                                                                <a href=\"#cookie-policy\"\n                                               target=\"_self\"\n                                               class=\"bl-sticky-sidebar__nav-link\">\n                                                Ch\u00ednh s\u00e1ch cookie                                            <\/a>\n                                                                                    <a href=\"#cookie-settings\"\n                                               target=\"_self\"\n                                               class=\"bl-sticky-sidebar__nav-link\">\n                                                Qu\u1ea3n l\u00fd c\u00e0i \u0111\u1eb7t cookie c\u1ee7a b\u1ea1n                                            <\/a>\n                                                                                    <a href=\"#cookie-list\"\n                                               target=\"_self\"\n                                               class=\"bl-sticky-sidebar__nav-link\">\n                                                Danh s\u00e1ch cookie                                            <\/a>\n                                                                                    <a href=\"#netlify\"\n                                               target=\"_self\"\n                                               class=\"bl-sticky-sidebar__nav-link\">\n                                                Netlify                                            <\/a>\n                                                                        <\/div>\n                                                    <\/div>\n                    <\/div>\n                <\/div>\n            \n            <div class=\"bl-sticky-sidebar__textual\">\n                <div class=\"acf-innerblocks-container\">\n\n<p><em><strong>Th\u00e1ng M\u1ed9t <\/strong><\/em><strong><em>202<\/em>2<\/strong><\/p>\n\n\n\n<p id=\"cookie-policy\"><strong>CH\u00cdNH S\u00c1CH COOKIE<\/strong><br> Trang web c\u1ee7a ch\u00fang t\u00f4i s\u1eed d\u1ee5ng cookie \u0111\u1ec3 ph\u00e2n bi\u1ec7t b\u1ea1n v\u1edbi nh\u1eefng ng\u01b0\u1eddi d\u00f9ng kh\u00e1c tr\u00ean trang web c\u1ee7a ch\u00fang t\u00f4i. \u0110i\u1ec1u n\u00e0y gi\u00fap ch\u00fang t\u00f4i cung c\u1ea5p cho b\u1ea1n tr\u1ea3i nghi\u1ec7m t\u1ed1t khi b\u1ea1n duy\u1ec7t trang web c\u1ee7a ch\u00fang t\u00f4i v\u00e0 c\u0169ng cho ph\u00e9p ch\u00fang t\u00f4i c\u1ea3i thi\u1ec7n trang web c\u1ee7a m\u00ecnh.<\/p>\n\n\n\n<p id=\"cookie-settings\"><strong>QU\u1ea2N L\u00dd C\u00c0I \u0110\u1eb6T COOKIE C\u1ee6A B\u1ea0N<\/strong><br> C\u00e0i \u0111\u1eb7t Cookie tr\u00ean trang web n\u00e0y \u0111\u01b0\u1ee3c qu\u1ea3n l\u00fd b\u1edfi m\u1ed9t plugin c\u1ee7a b\u00ean th\u1ee9 ba. Vui l\u00f2ng l\u00e0m m\u1edbi trang n\u1ebfu b\u1ea1n nh\u1ea5p v\u00e0o n\u00fat &#8220;C\u00e0i \u0111\u1eb7t cookie&#8221; b\u00ean d\u01b0\u1edbi nh\u01b0ng c\u1eeda s\u1ed5 Trung t\u00e2m T\u00f9y ch\u1ecdn Quy\u1ec1n ri\u00eang t\u01b0 kh\u00f4ng xu\u1ea5t hi\u1ec7n.<\/p>\n\n\n\n<button class=\"ot-sdk-show-settings\">C\u00e0i \u0111\u1eb7t cookie<\/button>\n\n\n\n<p id=\"cookie-list\"><\/p>\n\n\n\n<div id=\"ot-sdk-cookie-policy\"><\/div>\n\n\n\n<p id=\"netlify\"><strong>M\u1ea0NG L\u01af\u1edaI<\/strong><br> Netlify s\u1eed d\u1ee5ng cookie \u0111\u1ec3 theo d\u00f5i bi\u1ebfn th\u1ec3 trang b\u1ea1n \u0111\u00e3 xem, theo d\u00f5i xem b\u1ea1n \u0111\u00e3 nh\u1ea5p v\u00e0o bi\u1ebfn th\u1ec3 trang n\u00e0o, theo d\u00f5i c\u00e1c m\u1eabu l\u01b0u l\u01b0\u1ee3ng truy c\u1eadp v\u00e0 \u0111\u00e1nh gi\u00e1 m\u1ee9c \u0111\u1ed9 ph\u1ed5 bi\u1ebfn c\u1ee7a c\u00e1c t\u00f9y ch\u1ecdn d\u1ecbch v\u1ee5. B\u1ea1n c\u00f3 th\u1ec3 ch\u1eb7n cookie b\u1eb1ng c\u00e1ch k\u00edch ho\u1ea1t c\u00e0i \u0111\u1eb7t tr\u00ean tr\u00ecnh duy\u1ec7t cho ph\u00e9p b\u1ea1n t\u1eeb ch\u1ed1i c\u00e0i \u0111\u1eb7t t\u1ea5t c\u1ea3 ho\u1eb7c m\u1ed9t s\u1ed1 cookie. Tuy nhi\u00ean, n\u1ebfu b\u1ea1n s\u1eed d\u1ee5ng c\u00e0i \u0111\u1eb7t tr\u00ecnh duy\u1ec7t c\u1ee7a m\u00ecnh \u0111\u1ec3 ch\u1eb7n t\u1ea5t c\u1ea3 cookie (bao g\u1ed3m c\u1ea3 cookie thi\u1ebft y\u1ebfu), b\u1ea1n c\u00f3 th\u1ec3 kh\u00f4ng truy c\u1eadp \u0111\u01b0\u1ee3c t\u1ea5t c\u1ea3 ho\u1eb7c m\u1ed9t ph\u1ea7n trang web c\u1ee7a ch\u00fang t\u00f4i.<\/p>\n\n<\/div>\n            <\/div>\n        <\/div>\n    <\/div>\n\n<\/section>\n","protected":false},"excerpt":{"rendered":"","protected":false},"author":2,"featured_media":0,"parent":0,"menu_order":0,"comment_status":"closed","ping_status":"closed","template":"","meta":{"_acf_changed":false,"footnotes":""},"class_list":["post-24314","page","type-page","status-publish","hentry"],"acf":[],"_links":{"self":[{"href":"https:\/\/bolttech.io\/vi\/wp-json\/wp\/v2\/pages\/24314","targetHints":{"allow":["GET"]}}],"collection":[{"href":"https:\/\/bolttech.io\/vi\/wp-json\/wp\/v2\/pages"}],"about":[{"href":"https:\/\/bolttech.io\/vi\/wp-json\/wp\/v2\/types\/page"}],"author":[{"embeddable":true,"href":"https:\/\/bolttech.io\/vi\/wp-json\/wp\/v2\/users\/2"}],"replies":[{"embeddable":true,"href":"https:\/\/bolttech.io\/vi\/wp-json\/wp\/v2\/comments?post=24314"}],"version-history":[{"count":0,"href":"https:\/\/bolttech.io\/vi\/wp-json\/wp\/v2\/pages\/24314\/revisions"}],"wp:attachment":[{"href":"https:\/\/bolttech.io\/vi\/wp-json\/wp\/v2\/media?parent=24314"}],"curies":[{"name":"wp","href":"https:\/\/api.w.org\/{rel}","templated":true}]}}