{"id":23649,"date":"2024-10-23T15:51:50","date_gmt":"2024-10-23T20:51:50","guid":{"rendered":"https:\/\/bolttech.io\/co-quan-bao-hiem\/"},"modified":"2025-05-01T16:09:04","modified_gmt":"2025-05-01T08:09:04","slug":"co-quan-bao-hiem","status":"publish","type":"page","link":"https:\/\/bolttech.io\/vi\/truong-hop-su-dung\/co-quan-bao-hiem\/","title":{"rendered":"C\u01a1 quan b\u1ea3o hi\u1ec3m"},"content":{"rendered":"\n<section id=\"block_6fe42a9cedd94a79d3703aeaedaa8603\"       class=\"bl-first-element bl-bg-image-hero hp-bg-brand-black bl-section-element\">\n\n            <picture class=\"bl-bg-image-hero__bg\">\n            <source srcset=\"https:\/\/bolttech.io\/wp-content\/uploads\/2024\/10\/Get-a-demo_GettyImages-2103894533-1920x1080.jpg\" media=\"(min-width: 1025px)\">\n            <img decoding=\"async\" src=\"https:\/\/bolttech.io\/wp-content\/uploads\/2024\/10\/Get-a-demo_GettyImages-2103894533-834x566.jpg\"\n                 alt=\"Trao quy\u1ec1n cho \u0111\u1ea1i l\u00fd c\u1ee7a b\u1ea1n v\u1edbi c\u00e1c gi\u1ea3i ph\u00e1p b\u1ea3o hi\u1ec3m to\u00e0n di\u1ec7n\">\n        <\/picture>\n    \n    \n    <div class=\"bl-bg-image-hero__container\">\n        <div class=\"bl-container-wide\">\n            <div class=\"bl-bg-image-hero__head bl-animate-text\"><h1 class=\"bl-eyebrow\">Ph\u1ea7n m\u1ec1m b\u1ea3o hi\u1ec3m t\u1ed1t h\u01a1n cho \u0111\u1ea1i l\u00fd<\/h1><h2 class=\"h1\">Trao quy\u1ec1n cho \u0111\u1ea1i l\u00fd c\u1ee7a b\u1ea1n v\u1edbi c\u00e1c gi\u1ea3i ph\u00e1p b\u1ea3o hi\u1ec3m to\u00e0n di\u1ec7n<\/h2><div class=\"bl-bg-image-hero__head-description\"><p>Kh\u00e1m ph\u00e1 c\u00e1ch n\u1ec1n t\u1ea3ng s\u00e1ng t\u1ea1o c\u1ee7a ch\u00fang t\u00f4i gi\u00fap c\u00e1c \u0111\u1ea1i l\u00fd thu\u1ed9c m\u1ecdi quy m\u00f4 m\u1edf r\u1ed9ng d\u1ecbch v\u1ee5 s\u1ea3n ph\u1ea9m, h\u1ee3p l\u00fd h\u00f3a ho\u1ea1t \u0111\u1ed9ng v\u00e0 th\u00fac \u0111\u1ea9y t\u0103ng tr\u01b0\u1edfng m\u1ed9t c\u00e1ch d\u1ec5 d\u00e0ng. Ti\u1ebfp c\u1eadn m\u1ed9t lo\u1ea1t c\u00e1c nh\u00e0 cung c\u1ea5p d\u1ecbch v\u1ee5 v\u00e0 s\u1ea3n ph\u1ea9m \u0111\u1ec3 \u0111\u00e1p \u1ee9ng nhu c\u1ea7u ph\u00e1t tri\u1ec3n c\u1ee7a kh\u00e1ch h\u00e0ng v\u00e0 n\u00e2ng cao hi\u1ec7u qu\u1ea3 c\u1ee7a \u0111\u1ea1i l\u00fd c\u1ee7a b\u1ea1n. <\/p>\n<\/div><a class=\"bl-btn bl-btn_primary-dark\" href=\"https:\/\/bolttech.io\/vi\/bat-dau\/\" aria-label=\"B\u1eaft \u0111\u1ea7u\"><span>B\u1eaft \u0111\u1ea7u<\/span><\/a><\/div>        <\/div>\n\n            <\/div>\n\n<\/section>\n\n<section id=\"block_8b982d91d5ec576fbe2bf17be5d92d54\"       class=\"bl-card-layouts hp-bg-brand-black bl-section-element\"\n      style=\"background:var(--wp--preset--color--light-blue)\">\n\n    <div class=\"bl-card-layouts__container\">\n        <div class=\"bl-card-layouts__head bl-animate-text\"><h2 class=\"h3\">T\u0103ng doanh thu v\u00e0 s\u1ef1 h\u00e0i l\u00f2ng c\u1ee7a kh\u00e1ch h\u00e0ng v\u1edbi c\u00e1c gi\u1ea3i ph\u00e1p \u0111\u1ea1i l\u00fd b\u1ea3o hi\u1ec3m c\u1ee7a ch\u00fang t\u00f4i.<\/h2><p>Kh\u00e1m ph\u00e1 c\u00e1ch n\u1ec1n t\u1ea3ng c\u1ee7a ch\u00fang t\u00f4i cho ph\u00e9p c\u00e1c \u0111\u1ea1i l\u00fd b\u1ea3o hi\u1ec3m thu\u1ed9c m\u1ecdi quy m\u00f4 m\u1edf r\u1ed9ng quy m\u00f4 hi\u1ec7u qu\u1ea3, c\u1ea3i thi\u1ec7n d\u1ecbch v\u1ee5 v\u00e0 n\u1eafm b\u1eaft c\u00e1c c\u01a1 h\u1ed9i m\u1edbi.<\/p>\n<\/div>            <div class=\"bl-card-layouts__row bl-fade-up-items\">\n                \n<article class=\"bl-card-with-icon\">\n    <div class=\"bl-card-with-icon__media bl-card-with-icon__media_image\"><img loading=\"lazy\" decoding=\"async\" width=\"96\" height=\"96\" src=\"https:\/\/bolttech.io\/wp-content\/uploads\/2024\/07\/cl-1.svg\" class=\"bl-card-with-icon__media-image\" alt=\"\" \/><\/div><h3 class=\"h5\">Nhi\u1ec1u h\u00e3ng v\u1eadn chuy\u1ec3n h\u01a1n, nhi\u1ec1u s\u1ea3n ph\u1ea9m h\u01a1n  <\/h3><div><p>M\u1edf r\u1ed9ng danh m\u1ee5c \u0111\u1ea7u t\u01b0 c\u1ee7a \u0111\u1ea1i l\u00fd c\u1ee7a b\u1ea1n v\u1edbi quy\u1ec1n truy c\u1eadp v\u00e0o c\u00e1c s\u1ea3n ph\u1ea9m b\u1ea3o hi\u1ec3m \u0111a d\u1ea1ng, cho ph\u00e9p b\u1ea1n th\u00e2m nh\u1eadp th\u1ecb tr\u01b0\u1eddng m\u1edbi v\u00e0 t\u0103ng l\u1ee3i nhu\u1eadn b\u1eb1ng c\u00e1ch cung c\u1ea5p cho kh\u00e1ch h\u00e0ng c\u00e1c gi\u1ea3i ph\u00e1p ph\u00f9 h\u1ee3p h\u01a1n.<\/p>\n<\/div><\/article>\n\n<article class=\"bl-card-with-icon\">\n    <div class=\"bl-card-with-icon__media bl-card-with-icon__media_image\"><img loading=\"lazy\" decoding=\"async\" width=\"24\" height=\"24\" src=\"https:\/\/bolttech.io\/wp-content\/uploads\/2024\/08\/connection-link.svg\" class=\"bl-card-with-icon__media-image\" alt=\"\" \/><\/div><h3 class=\"h5\">Th\u00fac \u0111\u1ea9y t\u0103ng tr\u01b0\u1edfng kinh doanh<\/h3><div><p>\u0110\u01a1n gi\u1ea3n h\u00f3a ho\u1ea1t \u0111\u1ed9ng c\u1ee7a b\u1ea1n v\u1edbi quy tr\u00ecnh l\u00e0m vi\u1ec7c \u0111\u01b0\u1ee3c s\u1eafp x\u1ebfp h\u1ee3p l\u00fd, cho ph\u00e9p nh\u00f3m c\u1ee7a b\u1ea1n d\u00e0nh nhi\u1ec1u th\u1eddi gian h\u01a1n cho vi\u1ec7c b\u00e1n h\u00e0ng v\u00e0 t\u01b0\u01a1ng t\u00e1c v\u1edbi kh\u00e1ch h\u00e0ng v\u1edbi hi\u1ec7u qu\u1ea3 cao h\u01a1n.<\/p>\n<\/div><\/article>\n\n<article class=\"bl-card-with-icon\">\n    <div class=\"bl-card-with-icon__media bl-card-with-icon__media_image\"><img loading=\"lazy\" decoding=\"async\" width=\"96\" height=\"96\" src=\"https:\/\/bolttech.io\/wp-content\/uploads\/2024\/07\/cl-3.svg\" class=\"bl-card-with-icon__media-image\" alt=\"\" \/><\/div><h3 class=\"h5\">T\u0103ng s\u1ef1 h\u00e0i l\u00f2ng c\u1ee7a kh\u00e1ch h\u00e0ng<\/h3><div><p>Cung c\u1ea5p c\u00e1c t\u00f9y ch\u1ecdn b\u1ea3o hi\u1ec3m t\u00f9y ch\u1ec9nh \u0111\u1ec3 \u0111\u00e1p \u1ee9ng nhu c\u1ea7u c\u1ee5 th\u1ec3 c\u1ee7a kh\u00e1ch h\u00e0ng, n\u00e2ng cao tr\u1ea3i nghi\u1ec7m c\u1ee7a h\u1ecd v\u00e0 t\u1ea1o m\u1ed1i quan h\u1ec7 l\u00e2u d\u00e0i \u0111\u01b0\u1ee3c x\u00e2y d\u1ef1ng tr\u00ean s\u1ef1 tin t\u01b0\u1edfng v\u00e0 h\u00e0i l\u00f2ng.<\/p>\n<\/div><\/article>\n            <\/div>\n            <\/div>\n\n<\/section>\n\n\n<section id=\"block_a2f2a463210f4eeaf7c7c077ae8fa42b\"       class=\"bl-callouts hp-bg-brand-black bl-section-element bl-callouts_white-text bl-callouts_callout-with-stats\">\n\n    \n            <div class=\"bl-callouts__with-stats\"\n             style=\"background:var(--wp--preset--gradient--blue-gradient)\">\n            <div class=\"bl-callouts__with-stats-container\">\n                <div class=\"bl-callouts__with-stats-head bl-animate-text\"><h2 class=\"h2\">T\u00ecm hi\u1ec3u th\u00eam v\u1ec1 c\u00e1ch ch\u00fang t\u00f4i ph\u1ee5c v\u1ee5 c\u00e1c \u0111\u1ea1i l\u00fd nh\u1ecf<\/h2><p>Ti\u1ebfp c\u1eadn th\u1ecb tr\u01b0\u1eddng b\u1ea1n c\u1ea7n. T\u00ecm hi\u1ec3u th\u00eam v\u1ec1 bu l\u00f4ng v\u00e0 c\u00e1ch b\u1ea1n c\u00f3 th\u1ec3 m\u1edf r\u1ed9ng ph\u1ea1m vi ti\u1ebfp c\u1eadn s\u1ea3n ph\u1ea9m c\u1ee7a m\u00ecnh.<\/p>\n<\/div>\n                \n                                    <div class=\"bl-callouts__with-stats-cta\">\n                                            <\/div>\n                            <\/div>\n        <\/div>\n    \n    \n    \n<\/section>\n\n\n\n<section id=\"block_ebc6aaf40f30a860fd35c3d2eefa6aab\"       class=\"bl-last-element bl-hover-tabs hp-bg-brand-black bl-section-element\"\n      style=\"background:var(--wp--preset--color--white)\">\n\n    <div class=\"bl-container-wide\">\n        <div class=\"bl-hover-tabs__head bl-animate-text\"><h2 class=\"h3\">M\u1edf r\u1ed9ng quy m\u00f4 \u0111\u1ea1i l\u00fd c\u1ee7a b\u1ea1n v\u1edbi quy\u1ec1n truy c\u1eadp m\u1edf r\u1ed9ng v\u00e0 t\u0103ng hi\u1ec7u qu\u1ea3<\/h2><div class=\"bl-hover-tabs__head-description\"><p>Ch\u00fang t\u00f4i k\u1ebft n\u1ed1i b\u1ea1n v\u1edbi nhi\u1ec1u nh\u00e0 cung c\u1ea5p d\u1ecbch v\u1ee5 v\u00e0 s\u1ea3n ph\u1ea9m h\u01a1n, gi\u00fap d\u1ec5 d\u00e0ng cung c\u1ea5p cho kh\u00e1ch h\u00e0ng nhi\u1ec1u l\u1ef1a ch\u1ecdn h\u01a1n, t\u0103ng t\u1ed1c \u0111\u1ed9 b\u00e1o gi\u00e1 v\u00e0 ph\u00e1t tri\u1ec3n \u0111\u1ea1i l\u00fd c\u1ee7a b\u1ea1n m\u1ed9t c\u00e1ch hi\u1ec7u qu\u1ea3.<\/p>\n<\/div><\/div>\n                    <div class=\"bl-hover-tabs__container\">\n                <div class=\"bl-hover-tabs__panel\">\n                    <div class=\"bl-hover-tabs__panel-row\">\n                                                    <button class=\"bl-hover-tabs__panel-button active\"\n                                    data-id-tab=\"block_ebc6aaf40f30a860fd35c3d2eefa6aab-1\"\n                                    aria-label=\"M\u1edf r\u1ed9ng quy\u1ec1n truy c\u1eadp c\u1ee7a nh\u00e0 cung c\u1ea5p d\u1ecbch v\u1ee5\">\n                                M\u1edf r\u1ed9ng quy\u1ec1n truy c\u1eadp c\u1ee7a nh\u00e0 cung c\u1ea5p d\u1ecbch v\u1ee5                            <\/button>\n                                                        <button class=\"bl-hover-tabs__panel-button\"\n                                    data-id-tab=\"block_ebc6aaf40f30a860fd35c3d2eefa6aab-2\"\n                                    aria-label=\"M\u1edf r\u1ed9ng danh m\u1ee5c s\u1ea3n ph\u1ea9m c\u1ee7a b\u1ea1n\">\n                                M\u1edf r\u1ed9ng danh m\u1ee5c s\u1ea3n ph\u1ea9m c\u1ee7a b\u1ea1n                            <\/button>\n                                                        <button class=\"bl-hover-tabs__panel-button\"\n                                    data-id-tab=\"block_ebc6aaf40f30a860fd35c3d2eefa6aab-3\"\n                                    aria-label=\"\u0110\u01a1n gi\u1ea3n h\u00f3a quy tr\u00ecnh b\u00e1o gi\u00e1\">\n                                \u0110\u01a1n gi\u1ea3n h\u00f3a quy tr\u00ecnh b\u00e1o gi\u00e1                            <\/button>\n                                                        <button class=\"bl-hover-tabs__panel-button\"\n                                    data-id-tab=\"block_ebc6aaf40f30a860fd35c3d2eefa6aab-4\"\n                                    aria-label=\"T\u1ed1c \u0111\u1ed9 \u0111\u01b0a ra th\u1ecb tr\u01b0\u1eddng\">\n                                T\u1ed1c \u0111\u1ed9 \u0111\u01b0a ra th\u1ecb tr\u01b0\u1eddng                            <\/button>\n                                                        <button class=\"bl-hover-tabs__panel-button\"\n                                    data-id-tab=\"block_ebc6aaf40f30a860fd35c3d2eefa6aab-5\"\n                                    aria-label=\"H\u1ed7 tr\u1ee3 b\u1ea3o l\u00e3nh ph\u00e1t h\u00e0nh chuy\u00ean nghi\u1ec7p\">\n                                H\u1ed7 tr\u1ee3 b\u1ea3o l\u00e3nh ph\u00e1t h\u00e0nh chuy\u00ean nghi\u1ec7p                            <\/button>\n                                                <\/div>\n                <\/div>\n\n                                    <div class=\"bl-hover-tabs__content active\"\n                         data-id-content=\"block_ebc6aaf40f30a860fd35c3d2eefa6aab-1\" tabindex=\"-1\">\n\n                                                <div class=\"bl-hover-tabs__section bl-hover-tabs__section_gradient\">\n                                                            <div class=\"h5\">Cung c\u1ea5p cho kh\u00e1ch h\u00e0ng nhi\u1ec1u s\u1ef1 l\u1ef1a ch\u1ecdn h\u01a1n v\u1edbi c\u00e1c gi\u1ea3i ph\u00e1p li\u1ec1n m\u1ea1ch<\/div>\n                                                            <div class=\"bl-hover-tabs__section-description\">\n                                    <p>K\u1ebft n\u1ed1i v\u1edbi m\u1ed9t m\u1ea1ng l\u01b0\u1edbi r\u1ed9ng l\u1edbn c\u00e1c nh\u00e0 cung c\u1ea5p d\u1ecbch v\u1ee5, cho ph\u00e9p \u0111\u1ea1i l\u00fd c\u1ee7a b\u1ea1n cung c\u1ea5p m\u1ed9t lo\u1ea1t c\u00e1c s\u1ea3n ph\u1ea9m b\u1ea3o hi\u1ec3m c\u00e1 nh\u00e2n v\u00e0 th\u01b0\u01a1ng m\u1ea1i \u0111\u00e1p \u1ee9ng nhu c\u1ea7u ph\u00e1t tri\u1ec3n c\u1ee7a kh\u00e1ch h\u00e0ng.<\/p>\n                                <\/div>\n                                                    <\/div>\n                    <\/div>\n                                        <div class=\"bl-hover-tabs__content\"\n                         data-id-content=\"block_ebc6aaf40f30a860fd35c3d2eefa6aab-2\" tabindex=\"-1\">\n\n                        <img loading=\"lazy\" decoding=\"async\" width=\"768\" height=\"512\" src=\"https:\/\/bolttech.io\/wp-content\/uploads\/2024\/09\/business-agreement--768x512.avif\" class=\"bl-hover-tabs__img\" alt=\"\" srcset=\"https:\/\/bolttech.io\/wp-content\/uploads\/2024\/09\/business-agreement--768x512.avif 768w, https:\/\/bolttech.io\/wp-content\/uploads\/2024\/09\/business-agreement--300x200.avif 300w, https:\/\/bolttech.io\/wp-content\/uploads\/2024\/09\/business-agreement--1024x683.avif 1024w, https:\/\/bolttech.io\/wp-content\/uploads\/2024\/09\/business-agreement-.avif 1200w\" sizes=\"auto, (max-width: 768px) 100vw, 768px\" \/>                        <div class=\"bl-hover-tabs__section bl-hover-tabs__section_gradient\">\n                                                            <div class=\"h5\">M\u1edf kh\u00f3a c\u00e1c c\u01a1 h\u1ed9i doanh thu v\u00e0 th\u1ecb tr\u01b0\u1eddng m\u1edbi m\u1ed9t c\u00e1ch d\u1ec5 d\u00e0ng<\/div>\n                                                            <div class=\"bl-hover-tabs__section-description\">\n                                    <p>Cung c\u1ea5p nhi\u1ec1u l\u1ef1a ch\u1ecdn b\u1ea3o hi\u1ec3m h\u01a1n v\u00e0 khai th\u00e1c c\u00e1c th\u1ecb tr\u01b0\u1eddng m\u1edbi, gi\u00fap b\u1ea1n ph\u00e1t tri\u1ec3n doanh nghi\u1ec7p v\u00e0 duy tr\u00ec t\u00ednh c\u1ea1nh tranh v\u1edbi c\u00e1c s\u1ea3n ph\u1ea9m ph\u00f9 h\u1ee3p v\u1edbi nhu c\u1ea7u c\u1ee7a kh\u00e1ch h\u00e0ng.<\/p>\n                                <\/div>\n                                                    <\/div>\n                    <\/div>\n                                        <div class=\"bl-hover-tabs__content\"\n                         data-id-content=\"block_ebc6aaf40f30a860fd35c3d2eefa6aab-3\" tabindex=\"-1\">\n\n                        <img loading=\"lazy\" decoding=\"async\" width=\"768\" height=\"512\" src=\"https:\/\/bolttech.io\/wp-content\/uploads\/2024\/09\/woman-on-phone-taking-notes-768x512.jpg\" class=\"bl-hover-tabs__img\" alt=\"\" srcset=\"https:\/\/bolttech.io\/wp-content\/uploads\/2024\/09\/woman-on-phone-taking-notes-768x512.jpg 768w, https:\/\/bolttech.io\/wp-content\/uploads\/2024\/09\/woman-on-phone-taking-notes-300x200.jpg 300w, https:\/\/bolttech.io\/wp-content\/uploads\/2024\/09\/woman-on-phone-taking-notes-1024x683.jpg 1024w, https:\/\/bolttech.io\/wp-content\/uploads\/2024\/09\/woman-on-phone-taking-notes.jpg 1200w\" sizes=\"auto, (max-width: 768px) 100vw, 768px\" \/>                        <div class=\"bl-hover-tabs__section bl-hover-tabs__section_gradient\">\n                                                            <div class=\"h5\">H\u1ee3p l\u00fd h\u00f3a quy tr\u00ecnh l\u00e0m vi\u1ec7c \u0111\u1ec3 c\u00f3 d\u1ecbch v\u1ee5 nhanh h\u01a1n, hi\u1ec7u qu\u1ea3 h\u01a1n<\/div>\n                                                            <div class=\"bl-hover-tabs__section-description\">\n                                    <p>Lo\u1ea1i b\u1ecf c\u00e1c t\u00e1c v\u1ee5 l\u1eb7p \u0111i l\u1eb7p l\u1ea1i v\u1edbi \u1ee9ng d\u1ee5ng h\u1ee3p nh\u1ea5t c\u1ee7a ch\u00fang t\u00f4i, cho ph\u00e9p b\u1ea1n b\u00e1o gi\u00e1 nhi\u1ec1u nh\u00e0 cung c\u1ea5p d\u1ecbch v\u1ee5 trong m\u1ed9t l\u1ea7n v\u00e0 h\u1ee3p l\u00fd h\u00f3a ho\u1ea1t \u0111\u1ed9ng c\u1ee7a b\u1ea1n \u0111\u1ec3 c\u00f3 d\u1ecbch v\u1ee5 nhanh h\u01a1n.<\/p>\n                                <\/div>\n                                                    <\/div>\n                    <\/div>\n                                        <div class=\"bl-hover-tabs__content\"\n                         data-id-content=\"block_ebc6aaf40f30a860fd35c3d2eefa6aab-4\" tabindex=\"-1\">\n\n                                                <div class=\"bl-hover-tabs__section bl-hover-tabs__section_gradient\">\n                                                            <div class=\"h5\">\u0110\u00e1p \u1ee9ng nhu c\u1ea7u c\u1ee7a kh\u00e1ch h\u00e0ng v\u1edbi b\u00e1o gi\u00e1 nhanh h\u01a1n<\/div>\n                                                            <div class=\"bl-hover-tabs__section-description\">\n                                    <p>Nhanh ch\u00f3ng ti\u1ebfp c\u1eadn c\u00e1c s\u1ea3n ph\u1ea9m m\u1edbi v\u00e0 cung c\u1ea5p b\u00e1o gi\u00e1 nhanh h\u01a1n, gi\u00fap b\u1ea1n c\u1ea3i thi\u1ec7n s\u1ef1 h\u00e0i l\u00f2ng c\u1ee7a kh\u00e1ch h\u00e0ng v\u00e0 \u0111\u00e1p \u1ee9ng hi\u1ec7u qu\u1ea3 nhu c\u1ea7u c\u1ee7a h\u1ecd.<\/p>\n                                <\/div>\n                                                    <\/div>\n                    <\/div>\n                                        <div class=\"bl-hover-tabs__content\"\n                         data-id-content=\"block_ebc6aaf40f30a860fd35c3d2eefa6aab-5\" tabindex=\"-1\">\n\n                                                <div class=\"bl-hover-tabs__section bl-hover-tabs__section_gradient\">\n                                                            <div class=\"h5\">\u0110\u01b0a ra quy\u1ebft \u0111\u1ecbnh t\u1ef1 tin v\u1edbi th\u00f4ng tin chuy\u00ean s\u00e2u \u0111\u01b0\u1ee3c chuy\u00ean gia h\u1ed7 tr\u1ee3<\/div>\n                                                            <div class=\"bl-hover-tabs__section-description\">\n                                    <p>Ti\u1ebfp c\u1eadn tr\u1ef1c ti\u1ebfp v\u1edbi chuy\u00ean m\u00f4n b\u1ea3o l\u00e3nh ph\u00e1t h\u00e0nh khi b\u1ea1n c\u1ea7n, gi\u00fap b\u1ea1n t\u1ef1 tin x\u1eed l\u00fd c\u00e1c tr\u01b0\u1eddng h\u1ee3p ph\u1ee9c t\u1ea1p v\u00e0 ch\u1ed1t nhi\u1ec1u giao d\u1ecbch h\u01a1n.<\/p>\n                                <\/div>\n                                                    <\/div>\n                    <\/div>\n                                <\/div>\n        \n    <\/div>\n\n<\/section>\n","protected":false},"excerpt":{"rendered":"","protected":false},"author":3,"featured_media":0,"parent":24375,"menu_order":0,"comment_status":"closed","ping_status":"closed","template":"","meta":{"_acf_changed":false,"footnotes":""},"class_list":["post-23649","page","type-page","status-publish","hentry"],"acf":[],"_links":{"self":[{"href":"https:\/\/bolttech.io\/vi\/wp-json\/wp\/v2\/pages\/23649","targetHints":{"allow":["GET"]}}],"collection":[{"href":"https:\/\/bolttech.io\/vi\/wp-json\/wp\/v2\/pages"}],"about":[{"href":"https:\/\/bolttech.io\/vi\/wp-json\/wp\/v2\/types\/page"}],"author":[{"embeddable":true,"href":"https:\/\/bolttech.io\/vi\/wp-json\/wp\/v2\/users\/3"}],"replies":[{"embeddable":true,"href":"https:\/\/bolttech.io\/vi\/wp-json\/wp\/v2\/comments?post=23649"}],"version-history":[{"count":0,"href":"https:\/\/bolttech.io\/vi\/wp-json\/wp\/v2\/pages\/23649\/revisions"}],"up":[{"embeddable":true,"href":"https:\/\/bolttech.io\/vi\/wp-json\/wp\/v2\/pages\/24375"}],"wp:attachment":[{"href":"https:\/\/bolttech.io\/vi\/wp-json\/wp\/v2\/media?parent=23649"}],"curies":[{"name":"wp","href":"https:\/\/api.w.org\/{rel}","templated":true}]}}