{"id":41733,"date":"2025-08-05T21:15:55","date_gmt":"2025-08-05T13:15:55","guid":{"rendered":"https:\/\/bolttech.io\/recursos-do-agente\/"},"modified":"2025-08-05T21:15:56","modified_gmt":"2025-08-05T13:15:56","slug":"recursos-do-agente","status":"publish","type":"page","link":"https:\/\/bolttech.io\/pt-pt\/recursos-do-agente\/","title":{"rendered":"Recursos do agente"},"content":{"rendered":"<!-- Hidden input -->\n\n    <input type=\"hidden\" id=\"geo-country\" value=\"[geot_country_name default=&quot;&quot;]\" data-country=\"[geot_country_name default=&quot;&quot;]\" >\n    <!-- <input type=\"hidden\" id=\"geo-country\" value=\"Hong Kong\"> -->\n\n<section id=\"block_afe5166ee033d265ecb7fbacbbb9ac70\"       class=\"bl-first-element bl-secondary-hero hp-bg-brand-black bl-section-element bl-secondary-hero_duas imagens-formas\"\n      style=\"background:var(--wp--preset--color--white)\">\n\n    <div class=\"bl-secondary-hero__container\">\n        <div class=\"bl-secondary-hero__head bl-animate-text\"><h1 class=\"h2\">Recursos do agente<\/h1><div class=\"bl-secondary-hero__head-description bl-secondary-hero__head-description_extra-grande\"><p>Informa\u00e7\u00f5es valiosas, treinamento e guias para nossos agentes atuais e futuros manterem sua vantagem e atender \u00e0s necessidades de seus clientes.<\/p>\n<\/div><form class=\"bl-secondary-hero__head-search\" role=\"search\" method=\"get\" action=\"https:\/\/bolttech.io\/pt-pt\/\"><input class=\"bl-secondary-hero__head-search-input\" name=\"s\" maxlength=\"50\" type=\"text\" value=\"\" placeholder=\"Search by keyword\" aria-label=\"Search\" \/><button class=\"bl-secondary-hero__head-search-submit\" type=\"submit\" aria-label=\"Submit\"><svg width=\"17\" height=\"17\" viewBox=\"0 0 17 17\" fill=\"none\" xmlns=\"http:\/\/www.w3.org\/2000\/svg\"><path d=\"M7.40906 2.6875C6.43814 2.6875 5.48903 2.97541 4.68174 3.51483C3.87444 4.05424 3.24524 4.82093 2.87368 5.71795C2.50213 6.61496 2.40491 7.60201 2.59433 8.55427C2.78375 9.50654 3.25129 10.3812 3.93783 11.0678C4.62438 11.7543 5.49909 12.2219 6.45135 12.4113C7.40362 12.6007 8.39067 12.5035 9.28768 12.1319C10.1847 11.7604 10.9514 11.1312 11.4908 10.3239C12.0302 9.5166 12.3181 8.56748 12.3181 7.59656C12.318 6.29462 11.8008 5.04603 10.8802 4.12542C9.95959 3.20481 8.711 2.68758 7.40906 2.6875Z\" stroke=\"#0A0842\" stroke-width=\"1.5\" stroke-miterlimit=\"10\"\/><path d=\"M11.0703 11.2578L14.4987 14.6862\" stroke=\"#0A0842\" stroke-width=\"1.5\" stroke-miterlimit=\"10\" stroke-linecap=\"round\"\/><\/svg><\/button><\/form><\/div>\n\n            <\/div>\n\n    \n    \n<\/section>\n\n\n\n<section id=\"block_707eb4923483601e5e6b6b6e36b87e46\"       class=\"bl-last-element bl-resource-center hp-bg-brand-black bl-section-element\">\n\n    \n                            <div class=\"bl-resource-center__nav\">\n                                                <a href=\"#brochuras-da-transportadora\">\n                                Brochuras da transportadora                            <\/a>\n                                                    <a href=\"#guias\">\n                                Guias                            <\/a>\n                                        <\/div>\n            \n            \n<\/section>\n\n\n\n","protected":false},"excerpt":{"rendered":"","protected":false},"author":2,"featured_media":0,"parent":0,"menu_order":0,"comment_status":"closed","ping_status":"closed","template":"","meta":{"_acf_changed":false,"footnotes":""},"class_list":["post-41733","page","type-page","status-publish","hentry"],"acf":[],"_links":{"self":[{"href":"https:\/\/bolttech.io\/pt-pt\/wp-json\/wp\/v2\/pages\/41733","targetHints":{"allow":["GET"]}}],"collection":[{"href":"https:\/\/bolttech.io\/pt-pt\/wp-json\/wp\/v2\/pages"}],"about":[{"href":"https:\/\/bolttech.io\/pt-pt\/wp-json\/wp\/v2\/types\/page"}],"author":[{"embeddable":true,"href":"https:\/\/bolttech.io\/pt-pt\/wp-json\/wp\/v2\/users\/2"}],"replies":[{"embeddable":true,"href":"https:\/\/bolttech.io\/pt-pt\/wp-json\/wp\/v2\/comments?post=41733"}],"version-history":[{"count":0,"href":"https:\/\/bolttech.io\/pt-pt\/wp-json\/wp\/v2\/pages\/41733\/revisions"}],"wp:attachment":[{"href":"https:\/\/bolttech.io\/pt-pt\/wp-json\/wp\/v2\/media?parent=41733"}],"curies":[{"name":"wp","href":"https:\/\/api.w.org\/{rel}","templated":true}]}}