{"id":39702,"date":"2025-06-12T15:36:58","date_gmt":"2025-06-12T07:36:58","guid":{"rendered":"https:\/\/bolttech.io\/casos-de-uso\/seguradoras\/"},"modified":"2025-06-12T15:36:59","modified_gmt":"2025-06-12T07:36:59","slug":"seguradoras","status":"publish","type":"page","link":"https:\/\/bolttech.io\/pt-pt\/casos-de-uso\/seguradoras\/","title":{"rendered":"Seguradoras"},"content":{"rendered":"\n<section id=\"block_075b3ec37ec4bc6f41cc1fad8e4800b8\"       class=\"bl-first-element bl-bg-image-hero hp-bg-brand-black bl-section-element\">\n\n            <picture class=\"bl-bg-image-hero__bg\">\n            <source srcset=\"https:\/\/bolttech.io\/wp-content\/uploads\/2024\/10\/API_GettyImages-1394348691-1920x1080.png\" media=\"(min-width: 1025px)\">\n            <img decoding=\"async\" src=\"https:\/\/bolttech.io\/wp-content\/uploads\/2024\/10\/API_GettyImages-1394348691-834x566.png\"\n                 alt=\"Amplie suas ofertas de seguros\">\n        <\/picture>\n    \n    \n    <div class=\"bl-bg-image-hero__container\">\n        <div class=\"bl-container-wide\">\n            <div class=\"bl-bg-image-hero__head bl-animate-text\"><h1 class=\"bl-eyebrow\">Solu\u00e7\u00f5es expandidas para seguradoras<\/h1><h2 class=\"h1\">Amplie suas ofertas de seguros<\/h2><div class=\"bl-bg-image-hero__head-description\"><p>Ofere\u00e7a aos seus clientes mais op\u00e7\u00f5es em mais linhas de neg\u00f3cio com acesso ao nosso motor de distribui\u00e7\u00e3o de seguros<\/p>\n<\/div><\/div>        <\/div>\n\n            <\/div>\n\n<\/section>\n\n<section id=\"block_5751ae4445bc2411585906d2d7f22032\"       class=\"bl-text-image hp-bg-brand-black bl-section-element bl-text-image_right bl-text-image_image-container-overlapped bl-text-image_imagem-cont\u00eainer-sobreposto-estreito\"\n      style=\"background:var(--wp--preset--color--white)\">\n\n            <div class=\"bl-container-wide\">\n            <div class=\"bl-text-image__row\">\n                                    <div class=\"bl-text-image__container-overlapped\">\n                        <div class=\"bl-text-image__container-overlapped-image\">\n                            <img loading=\"lazy\" decoding=\"async\" width=\"768\" height=\"512\" src=\"https:\/\/bolttech.io\/wp-content\/uploads\/2024\/10\/GettyImages-1214199710-768x512.jpg\" class=\"attachment-medium_large size-medium_large\" alt=\"\" srcset=\"https:\/\/bolttech.io\/wp-content\/uploads\/2024\/10\/GettyImages-1214199710-768x512.jpg 768w, https:\/\/bolttech.io\/wp-content\/uploads\/2024\/10\/GettyImages-1214199710-300x200.jpg 300w, https:\/\/bolttech.io\/wp-content\/uploads\/2024\/10\/GettyImages-1214199710-1024x683.jpg 1024w, https:\/\/bolttech.io\/wp-content\/uploads\/2024\/10\/GettyImages-1214199710-1536x1025.jpg 1536w, https:\/\/bolttech.io\/wp-content\/uploads\/2024\/10\/GettyImages-1214199710-2048x1366.jpg 2048w\" sizes=\"auto, (max-width: 768px) 100vw, 768px\" \/>                        <\/div>\n                                                    <div class=\"bl-text-image__container-overlapped-content\">\n                                <p>Em toda a propriedade e acidentes,<\/p>\n<h2><span style=\"font-weight: 400\">45%<\/span><\/h2>\n<p>Dos que compram um seguro ficaram sem comprar o produto<\/p>\n<p>&nbsp;<\/p>\n                            <\/div>\n                                            <\/div>\n                \n                <div class=\"bl-text-image__head bl-animate-text\"><h2 class=\"bl-text-image__head-title\">Fornecer tecnologia inovadora para seguradoras<\/h2><div class=\"bl-text-image__head-description\"><p>\u00c0 medida que as margens continuam a diminuir e os custos de aquisi\u00e7\u00e3o de clientes continuam a aumentar, as seguradoras procuram cada vez mais melhorar as suas taxas de fecho e o volume m\u00e9dio de encomendas. N\u00f3s podemos ajudar. Um n\u00famero crescente de seguradoras encontrou novas fontes de receita dos investimentos de marketing existentes, diversificando sua sele\u00e7\u00e3o de produtos para aumentar a convers\u00e3o.  <\/p>\n<p>Fornecemos uma solu\u00e7\u00e3o flex\u00edvel que permite que as seguradoras ofere\u00e7am uma sele\u00e7\u00e3o mais ampla de seguros e vendam mais ap\u00f3lices, usando os recursos existentes.<\/p>\n<p>&nbsp;<\/p>\n<\/div><\/div>            <\/div>\n        <\/div>\n    \n<\/section>\n\n<section id=\"block_abb66259425a14ae13ff2c580cc456f1\"       class=\"bl-card-layouts hp-bg-brand-black bl-section-element\"\n      style=\"background:var(--wp--preset--color--light-navy)\">\n\n    <div class=\"bl-card-layouts__container\">\n        <div class=\"bl-card-layouts__head bl-animate-text\"><h2 class=\"h3\">Capacitar as seguradoras com solu\u00e7\u00f5es abrangentes<\/h2><p>Simplifique todos os aspetos do seu neg\u00f3cio de seguros com uma plataforma poderosa e tudo-em-um que suporta todas as facetas da experi\u00eancia da seguradora.<\/p>\n<\/div>            <div class=\"bl-card-layouts__row bl-fade-up-items\">\n                \n<article class=\"bl-card-with-icon\">\n    <div class=\"bl-card-with-icon__media bl-card-with-icon__media_image\"><img loading=\"lazy\" decoding=\"async\" width=\"96\" height=\"96\" src=\"https:\/\/bolttech.io\/wp-content\/uploads\/2024\/07\/cl-1.svg\" class=\"bl-card-with-icon__media-image\" alt=\"\" \/><\/div><h3 class=\"h5\">Painel abrangente<\/h3><div><p>Acesse todas as ferramentas essenciais em uma interface amig\u00e1vel, desde o gerenciamento de pol\u00edticas at\u00e9 o controle de agentes e muito mais.<\/p>\n<\/div><\/article>\n\n<article class=\"bl-card-with-icon\">\n    <div class=\"bl-card-with-icon__media bl-card-with-icon__media_image\"><img loading=\"lazy\" decoding=\"async\" width=\"24\" height=\"24\" src=\"https:\/\/bolttech.io\/wp-content\/uploads\/2024\/08\/connection-link.svg\" class=\"bl-card-with-icon__media-image\" alt=\"\" \/><\/div><h3 class=\"h5\">Recolha din\u00e2mica de dados<\/h3><div><p>Re\u00fana informa\u00e7\u00f5es do cliente de forma eficiente com uma plataforma interativa que permite uma experi\u00eancia de cliente altamente personalizada.<\/p>\n<\/div><\/article>\n\n<article class=\"bl-card-with-icon\">\n    <div class=\"bl-card-with-icon__media bl-card-with-icon__media_image\"><img loading=\"lazy\" decoding=\"async\" width=\"96\" height=\"96\" src=\"https:\/\/bolttech.io\/wp-content\/uploads\/2024\/07\/cl-3.svg\" class=\"bl-card-with-icon__media-image\" alt=\"\" \/><\/div><h3 class=\"h5\">Relat\u00f3rios avan\u00e7ados  <\/h3><div><p>Desbloqueie insights de dados para acompanhar o desempenho e identificar novas oportunidades de neg\u00f3cios, garantindo que voc\u00ea fique \u00e0 frente da concorr\u00eancia.<\/p>\n<\/div><\/article>\n            <\/div>\n            <\/div>\n\n<\/section>\n\n\n<section id=\"block_c865552e659651df98ee3150c252eebe\"       class=\"bl-hover-tabs hp-bg-brand-black bl-section-element\"\n      style=\"background:var(--wp--preset--color--white)\">\n\n    <div class=\"bl-container-wide\">\n        <div class=\"bl-hover-tabs__head bl-animate-text\"><h2 class=\"h3\">Desbloqueie novas oportunidades de mercado e crescimento  <\/h2><div class=\"bl-hover-tabs__head-description\"><p>Expanda o seu neg\u00f3cio com confian\u00e7a, apoiada por an\u00e1lises de dados avan\u00e7adas e orienta\u00e7\u00e3o especializada. Nossa plataforma fornece \u00e0s operadoras as ferramentas para navegar em mercados desafiadores, otimizar pre\u00e7os e acelerar lan\u00e7amentos de produtos. Aceda facilmente a novos canais de distribui\u00e7\u00e3o, desbloqueie fluxos de receitas adicionais e tire partido de informa\u00e7\u00f5es poderosas para se manter competitivo e expandir o seu neg\u00f3cio.  <\/p>\n<\/div><\/div>\n                    <div class=\"bl-hover-tabs__container\">\n                <div class=\"bl-hover-tabs__panel\">\n                    <div class=\"bl-hover-tabs__panel-row\">\n                                                    <button class=\"bl-hover-tabs__panel-button active\"\n                                    data-id-tab=\"block_c865552e659651df98ee3150c252eebe-1\"\n                                    aria-label=\"Acesso alargado ao mercado\">\n                                Acesso alargado ao mercado                            <\/button>\n                                                        <button class=\"bl-hover-tabs__panel-button\"\n                                    data-id-tab=\"block_c865552e659651df98ee3150c252eebe-2\"\n                                    aria-label=\"Novos fluxos de receitas\">\n                                Novos fluxos de receitas                            <\/button>\n                                                        <button class=\"bl-hover-tabs__panel-button\"\n                                    data-id-tab=\"block_c865552e659651df98ee3150c252eebe-3\"\n                                    aria-label=\"Insights de subscri\u00e7\u00e3o\">\n                                Insights de subscri\u00e7\u00e3o                            <\/button>\n                                                        <button class=\"bl-hover-tabs__panel-button\"\n                                    data-id-tab=\"block_c865552e659651df98ee3150c252eebe-4\"\n                                    aria-label=\"An\u00e1lise de distribui\u00e7\u00e3o\">\n                                An\u00e1lise de distribui\u00e7\u00e3o                            <\/button>\n                                                        <button class=\"bl-hover-tabs__panel-button\"\n                                    data-id-tab=\"block_c865552e659651df98ee3150c252eebe-5\"\n                                    aria-label=\"Insights orientados por dados\">\n                                Insights orientados por dados                            <\/button>\n                                                        <button class=\"bl-hover-tabs__panel-button\"\n                                    data-id-tab=\"block_c865552e659651df98ee3150c252eebe-6\"\n                                    aria-label=\"Aceda a novos canais de distribui\u00e7\u00e3o\">\n                                Aceda a novos canais de distribui\u00e7\u00e3o                            <\/button>\n                                                        <button class=\"bl-hover-tabs__panel-button\"\n                                    data-id-tab=\"block_c865552e659651df98ee3150c252eebe-7\"\n                                    aria-label=\"Tempo de coloca\u00e7\u00e3o no mercado mais r\u00e1pido\">\n                                Tempo de coloca\u00e7\u00e3o no mercado mais r\u00e1pido                            <\/button>\n                                                        <button class=\"bl-hover-tabs__panel-button\"\n                                    data-id-tab=\"block_c865552e659651df98ee3150c252eebe-8\"\n                                    aria-label=\"Suporte especializado  \">\n                                Suporte especializado                              <\/button>\n                                                <\/div>\n                <\/div>\n\n                                    <div class=\"bl-hover-tabs__content active\"\n                         data-id-content=\"block_c865552e659651df98ee3150c252eebe-1\" tabindex=\"-1\">\n\n                        <img loading=\"lazy\" decoding=\"async\" width=\"768\" height=\"513\" src=\"https:\/\/bolttech.io\/wp-content\/uploads\/2024\/09\/busy-stock-trading-desk-768x513.jpg\" class=\"bl-hover-tabs__img\" alt=\"\" srcset=\"https:\/\/bolttech.io\/wp-content\/uploads\/2024\/09\/busy-stock-trading-desk-768x513.jpg 768w, https:\/\/bolttech.io\/wp-content\/uploads\/2024\/09\/busy-stock-trading-desk-300x200.jpg 300w, https:\/\/bolttech.io\/wp-content\/uploads\/2024\/09\/busy-stock-trading-desk-1024x684.jpg 1024w, https:\/\/bolttech.io\/wp-content\/uploads\/2024\/09\/busy-stock-trading-desk.jpg 1200w\" sizes=\"auto, (max-width: 768px) 100vw, 768px\" \/>                        <div class=\"bl-hover-tabs__section bl-hover-tabs__section_gradient\">\n                                                            <div class=\"h5\">Desbloqueie novas oportunidades com a expans\u00e3o perfeita do produto<\/div>\n                                                            <div class=\"bl-hover-tabs__section-description\">\n                                    <p>Aceda facilmente a novas ofertas de produtos e canais de distribui\u00e7\u00e3o com liga\u00e7\u00f5es API avan\u00e7adas. Nossa plataforma simplifica processos complexos, permitindo que as seguradoras digam \u201csim\u201d a mais clientes, mantendo o controle sobre o apetite ao risco. <\/p>\n                                <\/div>\n                                                    <\/div>\n                    <\/div>\n                                        <div class=\"bl-hover-tabs__content\"\n                         data-id-content=\"block_c865552e659651df98ee3150c252eebe-2\" tabindex=\"-1\">\n\n                        <img loading=\"lazy\" decoding=\"async\" width=\"768\" height=\"462\" src=\"https:\/\/bolttech.io\/wp-content\/uploads\/2024\/09\/handshake-with-client-768x462.avif\" class=\"bl-hover-tabs__img\" alt=\"\" srcset=\"https:\/\/bolttech.io\/wp-content\/uploads\/2024\/09\/handshake-with-client-768x462.avif 768w, https:\/\/bolttech.io\/wp-content\/uploads\/2024\/09\/handshake-with-client-300x181.avif 300w, https:\/\/bolttech.io\/wp-content\/uploads\/2024\/09\/handshake-with-client-1024x616.avif 1024w, https:\/\/bolttech.io\/wp-content\/uploads\/2024\/09\/handshake-with-client.avif 1200w\" sizes=\"auto, (max-width: 768px) 100vw, 768px\" \/>                        <div class=\"bl-hover-tabs__section bl-hover-tabs__section_gradient\">\n                                                            <div class=\"h5\">Aumente os lucros expandindo as ofertas de produtos agrupados<\/div>\n                                                            <div class=\"bl-hover-tabs__section-description\">\n                                    <p>Maximize as oportunidades de crescimento agrupando produtos n\u00e3o subscritos com aqueles que voc\u00ea faz. Isso gera margens sem riscos e melhora a experi\u00eancia geral do cliente. <\/p>\n                                <\/div>\n                                                    <\/div>\n                    <\/div>\n                                        <div class=\"bl-hover-tabs__content\"\n                         data-id-content=\"block_c865552e659651df98ee3150c252eebe-3\" tabindex=\"-1\">\n\n                        <img loading=\"lazy\" decoding=\"async\" width=\"768\" height=\"512\" src=\"https:\/\/bolttech.io\/wp-content\/uploads\/2024\/09\/man-talking-stock-market-768x512.jpg\" class=\"bl-hover-tabs__img\" alt=\"\" srcset=\"https:\/\/bolttech.io\/wp-content\/uploads\/2024\/09\/man-talking-stock-market-768x512.jpg 768w, https:\/\/bolttech.io\/wp-content\/uploads\/2024\/09\/man-talking-stock-market-300x200.jpg 300w, https:\/\/bolttech.io\/wp-content\/uploads\/2024\/09\/man-talking-stock-market-1024x683.jpg 1024w, https:\/\/bolttech.io\/wp-content\/uploads\/2024\/09\/man-talking-stock-market.jpg 1280w\" sizes=\"auto, (max-width: 768px) 100vw, 768px\" \/>                        <div class=\"bl-hover-tabs__section bl-hover-tabs__section_gradient\">\n                                                            <div class=\"h5\">Aproveite os dados para tomar decis\u00f5es de subscri\u00e7\u00e3o informadas<\/div>\n                                                            <div class=\"bl-hover-tabs__section-description\">\n                                    <p>Transmita facilmente dados de fontes telem\u00e1ticas, de fugas de \u00e1gua e cibern\u00e9ticas diretamente para os principais sistemas de administra\u00e7\u00e3o. Essa integra\u00e7\u00e3o perfeita fornece \u00e0s seguradoras os insights necess\u00e1rios para melhorar a precis\u00e3o e a efici\u00eancia da subscri\u00e7\u00e3o. <\/p>\n                                <\/div>\n                                                    <\/div>\n                    <\/div>\n                                        <div class=\"bl-hover-tabs__content\"\n                         data-id-content=\"block_c865552e659651df98ee3150c252eebe-4\" tabindex=\"-1\">\n\n                        <img loading=\"lazy\" decoding=\"async\" width=\"768\" height=\"513\" src=\"https:\/\/bolttech.io\/wp-content\/uploads\/2024\/09\/analyzing-data-monitors-768x513.jpg\" class=\"bl-hover-tabs__img\" alt=\"\" srcset=\"https:\/\/bolttech.io\/wp-content\/uploads\/2024\/09\/analyzing-data-monitors-768x513.jpg 768w, https:\/\/bolttech.io\/wp-content\/uploads\/2024\/09\/analyzing-data-monitors-300x200.jpg 300w, https:\/\/bolttech.io\/wp-content\/uploads\/2024\/09\/analyzing-data-monitors-1024x684.jpg 1024w, https:\/\/bolttech.io\/wp-content\/uploads\/2024\/09\/analyzing-data-monitors.jpg 1200w\" sizes=\"auto, (max-width: 768px) 100vw, 768px\" \/>                        <div class=\"bl-hover-tabs__section bl-hover-tabs__section_gradient\">\n                                                            <div class=\"h5\">Identifique o potencial de crescimento com insights de distribui\u00e7\u00e3o acion\u00e1veis<\/div>\n                                                            <div class=\"bl-hover-tabs__section-description\">\n                                    <p>Aproveite o mapeamento de oportunidades de espa\u00e7o em branco e a intelig\u00eancia de cota\u00e7\u00e3o para vincular para identificar lacunas de mercado e aprimorar as estrat\u00e9gias de distribui\u00e7\u00e3o. Essas an\u00e1lises ajudam as operadoras a identificar novas oportunidades e otimizar seu potencial de crescimento de forma eficaz. <\/p>\n                                <\/div>\n                                                    <\/div>\n                    <\/div>\n                                        <div class=\"bl-hover-tabs__content\"\n                         data-id-content=\"block_c865552e659651df98ee3150c252eebe-5\" tabindex=\"-1\">\n\n                        <img loading=\"lazy\" decoding=\"async\" width=\"768\" height=\"512\" src=\"https:\/\/bolttech.io\/wp-content\/uploads\/2024\/08\/team-strategy-meeting-768x512.avif\" class=\"bl-hover-tabs__img\" alt=\"\" srcset=\"https:\/\/bolttech.io\/wp-content\/uploads\/2024\/08\/team-strategy-meeting-768x512.avif 768w, https:\/\/bolttech.io\/wp-content\/uploads\/2024\/08\/team-strategy-meeting-300x200.avif 300w, https:\/\/bolttech.io\/wp-content\/uploads\/2024\/08\/team-strategy-meeting-1024x683.avif 1024w, https:\/\/bolttech.io\/wp-content\/uploads\/2024\/08\/team-strategy-meeting.avif 1200w\" sizes=\"auto, (max-width: 768px) 100vw, 768px\" \/>                        <div class=\"bl-hover-tabs__section bl-hover-tabs__section_gradient\">\n                                                            <div class=\"h5\">Otimize os pre\u00e7os com insights de mercado acion\u00e1veis<\/div>\n                                                            <div class=\"bl-hover-tabs__section-description\">\n                                    <p>Aproveite an\u00e1lises poderosas para informar suas estrat\u00e9gias de pre\u00e7os. Ao compreender as condi\u00e7\u00f5es do mercado atrav\u00e9s de insights baseados em dados, as seguradoras podem prever tend\u00eancias e ajustar os pre\u00e7os de acordo, melhorando a competitividade e a rentabilidade. <\/p>\n                                <\/div>\n                                                    <\/div>\n                    <\/div>\n                                        <div class=\"bl-hover-tabs__content\"\n                         data-id-content=\"block_c865552e659651df98ee3150c252eebe-6\" tabindex=\"-1\">\n\n                        <img loading=\"lazy\" decoding=\"async\" width=\"768\" height=\"512\" src=\"https:\/\/bolttech.io\/wp-content\/uploads\/2024\/09\/data-discussion-768x512.avif\" class=\"bl-hover-tabs__img\" alt=\"\" srcset=\"https:\/\/bolttech.io\/wp-content\/uploads\/2024\/09\/data-discussion-768x512.avif 768w, https:\/\/bolttech.io\/wp-content\/uploads\/2024\/09\/data-discussion-300x200.avif 300w, https:\/\/bolttech.io\/wp-content\/uploads\/2024\/09\/data-discussion-1024x683.avif 1024w, https:\/\/bolttech.io\/wp-content\/uploads\/2024\/09\/data-discussion.avif 1200w\" sizes=\"auto, (max-width: 768px) 100vw, 768px\" \/>                        <div class=\"bl-hover-tabs__section bl-hover-tabs__section_gradient\">\n                                                            <div class=\"h5\">Expanda o seu alcance com uma integra\u00e7\u00e3o perfeita de canais.<\/div>\n                                                            <div class=\"bl-hover-tabs__section-description\">\n                                    <p>Desbloqueie o acesso a novos canais de distribui\u00e7\u00e3o com as liga\u00e7\u00f5es orientadas por API da nossa plataforma. As seguradoras podem rapidamente explorar novas bases de clientes e expandir seu alcance para maximizar as oportunidades de monetiza\u00e7\u00e3o sem demora. <\/p>\n                                <\/div>\n                                                    <\/div>\n                    <\/div>\n                                        <div class=\"bl-hover-tabs__content\"\n                         data-id-content=\"block_c865552e659651df98ee3150c252eebe-7\" tabindex=\"-1\">\n\n                        <img loading=\"lazy\" decoding=\"async\" width=\"768\" height=\"513\" src=\"https:\/\/bolttech.io\/wp-content\/uploads\/2024\/09\/busy-stock-trading-desk-768x513.jpg\" class=\"bl-hover-tabs__img\" alt=\"\" srcset=\"https:\/\/bolttech.io\/wp-content\/uploads\/2024\/09\/busy-stock-trading-desk-768x513.jpg 768w, https:\/\/bolttech.io\/wp-content\/uploads\/2024\/09\/busy-stock-trading-desk-300x200.jpg 300w, https:\/\/bolttech.io\/wp-content\/uploads\/2024\/09\/busy-stock-trading-desk-1024x684.jpg 1024w, https:\/\/bolttech.io\/wp-content\/uploads\/2024\/09\/busy-stock-trading-desk.jpg 1200w\" sizes=\"auto, (max-width: 768px) 100vw, 768px\" \/>                        <div class=\"bl-hover-tabs__section bl-hover-tabs__section_gradient\">\n                                                            <div class=\"h5\">Trazer solu\u00e7\u00f5es inovadoras de seguros para o mercado rapidamente<\/div>\n                                                            <div class=\"bl-hover-tabs__section-description\">\n                                    <p>A velocidade \u00e9 fundamental no mercado de seguros acelerado de hoje. Nossa plataforma acelera o lan\u00e7amento de novos produtos de seguros, permitindo que as seguradoras expandam rapidamente os canais de distribui\u00e7\u00e3o e atendam \u00e0 demanda dos clientes. <\/p>\n                                <\/div>\n                                                    <\/div>\n                    <\/div>\n                                        <div class=\"bl-hover-tabs__content\"\n                         data-id-content=\"block_c865552e659651df98ee3150c252eebe-8\" tabindex=\"-1\">\n\n                                                <div class=\"bl-hover-tabs__section bl-hover-tabs__section_gradient\">\n                                                            <div class=\"h5\">Experi\u00eancia em seguros e tecnologia para gui\u00e1-lo<\/div>\n                                                            <div class=\"bl-hover-tabs__section-description\">\n                                    <p>Em mercados desafiadores, decis\u00f5es informadas s\u00e3o fundamentais. As nossas transportadoras parceiras confiam em n\u00f3s para a experi\u00eancia em seguros e tecnologia para o apoio de que necessitam para lidar com quest\u00f5es complexas e incertezas de mercado. <\/p>\n                                <\/div>\n                                                    <\/div>\n                    <\/div>\n                                <\/div>\n        \n    <\/div>\n\n<\/section>\n","protected":false},"excerpt":{"rendered":"","protected":false},"author":3,"featured_media":0,"parent":39689,"menu_order":0,"comment_status":"closed","ping_status":"closed","template":"","meta":{"_acf_changed":false,"footnotes":""},"class_list":["post-39702","page","type-page","status-publish","hentry"],"acf":[],"_links":{"self":[{"href":"https:\/\/bolttech.io\/pt-pt\/wp-json\/wp\/v2\/pages\/39702","targetHints":{"allow":["GET"]}}],"collection":[{"href":"https:\/\/bolttech.io\/pt-pt\/wp-json\/wp\/v2\/pages"}],"about":[{"href":"https:\/\/bolttech.io\/pt-pt\/wp-json\/wp\/v2\/types\/page"}],"author":[{"embeddable":true,"href":"https:\/\/bolttech.io\/pt-pt\/wp-json\/wp\/v2\/users\/3"}],"replies":[{"embeddable":true,"href":"https:\/\/bolttech.io\/pt-pt\/wp-json\/wp\/v2\/comments?post=39702"}],"version-history":[{"count":0,"href":"https:\/\/bolttech.io\/pt-pt\/wp-json\/wp\/v2\/pages\/39702\/revisions"}],"up":[{"embeddable":true,"href":"https:\/\/bolttech.io\/pt-pt\/wp-json\/wp\/v2\/pages\/39689"}],"wp:attachment":[{"href":"https:\/\/bolttech.io\/pt-pt\/wp-json\/wp\/v2\/media?parent=39702"}],"curies":[{"name":"wp","href":"https:\/\/api.w.org\/{rel}","templated":true}]}}