{"id":39700,"date":"2025-06-12T15:36:34","date_gmt":"2025-06-12T07:36:34","guid":{"rendered":"https:\/\/bolttech.io\/casos-de-uso\/agencias-de-seguros\/parafuso-essencial\/"},"modified":"2025-06-12T15:36:35","modified_gmt":"2025-06-12T07:36:35","slug":"parafuso-essencial","status":"publish","type":"page","link":"https:\/\/bolttech.io\/pt-pt\/casos-de-uso\/agencias-de-seguros\/parafuso-essencial\/","title":{"rendered":"Parafuso Essencial"},"content":{"rendered":"\n<section id=\"block_3040cb92961dc7d398cc6c09ac6a8079\"       class=\"bl-first-element bl-bg-image-hero hp-bg-brand-black bl-section-element bl-bg-image-hero_overlay\">\n\n            <picture class=\"bl-bg-image-hero__bg\">\n            <source srcset=\"https:\/\/bolttech.io\/wp-content\/uploads\/2024\/08\/888aeb619f6b751643738baaf5dbd9cf.png\" media=\"(min-width: 1025px)\">\n            <img decoding=\"async\" src=\"https:\/\/bolttech.io\/wp-content\/uploads\/2024\/08\/888aeb619f6b751643738baaf5dbd9cf-834x566.png\"\n                 alt=\"Expanda sua ag\u00eancia com acesso instant\u00e2neo ao mercado para operadoras l\u00edderes do setor\">\n        <\/picture>\n    \n    \n    <div class=\"bl-bg-image-hero__container\">\n        <div class=\"bl-container-wide\">\n            <div class=\"bl-bg-image-hero__head bl-animate-text\"><h1 class=\"bl-eyebrow\">parafuso Essencial<\/h1><h2 class=\"h1\">Expanda sua ag\u00eancia com acesso instant\u00e2neo ao mercado para operadoras l\u00edderes do setor<\/h2><div class=\"bl-bg-image-hero__head-description\"><p>bolt Essential \u00e9 uma plataforma de distribui\u00e7\u00e3o de seguros desenhada por agentes para agentes. Oferecemos acesso instant\u00e2neo \u00e0s principais operadoras e produtos, al\u00e9m de ferramentas para expandir sua ag\u00eancia de forma eficiente. Junte-se \u00e0s principais ag\u00eancias do pa\u00eds que confiam no parafuso.  <\/p>\n<\/div><a class=\"bl-btn bl-btn_primary-dark\" href=\"https:\/\/signup.boltinsurance.com\/welcome\" aria-label=\"Inscreva-se agora\" target=\"_blank\" rel=\"noopener\"><span>Inscreva-se agora<\/span><\/a><\/div>        <\/div>\n\n            <\/div>\n\n<\/section>\n<!-- Hidden input -->\n\n    <input type=\"hidden\" id=\"geo-country\" value=\"[geot_country_name default=&quot;&quot;]\" data-country=\"[geot_country_name default=&quot;&quot;]\" >\n    <!-- <input type=\"hidden\" id=\"geo-country\" value=\"Hong Kong\"> -->\n\n<section id=\"block_53c33c193df1cdaca56479920b0a51fe\"       class=\"bl-secondary-hero hp-bg-brand-black bl-section-element bl-secondary-hero_form-hero\"\n      style=\"background:var(--wp--preset--gradient--cyan-white-gradient)\">\n\n    <div class=\"bl-secondary-hero__container\">\n        <div class=\"bl-secondary-hero__head bl-animate-text\"><h2 class=\"h1\">Comece a vender com as maiores seguradoras hoje mesmo<\/h2><div class=\"bl-secondary-hero__head-description bl-secondary-hero__head-description_pequeno\"><p>A bolt Essential fornece acesso imediato \u00e0s transportadoras nacionais preferidas, bem como a uma variedade de mercados.<\/p>\n<\/div><\/div>\n\n                    <div class=\"bl-secondary-hero__form bl-animate-text\">\n                                    <div class=\"h5\">\n                        Descubra os nossos planos                    <\/div>\n                                    <div class=\"bl-secondary-hero__form-description\">\n                        <p>Nossa equipe est\u00e1 pronta para ajud\u00e1-lo a come\u00e7ar a escrever mais neg\u00f3cios. Preencha o formul\u00e1rio abaixo para falar com um representante.   <\/p>\n                    <\/div>\n                \n                                    <div id=\"sh_block_53c33c193df1cdaca56479920b0a51fe\"\n                         data-region=\"na1\"\n                         data-portal-id=\"711460\"\n                         data-form-id=\"5ecf9155-6bb3-4f8b-a0a4-a75715dfc9a8\"><\/div>\n                            <\/div>\n            <\/div>\n\n    \n    \n<\/section>\n\n\n\n<section id=\"block_d92e849745bf11ca5b5c390bbe6fac24\"       class=\"bl-callouts hp-bg-brand-black bl-section-element bl-callouts_white-text bl-callouts_callout-with-stats\">\n\n    \n            <div class=\"bl-callouts__with-stats\"\n             style=\"background:var(--wp--preset--gradient--blue-gradient)\">\n            <div class=\"bl-callouts__with-stats-container\">\n                <div class=\"bl-callouts__with-stats-head bl-animate-text bl-callouts__with-stats-head_center-tablet\"><h2 class=\"h2\">parafuso Essencial num relance<\/h2><\/div>\n                                    <div class=\"bl-callouts__with-stats-count\">\n                                                    <div class=\"bl-callouts__with-stats-item\">\n                                <div class=\"h4\">\n                                    ~100                                <\/div>\n                                                                    <div class=\"bl-callouts__with-stats-item-description\">\n                                        Transportadoras parceiras                                    <\/div>\n                                                            <\/div>\n                                                    <div class=\"bl-callouts__with-stats-item\">\n                                <div class=\"h4\">\n                                    ~200                                <\/div>\n                                                                    <div class=\"bl-callouts__with-stats-item-description\">\n                                        produtos em todas as linhas de neg\u00f3cio da P&amp;C                                    <\/div>\n                                                            <\/div>\n                                                    <div class=\"bl-callouts__with-stats-item\">\n                                <div class=\"h4\">\n                                    50                                <\/div>\n                                                                    <div class=\"bl-callouts__with-stats-item-description\">\n                                        Estados com cobertura dispon\u00edvel                                    <\/div>\n                                                            <\/div>\n                                                    <div class=\"bl-callouts__with-stats-item\">\n                                <div class=\"h4\">\n                                    4,000+                                <\/div>\n                                                                    <div class=\"bl-callouts__with-stats-item-description\">\n                                        Agentes que j\u00e1 utilizam a nossa plataforma                                    <\/div>\n                                                            <\/div>\n                                            <\/div>\n                \n                            <\/div>\n        <\/div>\n    \n    \n    \n<\/section>\n\n\n\n<section id=\"block_d400cbe3bb9d1b181e2b65bf5654f50e\"       class=\"bl-hover-tabs hp-bg-brand-black bl-section-element\"\n      style=\"background:var(--wp--preset--color--white)\">\n\n    <div class=\"bl-container-wide\">\n        <div class=\"bl-hover-tabs__head bl-animate-text\"><h2 class=\"bl-eyebrow\">Benef\u00edcios<\/h2><h3 class=\"h3\">Porqu\u00ea parafuso Essential?<\/h3><div class=\"bl-hover-tabs__head-description\"><p>Integre programas completos no dia a dia do seu cliente que oferecem o melhor em prote\u00e7\u00e3o, seguro e manuten\u00e7\u00e3o em todas as verticais de produtos.<\/p>\n<\/div><\/div>\n                    <div class=\"bl-hover-tabs__container\">\n                <div class=\"bl-hover-tabs__panel\">\n                    <div class=\"bl-hover-tabs__panel-row\">\n                                                    <button class=\"bl-hover-tabs__panel-button active\"\n                                    data-id-tab=\"block_d400cbe3bb9d1b181e2b65bf5654f50e-1\"\n                                    aria-label=\"Escolha\">\n                                Escolha                            <\/button>\n                                                        <button class=\"bl-hover-tabs__panel-button\"\n                                    data-id-tab=\"block_d400cbe3bb9d1b181e2b65bf5654f50e-2\"\n                                    aria-label=\"Velocidade\">\n                                Velocidade                            <\/button>\n                                                        <button class=\"bl-hover-tabs__panel-button\"\n                                    data-id-tab=\"block_d400cbe3bb9d1b181e2b65bf5654f50e-3\"\n                                    aria-label=\"Conveni\u00eancia\">\n                                Conveni\u00eancia                            <\/button>\n                                                <\/div>\n                <\/div>\n\n                                    <div class=\"bl-hover-tabs__content active\"\n                         data-id-content=\"block_d400cbe3bb9d1b181e2b65bf5654f50e-1\" tabindex=\"-1\">\n\n                        <img loading=\"lazy\" decoding=\"async\" width=\"680\" height=\"736\" src=\"https:\/\/bolttech.io\/wp-content\/uploads\/2024\/08\/4377ded7e6c751a5f97e3012f313d140.png\" class=\"bl-hover-tabs__img\" alt=\"\" srcset=\"https:\/\/bolttech.io\/wp-content\/uploads\/2024\/08\/4377ded7e6c751a5f97e3012f313d140.png 680w, https:\/\/bolttech.io\/wp-content\/uploads\/2024\/08\/4377ded7e6c751a5f97e3012f313d140-277x300.png 277w\" sizes=\"auto, (max-width: 680px) 100vw, 680px\" \/>                        <div class=\"bl-hover-tabs__section bl-hover-tabs__section_gradient\">\n                                                            <div class=\"h5\">Acesso a mais transportadoras<\/div>\n                                                            <div class=\"bl-hover-tabs__section-description\">\n                                    <p>Extenso painel de transportadoras e produtos de linhas pessoais e comerciais em uma plataforma habilitada para tecnologia para escrever mais neg\u00f3cios, melhorar a reten\u00e7\u00e3o e aumentar a lucratividade.<\/p>\n                                <\/div>\n                                                    <\/div>\n                    <\/div>\n                                        <div class=\"bl-hover-tabs__content\"\n                         data-id-content=\"block_d400cbe3bb9d1b181e2b65bf5654f50e-2\" tabindex=\"-1\">\n\n                        <img loading=\"lazy\" decoding=\"async\" width=\"768\" height=\"512\" src=\"https:\/\/bolttech.io\/wp-content\/uploads\/2024\/07\/212dcb9cab4ebee6a6240815d61c7094-768x512.png\" class=\"bl-hover-tabs__img\" alt=\"\" srcset=\"https:\/\/bolttech.io\/wp-content\/uploads\/2024\/07\/212dcb9cab4ebee6a6240815d61c7094-768x512.png 768w, https:\/\/bolttech.io\/wp-content\/uploads\/2024\/07\/212dcb9cab4ebee6a6240815d61c7094-300x200.png 300w, https:\/\/bolttech.io\/wp-content\/uploads\/2024\/07\/212dcb9cab4ebee6a6240815d61c7094.png 800w\" sizes=\"auto, (max-width: 768px) 100vw, 768px\" \/>                        <div class=\"bl-hover-tabs__section bl-hover-tabs__section_gradient\">\n                                                            <div class=\"h5\">Emita cota\u00e7\u00f5es mais rapidamente<\/div>\n                                                            <div class=\"bl-hover-tabs__section-description\">\n                                    <p>Uma \u00fanica entrevista din\u00e2mica que gera v\u00e1rias cota\u00e7\u00f5es em tempo real com recursos de vincula\u00e7\u00e3o instant\u00e2nea para ajud\u00e1-lo a escrever neg\u00f3cios mais rapidamente. Al\u00e9m disso, os tempos de resposta de atendimento mais r\u00e1pidos do setor contam com uma equipe dedicada de especialistas em coloca\u00e7\u00e3o. <\/p>\n                                <\/div>\n                                                    <\/div>\n                    <\/div>\n                                        <div class=\"bl-hover-tabs__content\"\n                         data-id-content=\"block_d400cbe3bb9d1b181e2b65bf5654f50e-3\" tabindex=\"-1\">\n\n                        <img loading=\"lazy\" decoding=\"async\" width=\"768\" height=\"539\" src=\"https:\/\/bolttech.io\/wp-content\/uploads\/2024\/08\/888aeb619f6b751643738baaf5dbd9cf-768x539.png\" class=\"bl-hover-tabs__img\" alt=\"\" srcset=\"https:\/\/bolttech.io\/wp-content\/uploads\/2024\/08\/888aeb619f6b751643738baaf5dbd9cf-768x539.png 768w, https:\/\/bolttech.io\/wp-content\/uploads\/2024\/08\/888aeb619f6b751643738baaf5dbd9cf-300x211.png 300w, https:\/\/bolttech.io\/wp-content\/uploads\/2024\/08\/888aeb619f6b751643738baaf5dbd9cf-1024x719.png 1024w, https:\/\/bolttech.io\/wp-content\/uploads\/2024\/08\/888aeb619f6b751643738baaf5dbd9cf-1536x1079.png 1536w, https:\/\/bolttech.io\/wp-content\/uploads\/2024\/08\/888aeb619f6b751643738baaf5dbd9cf.png 1538w\" sizes=\"auto, (max-width: 768px) 100vw, 768px\" \/>                        <div class=\"bl-hover-tabs__section bl-hover-tabs__section_gradient\">\n                                                            <div class=\"h5\">Emita or\u00e7amentos facilmente<\/div>\n                                                            <div class=\"bl-hover-tabs__section-description\">\n                                    <p>Ferramentas e servi\u00e7os simples e intuitivos em uma \u00fanica plataforma que integra facilmente seus compromissos existentes e aplicativos de ag\u00eancias de terceiros.<\/p>\n                                <\/div>\n                                                    <\/div>\n                    <\/div>\n                                <\/div>\n        \n    <\/div>\n\n<\/section>\n\n<section id=\"block_e2ee10d4ec8ab32fc4dd4d772595fb55\"       class=\"bl-last-element bl-card-layouts hp-bg-brand-black bl-section-element\"\n      style=\"background:var(--wp--preset--color--white)\">\n\n    <div class=\"bl-card-layouts__container\">\n        <div class=\"bl-card-layouts__head bl-animate-text\"><h3 class=\"bl-eyebrow\">Carater\u00edsticas<\/h3><h2 class=\"h3\">O que nos diferencia?<\/h2><\/div>            <div class=\"bl-card-layouts__row bl-fade-up-items\">\n                \n<article class=\"bl-card-with-icon bl-card-with-icon_dark\">\n    <h3 class=\"h5\">Acesso alargado ao mercado<\/h3><div><p>Compare v\u00e1rias cota\u00e7\u00f5es em tempo real de seus compromissos de acesso direto e parafuso lado a lado em uma \u00fanica visualiza\u00e7\u00e3o.<\/p>\n<\/div><\/article>\n\n<article class=\"bl-card-with-icon bl-card-with-icon_dark\">\n    <h3 class=\"h5\">Entrevista din\u00e2mica<\/h3><div><p>Entregue or\u00e7amentos mais r\u00e1pidos com uma \u00fanica entrevista que simplifica o processo de subscri\u00e7\u00e3o com base nas respostas dos clientes.<\/p>\n<\/div><\/article>\n\n<article class=\"bl-card-with-icon bl-card-with-icon_dark\">\n    <h3 class=\"h5\">Servi\u00e7os de pr\u00e9-enchimento<\/h3><div><p>Economize tempo com campos de entrevista pr\u00e9-preenchidos a partir de servi\u00e7os de dados pr\u00e9-preenchidos especializados automatizados.<\/p>\n<\/div><\/article>\n\n<article class=\"bl-card-with-icon bl-card-with-icon_dark\">\n    <h3 class=\"h5\">Liga\u00e7\u00e3o instant\u00e2nea<\/h3><div><p>Aproveite os recursos de cota\u00e7\u00e3o f\u00e1cil e vincula\u00e7\u00e3o instant\u00e2nea.<\/p>\n<\/div><\/article>\n\n<article class=\"bl-card-with-icon bl-card-with-icon_dark\">\n    <h3 class=\"h5\">Localizador de mercado<\/h3><div><p>Navegue pelas transportadoras e produtos dispon\u00edveis por estado sem esfor\u00e7o.<\/p>\n<\/div><\/article>\n\n<article class=\"bl-card-with-icon bl-card-with-icon_dark\">\n    <h3 class=\"h5\">Suporte ao vivo<\/h3><div><p>Aceda a uma equipa de especialistas em coloca\u00e7\u00e3o e servi\u00e7o para encontrar a cobertura certa.<\/p>\n<\/div><\/article>\n\n<article class=\"bl-card-with-icon bl-card-with-icon_dark\">\n    <h3 class=\"h5\">Integra\u00e7\u00f5es<\/h3><div><p>Sincronize o software e as aplica\u00e7\u00f5es existentes da sua ag\u00eancia sem problemas com a nossa plataforma digital.<\/p>\n<\/div><\/article>\n\n<article class=\"bl-card-with-icon bl-card-with-icon_dark\">\n    <h3 class=\"h5\">Painel da ag\u00eancia<\/h3><div><p>Acompanhe e organize leads por fonte e gerencie todos os documentos da sua ag\u00eancia em um \u00fanico local organizado.<\/p>\n<\/div><\/article>\n            <\/div>\n            <\/div>\n\n<\/section>\n\n","protected":false},"excerpt":{"rendered":"","protected":false},"author":2,"featured_media":0,"parent":39698,"menu_order":0,"comment_status":"closed","ping_status":"closed","template":"","meta":{"_acf_changed":false,"footnotes":""},"class_list":["post-39700","page","type-page","status-publish","hentry"],"acf":[],"_links":{"self":[{"href":"https:\/\/bolttech.io\/pt-pt\/wp-json\/wp\/v2\/pages\/39700","targetHints":{"allow":["GET"]}}],"collection":[{"href":"https:\/\/bolttech.io\/pt-pt\/wp-json\/wp\/v2\/pages"}],"about":[{"href":"https:\/\/bolttech.io\/pt-pt\/wp-json\/wp\/v2\/types\/page"}],"author":[{"embeddable":true,"href":"https:\/\/bolttech.io\/pt-pt\/wp-json\/wp\/v2\/users\/2"}],"replies":[{"embeddable":true,"href":"https:\/\/bolttech.io\/pt-pt\/wp-json\/wp\/v2\/comments?post=39700"}],"version-history":[{"count":0,"href":"https:\/\/bolttech.io\/pt-pt\/wp-json\/wp\/v2\/pages\/39700\/revisions"}],"up":[{"embeddable":true,"href":"https:\/\/bolttech.io\/pt-pt\/wp-json\/wp\/v2\/pages\/39698"}],"wp:attachment":[{"href":"https:\/\/bolttech.io\/pt-pt\/wp-json\/wp\/v2\/media?parent=39700"}],"curies":[{"name":"wp","href":"https:\/\/api.w.org\/{rel}","templated":true}]}}