{"id":39698,"date":"2025-06-12T15:35:58","date_gmt":"2025-06-12T07:35:58","guid":{"rendered":"https:\/\/bolttech.io\/casos-de-uso\/agencias-de-seguros\/"},"modified":"2025-09-01T21:56:57","modified_gmt":"2025-09-01T13:56:57","slug":"agencias-de-seguros","status":"publish","type":"page","link":"https:\/\/bolttech.io\/pt-pt\/casos-de-uso\/agencias-de-seguros\/","title":{"rendered":"Ag\u00eancias de Seguros"},"content":{"rendered":"\n<section id=\"block_a47d0f549e1e0cb8f508075de7cbd2e7\"       class=\"bl-first-element bl-bg-image-hero hp-bg-brand-black bl-section-element\">\n\n            <picture class=\"bl-bg-image-hero__bg\">\n            <source srcset=\"https:\/\/bolttech.io\/wp-content\/uploads\/2024\/10\/Get-a-demo_GettyImages-2103894533-1920x1080.jpg\" media=\"(min-width: 1025px)\">\n            <img decoding=\"async\" src=\"https:\/\/bolttech.io\/wp-content\/uploads\/2024\/10\/Get-a-demo_GettyImages-2103894533-834x566.jpg\"\n                 alt=\"Capacite a sua ag\u00eancia com solu\u00e7\u00f5es de seguros abrangentes\">\n        <\/picture>\n    \n    \n    <div class=\"bl-bg-image-hero__container\">\n        <div class=\"bl-container-wide\">\n            <div class=\"bl-bg-image-hero__head bl-animate-text\"><h1 class=\"bl-eyebrow\">Melhor software de seguros para agentes<\/h1><h2 class=\"h1\">Capacite a sua ag\u00eancia com solu\u00e7\u00f5es de seguros abrangentes<\/h2><div class=\"bl-bg-image-hero__head-description\"><p>Descubra como nossa plataforma inovadora ajuda ag\u00eancias de todos os tamanhos a expandir suas ofertas de produtos, simplificar as opera\u00e7\u00f5es e impulsionar o crescimento com facilidade. Aceda a uma vasta gama de transportadoras e produtos para satisfazer as necessidades em evolu\u00e7\u00e3o dos seus clientes e melhorar a efici\u00eancia da sua ag\u00eancia. <\/p>\n<\/div><a class=\"bl-btn bl-btn_primary-dark\" href=\"https:\/\/bolttech.io\/pt-pt\/comecar\/\" aria-label=\"Come\u00e7ar\"><span>Come\u00e7ar<\/span><\/a><\/div>        <\/div>\n\n                        <div class=\"bl-bg-image-hero__carousel bl-animate-text\">\n                                            <div class=\"bl-bg-image-hero__carousel-title bl-container-wide bl-bg-image-hero__carousel-title_left\">\n                            Trabalhamos com as maiores transportadoras do mundo                        <\/div>\n                    \n                                        <div class=\"swiper bl-bg-image-hero__carousel-hidden\"\n                         data-width-wrap=\"2439\">\n                        <div class=\"swiper-wrapper\"\n                             data-items='[\n    {\n        \"width\": 108,\n        \"height\": 22,\n        \"src\": \"https:\\\/\\\/bolttech.io\\\/wp-content\\\/uploads\\\/2024\\\/07\\\/travelers.svg\",\n        \"class\": \"swiper-slide-monochrome\"\n    },\n    {\n        \"width\": 127,\n        \"height\": 118,\n        \"src\": \"https:\\\/\\\/bolttech.io\\\/wp-content\\\/uploads\\\/2024\\\/10\\\/USAA-logo-1.png\",\n        \"class\": \"swiper-slide-monochrome\"\n    },\n    {\n        \"width\": 172,\n        \"height\": 108,\n        \"src\": \"https:\\\/\\\/bolttech.io\\\/wp-content\\\/uploads\\\/2024\\\/10\\\/Tokio-Marine-logo-1.png\",\n        \"class\": \"swiper-slide-monochrome\"\n    },\n    {\n        \"width\": 172,\n        \"height\": 53,\n        \"src\": \"https:\\\/\\\/bolttech.io\\\/wp-content\\\/uploads\\\/2024\\\/10\\\/Samsung-logo.png\",\n        \"class\": \"swiper-slide-monochrome\"\n    },\n    {\n        \"width\": 172,\n        \"height\": 53,\n        \"src\": \"https:\\\/\\\/bolttech.io\\\/wp-content\\\/uploads\\\/2024\\\/10\\\/salt-logo-1.png\",\n        \"class\": \"swiper-slide-monochrome\"\n    },\n    {\n        \"width\": 256,\n        \"height\": 213,\n        \"src\": \"https:\\\/\\\/bolttech.io\\\/wp-content\\\/uploads\\\/2024\\\/10\\\/Orange-logo-1.png\",\n        \"class\": \"swiper-slide-monochrome\"\n    },\n    {\n        \"width\": 268,\n        \"height\": 84,\n        \"src\": \"https:\\\/\\\/bolttech.io\\\/wp-content\\\/uploads\\\/2024\\\/10\\\/Liberty-Insurance-logo-1.png\",\n        \"class\": \"swiper-slide-monochrome\"\n    },\n    {\n        \"width\": 268,\n        \"height\": 84,\n        \"src\": \"https:\\\/\\\/bolttech.io\\\/wp-content\\\/uploads\\\/2024\\\/10\\\/LGU-logo-1.png\",\n        \"class\": \"swiper-slide-monochrome\"\n    },\n    {\n        \"width\": 184,\n        \"height\": 84,\n        \"src\": \"https:\\\/\\\/bolttech.io\\\/wp-content\\\/uploads\\\/2024\\\/10\\\/KW-logo-1.png\",\n        \"class\": \"swiper-slide-monochrome\"\n    },\n    {\n        \"width\": 184,\n        \"height\": 84,\n        \"src\": \"https:\\\/\\\/bolttech.io\\\/wp-content\\\/uploads\\\/2024\\\/10\\\/Home-Credit-logo-1.png\",\n        \"class\": \"swiper-slide-monochrome\"\n    },\n    {\n        \"width\": 174,\n        \"height\": 84,\n        \"src\": \"https:\\\/\\\/bolttech.io\\\/wp-content\\\/uploads\\\/2024\\\/10\\\/HKT.png\",\n        \"class\": \"swiper-slide-monochrome\"\n    },\n    {\n        \"width\": 174,\n        \"height\": 84,\n        \"src\": \"https:\\\/\\\/bolttech.io\\\/wp-content\\\/uploads\\\/2024\\\/10\\\/FWD-logo-1.png\",\n        \"class\": \"swiper-slide-monochrome\"\n    },\n    {\n        \"width\": 168,\n        \"height\": 84,\n        \"src\": \"https:\\\/\\\/bolttech.io\\\/wp-content\\\/uploads\\\/2024\\\/10\\\/erajaya-logo-1.png\",\n        \"class\": \"swiper-slide-monochrome\"\n    },\n    {\n        \"width\": 324,\n        \"height\": 84,\n        \"src\": \"https:\\\/\\\/bolttech.io\\\/wp-content\\\/uploads\\\/2024\\\/10\\\/backmarket-logo-1.png\",\n        \"class\": \"swiper-slide-monochrome\"\n    },\n    {\n        \"width\": 214,\n        \"height\": 84,\n        \"src\": \"https:\\\/\\\/bolttech.io\\\/wp-content\\\/uploads\\\/2024\\\/10\\\/AIS-logo-1.png\",\n        \"class\": \"swiper-slide-monochrome\"\n    },\n    {\n        \"width\": 324,\n        \"height\": 84,\n        \"src\": \"https:\\\/\\\/bolttech.io\\\/wp-content\\\/uploads\\\/2024\\\/10\\\/allianz-logo-1.png\",\n        \"class\": \"swiper-slide-monochrome\"\n    },\n    {\n        \"width\": 214,\n        \"height\": 84,\n        \"src\": \"https:\\\/\\\/bolttech.io\\\/wp-content\\\/uploads\\\/2024\\\/10\\\/AEON-logo-1.png\",\n        \"class\": \"swiper-slide-monochrome\"\n    }\n]'>\n                                                            <div class=\"swiper-slide\">\n                                    <img loading=\"lazy\" decoding=\"async\" width=\"108\" height=\"22\" src=\"https:\/\/bolttech.io\/wp-content\/uploads\/2024\/07\/travelers.svg\" class=\"swiper-slide-monochrome\" alt=\"\" \/>                                <\/div>\n                                                            <div class=\"swiper-slide\">\n                                    <img loading=\"lazy\" decoding=\"async\" width=\"127\" height=\"118\" src=\"https:\/\/bolttech.io\/wp-content\/uploads\/2024\/10\/USAA-logo-1.png\" class=\"swiper-slide-monochrome\" alt=\"\" \/>                                <\/div>\n                                                            <div class=\"swiper-slide\">\n                                    <img loading=\"lazy\" decoding=\"async\" width=\"172\" height=\"108\" src=\"https:\/\/bolttech.io\/wp-content\/uploads\/2024\/10\/Tokio-Marine-logo-1.png\" class=\"swiper-slide-monochrome\" alt=\"\" \/>                                <\/div>\n                                                            <div class=\"swiper-slide\">\n                                    <img loading=\"lazy\" decoding=\"async\" width=\"172\" height=\"53\" src=\"https:\/\/bolttech.io\/wp-content\/uploads\/2024\/10\/Samsung-logo.png\" class=\"swiper-slide-monochrome\" alt=\"\" \/>                                <\/div>\n                                                            <div class=\"swiper-slide\">\n                                    <img loading=\"lazy\" decoding=\"async\" width=\"172\" height=\"53\" src=\"https:\/\/bolttech.io\/wp-content\/uploads\/2024\/10\/salt-logo-1.png\" class=\"swiper-slide-monochrome\" alt=\"\" \/>                                <\/div>\n                                                            <div class=\"swiper-slide\">\n                                    <img loading=\"lazy\" decoding=\"async\" width=\"256\" height=\"213\" src=\"https:\/\/bolttech.io\/wp-content\/uploads\/2024\/10\/Orange-logo-1.png\" class=\"swiper-slide-monochrome\" alt=\"\" \/>                                <\/div>\n                                                            <div class=\"swiper-slide\">\n                                    <img loading=\"lazy\" decoding=\"async\" width=\"268\" height=\"84\" src=\"https:\/\/bolttech.io\/wp-content\/uploads\/2024\/10\/Liberty-Insurance-logo-1.png\" class=\"swiper-slide-monochrome\" alt=\"\" \/>                                <\/div>\n                                                            <div class=\"swiper-slide\">\n                                    <img loading=\"lazy\" decoding=\"async\" width=\"268\" height=\"84\" src=\"https:\/\/bolttech.io\/wp-content\/uploads\/2024\/10\/LGU-logo-1.png\" class=\"swiper-slide-monochrome\" alt=\"\" \/>                                <\/div>\n                                                            <div class=\"swiper-slide\">\n                                    <img loading=\"lazy\" decoding=\"async\" width=\"184\" height=\"84\" src=\"https:\/\/bolttech.io\/wp-content\/uploads\/2024\/10\/KW-logo-1.png\" class=\"swiper-slide-monochrome\" alt=\"\" \/>                                <\/div>\n                                                            <div class=\"swiper-slide\">\n                                    <img loading=\"lazy\" decoding=\"async\" width=\"184\" height=\"84\" src=\"https:\/\/bolttech.io\/wp-content\/uploads\/2024\/10\/Home-Credit-logo-1.png\" class=\"swiper-slide-monochrome\" alt=\"\" \/>                                <\/div>\n                                                            <div class=\"swiper-slide\">\n                                    <img loading=\"lazy\" decoding=\"async\" width=\"174\" height=\"84\" src=\"https:\/\/bolttech.io\/wp-content\/uploads\/2024\/10\/HKT.png\" class=\"swiper-slide-monochrome\" alt=\"\" \/>                                <\/div>\n                                                            <div class=\"swiper-slide\">\n                                    <img loading=\"lazy\" decoding=\"async\" width=\"174\" height=\"84\" src=\"https:\/\/bolttech.io\/wp-content\/uploads\/2024\/10\/FWD-logo-1.png\" class=\"swiper-slide-monochrome\" alt=\"\" \/>                                <\/div>\n                                                            <div class=\"swiper-slide\">\n                                    <img loading=\"lazy\" decoding=\"async\" width=\"168\" height=\"84\" src=\"https:\/\/bolttech.io\/wp-content\/uploads\/2024\/10\/erajaya-logo-1.png\" class=\"swiper-slide-monochrome\" alt=\"\" \/>                                <\/div>\n                                                            <div class=\"swiper-slide\">\n                                    <img loading=\"lazy\" decoding=\"async\" width=\"324\" height=\"84\" src=\"https:\/\/bolttech.io\/wp-content\/uploads\/2024\/10\/backmarket-logo-1.png\" class=\"swiper-slide-monochrome\" alt=\"\" srcset=\"https:\/\/bolttech.io\/wp-content\/uploads\/2024\/10\/backmarket-logo-1.png 324w, https:\/\/bolttech.io\/wp-content\/uploads\/2024\/10\/backmarket-logo-1-300x78.png 300w\" sizes=\"auto, (max-width: 324px) 100vw, 324px\" \/>                                <\/div>\n                                                            <div class=\"swiper-slide\">\n                                    <img loading=\"lazy\" decoding=\"async\" width=\"214\" height=\"84\" src=\"https:\/\/bolttech.io\/wp-content\/uploads\/2024\/10\/AIS-logo-1.png\" class=\"swiper-slide-monochrome\" alt=\"\" \/>                                <\/div>\n                                                            <div class=\"swiper-slide\">\n                                    <img loading=\"lazy\" decoding=\"async\" width=\"324\" height=\"84\" src=\"https:\/\/bolttech.io\/wp-content\/uploads\/2024\/10\/allianz-logo-1.png\" class=\"swiper-slide-monochrome\" alt=\"\" srcset=\"https:\/\/bolttech.io\/wp-content\/uploads\/2024\/10\/allianz-logo-1.png 324w, https:\/\/bolttech.io\/wp-content\/uploads\/2024\/10\/allianz-logo-1-300x78.png 300w\" sizes=\"auto, (max-width: 324px) 100vw, 324px\" \/>                                <\/div>\n                                                            <div class=\"swiper-slide\">\n                                    <img loading=\"lazy\" decoding=\"async\" width=\"214\" height=\"84\" src=\"https:\/\/bolttech.io\/wp-content\/uploads\/2024\/10\/AEON-logo-1.png\" class=\"swiper-slide-monochrome\" alt=\"\" \/>                                <\/div>\n                                                    <\/div>\n                    <\/div>\n                <\/div>\n                <\/div>\n\n<\/section>\n\n\n\n<section id=\"block_05568488f64b060814ee7b69c24e300e\"       class=\"bl-card-layouts hp-bg-brand-black bl-section-element\"\n      style=\"background:var(--wp--preset--color--light-blue)\">\n\n    <div class=\"bl-card-layouts__container\">\n        <div class=\"bl-card-layouts__head bl-animate-text\"><h2 class=\"h3\">Aumente a receita e a satisfa\u00e7\u00e3o do cliente com as nossas solu\u00e7\u00f5es para ag\u00eancias de seguros.<\/h2><p>Descubra como nossa plataforma permite que ag\u00eancias de seguros de todos os tamanhos escalem de forma eficiente, melhorem o servi\u00e7o e capturem novas oportunidades.<\/p>\n<\/div>            <div class=\"bl-card-layouts__row bl-fade-up-items\">\n                \n<article class=\"bl-card-with-icon\">\n    <div class=\"bl-card-with-icon__media bl-card-with-icon__media_image\"><img loading=\"lazy\" decoding=\"async\" width=\"96\" height=\"96\" src=\"https:\/\/bolttech.io\/wp-content\/uploads\/2024\/07\/cl-1.svg\" class=\"bl-card-with-icon__media-image\" alt=\"\" \/><\/div><h3 class=\"h5\">Mais transportadoras, mais produtos  <\/h3><div><p>Amplie o portf\u00f3lio da sua ag\u00eancia com acesso a diversos produtos de seguros, permitindo-lhe entrar em novos mercados e aumentar a rentabilidade, oferecendo aos clientes solu\u00e7\u00f5es mais personalizadas.<\/p>\n<\/div><\/article>\n\n<article class=\"bl-card-with-icon\">\n    <div class=\"bl-card-with-icon__media bl-card-with-icon__media_image\"><img loading=\"lazy\" decoding=\"async\" width=\"24\" height=\"24\" src=\"https:\/\/bolttech.io\/wp-content\/uploads\/2024\/08\/connection-link.svg\" class=\"bl-card-with-icon__media-image\" alt=\"\" \/><\/div><h3 class=\"h5\">Impulsione o crescimento dos neg\u00f3cios<\/h3><div><p>Simplifique suas opera\u00e7\u00f5es com fluxos de trabalho simplificados, permitindo que sua equipe gaste mais tempo em vendas e envolvimento com o cliente com maior efici\u00eancia.<\/p>\n<\/div><\/article>\n\n<article class=\"bl-card-with-icon\">\n    <div class=\"bl-card-with-icon__media bl-card-with-icon__media_image\"><img loading=\"lazy\" decoding=\"async\" width=\"96\" height=\"96\" src=\"https:\/\/bolttech.io\/wp-content\/uploads\/2024\/07\/cl-3.svg\" class=\"bl-card-with-icon__media-image\" alt=\"\" \/><\/div><h3 class=\"h5\">Aumentar a satisfa\u00e7\u00e3o do cliente<\/h3><div><p>Forne\u00e7a op\u00e7\u00f5es de seguros personalizadas para atender \u00e0s necessidades espec\u00edficas de seus clientes, aprimorando sua experi\u00eancia e criando relacionamentos de longo prazo constru\u00eddos com base na confian\u00e7a e satisfa\u00e7\u00e3o.<\/p>\n<\/div><\/article>\n            <\/div>\n            <\/div>\n\n<\/section>\n\n\n\n\n<section id=\"block_ecb61dff845789978c610d1ce42c2f8a\"       class=\"bl-callouts hp-bg-brand-black bl-section-element bl-callouts_white-text bl-callouts_callout-with-stats\">\n\n    \n            <div class=\"bl-callouts__with-stats\"\n             style=\"background:var(--wp--preset--gradient--blue-gradient)\">\n            <div class=\"bl-callouts__with-stats-container\">\n                <div class=\"bl-callouts__with-stats-head bl-animate-text\"><h2 class=\"h2\">Saiba mais sobre como servimos pequenas ag\u00eancias<\/h2><p>Aceda aos mercados de que necessita. Saiba mais sobre parafusos e como pode expandir o alcance do seu produto.<\/p>\n<\/div>\n                \n                                    <div class=\"bl-callouts__with-stats-cta\">\n                                            <\/div>\n                            <\/div>\n        <\/div>\n    \n    \n    \n<\/section>\n\n\n\n\n\n<section id=\"block_03c26f3ddfc67aff9fe2b25a4546888f\"       class=\"bl-last-element bl-hover-tabs hp-bg-brand-black bl-section-element\"\n      style=\"background:var(--wp--preset--color--white)\">\n\n    <div class=\"bl-container-wide\">\n        <div class=\"bl-hover-tabs__head bl-animate-text\"><h2 class=\"h3\">Dimensione sua ag\u00eancia com acesso expandido e maior efici\u00eancia<\/h2><div class=\"bl-hover-tabs__head-description\"><p>Conectamos voc\u00ea a mais operadoras e produtos, tornando mais f\u00e1cil oferecer aos clientes mais op\u00e7\u00f5es, acelerar a cota\u00e7\u00e3o e expandir sua ag\u00eancia de forma eficiente.<\/p>\n<\/div><\/div>\n                    <div class=\"bl-hover-tabs__container\">\n                <div class=\"bl-hover-tabs__panel\">\n                    <div class=\"bl-hover-tabs__panel-row\">\n                                                    <button class=\"bl-hover-tabs__panel-button active\"\n                                    data-id-tab=\"block_03c26f3ddfc67aff9fe2b25a4546888f-1\"\n                                    aria-label=\"Ampliar o acesso da operadora\">\n                                Ampliar o acesso da operadora                            <\/button>\n                                                        <button class=\"bl-hover-tabs__panel-button\"\n                                    data-id-tab=\"block_03c26f3ddfc67aff9fe2b25a4546888f-2\"\n                                    aria-label=\"Expanda o seu portf\u00f3lio de produtos\">\n                                Expanda o seu portf\u00f3lio de produtos                            <\/button>\n                                                        <button class=\"bl-hover-tabs__panel-button\"\n                                    data-id-tab=\"block_03c26f3ddfc67aff9fe2b25a4546888f-3\"\n                                    aria-label=\"Simplifique os processos de cota\u00e7\u00e3o\">\n                                Simplifique os processos de cota\u00e7\u00e3o                            <\/button>\n                                                        <button class=\"bl-hover-tabs__panel-button\"\n                                    data-id-tab=\"block_03c26f3ddfc67aff9fe2b25a4546888f-4\"\n                                    aria-label=\"Velocidade de entrada no mercado\">\n                                Velocidade de entrada no mercado                            <\/button>\n                                                        <button class=\"bl-hover-tabs__panel-button\"\n                                    data-id-tab=\"block_03c26f3ddfc67aff9fe2b25a4546888f-5\"\n                                    aria-label=\"Suporte especializado de subscri\u00e7\u00e3o\">\n                                Suporte especializado de subscri\u00e7\u00e3o                            <\/button>\n                                                <\/div>\n                <\/div>\n\n                                    <div class=\"bl-hover-tabs__content active\"\n                         data-id-content=\"block_03c26f3ddfc67aff9fe2b25a4546888f-1\" tabindex=\"-1\">\n\n                                                <div class=\"bl-hover-tabs__section bl-hover-tabs__section_gradient\">\n                                                            <div class=\"h5\">Ofere\u00e7a aos clientes mais op\u00e7\u00f5es com solu\u00e7\u00f5es perfeitas<\/div>\n                                                            <div class=\"bl-hover-tabs__section-description\">\n                                    <p>Conecte-se a uma ampla rede de operadoras, permitindo que sua ag\u00eancia ofere\u00e7a uma gama diversificada de produtos de seguros pessoais e comerciais que atendam \u00e0s necessidades em evolu\u00e7\u00e3o de seus clientes.<\/p>\n                                <\/div>\n                                                    <\/div>\n                    <\/div>\n                                        <div class=\"bl-hover-tabs__content\"\n                         data-id-content=\"block_03c26f3ddfc67aff9fe2b25a4546888f-2\" tabindex=\"-1\">\n\n                        <img loading=\"lazy\" decoding=\"async\" width=\"768\" height=\"512\" src=\"https:\/\/bolttech.io\/wp-content\/uploads\/2024\/09\/business-agreement--768x512.avif\" class=\"bl-hover-tabs__img\" alt=\"\" srcset=\"https:\/\/bolttech.io\/wp-content\/uploads\/2024\/09\/business-agreement--768x512.avif 768w, https:\/\/bolttech.io\/wp-content\/uploads\/2024\/09\/business-agreement--300x200.avif 300w, https:\/\/bolttech.io\/wp-content\/uploads\/2024\/09\/business-agreement--1024x683.avif 1024w, https:\/\/bolttech.io\/wp-content\/uploads\/2024\/09\/business-agreement-.avif 1200w\" sizes=\"auto, (max-width: 768px) 100vw, 768px\" \/>                        <div class=\"bl-hover-tabs__section bl-hover-tabs__section_gradient\">\n                                                            <div class=\"h5\">Desbloqueie novas oportunidades de receita e mercados facilmente<\/div>\n                                                            <div class=\"bl-hover-tabs__section-description\">\n                                    <p>Ofere\u00e7a uma maior variedade de op\u00e7\u00f5es de seguros e explore novos mercados, ajudando-o a expandir o seu neg\u00f3cio e a manter-se competitivo com produtos que se alinham com as exig\u00eancias dos seus clientes.<\/p>\n                                <\/div>\n                                                    <\/div>\n                    <\/div>\n                                        <div class=\"bl-hover-tabs__content\"\n                         data-id-content=\"block_03c26f3ddfc67aff9fe2b25a4546888f-3\" tabindex=\"-1\">\n\n                        <img loading=\"lazy\" decoding=\"async\" width=\"768\" height=\"512\" src=\"https:\/\/bolttech.io\/wp-content\/uploads\/2024\/09\/woman-on-phone-taking-notes-768x512.jpg\" class=\"bl-hover-tabs__img\" alt=\"\" srcset=\"https:\/\/bolttech.io\/wp-content\/uploads\/2024\/09\/woman-on-phone-taking-notes-768x512.jpg 768w, https:\/\/bolttech.io\/wp-content\/uploads\/2024\/09\/woman-on-phone-taking-notes-300x200.jpg 300w, https:\/\/bolttech.io\/wp-content\/uploads\/2024\/09\/woman-on-phone-taking-notes-1024x683.jpg 1024w, https:\/\/bolttech.io\/wp-content\/uploads\/2024\/09\/woman-on-phone-taking-notes.jpg 1200w\" sizes=\"auto, (max-width: 768px) 100vw, 768px\" \/>                        <div class=\"bl-hover-tabs__section bl-hover-tabs__section_gradient\">\n                                                            <div class=\"h5\">Simplifique os fluxos de trabalho para um servi\u00e7o mais r\u00e1pido e eficiente<\/div>\n                                                            <div class=\"bl-hover-tabs__section-description\">\n                                    <p>Elimine tarefas repetitivas com nosso aplicativo unificado, permitindo que voc\u00ea cote v\u00e1rias operadoras de uma s\u00f3 vez e simplifique suas opera\u00e7\u00f5es para um servi\u00e7o mais r\u00e1pido.<\/p>\n                                <\/div>\n                                                    <\/div>\n                    <\/div>\n                                        <div class=\"bl-hover-tabs__content\"\n                         data-id-content=\"block_03c26f3ddfc67aff9fe2b25a4546888f-4\" tabindex=\"-1\">\n\n                                                <div class=\"bl-hover-tabs__section bl-hover-tabs__section_gradient\">\n                                                            <div class=\"h5\">Responda \u00e0s necessidades do cliente com or\u00e7amentos mais r\u00e1pidos<\/div>\n                                                            <div class=\"bl-hover-tabs__section-description\">\n                                    <p>Aceda rapidamente a novos produtos e entregue or\u00e7amentos mais rapidamente, ajudando-o a melhorar a satisfa\u00e7\u00e3o do cliente e a responder de forma eficiente \u00e0s suas necessidades.<\/p>\n                                <\/div>\n                                                    <\/div>\n                    <\/div>\n                                        <div class=\"bl-hover-tabs__content\"\n                         data-id-content=\"block_03c26f3ddfc67aff9fe2b25a4546888f-5\" tabindex=\"-1\">\n\n                                                <div class=\"bl-hover-tabs__section bl-hover-tabs__section_gradient\">\n                                                            <div class=\"h5\">Tome decis\u00f5es confiantes com insights apoiados por especialistas<\/div>\n                                                            <div class=\"bl-hover-tabs__section-description\">\n                                    <p>Obtenha acesso direto \u00e0 experi\u00eancia em subscri\u00e7\u00e3o quando precisar, dando-lhe a confian\u00e7a necess\u00e1ria para lidar com casos complexos e fechar mais neg\u00f3cios.<\/p>\n                                <\/div>\n                                                    <\/div>\n                    <\/div>\n                                <\/div>\n        \n    <\/div>\n\n<\/section>\n","protected":false},"excerpt":{"rendered":"","protected":false},"author":3,"featured_media":0,"parent":39689,"menu_order":0,"comment_status":"closed","ping_status":"closed","template":"","meta":{"_acf_changed":false,"footnotes":""},"class_list":["post-39698","page","type-page","status-publish","hentry"],"acf":[],"_links":{"self":[{"href":"https:\/\/bolttech.io\/pt-pt\/wp-json\/wp\/v2\/pages\/39698","targetHints":{"allow":["GET"]}}],"collection":[{"href":"https:\/\/bolttech.io\/pt-pt\/wp-json\/wp\/v2\/pages"}],"about":[{"href":"https:\/\/bolttech.io\/pt-pt\/wp-json\/wp\/v2\/types\/page"}],"author":[{"embeddable":true,"href":"https:\/\/bolttech.io\/pt-pt\/wp-json\/wp\/v2\/users\/3"}],"replies":[{"embeddable":true,"href":"https:\/\/bolttech.io\/pt-pt\/wp-json\/wp\/v2\/comments?post=39698"}],"version-history":[{"count":0,"href":"https:\/\/bolttech.io\/pt-pt\/wp-json\/wp\/v2\/pages\/39698\/revisions"}],"up":[{"embeddable":true,"href":"https:\/\/bolttech.io\/pt-pt\/wp-json\/wp\/v2\/pages\/39689"}],"wp:attachment":[{"href":"https:\/\/bolttech.io\/pt-pt\/wp-json\/wp\/v2\/media?parent=39698"}],"curies":[{"name":"wp","href":"https:\/\/api.w.org\/{rel}","templated":true}]}}