{"id":39636,"date":"2025-06-12T15:16:35","date_gmt":"2025-06-12T07:16:35","guid":{"rendered":"https:\/\/bolttech.io\/esg\/"},"modified":"2025-06-12T15:16:36","modified_gmt":"2025-06-12T07:16:36","slug":"esg","status":"publish","type":"page","link":"https:\/\/bolttech.io\/pt-pt\/esg\/","title":{"rendered":"ESG"},"content":{"rendered":"\n<section id=\"block_0df1e9c77e8e8bc9b832a3c169741896\"       class=\"bl-first-element bl-bg-image-hero hp-bg-brand-black bl-section-element\">\n\n            <picture class=\"bl-bg-image-hero__bg\">\n            <source srcset=\"https:\/\/bolttech.io\/wp-content\/uploads\/2024\/12\/2-1920x1080.png\" media=\"(min-width: 1025px)\">\n            <img decoding=\"async\" src=\"https:\/\/bolttech.io\/wp-content\/uploads\/2024\/12\/2-834x566.png\"\n                 alt=\"Construir uma empresa respons\u00e1vel\">\n        <\/picture>\n    \n    \n    <div class=\"bl-bg-image-hero__container\">\n        <div class=\"bl-container-wide\">\n            <div class=\"bl-bg-image-hero__head bl-animate-text\"><h2 class=\"h1\">Construir uma empresa respons\u00e1vel<\/h2><div class=\"bl-bg-image-hero__head-description\"><p>Na bolt, acreditamos que o sucesso do nosso neg\u00f3cio est\u00e1 interligado com o nosso compromisso com os princ\u00edpios ambientais, sociais e de governan\u00e7a (ESG)<\/p>\n<\/div><\/div>        <\/div>\n\n            <\/div>\n\n<\/section>\n\n<section id=\"block_a0a3cedc366b3ed9e7918a8826072571\"       class=\"bl-esg-approach hp-bg-brand-black bl-section-element\">\n\n    <div class=\"bl-esg-approach__container bl-fade-up-items\">\n        <div class=\"bl-esg-approach__head bl-animate-text\"><h2 class=\"h2\">A nossa abordagem  <\/h2><p>Nossos esfor\u00e7os ESG est\u00e3o alinhados aos nossos objetivos de construir um neg\u00f3cio sustent\u00e1vel, \u00e9tico e compat\u00edvel. Nossas metas ESG priorizadas incluem inclus\u00e3o financeira, redu\u00e7\u00e3o de res\u00edduos eletr\u00f4nicos e boa governan\u00e7a corporativa. <\/p>\n<\/div>\n        <img loading=\"lazy\" decoding=\"async\" width=\"600\" height=\"355\" src=\"https:\/\/bolttech.io\/wp-content\/uploads\/2024\/08\/Frame-1171277078.svg\" class=\"bl-esg-approach__image bl-esg-approach__image_high\" alt=\"\" \/>\n        \n<article class=\"bl-card-with-icon bl-card-with-icon_dark bl-esg-approach__item bl-esg-approach__item_1\">\n    <div class=\"bl-card-with-icon__media bl-card-with-icon__media_image\"><img loading=\"lazy\" decoding=\"async\" width=\"44\" height=\"44\" src=\"https:\/\/bolttech.io\/wp-content\/uploads\/2024\/09\/Family-2.svg\" class=\"bl-card-with-icon__media-image\" alt=\"\" \/><\/div><div class=\"h5\">Responsabilidade social  <\/div><div><p>Nosso objetivo \u00e9 promover a inclus\u00e3o financeira por meio de nossa solu\u00e7\u00e3o principal, que conecta as pessoas com mais maneiras de proteger as coisas que elas valorizam. Desde a nossa funda\u00e7\u00e3o, fornecemos acesso a produtos de seguros a mais de 20 milh\u00f5es de pessoas em todo o mundo, muitas das quais podem n\u00e3o ter tido acesso a produtos de seguros tradicionais. <\/p>\n<\/div><\/article>\n\n<article class=\"bl-card-with-icon bl-card-with-icon_dark bl-esg-approach__item bl-esg-approach__item_2\">\n    <div class=\"bl-card-with-icon__media bl-card-with-icon__media_image\"><img loading=\"lazy\" decoding=\"async\" width=\"72\" height=\"72\" src=\"https:\/\/bolttech.io\/wp-content\/uploads\/2024\/08\/new-plants-dead.svg\" class=\"bl-card-with-icon__media-image\" alt=\"\" \/><\/div><div class=\"h5\">Sustentabilidade ambiental  <\/div><div><p>Estamos empenhados em reduzir o nosso impacto no ambiente, quer se trate das nossas a\u00e7\u00f5es para melhorar a sustentabilidade dos nossos escrit\u00f3rios ou da gest\u00e3o de res\u00edduos eletr\u00f3nicos atrav\u00e9s dos nossos programas de prote\u00e7\u00e3o de dispositivos, para ajudar a prolongar a vida \u00fatil dos dispositivos eletr\u00f3nicos e reduzir a necessidade de substitui\u00e7\u00f5es frequentes.  <\/p>\n<\/div><\/article>\n\n<article class=\"bl-card-with-icon bl-card-with-icon_dark bl-esg-approach__item bl-esg-approach__item_3\">\n    <div class=\"bl-card-with-icon__media bl-card-with-icon__media_image\"><img loading=\"lazy\" decoding=\"async\" width=\"44\" height=\"44\" src=\"https:\/\/bolttech.io\/wp-content\/uploads\/2024\/09\/Analyze.svg\" class=\"bl-card-with-icon__media-image\" alt=\"\" \/><\/div><div class=\"h5\">Governa\u00e7\u00e3o interna  <\/div><div><p>Implementamos uma s\u00e9rie de pol\u00edticas, procedimentos e pr\u00e1ticas para garantir que operamos de forma transparente, respons\u00e1vel e \u00e9tica. Nosso conselho de administra\u00e7\u00e3o fornece forte supervis\u00e3o e orienta\u00e7\u00e3o, garantindo que estamos alinhados com nossa miss\u00e3o, vis\u00e3o e valores fundamentais. <\/p>\n<\/div><\/article>\n\n        <img loading=\"lazy\" decoding=\"async\" width=\"600\" height=\"355\" src=\"https:\/\/bolttech.io\/wp-content\/uploads\/2024\/08\/Frame-1171277078-1.svg\" class=\"bl-esg-approach__image bl-esg-approach__image_low\" alt=\"\" \/>\n    <\/div>\n\n<\/section>\n\n<section id=\"block_d7393f97f578bb8f2e0d062eda5803c9\"       class=\"bl-text-image hp-bg-brand-black bl-section-element bl-text-image_right bl-text-image_video-image-with-stats\"\n      style=\"background:var(--wp--preset--color--white)\">\n\n            <div class=\"bl-container-wide\">\n            <div class=\"bl-text-image__row\">\n                                    <div class=\"bl-text-image__video-image\">\n                        <img loading=\"lazy\" decoding=\"async\" width=\"640\" height=\"360\" src=\"https:\/\/bolttech.io\/wp-content\/uploads\/2024\/09\/thumbnail-2.png\" class=\"attachment-medium_large size-medium_large\" alt=\"\" srcset=\"https:\/\/bolttech.io\/wp-content\/uploads\/2024\/09\/thumbnail-2.png 640w, https:\/\/bolttech.io\/wp-content\/uploads\/2024\/09\/thumbnail-2-300x169.png 300w\" sizes=\"auto, (max-width: 640px) 100vw, 640px\" \/>                            <a href=\"https:\/\/youtu.be\/b8TDhhMKQHg?si=fMMr4DXfiTX4QdNR\" aria-label=\"Play video\" data-fancybox target=\"_blank\" rel=\"noopener\">\n                                <svg width=\"30\" height=\"29\" viewBox=\"0 0 30 29\" fill=\"none\"\n                                     xmlns=\"http:\/\/www.w3.org\/2000\/svg\">\n                                    <path d=\"M29.1826 14.1496L0.828125 0.304565V28.7046L29.1826 14.1496Z\"\n                                          fill=\"#170F4F\"\/>\n                                <\/svg>\n                            <\/a>\n                                            <\/div>\n                \n                <div class=\"bl-text-image__head bl-animate-text\"><h2 class=\"bl-text-image__head-title\">LeapFrog e bolttech: Acelerando o acesso a seguros acess\u00edveis e de qualidade<\/h2><div class=\"bl-text-image__head-description\"><p>Descubra como estamos a colaborar com o nosso investidor estrat\u00e9gico LeapFrog Investments para fornecer produtos de seguros personalizados e acess\u00edveis aos consumidores atrav\u00e9s de plataformas parceiras, acelerando o acesso a seguros de qualidade em mais de 35 mercados em quatro continentes.<\/p>\n<p>&nbsp;<\/p>\n<p>&nbsp;<\/p>\n<\/div><\/div>            <\/div>\n        <\/div>\n    \n<\/section>\n    <section id=\"block_a032bed27c8f861065dc1897ed7b215e\"           class=\"bl-last-element bl-featured-resources hp-bg-brand-black bl-section-element bl-featured-resources_all\"\n          style=\"background:var(--wp--preset--color--light-grey)\">\n\n        <div class=\"bl-featured-resources__container\">\n            <div class=\"bl-featured-resources__header\">\n                <div class=\"bl-featured-resources__head bl-animate-text\"><h3 class=\"bl-eyebrow\">Fique por dentro<\/h3><h2 class=\"h3\">Not\u00edcias &amp; Insights<\/h2><\/div>            <\/div>\n\n                                <div class=\"bl-featured-resources__masonry bl-fade-up-items\">\n                        \n<a href=\"https:\/\/bolttech.io\/pt-pt\/news\/digital-care-rebrands-to-bolttech\/\" class=\"bl-resource-card\" style=\"background:var(--wp--preset--color--white)\" target=\"_self\">\n            <span class=\"bl-resource-card__thumb\">\n                            <span class=\"bl-resource-card__label\">\n                    News                <\/span>\n            <img loading=\"lazy\" decoding=\"async\" width=\"1024\" height=\"538\" src=\"https:\/\/bolttech.io\/wp-content\/uploads\/2024\/08\/bolttech-OG-1024x538.png\" class=\"attachment-large size-large\" alt=\"\" srcset=\"https:\/\/bolttech.io\/wp-content\/uploads\/2024\/08\/bolttech-OG-1024x538.png 1024w, https:\/\/bolttech.io\/wp-content\/uploads\/2024\/08\/bolttech-OG-300x158.png 300w, https:\/\/bolttech.io\/wp-content\/uploads\/2024\/08\/bolttech-OG-768x403.png 768w, https:\/\/bolttech.io\/wp-content\/uploads\/2024\/08\/bolttech-OG-1536x806.png 1536w, https:\/\/bolttech.io\/wp-content\/uploads\/2024\/08\/bolttech-OG-2048x1075.png 2048w, https:\/\/bolttech.io\/wp-content\/uploads\/2024\/08\/bolttech-OG-e1734627475705.png 600w\" sizes=\"auto, (max-width: 1024px) 100vw, 1024px\" \/>        <\/span>\n    \n                    <span class=\"bl-resource-card__date\">\n                18 de Junho, 2024            <\/span>\n        \n                <div class=\"h5\">Digital Care rebrands to bolttech<\/div>\n                <span class=\"bl-resource-card__description\">\n            Warsaw, Poland, 18 June 2024&nbsp;\u2013 Digital Care sp. z o.o (\u201cDigital Care\u201d), a Poland-based device protection and services company, has been renamed to bolttech Poland sp. z o.o, and rebranded to bolttech. This follows the completion of bolttech\u2019s acquisition of&#8230;        <\/span>\n    <div class=\"bl-btn bl-btn_tertiary-dark\" aria-label=\"ler mais\"><span>ler mais<\/span><svg width=\"24\" height=\"24\" viewBox=\"0 0 24 24\" fill=\"none\" xmlns=\"http:\/\/www.w3.org\/2000\/svg\"><path d=\"M17.6537 18.3253L16.9402 17.6368L22.098 12.4791H2V11.4791H22.1173L16.9652 6.32131L17.6537 5.63281L24 11.9791L17.6537 18.3253Z\"\/><\/svg><\/div><\/a>\n\n<a href=\"https:\/\/bolttech.io\/pt-pt\/news\/a-new-milestone-for-stellantis-insurance-stellantis-financial-services-us-launche\/\" class=\"bl-resource-card\" style=\"background:var(--wp--preset--color--white)\" target=\"_self\">\n    \n                    <span class=\"bl-resource-card__date\">\n                18 de Junho, 2024            <\/span>\n        \n                <div class=\"h5\">A new milestone for Stellantis Insurance: Stellantis Financial Services US launches Embedded Insurance Program with bolt to Expand Customer Choice<\/div>\n                <span class=\"bl-resource-card__description\">\n            SAN FRANCISCO, CA \u2013 June 18, 2024\u00a0\u2013\u00a0Stellantis Financial Services US, the captive automotive finance company of\u00a0Stellantis\u00a0in North America, today announced a new partnership with\u00a0bolt, the insurtech with the world\u2019s largest technology-enabled insurance exchange, to support customers of Chrysler, Dodge, Jeep\u00ae, Ram, Fiat, and Alfa Romeo.        <\/span>\n    <div class=\"bl-btn bl-btn_tertiary-dark\" aria-label=\"ler mais\"><span>ler mais<\/span><svg width=\"24\" height=\"24\" viewBox=\"0 0 24 24\" fill=\"none\" xmlns=\"http:\/\/www.w3.org\/2000\/svg\"><path d=\"M17.6537 18.3253L16.9402 17.6368L22.098 12.4791H2V11.4791H22.1173L16.9652 6.32131L17.6537 5.63281L24 11.9791L17.6537 18.3253Z\"\/><\/svg><\/div><\/a>\n\n<a href=\"https:\/\/bolttech.io\/pt-pt\/news\/bolttech-offers-extended-warranty-for-lifestyle-gadgets-sold-by-singtel\/\" class=\"bl-resource-card bl-resource-card_small\" style=\"background:var(--wp--preset--color--white)\" target=\"_self\">\n    \n                    <span class=\"bl-resource-card__date\">\n                22 de Mar\u00e7o, 2024            <\/span>\n        \n                <div class=\"h6\">bolttech launches partnership with Singtel for extended warranty for lifestyle gadgets<\/div>\n                <span class=\"bl-resource-card__description\">\n            Customers can extend protection for their lifestyle gadgets for up to three years after the manufacturer\u2019s warranty expires Singapore, 22 March 2024&nbsp;\u2013 International insurtech bolttech has partnered with Singapore\u2019s leading communications technology group, Singtel, to launch Singtel Extended Warranty for&#8230;        <\/span>\n    <div class=\"bl-btn bl-btn_tertiary-dark\" aria-label=\"ler mais\"><span>ler mais<\/span><svg width=\"24\" height=\"24\" viewBox=\"0 0 24 24\" fill=\"none\" xmlns=\"http:\/\/www.w3.org\/2000\/svg\"><path d=\"M17.6537 18.3253L16.9402 17.6368L22.098 12.4791H2V11.4791H22.1173L16.9652 6.32131L17.6537 5.63281L24 11.9791L17.6537 18.3253Z\"\/><\/svg><\/div><\/a>\n\n<a href=\"https:\/\/bolttech.io\/pt-pt\/insights\/bolttech-em-destaque-no-artigo-rein-asia-que-examina-o-impacto-dos-dados-de-wearables-na-subscricao\/\" class=\"bl-resource-card bl-resource-card_small\" style=\"background:var(--wp--preset--color--white)\" target=\"_self\">\n            <span class=\"bl-resource-card__thumb\">\n                            <span class=\"bl-resource-card__label\">\n                    Insights                <\/span>\n            <img loading=\"lazy\" decoding=\"async\" width=\"1024\" height=\"1024\" src=\"https:\/\/bolttech.io\/wp-content\/uploads\/2024\/08\/wearables-bolttech-1024x1024.avif\" class=\"attachment-large size-large\" alt=\"\" srcset=\"https:\/\/bolttech.io\/wp-content\/uploads\/2024\/08\/wearables-bolttech-1024x1024.avif 1024w, https:\/\/bolttech.io\/wp-content\/uploads\/2024\/08\/wearables-bolttech-300x300.avif 300w, https:\/\/bolttech.io\/wp-content\/uploads\/2024\/08\/wearables-bolttech-150x150.avif 150w, https:\/\/bolttech.io\/wp-content\/uploads\/2024\/08\/wearables-bolttech-768x768.avif 768w, https:\/\/bolttech.io\/wp-content\/uploads\/2024\/08\/wearables-bolttech-1536x1536.avif 1536w, https:\/\/bolttech.io\/wp-content\/uploads\/2024\/08\/wearables-bolttech.avif 1937w\" sizes=\"auto, (max-width: 1024px) 100vw, 1024px\" \/>        <\/span>\n    \n                    <span class=\"bl-resource-card__date\">\n                12 de Junho, 2025            <\/span>\n        \n                <div class=\"h6\">bolttech em destaque no artigo (Re)in Asia que examina o impacto dos dados de wearables na subscri\u00e7\u00e3o<\/div>\n                <span class=\"bl-resource-card__description\">\n            A Chefe de Proposta de Produto do nosso Grupo e Chefe de Produto e Pre\u00e7os para a Europa, Daisy Dong, foi entrevistada no artigo (Re)in Asia, \u201cWearables data a valuable complement \u2013 but not replacement \u2013 to sophisticated underwriting\u201d (8&#8230;        <\/span>\n    <div class=\"bl-btn bl-btn_tertiary-dark\" aria-label=\"ler mais\"><span>ler mais<\/span><svg width=\"24\" height=\"24\" viewBox=\"0 0 24 24\" fill=\"none\" xmlns=\"http:\/\/www.w3.org\/2000\/svg\"><path d=\"M17.6537 18.3253L16.9402 17.6368L22.098 12.4791H2V11.4791H22.1173L16.9652 6.32131L17.6537 5.63281L24 11.9791L17.6537 18.3253Z\"\/><\/svg><\/div><\/a>\n\n<a href=\"https:\/\/bolttech.io\/pt-pt\/insights\/entrevista-am-best-com-o-ceo-do-grupo-rob-schimek\/\" class=\"bl-resource-card bl-resource-card_small\" style=\"background:var(--wp--preset--color--white)\" target=\"_self\">\n            <span class=\"bl-resource-card__thumb\">\n                            <span class=\"bl-resource-card__label\">\n                    Insights                <\/span>\n            <img loading=\"lazy\" decoding=\"async\" width=\"460\" height=\"459\" src=\"https:\/\/bolttech.io\/wp-content\/uploads\/2024\/08\/interview-rob-schimek.avif\" class=\"attachment-large size-large\" alt=\"\" srcset=\"https:\/\/bolttech.io\/wp-content\/uploads\/2024\/08\/interview-rob-schimek.avif 460w, https:\/\/bolttech.io\/wp-content\/uploads\/2024\/08\/interview-rob-schimek-300x300.avif 300w, https:\/\/bolttech.io\/wp-content\/uploads\/2024\/08\/interview-rob-schimek-150x150.avif 150w\" sizes=\"auto, (max-width: 460px) 100vw, 460px\" \/>        <\/span>\n    \n                    <span class=\"bl-resource-card__date\">\n                12 de Junho, 2025            <\/span>\n        \n                <div class=\"h6\">Entrevista AM Best com o CEO do Grupo, Rob Schimek<\/div>\n                <span class=\"bl-resource-card__description\">\n            Em uma entrevista com a AM Best TV na Insurtech Insights USA em Nova York no m\u00eas passado, nosso CEO do Grupo, Rob Schimek, compartilha suas opini\u00f5es sobre a evolu\u00e7\u00e3o do seguro incorporado em uma oportunidade de v\u00e1rios trilh\u00f5es para&#8230;        <\/span>\n    <div class=\"bl-btn bl-btn_tertiary-dark\" aria-label=\"ler mais\"><span>ler mais<\/span><svg width=\"24\" height=\"24\" viewBox=\"0 0 24 24\" fill=\"none\" xmlns=\"http:\/\/www.w3.org\/2000\/svg\"><path d=\"M17.6537 18.3253L16.9402 17.6368L22.098 12.4791H2V11.4791H22.1173L16.9652 6.32131L17.6537 5.63281L24 11.9791L17.6537 18.3253Z\"\/><\/svg><\/div><\/a>\n                    <\/div>\n                \n                    <\/div>\n    <\/section>\n","protected":false},"excerpt":{"rendered":"","protected":false},"author":3,"featured_media":0,"parent":0,"menu_order":0,"comment_status":"closed","ping_status":"closed","template":"","meta":{"_acf_changed":false,"footnotes":""},"class_list":["post-39636","page","type-page","status-publish","hentry"],"acf":[],"_links":{"self":[{"href":"https:\/\/bolttech.io\/pt-pt\/wp-json\/wp\/v2\/pages\/39636","targetHints":{"allow":["GET"]}}],"collection":[{"href":"https:\/\/bolttech.io\/pt-pt\/wp-json\/wp\/v2\/pages"}],"about":[{"href":"https:\/\/bolttech.io\/pt-pt\/wp-json\/wp\/v2\/types\/page"}],"author":[{"embeddable":true,"href":"https:\/\/bolttech.io\/pt-pt\/wp-json\/wp\/v2\/users\/3"}],"replies":[{"embeddable":true,"href":"https:\/\/bolttech.io\/pt-pt\/wp-json\/wp\/v2\/comments?post=39636"}],"version-history":[{"count":0,"href":"https:\/\/bolttech.io\/pt-pt\/wp-json\/wp\/v2\/pages\/39636\/revisions"}],"wp:attachment":[{"href":"https:\/\/bolttech.io\/pt-pt\/wp-json\/wp\/v2\/media?parent=39636"}],"curies":[{"name":"wp","href":"https:\/\/api.w.org\/{rel}","templated":true}]}}