{"id":39630,"date":"2025-06-12T15:15:01","date_gmt":"2025-06-12T07:15:01","guid":{"rendered":"https:\/\/bolttech.io\/declaracao-de-exoneracao-de-responsabilidade\/"},"modified":"2025-06-12T15:15:02","modified_gmt":"2025-06-12T07:15:02","slug":"declaracao-de-exoneracao-de-responsabilidade","status":"publish","type":"page","link":"https:\/\/bolttech.io\/pt-pt\/declaracao-de-exoneracao-de-responsabilidade\/","title":{"rendered":"Declara\u00e7\u00e3o de exonera\u00e7\u00e3o de responsabilidade"},"content":{"rendered":"<!-- Hidden input -->\n\n    <input type=\"hidden\" id=\"geo-country\" value=\"[geot_country_name default=&quot;&quot;]\" data-country=\"[geot_country_name default=&quot;&quot;]\" >\n    <!-- <input type=\"hidden\" id=\"geo-country\" value=\"Hong Kong\"> -->\n\n<section id=\"block_46a1baa946c921d1e98f319d6080d92a\"       class=\"bl-first-element bl-secondary-hero hp-bg-brand-black bl-section-element bl-secondary-hero_centered-content bl-secondary-hero_shapes-animation\"\n      style=\"background:var(--wp--preset--color--white)\">\n\n    <div class=\"bl-secondary-hero__container\">\n        <div class=\"bl-secondary-hero__head bl-animate-text\"><h1 class=\"h2\">Declara\u00e7\u00e3o de exonera\u00e7\u00e3o de responsabilidade<\/h1><div class=\"bl-secondary-hero__head-description bl-secondary-hero__head-description_pequeno\"><p>Setembro de 2024<\/p>\n<\/div><\/div>\n\n            <\/div>\n\n                <div class=\"shape-left-1\"><\/div>\n            <div class=\"shape-left-2\"><\/div>\n\n            <div class=\"shape-right-1\"><\/div>\n            <div class=\"shape-right-2\"><\/div>\n        \n    \n<\/section>\n\n\n\n<section id=\"block_ef078572d7d11cd0cd686c4016d5319e\"\n         class=\"bl-last-element bl-sticky-sidebar hp-bg-brand-black bl-section-element\">\n\n    <div class=\"bl-container-wide\">\n        <div class=\"bl-sticky-sidebar__content\">\n                            <div class=\"bl-sticky-sidebar__sidebar\">\n                    <div class=\"bl-sticky-sidebar__bar\">\n                        <div class=\"bl-sticky-sidebar__bar-links\">\n                                                            <div class=\"bl-sticky-sidebar__bar-heading\">\n                                    Navegue at\u00e9                                <\/div>\n                            \n                                                            <div class=\"bl-sticky-sidebar__nav\">\n                                                                                <a href=\"#notice\"\n                                               target=\"_self\"\n                                               class=\"bl-sticky-sidebar__nav-link\">\n                                                Notice                                            <\/a>\n                                                                                    <a href=\"#copyright\"\n                                               target=\"_self\"\n                                               class=\"bl-sticky-sidebar__nav-link\">\n                                                Copyright                                            <\/a>\n                                                                                    <a href=\"#Trademarks\"\n                                               target=\"_self\"\n                                               class=\"bl-sticky-sidebar__nav-link\">\n                                                Trademarks                                            <\/a>\n                                                                                    <a href=\"#Use-of-Information-and-Materials\"\n                                               target=\"_self\"\n                                               class=\"bl-sticky-sidebar__nav-link\">\n                                                Use of Information and Materials                                            <\/a>\n                                                                                    <a href=\"#no-warranty\"\n                                               target=\"_self\"\n                                               class=\"bl-sticky-sidebar__nav-link\">\n                                                No Warranty                                            <\/a>\n                                                                                    <a href=\"#Performance-of-the-website\"\n                                               target=\"_self\"\n                                               class=\"bl-sticky-sidebar__nav-link\">\n                                                Performance of the website                                            <\/a>\n                                                                                    <a href=\"#Software-licences\"\n                                               target=\"_self\"\n                                               class=\"bl-sticky-sidebar__nav-link\">\n                                                Software licences                                            <\/a>\n                                                                                    <a href=\"#Limitation-of-Liability\"\n                                               target=\"_self\"\n                                               class=\"bl-sticky-sidebar__nav-link\">\n                                                Limitation of Liability                                            <\/a>\n                                                                                    <a href=\"#Links-to-Third-Party-Websites\"\n                                               target=\"_self\"\n                                               class=\"bl-sticky-sidebar__nav-link\">\n                                                Links to Third Party Websites                                            <\/a>\n                                                                                    <a href=\"#Submission-of-Information\"\n                                               target=\"_self\"\n                                               class=\"bl-sticky-sidebar__nav-link\">\n                                                Submission of Information                                            <\/a>\n                                                                                    <a href=\"#Internet-Communications\"\n                                               target=\"_self\"\n                                               class=\"bl-sticky-sidebar__nav-link\">\n                                                Comunica\u00e7\u00f5es via Internet                                            <\/a>\n                                                                        <\/div>\n                                                    <\/div>\n                    <\/div>\n                <\/div>\n            \n            <div class=\"bl-sticky-sidebar__textual\">\n                <div class=\"acf-innerblocks-container\">\n\n<h2 class=\"wp-block-heading\" id=\"notice\">Aviso pr\u00e9vio<\/h2>\n\n\n\n<p>Bem-vindo ao site da bolttech! Por favor, leia atentamente os seguintes termos e condi\u00e7\u00f5es. Ao aceder a este website e a quaisquer p\u00e1ginas, est\u00e1 a concordar em ficar vinculado pelos termos e condi\u00e7\u00f5es abaixo. Se voc\u00ea n\u00e3o concorda com os termos e condi\u00e7\u00f5es abaixo, por favor, n\u00e3o acesse este site, ou quaisquer p\u00e1ginas do mesmo.   <\/p>\n\n\n\n<p>Podemos alterar estes termos e condi\u00e7\u00f5es de tempos em tempos, sem aviso pr\u00e9vio e sem dar qualquer raz\u00e3o para faz\u00ea-lo, publicando uma vers\u00e3o atualizada dos termos e condi\u00e7\u00f5es no site. Voc\u00ea deve verificar regularmente estes termos e condi\u00e7\u00f5es para quaisquer altera\u00e7\u00f5es. Se estes termos e condi\u00e7\u00f5es forem alterados, voc\u00ea deve cumprir os termos e condi\u00e7\u00f5es atualizados. Caso n\u00e3o concorde com os termos e condi\u00e7\u00f5es atualizados, dever\u00e1 cessar imediatamente a utiliza\u00e7\u00e3o do website.   <\/p>\n\n\n\n<p>Em caso de discrep\u00e2ncias entre as vers\u00f5es em ingl\u00eas e outras vers\u00f5es lingu\u00edsticas deste site, a vers\u00e3o em ingl\u00eas ser\u00e1 aplicada e prevalecer\u00e1.<\/p>\n\n\n\n<h2 class=\"wp-block-heading\" id=\"copyright\">Copyright: Todos os direitos reservados<\/h2>\n\n\n\n<p>Salvo indica\u00e7\u00e3o em contr\u00e1rio, os direitos autorais de todos os materiais e conte\u00fados encontrados neste site s\u00e3o de propriedade da bolttech e suas Afiliadas (coletivamente referidas como \u201cbolttech\u201d, \u201cn\u00f3s\u201d, \u201cnos\u201d ou \u201cnosso\u201d). O site permite que os usu\u00e1rios leiam informa\u00e7\u00f5es sobre bolttech e enviem um e-mail de consulta para n\u00f3s. <\/p>\n\n\n\n<p>Para os fins desta Isen\u00e7\u00e3o de Responsabilidade, \u201cAfiliado\u201d significa, em rela\u00e7\u00e3o a qualquer pessoa, qualquer outra pessoa que seja uma holding ou subsidi\u00e1ria direta ou indireta ou qualquer parceria ou empresa (incorporada ou n\u00e3o) da bolttech que seja direta ou indiretamente: (a) possui ou controla a bolttech, (b) \u00e9 de propriedade ou controlada pela bolttech, ou (c) est\u00e1 sob propriedade ou controle comum com a bolttech. Para efeitos desta defini\u00e7\u00e3o, o termo \u201ccontrolo\u201d, \u201ccontrolo\u201d ou \u201ccontrolado\u201d significa o poder de dirigir a gest\u00e3o, opera\u00e7\u00f5es, neg\u00f3cios e\/ou pol\u00edticas da bolttech, seja atrav\u00e9s da propriedade de a\u00e7\u00f5es ou de qualquer outro t\u00edtulo, por contrato ou de outra forma.    <\/p>\n\n\n\n<h2 class=\"wp-block-heading\" id=\"Trademarks\">Marcas comerciais<\/h2>\n\n\n\n<p><br\/>Todas as marcas comerciais, logotipos e marcas de servi\u00e7o exibidas neste site s\u00e3o protegidas e os usu\u00e1rios est\u00e3o proibidos de usar as mesmas sem permiss\u00e3o por escrito da bolttech ou dos propriet\u00e1rios das marcas comerciais, logotipos e marcas de servi\u00e7o relevantes, conforme o caso.<\/p>\n\n\n\n<p>Os materiais neste site est\u00e3o protegidos por direitos autorais e nenhuma parte desses materiais pode ser modificada, reproduzida, armazenada em um sistema de recupera\u00e7\u00e3o, transmitida (de qualquer forma ou por qualquer meio), copiada, distribu\u00edda, usada para criar trabalhos derivados ou usada de qualquer outra forma para fins comerciais ou p\u00fablicos sem o consentimento pr\u00e9vio por escrito da bolttech.<\/p>\n\n\n\n<h2 class=\"wp-block-heading\" id=\"Use-of-Information-and-Materials\">Utiliza\u00e7\u00e3o de Informa\u00e7\u00f5es e Materiais<\/h2>\n\n\n\n<p>As informa\u00e7\u00f5es e materiais contidos nestas p\u00e1ginas (incluindo os termos, condi\u00e7\u00f5es e descri\u00e7\u00f5es que aparecem) est\u00e3o sujeitos a altera\u00e7\u00f5es.<\/p>\n\n\n\n<p>Os produtos e servi\u00e7os referidos neste site s\u00e3o oferecidos apenas na jurisdi\u00e7\u00e3o onde e quando podem ser legalmente oferecidos pela bolttech. Os materiais nestas p\u00e1ginas n\u00e3o se destinam a ser utilizados por pessoas localizadas ou residentes em jurisdi\u00e7\u00f5es que restrinjam a distribui\u00e7\u00e3o de tais materiais por n\u00f3s. As pessoas que acedem a estas p\u00e1ginas s\u00e3o obrigadas a observar quaisquer restri\u00e7\u00f5es relevantes.  <\/p>\n\n\n\n<p>Estas p\u00e1ginas n\u00e3o devem ser consideradas como uma oferta ou solicita\u00e7\u00e3o para vender quaisquer produtos ou servi\u00e7os em qualquer jurisdi\u00e7\u00e3o a qualquer pessoa a quem seja ilegal fazer tal convite ou solicita\u00e7\u00e3o em tal jurisdi\u00e7\u00e3o.<\/p>\n\n\n\n<p>As pessoas que acedem a estas p\u00e1ginas s\u00e3o aconselhadas a obter aconselhamento profissional adequado com base nas suas pr\u00f3prias necessidades para qualquer produto ou servi\u00e7o espec\u00edfico contido nestas p\u00e1ginas.<\/p>\n\n\n\n<h2 class=\"wp-block-heading\" id=\"no-warranty\">Sem garantia<\/h2>\n\n\n\n<p>As informa\u00e7\u00f5es e materiais contidos neste site, incluindo texto, gr\u00e1ficos, links ou outros itens s\u00e3o fornecidos \u201ccomo est\u00e3o\u201d, \u201cconforme dispon\u00edveis\u201d. A Bolttech n\u00e3o garante a precis\u00e3o, adequa\u00e7\u00e3o ou integridade dessas informa\u00e7\u00f5es e materiais e se isenta expressamente de responsabilidade por erros ou omiss\u00f5es nessas informa\u00e7\u00f5es e materiais. Nenhuma garantia de qualquer tipo, impl\u00edcita, expressa ou estatut\u00e1ria, incluindo as garantias de n\u00e3o viola\u00e7\u00e3o de direitos de terceiros, t\u00edtulo, comercializa\u00e7\u00e3o, adequa\u00e7\u00e3o a uma finalidade espec\u00edfica e aus\u00eancia de v\u00edrus de computador, \u00e9 dada em conjunto com as informa\u00e7\u00f5es e materiais.  <\/p>\n\n\n\n<h2 class=\"wp-block-heading\" id=\"Performance-of-the-website\">Desempenho do website<\/h2>\n\n\n\n<p>Faremos todos os esfor\u00e7os razo\u00e1veis para disponibilizar o site durante o nosso hor\u00e1rio comercial normal. No entanto, a disponibilidade do site depende de v\u00e1rios fornecedores de terceiros e, portanto, n\u00e3o garantimos ou garantimos: <\/p>\n\n\n\n<p>(a) que poder\u00e1 utilizar o website a qualquer momento; ou (b) que a sua utiliza\u00e7\u00e3o do website ser\u00e1 cont\u00ednua, ininterrupta, segura ou isenta de erros. <\/p>\n\n\n\n<p>Voc\u00ea reconhece que o site pode n\u00e3o estar dispon\u00edvel para uso de tempos em tempos, e que voc\u00ea pode ser desconectado do seu uso do site a qualquer momento por qualquer motivo, incluindo se:<\/p>\n\n\n\n<p>a) Ocorram dificuldades de liga\u00e7\u00e3o \u00e0 rede; b) Os sistemas que prestam esses servi\u00e7os n\u00e3o est\u00e3o dispon\u00edveis por qualquer motivo (inclusive para que a manuten\u00e7\u00e3o possa ser executada); (c) violar qualquer um destes Termos de Utiliza\u00e7\u00e3o; ou (d) decidirmos encerrar, suspender ou bloquear o seu acesso ao site por qualquer motivo.   <\/p>\n\n\n\n<p>N\u00e3o garantimos a fiabilidade ou outro desempenho do website. O desempenho do site depende de v\u00e1rios fatores, incluindo as fun\u00e7\u00f5es, capacidade e configura\u00e7\u00e3o do seu pr\u00f3prio dispositivo habilitado para internet (que \u00e9 compat\u00edvel com o site e tem uma conex\u00e3o de internet atual e funcional), a velocidade de sua conex\u00e3o com a internet e o n\u00famero de usu\u00e1rios que acessam os sistemas que suportam o site. <\/p>\n\n\n\n<p>As informa\u00e7\u00f5es dispon\u00edveis atrav\u00e9s do site est\u00e3o sujeitas a atualiza\u00e7\u00f5es de tempos em tempos e, embora nosso objetivo seja garantir que estejam atualizadas, pode haver atrasos, erros ou omiss\u00f5es que podem afetar sua atualidade ou precis\u00e3o. Assim, n\u00e3o podemos e n\u00e3o garantimos que as informa\u00e7\u00f5es que voc\u00ea obt\u00e9m atrav\u00e9s do site s\u00e3o ou ser\u00e3o atuais, completas ou precisas em todos os momentos. Voc\u00ea reconhece e concorda que far\u00e1 suas pr\u00f3prias consultas para determinar se as informa\u00e7\u00f5es que voc\u00ea obt\u00e9m atrav\u00e9s do site s\u00e3o atuais, completas e precisas antes de us\u00e1-lo. N\u00e3o somos respons\u00e1veis por quaisquer responsabilidades, perdas, danos, custos e despesas (incluindo custos e despesas legais, independentemente de incorridos ou atribu\u00eddos) decorrentes de contrato, ato il\u00edcito (incluindo neglig\u00eancia) ou de outra forma que voc\u00ea sofra ou incorra como resultado de sua falha em cumprir este par\u00e1grafo.   <\/p>\n\n\n\n<h2 class=\"wp-block-heading\" id=\"Software-licences\">Licen\u00e7as de software<\/h2>\n\n\n\n<p>Na medida em que qualquer software \u00e9 disponibilizado ou fornecido a voc\u00ea neste site, concedemos-lhe uma licen\u00e7a n\u00e3o exclusiva, limitada e pessoal para baixar e usar o software apenas para seu pr\u00f3prio uso pessoal e n\u00e3o comercial. Todos os direitos, incluindo os direitos de propriedade intelectual sobre o software, permanecem nossa propriedade ou propriedade dos licenciantes ou propriet\u00e1rios relevantes do software e, exceto conforme permitido por lei, voc\u00ea n\u00e3o pode fazer engenharia reversa, descompilar, modificar ou adulterar o software. <\/p>\n\n\n\n<h2 class=\"wp-block-heading\" id=\"Limitation-of-Liability\">Limita\u00e7\u00e3o de Responsabilidade<\/h2>\n\n\n\n<p>Em nenhum caso a bolttech ser\u00e1 respons\u00e1vel por quaisquer danos, incluindo danos diretos ou indiretos, especiais, incidentais ou consequenciais, perdas ou despesas decorrentes em conex\u00e3o com este site ou uso do mesmo ou incapacidade de uso por quaisquer partes, ou em conex\u00e3o com qualquer falha de desempenho, erro, omiss\u00e3o, interrup\u00e7\u00e3o, defeito, atraso na opera\u00e7\u00e3o ou transmiss\u00e3o, v\u00edrus de computador ou falha de linha ou sistema,  Mesmo que a Bolttech, ou seus representantes, sejam avisados da possibilidade de tais danos, perdas ou despesas. As hiperliga\u00e7\u00f5es para outros recursos da Internet s\u00e3o utilizadas por sua conta e risco; O conte\u00fado, a precis\u00e3o, as opini\u00f5es expressas e outros links fornecidos por esses recursos n\u00e3o s\u00e3o investigados, verificados, monitorados ou endossados pela Bolttech. <\/p>\n\n\n\n<h2 class=\"wp-block-heading\" id=\"Links-to-Third-Party-Websites\">Links para sites de terceiros<\/h2>\n\n\n\n<p>Existem links para sites de terceiros que n\u00e3o s\u00e3o controlados pela bolttech. A Bolttech n\u00e3o deve ser considerada como garantindo ou endossando o conte\u00fado em sites de terceiros, e n\u00e3o deve ser de forma alguma respons\u00e1vel pelo conte\u00fado desses sites. A Bolttech tamb\u00e9m n\u00e3o ser\u00e1 respons\u00e1vel por quaisquer danos ou perdas incorridas ou sofridas por voc\u00ea, decorrentes ou em conex\u00e3o com o seu uso de sites de terceiros.  <\/p>\n\n\n\n<h2 class=\"wp-block-heading\" id=\"Submission-of-Information\">Apresenta\u00e7\u00e3o de informa\u00e7\u00f5es<\/h2>\n\n\n\n<p>Todas as informa\u00e7\u00f5es enviadas \u00e0 bolttech atrav\u00e9s deste site ser\u00e3o consideradas e permanecer\u00e3o propriedade da bolttech e a bolttech ser\u00e1 livre para usar, para quaisquer fins, quaisquer ideias, conceitos, know-how ou t\u00e9cnicas contidas nas informa\u00e7\u00f5es fornecidas por um visitante da bolttech atrav\u00e9s deste site. A Bolttech n\u00e3o estar\u00e1 sujeita a quaisquer obriga\u00e7\u00f5es de confidencialidade em rela\u00e7\u00e3o \u00e0s informa\u00e7\u00f5es enviadas, exceto conforme acordado com a Bolttech tendo o relacionamento direto com o cliente ou conforme especificamente acordado ou exigido por lei. <\/p>\n\n\n\n<h2 class=\"wp-block-heading\" id=\"Internet-Communications\">Comunica\u00e7\u00f5es via Internet<\/h2>\n\n\n\n<p>N\u00e3o \u00e9 poss\u00edvel garantir que as mensagens enviadas pela Internet sejam completamente seguras. bolttech n\u00e3o ser\u00e1 respons\u00e1vel por quaisquer danos incorridos pelos usu\u00e1rios se eles enviarem uma mensagem para bolttech, ou se bolttech enviar uma mensagem para eles a seu pedido, atrav\u00e9s da Internet. A Bolttech n\u00e3o \u00e9 respons\u00e1vel de forma alguma por danos diretos, indiretos, especiais ou consequenciais decorrentes do uso deste site.  <\/p>\n\n\n\n<p>As comunica\u00e7\u00f5es atrav\u00e9s da Internet podem estar sujeitas a interrup\u00e7\u00e3o, apag\u00e3o de transmiss\u00e3o, transmiss\u00e3o atrasada devido ao tr\u00e1fego da Internet ou transmiss\u00e3o de dados incorreta devido \u00e0 natureza p\u00fablica da Internet ou de outra forma.<\/p>\n\n<\/div>\n            <\/div>\n        <\/div>\n    <\/div>\n\n<\/section>\n","protected":false},"excerpt":{"rendered":"","protected":false},"author":4,"featured_media":0,"parent":0,"menu_order":0,"comment_status":"closed","ping_status":"closed","template":"","meta":{"_acf_changed":false,"footnotes":""},"class_list":["post-39630","page","type-page","status-publish","hentry"],"acf":[],"_links":{"self":[{"href":"https:\/\/bolttech.io\/pt-pt\/wp-json\/wp\/v2\/pages\/39630","targetHints":{"allow":["GET"]}}],"collection":[{"href":"https:\/\/bolttech.io\/pt-pt\/wp-json\/wp\/v2\/pages"}],"about":[{"href":"https:\/\/bolttech.io\/pt-pt\/wp-json\/wp\/v2\/types\/page"}],"author":[{"embeddable":true,"href":"https:\/\/bolttech.io\/pt-pt\/wp-json\/wp\/v2\/users\/4"}],"replies":[{"embeddable":true,"href":"https:\/\/bolttech.io\/pt-pt\/wp-json\/wp\/v2\/comments?post=39630"}],"version-history":[{"count":0,"href":"https:\/\/bolttech.io\/pt-pt\/wp-json\/wp\/v2\/pages\/39630\/revisions"}],"wp:attachment":[{"href":"https:\/\/bolttech.io\/pt-pt\/wp-json\/wp\/v2\/media?parent=39630"}],"curies":[{"name":"wp","href":"https:\/\/api.w.org\/{rel}","templated":true}]}}