{"id":39618,"date":"2025-06-12T15:10:08","date_gmt":"2025-06-12T07:10:08","guid":{"rendered":"https:\/\/bolttech.io\/atendimento-ao-cliente\/"},"modified":"2025-09-01T16:39:55","modified_gmt":"2025-09-01T08:39:55","slug":"atendimento-ao-cliente","status":"publish","type":"page","link":"https:\/\/bolttech.io\/pt-pt\/atendimento-ao-cliente\/","title":{"rendered":"Atendimento ao Cliente"},"content":{"rendered":"<!-- Hidden input -->\n\n    <input type=\"hidden\" id=\"geo-country\" value=\"[geot_country_name default=&quot;&quot;]\" data-country=\"[geot_country_name default=&quot;&quot;]\" >\n    <!-- <input type=\"hidden\" id=\"geo-country\" value=\"Hong Kong\"> -->\n\n<section id=\"block_9036e2ed42f1b5541e8792e7c6156955\"       class=\"bl-first-element bl-last-element bl-secondary-hero hp-bg-brand-black bl-section-element bl-secondary-hero_support-hero\"\n      style=\"background:var(--wp--preset--color--white)\">\n\n    <div class=\"bl-secondary-hero__container\">\n        <div class=\"bl-secondary-hero__head bl-animate-text\"><h3 class=\"bl-eyebrow\">Procura apoio ao cliente?<\/h3><h2 class=\"h1\">Solicitar Servi\u00e7o de prote\u00e7\u00e3o e seguro<\/h2><div class=\"bl-secondary-hero__head-filter\"><label for=\"secondary-hero-filter\">Choose your country<\/label><select id=\"secondary-hero-filter\" data-geo-autoselect=\"true\"><option value=\"block_9036e2ed42f1b5541e8792e7c6156955-1\">\u00c1ustria<\/option><option value=\"block_9036e2ed42f1b5541e8792e7c6156955-2\">Hong Kong<\/option><option value=\"block_9036e2ed42f1b5541e8792e7c6156955-3\">Indon\u00e9sia<\/option><option value=\"block_9036e2ed42f1b5541e8792e7c6156955-4\">Irlanda<\/option><option value=\"block_9036e2ed42f1b5541e8792e7c6156955-5\">It\u00e1lia<\/option><option value=\"block_9036e2ed42f1b5541e8792e7c6156955-6\">Mal\u00e1sia<\/option><option value=\"block_9036e2ed42f1b5541e8792e7c6156955-7\">Filipinas<\/option><option value=\"block_9036e2ed42f1b5541e8792e7c6156955-8\">Coreia do Sul<\/option><option value=\"block_9036e2ed42f1b5541e8792e7c6156955-9\">Taiwan<\/option><option value=\"block_9036e2ed42f1b5541e8792e7c6156955-10\">Tail\u00e2ndia<\/option><option value=\"block_9036e2ed42f1b5541e8792e7c6156955-11\">Vietname<\/option><\/select><\/div><\/div>\n\n                    <div class=\"bl-secondary-hero__support-hero\">\n                <img loading=\"lazy\" decoding=\"async\" width=\"768\" height=\"586\" src=\"https:\/\/bolttech.io\/wp-content\/uploads\/2024\/09\/bt-customer-support-768x586.avif\" class=\"attachment-medium_large size-medium_large\" alt=\"\" srcset=\"https:\/\/bolttech.io\/wp-content\/uploads\/2024\/09\/bt-customer-support-768x586.avif 768w, https:\/\/bolttech.io\/wp-content\/uploads\/2024\/09\/bt-customer-support-300x229.avif 300w, https:\/\/bolttech.io\/wp-content\/uploads\/2024\/09\/bt-customer-support-1024x782.avif 1024w, https:\/\/bolttech.io\/wp-content\/uploads\/2024\/09\/bt-customer-support-1536x1173.avif 1536w, https:\/\/bolttech.io\/wp-content\/uploads\/2024\/09\/bt-customer-support.avif 1928w\" sizes=\"auto, (max-width: 768px) 100vw, 768px\" \/>                    <div class=\"bl-secondary-hero__support-hero-caption h6\">\n                        Obtenha suporte para o seu seguro ou plano de prote\u00e7\u00e3o de dispositivos                    <\/div>\n                            <\/div>\n            <\/div>\n\n    \n                    <div id=\"block_9036e2ed42f1b5541e8792e7c6156955-1\"\n                     class=\"bl-container-wide bl-secondary-hero__support-hero-container active\">\n\n                                            <div class=\"bl-secondary-hero__support-hero-item\">\n                            <div class=\"bl-secondary-hero__support-hero-item-head\"><h2 class=\"h5\">Prote\u00e7\u00e3o de dispositivos<\/h2><div class=\"bl-secondary-hero__support-hero-item-head-description\"><p><a href=\"tel:\/\/+43660303700\">+43 660 303 700 (Direkttausch)<\/a><br \/>\n<a href=\"tel:\/\/+431206092917\">+43 1 206 092 917 (Alemanha)<\/a><br \/>\n<a href=\"mailto:kontakt@bolttech.at\">kontakt@bolttech.at<\/a><\/p>\n<\/div><a class=\"bl-btn bl-btn_primary-dark\" href=\"https:\/\/www.drei.at\/de\/privat\/produkte-und-services\/drei-direkttausch\/\" target=\"_blank\" aria-label=\"Drei\" rel=\"noopener\"><span>Drei<\/span><\/a><\/div>                        <\/div>\n                    \n                <\/div>\n                                <div id=\"block_9036e2ed42f1b5541e8792e7c6156955-2\"\n                     class=\"bl-container-wide bl-secondary-hero__support-hero-container\">\n\n                                            <div class=\"bl-secondary-hero__support-hero-item\">\n                            <div class=\"bl-secondary-hero__support-hero-item-head\"><h2 class=\"h5\">corretor bolttech<\/h2><div class=\"bl-secondary-hero__support-hero-item-head-description\"><p><a href=\"tel:\/\/+85258033558\">+852 5803 3558<\/a><br \/>\n<a href=\"mailto:broker.cs@bolttech.hk\">broker.cs@bolttech.hk<\/a><\/p>\n<\/div><a class=\"bl-btn bl-btn_primary-dark\" href=\"https:\/\/broker.bolttech.hk\/en\" aria-label=\"Visite o s\u00edtio Web\" target=\"_blank\" rel=\"noopener\"><span>Visite o s\u00edtio Web<\/span><\/a><\/div>                        <\/div>\n                                            <div class=\"bl-secondary-hero__support-hero-item\">\n                            <div class=\"bl-secondary-hero__support-hero-item-head\"><h2 class=\"h5\">Prote\u00e7\u00e3o de dispositivos<\/h2><div class=\"bl-secondary-hero__support-hero-item-head-description\"><p><a href=\"tel:\/\/+85258032496\">+852 5803 2496<\/a><br \/>\ndevice.support@bolttech.hk<\/p>\n<\/div><a class=\"bl-btn bl-btn_primary-dark\" href=\"https:\/\/device.bolttech.hk\/\" aria-label=\"Portal do cliente Bolttech\" target=\"_blank\" rel=\"noopener\"><span>Portal do cliente Bolttech<\/span><\/a><\/div>                        <\/div>\n                                            <div class=\"bl-secondary-hero__support-hero-item\">\n                            <div class=\"bl-secondary-hero__support-hero-item-head\"><h2 class=\"h5\">bolttech Seguros<\/h2><div class=\"bl-secondary-hero__support-hero-item-head-description\"><p><a href=\"tel:\/\/+85226039435\">+852 2603 9435<\/a><br \/>\ncs.hk@bolttechinsurance.com<\/p>\n<\/div><a class=\"bl-btn bl-btn_primary-dark\" href=\"https:\/\/bolttechinsurance.hk\/en\/\" aria-label=\"Visite o s\u00edtio Web\" target=\"_blank\" rel=\"noopener\"><span>Visite o s\u00edtio Web<\/span><\/a><\/div>                        <\/div>\n                    \n                <\/div>\n                                <div id=\"block_9036e2ed42f1b5541e8792e7c6156955-3\"\n                     class=\"bl-container-wide bl-secondary-hero__support-hero-container\">\n\n                                            <div class=\"bl-secondary-hero__support-hero-item\">\n                            <div class=\"bl-secondary-hero__support-hero-item-head\"><h2 class=\"h5\">Prote\u00e7\u00e3o de dispositivos<\/h2><div class=\"bl-secondary-hero__support-hero-item-head-description\"><p><a href=\"http:\/\/sr.bolttech.asia\/hcid\/login.php\" target=\"_blank\" rel=\"noopener\">Cr\u00e9dito<\/a><\/p>\n<p> \u00e0 habita\u00e7\u00e3o<a href=\"https:\/\/device.bolttech.id\/service-request\" target=\"_blank\" rel=\"noopener\">Portal do cliente Bolttech<\/a><\/p>\n<\/div><\/div>                        <\/div>\n                    \n                <\/div>\n                                <div id=\"block_9036e2ed42f1b5541e8792e7c6156955-4\"\n                     class=\"bl-container-wide bl-secondary-hero__support-hero-container\">\n\n                                            <div class=\"bl-secondary-hero__support-hero-item\">\n                            <div class=\"bl-secondary-hero__support-hero-item-head\"><h2 class=\"h5\">Prote\u00e7\u00e3o de dispositivos<\/h2><div class=\"bl-secondary-hero__support-hero-item-head-description\"><p><a href=\"tel:\/\/+35315569772\">+353 1556 9772<\/a><br \/>\n<a href=\"mailto:contact@bolttech.ie\">contact@bolttech.ie<\/a><\/p>\n<\/div><\/div>                        <\/div>\n                    \n                <\/div>\n                                <div id=\"block_9036e2ed42f1b5541e8792e7c6156955-5\"\n                     class=\"bl-container-wide bl-secondary-hero__support-hero-container\">\n\n                                            <div class=\"bl-secondary-hero__support-hero-item\">\n                            <div class=\"bl-secondary-hero__support-hero-item-head\"><h2 class=\"h5\">Prote\u00e7\u00e3o de dispositivos<\/h2><div class=\"bl-secondary-hero__support-hero-item-head-description\"><p><a href=\"https:\/\/windtre-device.bolttech.it\/reload\" target=\"_blank\" rel=\"noopener\">WindTre<\/a><\/p>\n<p><a href=\"https:\/\/device.bolttech.eu\/it\/\" target=\"_blank\" rel=\"noopener\">Outros parceiros da bolttech<\/a><\/p>\n<\/div><a class=\"bl-btn bl-btn_primary-dark\" href=\"mailto:contact@bolttech.it\" aria-label=\"contact@bolttech.it\"><span>contact@bolttech.it<\/span><\/a><\/div>                        <\/div>\n                    \n                <\/div>\n                                <div id=\"block_9036e2ed42f1b5541e8792e7c6156955-6\"\n                     class=\"bl-container-wide bl-secondary-hero__support-hero-container\">\n\n                                            <div class=\"bl-secondary-hero__support-hero-item\">\n                            <div class=\"bl-secondary-hero__support-hero-item-head\"><h2 class=\"h5\">Prote\u00e7\u00e3o de dispositivos<\/h2><div class=\"bl-secondary-hero__support-hero-item-head-description\"><p><a href=\"https:\/\/device.bolttech.my\/service-request\/?lang=BM\" target=\"_blank\" rel=\"noopener\">Digi<\/a><\/p>\n<p><a href=\"https:\/\/device.bolttech.my\/service-request\/?lang=BM\" target=\"_blank\" rel=\"noopener\"><\/p>\n<p> TM<\/a><a href=\"https:\/\/device.bolttech.my\/service-request\/?lang=BM\" target=\"_blank\" rel=\"noopener\">Portal do cliente Bolttech<\/a><\/p>\n<\/div><\/div>                        <\/div>\n                    \n                <\/div>\n                                <div id=\"block_9036e2ed42f1b5541e8792e7c6156955-7\"\n                     class=\"bl-container-wide bl-secondary-hero__support-hero-container\">\n\n                                            <div class=\"bl-secondary-hero__support-hero-item\">\n                            <div class=\"bl-secondary-hero__support-hero-item-head\"><h2 class=\"h5\">Prote\u00e7\u00e3o de dispositivos<\/h2><div class=\"bl-secondary-hero__support-hero-item-head-description\"><p><a href=\"https:\/\/homecredit.device.bolttech.ph\/service-request\/\" target=\"_blank\" rel=\"noopener\">Cr\u00e9dito<\/a><\/p>\n<p> \u00e0 habita\u00e7\u00e3o<a href=\"https:\/\/device.bolttech.ph\/service-request\/\" target=\"_blank\" rel=\"noopener\">Portal do cliente Bolttech<\/a><\/p>\n<\/div><\/div>                        <\/div>\n                    \n                <\/div>\n                                <div id=\"block_9036e2ed42f1b5541e8792e7c6156955-8\"\n                     class=\"bl-container-wide bl-secondary-hero__support-hero-container\">\n\n                                            <div class=\"bl-secondary-hero__support-hero-item\">\n                            <div class=\"bl-secondary-hero__support-hero-item-head\"><h2 class=\"h5\">Prote\u00e7\u00e3o de dispositivos<\/h2><div class=\"bl-secondary-hero__support-hero-item-head-description\"><p><a href=\"mailto:device-support@bolttech.kr\">device-support@bolttech.kr<\/a><\/p>\n<\/div><a class=\"bl-btn bl-btn_primary-dark\" href=\"https:\/\/uplus.bolttech.kr\/kr\/enrolment\" aria-label=\"LG U+\" target=\"_blank\" rel=\"noopener\"><span>LG U+<\/span><\/a><\/div>                        <\/div>\n                    \n                <\/div>\n                                <div id=\"block_9036e2ed42f1b5541e8792e7c6156955-9\"\n                     class=\"bl-container-wide bl-secondary-hero__support-hero-container\">\n\n                                            <div class=\"bl-secondary-hero__support-hero-item\">\n                            <div class=\"bl-secondary-hero__support-hero-item-head\"><h2 class=\"h5\">Seguros<\/h2><div class=\"bl-secondary-hero__support-hero-item-head-description\"><p><a href=\"tel:\/\/+886266041121\">+886 2 6604 1121<\/a><\/p>\n<p><a href=\"mailto:exchange.cs@bolttech.tw\">exchange.cs@bolttech.tw<\/a><\/p>\n<\/div><a class=\"bl-btn bl-btn_primary-dark\" href=\"https:\/\/broker.bolttech.tw\/\" aria-label=\"bolttech Taiwan site corretor\" target=\"_blank\" rel=\"noopener\"><span>bolttech Taiwan site corretor<\/span><\/a><\/div>                        <\/div>\n                                            <div class=\"bl-secondary-hero__support-hero-item\">\n                            <div class=\"bl-secondary-hero__support-hero-item-head\"><h2 class=\"h5\">Prote\u00e7\u00e3o de dispositivos<\/h2><div class=\"bl-secondary-hero__support-hero-item-head-description\"><p><a href=\"tel:\/\/+886266041125\">+886 2 6604 1125<\/a><\/p>\n<\/div><\/div>                        <\/div>\n                    \n                <\/div>\n                                <div id=\"block_9036e2ed42f1b5541e8792e7c6156955-10\"\n                     class=\"bl-container-wide bl-secondary-hero__support-hero-container\">\n\n                                            <div class=\"bl-secondary-hero__support-hero-item\">\n                            <div class=\"bl-secondary-hero__support-hero-item-head\"><h2 class=\"h5\">Seguros<\/h2><div class=\"bl-secondary-hero__support-hero-item-head-description\"><p><a href=\"tel:\/\/+6621065800%5D\">+66 2 106 5800<\/a><\/p>\n<p><a href=\"mailto:support@bolttech.co.th\">support@bolttech.co.th<\/a><\/p>\n<\/div><a class=\"bl-btn bl-btn_primary-dark\" href=\"https:\/\/line.me\/R\/ti\/p\/%40eak4042f\" aria-label=\"Contacte-nos on-line\" target=\"_blank\" rel=\"noopener\"><span>Contacte-nos on-line<\/span><\/a><\/div>                        <\/div>\n                                            <div class=\"bl-secondary-hero__support-hero-item\">\n                            <div class=\"bl-secondary-hero__support-hero-item-head\"><h2 class=\"h5\">Prote\u00e7\u00e3o de dispositivos<\/h2><div class=\"bl-secondary-hero__support-hero-item-head-description\"><\/div><a class=\"bl-btn bl-btn_primary-dark\" href=\"https:\/\/device.bolttech.co.th\/\" aria-label=\"Portal do cliente Bolttech\" target=\"_blank\" rel=\"noopener\"><span>Portal do cliente Bolttech<\/span><\/a><\/div>                        <\/div>\n                    \n                <\/div>\n                                <div id=\"block_9036e2ed42f1b5541e8792e7c6156955-11\"\n                     class=\"bl-container-wide bl-secondary-hero__support-hero-container\">\n\n                                            <div class=\"bl-secondary-hero__support-hero-item\">\n                            <div class=\"bl-secondary-hero__support-hero-item-head\"><h2 class=\"h5\">Seguros<\/h2><div class=\"bl-secondary-hero__support-hero-item-head-description\"><p>Bolttech Insurance Brokerage Joint Stock Company<\/p>\n<p><strong>Sede:<\/strong><br \/>\nUnidade 3A, 11\u00ba andar, Harec Building<br \/>\n4A Lang Ha Street, Giang Vo Ward<br \/>\nHan\u00f3i<br \/>\nTel: +84 24 7108 0668<br \/>\n<strong><br \/>\nFilial em Hochiminh City:<\/strong><br \/>\n3rd Floor \u2013 An Khanh Building<br \/>\n63 Pham Ngoc Thach Street, Xuan Hoa Ward<br \/>\nHo Chi Minh City<br \/>\nTel: +84 24 7108 0668<\/p>\n<\/div><\/div>                        <\/div>\n                                            <div class=\"bl-secondary-hero__support-hero-item\">\n                            <div class=\"bl-secondary-hero__support-hero-item-head\"><h2 class=\"h5\">Prote\u00e7\u00e3o de dispositivos<\/h2><div class=\"bl-secondary-hero__support-hero-item-head-description\"><p><a href=\"https:\/\/www.tecprotec.co\/vn\/portal\" target=\"_blank\" rel=\"noopener\">Cr\u00e9dito<\/a><\/p>\n<p> \u00e0 habita\u00e7\u00e3o<a href=\"https:\/\/device.bolttech.vn\/service-request\" target=\"_blank\" rel=\"noopener\">Portal do cliente Bolttech<\/a><\/p>\n<\/div><\/div>                        <\/div>\n                    \n                <\/div>\n                \n<\/section>\n\n\n","protected":false},"excerpt":{"rendered":"","protected":false},"author":2,"featured_media":0,"parent":0,"menu_order":0,"comment_status":"closed","ping_status":"closed","template":"","meta":{"_acf_changed":false,"footnotes":""},"class_list":["post-39618","page","type-page","status-publish","hentry"],"acf":[],"_links":{"self":[{"href":"https:\/\/bolttech.io\/pt-pt\/wp-json\/wp\/v2\/pages\/39618","targetHints":{"allow":["GET"]}}],"collection":[{"href":"https:\/\/bolttech.io\/pt-pt\/wp-json\/wp\/v2\/pages"}],"about":[{"href":"https:\/\/bolttech.io\/pt-pt\/wp-json\/wp\/v2\/types\/page"}],"author":[{"embeddable":true,"href":"https:\/\/bolttech.io\/pt-pt\/wp-json\/wp\/v2\/users\/2"}],"replies":[{"embeddable":true,"href":"https:\/\/bolttech.io\/pt-pt\/wp-json\/wp\/v2\/comments?post=39618"}],"version-history":[{"count":0,"href":"https:\/\/bolttech.io\/pt-pt\/wp-json\/wp\/v2\/pages\/39618\/revisions"}],"wp:attachment":[{"href":"https:\/\/bolttech.io\/pt-pt\/wp-json\/wp\/v2\/media?parent=39618"}],"curies":[{"name":"wp","href":"https:\/\/api.w.org\/{rel}","templated":true}]}}