{"id":39604,"date":"2025-06-12T15:04:50","date_gmt":"2025-06-12T07:04:50","guid":{"rendered":"https:\/\/bolttech.io\/politica-de-cookies\/"},"modified":"2025-06-12T15:04:50","modified_gmt":"2025-06-12T07:04:50","slug":"politica-de-cookies","status":"publish","type":"page","link":"https:\/\/bolttech.io\/pt-pt\/politica-de-cookies\/","title":{"rendered":"Pol\u00edtica de Cookies"},"content":{"rendered":"<!-- Hidden input -->\n\n    <input type=\"hidden\" id=\"geo-country\" value=\"[geot_country_name default=&quot;&quot;]\" data-country=\"[geot_country_name default=&quot;&quot;]\" >\n    <!-- <input type=\"hidden\" id=\"geo-country\" value=\"Hong Kong\"> -->\n\n<section id=\"block_92230fc6ee758a786c039ea14cb1471a\"       class=\"bl-first-element bl-secondary-hero hp-bg-brand-black bl-section-element bl-secondary-hero_centered-content bl-secondary-hero_shapes-animation\"\n      style=\"background:var(--wp--preset--color--white)\">\n\n    <div class=\"bl-secondary-hero__container\">\n        <div class=\"bl-secondary-hero__head bl-animate-text\"><h2 class=\"h2\">Pol\u00edtica de Cookies<\/h2><\/div>\n\n            <\/div>\n\n                <div class=\"shape-left-1\"><\/div>\n            <div class=\"shape-left-2\"><\/div>\n\n            <div class=\"shape-right-1\"><\/div>\n            <div class=\"shape-right-2\"><\/div>\n        \n    \n<\/section>\n\n\n\n<section id=\"block_41b8a4ea3ee475ae500b234a140243d6\"\n         class=\"bl-last-element bl-sticky-sidebar hp-bg-brand-black bl-section-element\">\n\n    <div class=\"bl-container-wide\">\n        <div class=\"bl-sticky-sidebar__content\">\n                            <div class=\"bl-sticky-sidebar__sidebar\">\n                    <div class=\"bl-sticky-sidebar__bar\">\n                        <div class=\"bl-sticky-sidebar__bar-links\">\n                                                            <div class=\"bl-sticky-sidebar__bar-heading\">\n                                    Navegar                                <\/div>\n                            \n                                                            <div class=\"bl-sticky-sidebar__nav\">\n                                                                                <a href=\"#cookie-policy\"\n                                               target=\"_self\"\n                                               class=\"bl-sticky-sidebar__nav-link\">\n                                                Cookie Policy                                            <\/a>\n                                                                                    <a href=\"#cookie-settings\"\n                                               target=\"_self\"\n                                               class=\"bl-sticky-sidebar__nav-link\">\n                                                Manage your cookie settings                                            <\/a>\n                                                                                    <a href=\"#cookie-list\"\n                                               target=\"_self\"\n                                               class=\"bl-sticky-sidebar__nav-link\">\n                                                Cookie list                                            <\/a>\n                                                                                    <a href=\"#netlify\"\n                                               target=\"_self\"\n                                               class=\"bl-sticky-sidebar__nav-link\">\n                                                Netlify                                            <\/a>\n                                                                        <\/div>\n                                                    <\/div>\n                    <\/div>\n                <\/div>\n            \n            <div class=\"bl-sticky-sidebar__textual\">\n                <div class=\"acf-innerblocks-container\">\n\n<p><em><strong>janeiro <\/strong><\/em><strong><em>202<\/em>2<\/strong><\/p>\n\n\n\n<p id=\"cookie-policy\"><strong>POL\u00cdTICA DE COOKIES<\/strong><br\/>Nosso site usa cookies para distingui-lo de outros usu\u00e1rios do nosso site. Isto ajuda-nos a proporcionar-lhe uma boa experi\u00eancia quando navega no nosso website e tamb\u00e9m nos permite melhorar o nosso site. <\/p>\n\n\n\n<p id=\"cookie-settings\"><strong>GERIR AS SUAS DEFINI\u00c7\u00d5ES DE COOKIES<\/strong><br\/>As configura\u00e7\u00f5es de cookies neste site s\u00e3o gerenciadas por um plug-in de terceiros. Por favor, atualize a p\u00e1gina se clicar no bot\u00e3o \u201cConfigura\u00e7\u00f5es de cookies\u201d abaixo, mas a janela do Centro de Prefer\u00eancias de Privacidade n\u00e3o aparece. <\/p>\n\n\n\n<button class=\"ot-sdk-show-settings\">Defini\u00e7\u00f5es de Cookies<\/button>\n\n\n\n<p id=\"cookie-list\"><\/p>\n\n\n\n<div id=\"ot-sdk-cookie-policy\"><\/div>\n\n\n\n<p id=\"netlify\"><strong>NETLIFY<\/strong><br\/>A Netlify usa cookies para rastrear qual variante de p\u00e1gina voc\u00ea viu, para rastrear se voc\u00ea clicou em uma variante de p\u00e1gina, para monitorar padr\u00f5es de tr\u00e1fego e para avaliar a popularidade das op\u00e7\u00f5es de servi\u00e7o. Pode bloquear os cookies ativando a defini\u00e7\u00e3o no seu navegador que lhe permite recusar a defini\u00e7\u00e3o de todos ou alguns cookies. No entanto, se utilizar as defini\u00e7\u00f5es do seu navegador para bloquear todos os cookies (incluindo cookies essenciais), poder\u00e1 n\u00e3o conseguir aceder \u00e0 totalidade ou a partes do nosso website.  <\/p>\n\n<\/div>\n            <\/div>\n        <\/div>\n    <\/div>\n\n<\/section>\n","protected":false},"excerpt":{"rendered":"","protected":false},"author":2,"featured_media":0,"parent":0,"menu_order":0,"comment_status":"closed","ping_status":"open","template":"","meta":{"_acf_changed":false,"footnotes":""},"class_list":["post-39604","page","type-page","status-publish","hentry"],"acf":[],"_links":{"self":[{"href":"https:\/\/bolttech.io\/pt-pt\/wp-json\/wp\/v2\/pages\/39604","targetHints":{"allow":["GET"]}}],"collection":[{"href":"https:\/\/bolttech.io\/pt-pt\/wp-json\/wp\/v2\/pages"}],"about":[{"href":"https:\/\/bolttech.io\/pt-pt\/wp-json\/wp\/v2\/types\/page"}],"author":[{"embeddable":true,"href":"https:\/\/bolttech.io\/pt-pt\/wp-json\/wp\/v2\/users\/2"}],"replies":[{"embeddable":true,"href":"https:\/\/bolttech.io\/pt-pt\/wp-json\/wp\/v2\/comments?post=39604"}],"version-history":[{"count":0,"href":"https:\/\/bolttech.io\/pt-pt\/wp-json\/wp\/v2\/pages\/39604\/revisions"}],"wp:attachment":[{"href":"https:\/\/bolttech.io\/pt-pt\/wp-json\/wp\/v2\/media?parent=39604"}],"curies":[{"name":"wp","href":"https:\/\/api.w.org\/{rel}","templated":true}]}}