{"id":39596,"date":"2025-06-12T15:02:44","date_gmt":"2025-06-12T07:02:44","guid":{"rendered":"https:\/\/bolttech.io\/tecnologia-de-prevencao-de-parafusos\/"},"modified":"2025-11-10T23:42:28","modified_gmt":"2025-11-10T15:42:28","slug":"tecnologia-de-prevencao-de-parafusos","status":"publish","type":"page","link":"https:\/\/bolttech.io\/pt-pt\/tecnologia-de-prevencao-de-parafusos\/","title":{"rendered":"Tecnologia de preven\u00e7\u00e3o de parafusos"},"content":{"rendered":"\n<section id=\"block_488de11c4d6f322cd25cf54d0b1cfbbc\"       class=\"bl-first-element bl-bg-image-hero hp-bg-brand-black bl-section-element bl-bg-image-hero_overlay\">\n\n            <picture class=\"bl-bg-image-hero__bg\">\n            <source srcset=\"https:\/\/bolttech.io\/wp-content\/uploads\/2024\/09\/Insurance-entity-setup-1920x1080.jpg\" media=\"(min-width: 1025px)\">\n            <img decoding=\"async\" src=\"https:\/\/bolttech.io\/wp-content\/uploads\/2024\/09\/Insurance-entity-setup-834x566.jpg\"\n                 alt=\"Reduza as perdas de \u00e1gua com preven\u00e7\u00e3o proativa\">\n        <\/picture>\n    \n    \n    <div class=\"bl-bg-image-hero__container\">\n        <div class=\"bl-container-wide\">\n            <div class=\"bl-bg-image-hero__head bl-animate-text\"><h1 class=\"bl-eyebrow\">Tecnologia de preven\u00e7\u00e3o de parafusos<\/h1><h2 class=\"h1\">Reduza as perdas de \u00e1gua com preven\u00e7\u00e3o proativa<\/h2><div class=\"bl-bg-image-hero__head-description\"><p>A Bolt Prevention Technology ajuda as seguradoras e MGAs a reduzir as perdas relacionadas \u00e0 \u00e1gua, integrando dados de sensores em tempo real com a administra\u00e7\u00e3o de ap\u00f3lices e fluxos de trabalho de sinistros.<\/p>\n<\/div><a class=\"bl-btn bl-btn_primary-dark\" href=\"http:\/\/bolttech.io\/pt-pt\/comece-hoje\/\" aria-label=\"Come\u00e7ar\"><span>Come\u00e7ar<\/span><\/a><\/div>        <\/div>\n\n            <\/div>\n\n<\/section>\n\n\n\n\n\n\n\n\n\n<section id=\"block_2114e1a0c1789ae648035f4f1301925f\"       class=\"bl-card-layouts hp-bg-brand-black bl-section-element\"\n      style=\"background:var(--wp--preset--color--white)\">\n\n    <div class=\"bl-card-layouts__container\">\n        <div class=\"bl-card-layouts__head bl-animate-text\"><h2 class=\"h3\">Previna perdas, otimize a subscri\u00e7\u00e3o e proteja os tomadores de seguros.<\/h2><p>Reduza as perdas por danos causados por \u00e1gua antes que elas aconte\u00e7am com monitoramento em tempo real, insights de risco automatizados e integra\u00e7\u00e3o perfeita com a transportadora.<\/p>\n<\/div>            <div class=\"bl-card-layouts__row bl-fade-up-items\">\n                \n<article class=\"bl-card-with-icon bl-card-with-icon_dark\">\n    <div class=\"bl-card-with-icon__media bl-card-with-icon__media_image\"><img loading=\"lazy\" decoding=\"async\" width=\"44\" height=\"44\" src=\"https:\/\/bolttech.io\/wp-content\/uploads\/2024\/09\/Idea-2.svg\" class=\"bl-card-with-icon__media-image\" alt=\"\" \/><\/div><h3 class=\"h5\">Monitoriza\u00e7\u00e3o e alertas em tempo real<\/h3><div><p>Sensores de \u00e1gua conectados detetam vazamentos e alertam segurados e transportadores antes que os danos aumentem.<\/p>\n<\/div><\/article>\n\n<article class=\"bl-card-with-icon bl-card-with-icon_dark\">\n    <div class=\"bl-card-with-icon__media bl-card-with-icon__media_image\"><img loading=\"lazy\" decoding=\"async\" width=\"44\" height=\"44\" src=\"https:\/\/bolttech.io\/wp-content\/uploads\/2024\/10\/Big-data.svg\" class=\"bl-card-with-icon__media-image\" alt=\"\" \/><\/div><h3 class=\"h5\">Suporte de subscri\u00e7\u00e3o orientada por dados<\/h3><div><p>Informa\u00e7\u00f5es acion\u00e1veis ajudam as operadoras a refinar modelos de risco, otimizar pre\u00e7os e melhorar o desempenho das ap\u00f3lices.<\/p>\n<\/div><\/article>\n\n<article class=\"bl-card-with-icon bl-card-with-icon_dark\">\n    <div class=\"bl-card-with-icon__media bl-card-with-icon__media_image\"><img loading=\"lazy\" decoding=\"async\" width=\"44\" height=\"44\" src=\"https:\/\/bolttech.io\/wp-content\/uploads\/2024\/10\/Connection-2.svg\" class=\"bl-card-with-icon__media-image\" alt=\"\" \/><\/div><h3 class=\"h5\">Integra\u00e7\u00e3o de ponta a ponta<\/h3><div><p>A tecnologia de preven\u00e7\u00e3o de parafusos conecta-se perfeitamente com a administra\u00e7\u00e3o de pol\u00edticas e fluxos de trabalho de sinistros existentes.<\/p>\n<\/div><\/article>\n            <\/div>\n            <\/div>\n\n<\/section>\n\n\n\n\n<section id=\"block_3ce1664708084811b61f2f7a9bc05fc9\"       class=\"bl-hover-tabs hp-bg-brand-black bl-section-element\"\n      style=\"background:var(--wp--preset--color--white)\">\n\n    <div class=\"bl-container-wide\">\n        <div class=\"bl-hover-tabs__head bl-animate-text\"><h2 class=\"h3\">Uma forma mais inteligente de mitigar o risco para as seguradoras<\/h2><div class=\"bl-hover-tabs__head-description\"><p>Prevenir perdas antes que elas ocorram \u00e9 um passo cr\u00edtico para melhorar a gest\u00e3o de riscos. A tecnologia de preven\u00e7\u00e3o de parafusos permite que transportadoras e MGAs reduzam perdas, integrando sensores de \u00e1gua habilitados para IoT com fluxos de trabalho de pol\u00edticas. Alertas em tempo real, ferramentas de engajamento automatizadas e integra\u00e7\u00e3o perfeita com a operadora garantem que os segurados permane\u00e7am em conformidade e, ao mesmo tempo, forne\u00e7am \u00e0s seguradoras insights acion\u00e1veis, permitindo-lhes adotar uma abordagem mais inteligente e orientada por dados para a redu\u00e7\u00e3o de riscos.  <\/p>\n<\/div><\/div>\n                    <div class=\"bl-hover-tabs__container\">\n                <div class=\"bl-hover-tabs__panel\">\n                    <div class=\"bl-hover-tabs__panel-row\">\n                                                    <button class=\"bl-hover-tabs__panel-button active\"\n                                    data-id-tab=\"block_3ce1664708084811b61f2f7a9bc05fc9-1\"\n                                    aria-label=\"Reclama\u00e7\u00f5es de perdas de \u00e1gua mais baixas  \">\n                                Reclama\u00e7\u00f5es de perdas de \u00e1gua mais baixas                              <\/button>\n                                                        <button class=\"bl-hover-tabs__panel-button\"\n                                    data-id-tab=\"block_3ce1664708084811b61f2f7a9bc05fc9-2\"\n                                    aria-label=\"Integra\u00e7\u00e3o perfeita com sistemas de transportadora  \">\n                                Integra\u00e7\u00e3o perfeita com sistemas de transportadora                              <\/button>\n                                                        <button class=\"bl-hover-tabs__panel-button\"\n                                    data-id-tab=\"block_3ce1664708084811b61f2f7a9bc05fc9-3\"\n                                    aria-label=\"Ferramentas de envolvimento dos tomadores de seguros  \">\n                                Ferramentas de envolvimento dos tomadores de seguros                              <\/button>\n                                                        <button class=\"bl-hover-tabs__panel-button\"\n                                    data-id-tab=\"block_3ce1664708084811b61f2f7a9bc05fc9-4\"\n                                    aria-label=\"Plataforma flex\u00edvel e independente do dispositivo\">\n                                Plataforma flex\u00edvel e independente do dispositivo                            <\/button>\n                                                <\/div>\n                <\/div>\n\n                                    <div class=\"bl-hover-tabs__content active\"\n                         data-id-content=\"block_3ce1664708084811b61f2f7a9bc05fc9-1\" tabindex=\"-1\">\n\n                        <img loading=\"lazy\" decoding=\"async\" width=\"768\" height=\"512\" src=\"https:\/\/bolttech.io\/wp-content\/uploads\/2025\/03\/Lower-water-loss-claims_alt-768x512.webp\" class=\"bl-hover-tabs__img\" alt=\"\" srcset=\"https:\/\/bolttech.io\/wp-content\/uploads\/2025\/03\/Lower-water-loss-claims_alt-768x512.webp 768w, https:\/\/bolttech.io\/wp-content\/uploads\/2025\/03\/Lower-water-loss-claims_alt-300x200.webp 300w, https:\/\/bolttech.io\/wp-content\/uploads\/2025\/03\/Lower-water-loss-claims_alt-1024x683.webp 1024w, https:\/\/bolttech.io\/wp-content\/uploads\/2025\/03\/Lower-water-loss-claims_alt.webp 1500w\" sizes=\"auto, (max-width: 768px) 100vw, 768px\" \/>                        <div class=\"bl-hover-tabs__section bl-hover-tabs__section_gradient\">\n                                                            <div class=\"h5\">Reduzir a frequ\u00eancia e a gravidade de reclama\u00e7\u00f5es dispendiosas<\/div>\n                                                            <div class=\"bl-hover-tabs__section-description\">\n                                    <p>A tecnologia de preven\u00e7\u00e3o de parafusos provou diminuir a frequ\u00eancia de sinistros de perda de \u00e1gua em 39% e a gravidade em 12%, ajudando as seguradoras a reduzir custos e melhorar a rentabilidade.<\/p>\n                                <\/div>\n                                                    <\/div>\n                    <\/div>\n                                        <div class=\"bl-hover-tabs__content\"\n                         data-id-content=\"block_3ce1664708084811b61f2f7a9bc05fc9-2\" tabindex=\"-1\">\n\n                        <img loading=\"lazy\" decoding=\"async\" width=\"768\" height=\"512\" src=\"https:\/\/bolttech.io\/wp-content\/uploads\/2025\/03\/Seamless-integration-with-carrier-systems-768x512.webp\" class=\"bl-hover-tabs__img\" alt=\"\" srcset=\"https:\/\/bolttech.io\/wp-content\/uploads\/2025\/03\/Seamless-integration-with-carrier-systems-768x512.webp 768w, https:\/\/bolttech.io\/wp-content\/uploads\/2025\/03\/Seamless-integration-with-carrier-systems-300x200.webp 300w, https:\/\/bolttech.io\/wp-content\/uploads\/2025\/03\/Seamless-integration-with-carrier-systems-1024x683.webp 1024w, https:\/\/bolttech.io\/wp-content\/uploads\/2025\/03\/Seamless-integration-with-carrier-systems.webp 1500w\" sizes=\"auto, (max-width: 768px) 100vw, 768px\" \/>                        <div class=\"bl-hover-tabs__section bl-hover-tabs__section_gradient\">\n                                                            <div class=\"h5\">Simplifique os fluxos de trabalho de subscri\u00e7\u00e3o e sinistros<\/div>\n                                                            <div class=\"bl-hover-tabs__section-description\">\n                                    <p>A plataforma se conecta diretamente com a administra\u00e7\u00e3o de pol\u00edticas e sistemas de sinistros, garantindo fluxos de dados em tempo real e melhor avalia\u00e7\u00e3o de riscos.<\/p>\n                                <\/div>\n                                                    <\/div>\n                    <\/div>\n                                        <div class=\"bl-hover-tabs__content\"\n                         data-id-content=\"block_3ce1664708084811b61f2f7a9bc05fc9-3\" tabindex=\"-1\">\n\n                        <img loading=\"lazy\" decoding=\"async\" width=\"768\" height=\"512\" src=\"https:\/\/bolttech.io\/wp-content\/uploads\/2025\/03\/Policyholder-engagement-tools-768x512.webp\" class=\"bl-hover-tabs__img\" alt=\"\" srcset=\"https:\/\/bolttech.io\/wp-content\/uploads\/2025\/03\/Policyholder-engagement-tools-768x512.webp 768w, https:\/\/bolttech.io\/wp-content\/uploads\/2025\/03\/Policyholder-engagement-tools-300x200.webp 300w, https:\/\/bolttech.io\/wp-content\/uploads\/2025\/03\/Policyholder-engagement-tools-1024x683.webp 1024w, https:\/\/bolttech.io\/wp-content\/uploads\/2025\/03\/Policyholder-engagement-tools.webp 1500w\" sizes=\"auto, (max-width: 768px) 100vw, 768px\" \/>                        <div class=\"bl-hover-tabs__section bl-hover-tabs__section_gradient\">\n                                                            <div class=\"h5\">Ajude os clientes a manterem-se em conformidade e a evitar perdas<\/div>\n                                                            <div class=\"bl-hover-tabs__section-description\">\n                                    <p>A Bolt Prevention Technology fornece notifica\u00e7\u00f5es automatizadas e orienta\u00e7\u00e3o para incentivar o uso adequado do sensor, minimizando a n\u00e3o conformidade e dispositivos inativos.<\/p>\n                                <\/div>\n                                                    <\/div>\n                    <\/div>\n                                        <div class=\"bl-hover-tabs__content\"\n                         data-id-content=\"block_3ce1664708084811b61f2f7a9bc05fc9-4\" tabindex=\"-1\">\n\n                        <img loading=\"lazy\" decoding=\"async\" width=\"768\" height=\"512\" src=\"https:\/\/bolttech.io\/wp-content\/uploads\/2025\/03\/Flexible-device-agnostic-platform-768x512.webp\" class=\"bl-hover-tabs__img\" alt=\"\" srcset=\"https:\/\/bolttech.io\/wp-content\/uploads\/2025\/03\/Flexible-device-agnostic-platform-768x512.webp 768w, https:\/\/bolttech.io\/wp-content\/uploads\/2025\/03\/Flexible-device-agnostic-platform-300x200.webp 300w, https:\/\/bolttech.io\/wp-content\/uploads\/2025\/03\/Flexible-device-agnostic-platform-1024x683.webp 1024w, https:\/\/bolttech.io\/wp-content\/uploads\/2025\/03\/Flexible-device-agnostic-platform.webp 1500w\" sizes=\"auto, (max-width: 768px) 100vw, 768px\" \/>                        <div class=\"bl-hover-tabs__section bl-hover-tabs__section_gradient\">\n                                                            <div class=\"h5\">Funciona com v\u00e1rios fornecedores de sensores<\/div>\n                                                            <div class=\"bl-hover-tabs__section-description\">\n                                    <p>As operadoras podem escolher entre uma variedade de parceiros de sensores, permitindo personaliza\u00e7\u00e3o e escalabilidade para se adequar a diferentes perfis de risco.<\/p>\n                                <\/div>\n                                                    <\/div>\n                    <\/div>\n                                <\/div>\n        \n    <\/div>\n\n<\/section>\n\n\n","protected":false},"excerpt":{"rendered":"","protected":false},"author":6,"featured_media":0,"parent":0,"menu_order":0,"comment_status":"closed","ping_status":"closed","template":"","meta":{"_acf_changed":false,"footnotes":""},"class_list":["post-39596","page","type-page","status-publish","hentry"],"acf":[],"_links":{"self":[{"href":"https:\/\/bolttech.io\/pt-pt\/wp-json\/wp\/v2\/pages\/39596","targetHints":{"allow":["GET"]}}],"collection":[{"href":"https:\/\/bolttech.io\/pt-pt\/wp-json\/wp\/v2\/pages"}],"about":[{"href":"https:\/\/bolttech.io\/pt-pt\/wp-json\/wp\/v2\/types\/page"}],"author":[{"embeddable":true,"href":"https:\/\/bolttech.io\/pt-pt\/wp-json\/wp\/v2\/users\/6"}],"replies":[{"embeddable":true,"href":"https:\/\/bolttech.io\/pt-pt\/wp-json\/wp\/v2\/comments?post=39596"}],"version-history":[{"count":0,"href":"https:\/\/bolttech.io\/pt-pt\/wp-json\/wp\/v2\/pages\/39596\/revisions"}],"wp:attachment":[{"href":"https:\/\/bolttech.io\/pt-pt\/wp-json\/wp\/v2\/media?parent=39596"}],"curies":[{"name":"wp","href":"https:\/\/api.w.org\/{rel}","templated":true}]}}