{"id":40419,"date":"2025-07-09T22:49:48","date_gmt":"2025-07-09T14:49:48","guid":{"rendered":"https:\/\/bolttech.io\/technologie-de-prevention-des-boulons\/"},"modified":"2025-11-10T22:33:48","modified_gmt":"2025-11-10T14:33:48","slug":"technologie-de-prevention-des-boulons","status":"publish","type":"page","link":"https:\/\/bolttech.io\/fr\/technologie-de-prevention-des-boulons\/","title":{"rendered":"Technologie de pr\u00e9vention des boulons"},"content":{"rendered":"\n<section id=\"block_f94ecfa22568a0e9305ca0be63a74fd3\"       class=\"bl-first-element bl-bg-image-hero hp-bg-brand-black bl-section-element bl-bg-image-hero_overlay\">\n\n            <picture class=\"bl-bg-image-hero__bg\">\n            <source srcset=\"https:\/\/bolttech.io\/wp-content\/uploads\/2024\/09\/Insurance-entity-setup-1920x1080.jpg\" media=\"(min-width: 1025px)\">\n            <img decoding=\"async\" src=\"https:\/\/bolttech.io\/wp-content\/uploads\/2024\/09\/Insurance-entity-setup-834x566.jpg\"\n                 alt=\"R\u00e9duire les pertes d\u2019eau gr\u00e2ce \u00e0 une pr\u00e9vention proactive\">\n        <\/picture>\n    \n    \n    <div class=\"bl-bg-image-hero__container\">\n        <div class=\"bl-container-wide\">\n            <div class=\"bl-bg-image-hero__head bl-animate-text\"><h1 class=\"bl-eyebrow\">Technologie de pr\u00e9vention des boulons<\/h1><h2 class=\"h1\">R\u00e9duire les pertes d\u2019eau gr\u00e2ce \u00e0 une pr\u00e9vention proactive<\/h2><div class=\"bl-bg-image-hero__head-description\"><p>La technologie de pr\u00e9vention aide les compagnies d\u2019assurance et les agents g\u00e9n\u00e9raux \u00e0 r\u00e9duire les pertes li\u00e9es \u00e0 l\u2019eau en int\u00e9grant les donn\u00e9es des capteurs en temps r\u00e9el \u00e0 l\u2019administration des polices et aux flux de travail des r\u00e9clamations.<\/p>\n<\/div><a class=\"bl-btn bl-btn_primary-dark\" href=\"\/fr\/commencez-2\/\" aria-label=\"Commencez\"><span>Commencez<\/span><\/a><\/div>        <\/div>\n\n            <\/div>\n\n<\/section>\n\n\n\n\n\n\n\n\n\n<section id=\"block_d6b463f0e0bbb6d0e8baa51166d63030\"       class=\"bl-card-layouts hp-bg-brand-black bl-section-element\"\n      style=\"background:var(--wp--preset--color--white)\">\n\n    <div class=\"bl-card-layouts__container\">\n        <div class=\"bl-card-layouts__head bl-animate-text\"><h2 class=\"h3\">Pr\u00e9venez les sinistres, optimisez la souscription et prot\u00e9gez les assur\u00e9s.<\/h2><p>R\u00e9duisez les pertes dues aux d\u00e9g\u00e2ts des eaux avant qu\u2019elles ne se produisent gr\u00e2ce \u00e0 la surveillance en temps r\u00e9el, aux informations automatis\u00e9es sur les risques et \u00e0 l\u2019int\u00e9gration transparente des transporteurs.<\/p>\n<\/div>            <div class=\"bl-card-layouts__row bl-fade-up-items\">\n                \n<article class=\"bl-card-with-icon bl-card-with-icon_dark\">\n    <div class=\"bl-card-with-icon__media bl-card-with-icon__media_image\"><img loading=\"lazy\" decoding=\"async\" width=\"44\" height=\"44\" src=\"https:\/\/bolttech.io\/wp-content\/uploads\/2024\/09\/Idea-2.svg\" class=\"bl-card-with-icon__media-image\" alt=\"\" \/><\/div><h3 class=\"h5\">Surveillance et alertes en temps r\u00e9el<\/h3><div><p>Des capteurs d\u2019eau connect\u00e9s d\u00e9tectent les fuites et alertent les assur\u00e9s et les transporteurs avant que les dommages ne s\u2019aggravent.<\/p>\n<\/div><\/article>\n\n<article class=\"bl-card-with-icon bl-card-with-icon_dark\">\n    <div class=\"bl-card-with-icon__media bl-card-with-icon__media_image\"><img loading=\"lazy\" decoding=\"async\" width=\"44\" height=\"44\" src=\"https:\/\/bolttech.io\/wp-content\/uploads\/2024\/10\/Big-data.svg\" class=\"bl-card-with-icon__media-image\" alt=\"\" \/><\/div><h3 class=\"h5\">Soutien \u00e0 la souscription ax\u00e9e sur les donn\u00e9es<\/h3><div><p>Des informations exploitables aident les assureurs \u00e0 affiner les mod\u00e8les de risque, \u00e0 optimiser la tarification et \u00e0 am\u00e9liorer les performances des polices.<\/p>\n<\/div><\/article>\n\n<article class=\"bl-card-with-icon bl-card-with-icon_dark\">\n    <div class=\"bl-card-with-icon__media bl-card-with-icon__media_image\"><img loading=\"lazy\" decoding=\"async\" width=\"44\" height=\"44\" src=\"https:\/\/bolttech.io\/wp-content\/uploads\/2024\/10\/Connection-2.svg\" class=\"bl-card-with-icon__media-image\" alt=\"\" \/><\/div><h3 class=\"h5\">Int\u00e9gration de bout en bout<\/h3><div><p>La technologie de pr\u00e9vention bolt se connecte de mani\u00e8re transparente aux flux de travail existants en mati\u00e8re d\u2019administration des polices et de r\u00e9clamations.<\/p>\n<\/div><\/article>\n            <\/div>\n            <\/div>\n\n<\/section>\n\n\n\n\n<section id=\"block_c40d12efffdb0f9329c79bbb1f1165ba\"       class=\"bl-hover-tabs hp-bg-brand-black bl-section-element\"\n      style=\"background:var(--wp--preset--color--white)\">\n\n    <div class=\"bl-container-wide\">\n        <div class=\"bl-hover-tabs__head bl-animate-text\"><h2 class=\"h3\">Une fa\u00e7on plus intelligente d\u2019att\u00e9nuer les risques pour les assureurs<\/h2><div class=\"bl-hover-tabs__head-description\"><p>Pr\u00e9venir les pertes avant qu\u2019elles ne se produisent est une \u00e9tape essentielle pour am\u00e9liorer la gestion des risques. La technologie de pr\u00e9vention bolt permet aux op\u00e9rateurs et aux MGA de r\u00e9duire les pertes en int\u00e9grant des capteurs d\u2019eau compatibles IoT avec les flux de travail des politiques. Des alertes en temps r\u00e9el, des outils d\u2019engagement automatis\u00e9s et une int\u00e9gration transparente des assureurs garantissent que les assur\u00e9s restent conformes tout en fournissant aux assureurs des informations exploitables, leur permettant d\u2019adopter une approche plus intelligente et ax\u00e9e sur les donn\u00e9es pour r\u00e9duire les risques.  <\/p>\n<\/div><\/div>\n                    <div class=\"bl-hover-tabs__container\">\n                <div class=\"bl-hover-tabs__panel\">\n                    <div class=\"bl-hover-tabs__panel-row\">\n                                                    <button class=\"bl-hover-tabs__panel-button active\"\n                                    data-id-tab=\"block_c40d12efffdb0f9329c79bbb1f1165ba-1\"\n                                    aria-label=\"R\u00e9duction des r\u00e9clamations pour pertes d\u2019eau  \">\n                                R\u00e9duction des r\u00e9clamations pour pertes d\u2019eau                              <\/button>\n                                                        <button class=\"bl-hover-tabs__panel-button\"\n                                    data-id-tab=\"block_c40d12efffdb0f9329c79bbb1f1165ba-2\"\n                                    aria-label=\"Int\u00e9gration transparente avec les syst\u00e8mes de transport  \">\n                                Int\u00e9gration transparente avec les syst\u00e8mes de transport                              <\/button>\n                                                        <button class=\"bl-hover-tabs__panel-button\"\n                                    data-id-tab=\"block_c40d12efffdb0f9329c79bbb1f1165ba-3\"\n                                    aria-label=\"Outils d\u2019engagement des assur\u00e9s  \">\n                                Outils d\u2019engagement des assur\u00e9s                              <\/button>\n                                                        <button class=\"bl-hover-tabs__panel-button\"\n                                    data-id-tab=\"block_c40d12efffdb0f9329c79bbb1f1165ba-4\"\n                                    aria-label=\"Plate-forme flexible et ind\u00e9pendante de l\u2019appareil\">\n                                Plate-forme flexible et ind\u00e9pendante de l\u2019appareil                            <\/button>\n                                                <\/div>\n                <\/div>\n\n                                    <div class=\"bl-hover-tabs__content active\"\n                         data-id-content=\"block_c40d12efffdb0f9329c79bbb1f1165ba-1\" tabindex=\"-1\">\n\n                        <img loading=\"lazy\" decoding=\"async\" width=\"768\" height=\"512\" src=\"https:\/\/bolttech.io\/wp-content\/uploads\/2025\/03\/Lower-water-loss-claims_alt-768x512.webp\" class=\"bl-hover-tabs__img\" alt=\"\" srcset=\"https:\/\/bolttech.io\/wp-content\/uploads\/2025\/03\/Lower-water-loss-claims_alt-768x512.webp 768w, https:\/\/bolttech.io\/wp-content\/uploads\/2025\/03\/Lower-water-loss-claims_alt-300x200.webp 300w, https:\/\/bolttech.io\/wp-content\/uploads\/2025\/03\/Lower-water-loss-claims_alt-1024x683.webp 1024w, https:\/\/bolttech.io\/wp-content\/uploads\/2025\/03\/Lower-water-loss-claims_alt.webp 1500w\" sizes=\"auto, (max-width: 768px) 100vw, 768px\" \/>                        <div class=\"bl-hover-tabs__section bl-hover-tabs__section_gradient\">\n                                                            <div class=\"h5\">R\u00e9duire la fr\u00e9quence et la gravit\u00e9 des r\u00e9clamations co\u00fbteuses<\/div>\n                                                            <div class=\"bl-hover-tabs__section-description\">\n                                    <p>Il a \u00e9t\u00e9 prouv\u00e9 que la technologie de pr\u00e9vention des boulons r\u00e9duit la fr\u00e9quence des r\u00e9clamations pour perte d\u2019eau de 39 % et la gravit\u00e9 de 12 %, aidant les assureurs \u00e0 r\u00e9duire les co\u00fbts et \u00e0 am\u00e9liorer la rentabilit\u00e9.<\/p>\n                                <\/div>\n                                                    <\/div>\n                    <\/div>\n                                        <div class=\"bl-hover-tabs__content\"\n                         data-id-content=\"block_c40d12efffdb0f9329c79bbb1f1165ba-2\" tabindex=\"-1\">\n\n                        <img loading=\"lazy\" decoding=\"async\" width=\"768\" height=\"512\" src=\"https:\/\/bolttech.io\/wp-content\/uploads\/2025\/03\/Seamless-integration-with-carrier-systems-768x512.webp\" class=\"bl-hover-tabs__img\" alt=\"\" srcset=\"https:\/\/bolttech.io\/wp-content\/uploads\/2025\/03\/Seamless-integration-with-carrier-systems-768x512.webp 768w, https:\/\/bolttech.io\/wp-content\/uploads\/2025\/03\/Seamless-integration-with-carrier-systems-300x200.webp 300w, https:\/\/bolttech.io\/wp-content\/uploads\/2025\/03\/Seamless-integration-with-carrier-systems-1024x683.webp 1024w, https:\/\/bolttech.io\/wp-content\/uploads\/2025\/03\/Seamless-integration-with-carrier-systems.webp 1500w\" sizes=\"auto, (max-width: 768px) 100vw, 768px\" \/>                        <div class=\"bl-hover-tabs__section bl-hover-tabs__section_gradient\">\n                                                            <div class=\"h5\">Rationalisez les flux de travail de souscription et de r\u00e9clamations<\/div>\n                                                            <div class=\"bl-hover-tabs__section-description\">\n                                    <p>La plateforme se connecte directement aux syst\u00e8mes d\u2019administration des polices et des r\u00e9clamations, assurant des flux de donn\u00e9es en temps r\u00e9el et une meilleure \u00e9valuation des risques.<\/p>\n                                <\/div>\n                                                    <\/div>\n                    <\/div>\n                                        <div class=\"bl-hover-tabs__content\"\n                         data-id-content=\"block_c40d12efffdb0f9329c79bbb1f1165ba-3\" tabindex=\"-1\">\n\n                        <img loading=\"lazy\" decoding=\"async\" width=\"768\" height=\"512\" src=\"https:\/\/bolttech.io\/wp-content\/uploads\/2025\/03\/Policyholder-engagement-tools-768x512.webp\" class=\"bl-hover-tabs__img\" alt=\"\" srcset=\"https:\/\/bolttech.io\/wp-content\/uploads\/2025\/03\/Policyholder-engagement-tools-768x512.webp 768w, https:\/\/bolttech.io\/wp-content\/uploads\/2025\/03\/Policyholder-engagement-tools-300x200.webp 300w, https:\/\/bolttech.io\/wp-content\/uploads\/2025\/03\/Policyholder-engagement-tools-1024x683.webp 1024w, https:\/\/bolttech.io\/wp-content\/uploads\/2025\/03\/Policyholder-engagement-tools.webp 1500w\" sizes=\"auto, (max-width: 768px) 100vw, 768px\" \/>                        <div class=\"bl-hover-tabs__section bl-hover-tabs__section_gradient\">\n                                                            <div class=\"h5\">Aidez les clients \u00e0 rester en conformit\u00e9 et \u00e0 pr\u00e9venir les pertes<\/div>\n                                                            <div class=\"bl-hover-tabs__section-description\">\n                                    <p>La technologie de pr\u00e9vention des boulons fournit des notifications et des conseils automatis\u00e9s pour encourager l\u2019utilisation appropri\u00e9e des capteurs, minimisant ainsi les dispositifs non conformes et inactifs.<\/p>\n                                <\/div>\n                                                    <\/div>\n                    <\/div>\n                                        <div class=\"bl-hover-tabs__content\"\n                         data-id-content=\"block_c40d12efffdb0f9329c79bbb1f1165ba-4\" tabindex=\"-1\">\n\n                        <img loading=\"lazy\" decoding=\"async\" width=\"768\" height=\"512\" src=\"https:\/\/bolttech.io\/wp-content\/uploads\/2025\/03\/Flexible-device-agnostic-platform-768x512.webp\" class=\"bl-hover-tabs__img\" alt=\"\" srcset=\"https:\/\/bolttech.io\/wp-content\/uploads\/2025\/03\/Flexible-device-agnostic-platform-768x512.webp 768w, https:\/\/bolttech.io\/wp-content\/uploads\/2025\/03\/Flexible-device-agnostic-platform-300x200.webp 300w, https:\/\/bolttech.io\/wp-content\/uploads\/2025\/03\/Flexible-device-agnostic-platform-1024x683.webp 1024w, https:\/\/bolttech.io\/wp-content\/uploads\/2025\/03\/Flexible-device-agnostic-platform.webp 1500w\" sizes=\"auto, (max-width: 768px) 100vw, 768px\" \/>                        <div class=\"bl-hover-tabs__section bl-hover-tabs__section_gradient\">\n                                                            <div class=\"h5\">Fonctionne avec plusieurs fournisseurs de capteurs<\/div>\n                                                            <div class=\"bl-hover-tabs__section-description\">\n                                    <p>Les transporteurs peuvent choisir parmi une gamme de partenaires de capteurs, ce qui permet la personnalisation et l\u2019\u00e9volutivit\u00e9 pour s\u2019adapter \u00e0 diff\u00e9rents profils de risque.<\/p>\n                                <\/div>\n                                                    <\/div>\n                    <\/div>\n                                <\/div>\n        \n    <\/div>\n\n<\/section>\n\n\n","protected":false},"excerpt":{"rendered":"","protected":false},"author":6,"featured_media":0,"parent":0,"menu_order":0,"comment_status":"closed","ping_status":"closed","template":"","meta":{"_acf_changed":false,"footnotes":""},"class_list":["post-40419","page","type-page","status-publish","hentry"],"acf":[],"_links":{"self":[{"href":"https:\/\/bolttech.io\/fr\/wp-json\/wp\/v2\/pages\/40419","targetHints":{"allow":["GET"]}}],"collection":[{"href":"https:\/\/bolttech.io\/fr\/wp-json\/wp\/v2\/pages"}],"about":[{"href":"https:\/\/bolttech.io\/fr\/wp-json\/wp\/v2\/types\/page"}],"author":[{"embeddable":true,"href":"https:\/\/bolttech.io\/fr\/wp-json\/wp\/v2\/users\/6"}],"replies":[{"embeddable":true,"href":"https:\/\/bolttech.io\/fr\/wp-json\/wp\/v2\/comments?post=40419"}],"version-history":[{"count":0,"href":"https:\/\/bolttech.io\/fr\/wp-json\/wp\/v2\/pages\/40419\/revisions"}],"wp:attachment":[{"href":"https:\/\/bolttech.io\/fr\/wp-json\/wp\/v2\/media?parent=40419"}],"curies":[{"name":"wp","href":"https:\/\/api.w.org\/{rel}","templated":true}]}}