{"id":24527,"date":"2024-10-24T04:38:42","date_gmt":"2024-10-24T09:38:42","guid":{"rendered":"https:\/\/bolttech.io\/cas-dutilisation\/agences-dassurance\/boulon-essentiel\/"},"modified":"2025-05-01T16:09:51","modified_gmt":"2025-05-01T08:09:51","slug":"boulon-essentiel","status":"publish","type":"page","link":"https:\/\/bolttech.io\/fr\/cas-dutilisation\/agences-dassurance\/boulon-essentiel\/","title":{"rendered":"Boulon essentiel"},"content":{"rendered":"\n<section id=\"block_80784bd0216dcb9773c3270dcbd461fe\"       class=\"bl-first-element bl-bg-image-hero hp-bg-brand-black bl-section-element bl-bg-image-hero_overlay\">\n\n            <picture class=\"bl-bg-image-hero__bg\">\n            <source srcset=\"https:\/\/bolttech.io\/wp-content\/uploads\/2024\/08\/888aeb619f6b751643738baaf5dbd9cf.png\" media=\"(min-width: 1025px)\">\n            <img decoding=\"async\" src=\"https:\/\/bolttech.io\/wp-content\/uploads\/2024\/08\/888aeb619f6b751643738baaf5dbd9cf-834x566.png\"\n                 alt=\"D\u00e9veloppez votre agence gr\u00e2ce \u00e0 un acc\u00e8s instantan\u00e9 au march\u00e9 des transporteurs leaders de l\u2019industrie\">\n        <\/picture>\n    \n    \n    <div class=\"bl-bg-image-hero__container\">\n        <div class=\"bl-container-wide\">\n            <div class=\"bl-bg-image-hero__head bl-animate-text\"><h1 class=\"bl-eyebrow\">boulon Essential<\/h1><h2 class=\"h1\">D\u00e9veloppez votre agence gr\u00e2ce \u00e0 un acc\u00e8s instantan\u00e9 au march\u00e9 des transporteurs leaders de l\u2019industrie<\/h2><div class=\"bl-bg-image-hero__head-description\"><p>bolt Essential est une plateforme de distribution d\u2019assurance con\u00e7ue par des agents pour des agents. Nous offrons un acc\u00e8s instantan\u00e9 aux meilleurs transporteurs et produits, ainsi qu\u2019aux outils pour d\u00e9velopper efficacement votre agence. Rejoignez les principales agences du pays qui font confiance \u00e0 bolt.  <\/p>\n<\/div><a class=\"bl-btn bl-btn_primary-dark\" href=\"https:\/\/signup.boltinsurance.com\/welcome\" aria-label=\"Inscrivez-vous maintenant\" target=\"_blank\" rel=\"noopener\"><span>Inscrivez-vous maintenant<\/span><\/a><\/div>        <\/div>\n\n            <\/div>\n\n<\/section>\n<!-- Hidden input -->\n\n    <input type=\"hidden\" id=\"geo-country\" value=\"[geot_country_name default=&quot;&quot;]\" data-country=\"[geot_country_name default=&quot;&quot;]\" >\n    <!-- <input type=\"hidden\" id=\"geo-country\" value=\"Hong Kong\"> -->\n\n<section id=\"block_e774c37400f69457d1d5b199304b09eb\"       class=\"bl-secondary-hero hp-bg-brand-black bl-section-element bl-secondary-hero_form-hero\"\n      style=\"background:var(--wp--preset--gradient--cyan-white-gradient)\">\n\n    <div class=\"bl-secondary-hero__container\">\n        <div class=\"bl-secondary-hero__head bl-animate-text\"><h2 class=\"h1\">Commencez \u00e0 vendre avec les plus grandes compagnies d\u2019assurance d\u00e8s aujourd\u2019hui<\/h2><div class=\"bl-secondary-hero__head-description bl-secondary-hero__head-description_petit\"><p>bolt Essential vous offre un acc\u00e8s imm\u00e9diat aux transporteurs nationaux pr\u00e9f\u00e9r\u00e9s ainsi qu\u2019\u00e0 un \u00e9ventail de march\u00e9s.<\/p>\n<\/div><\/div>\n\n                    <div class=\"bl-secondary-hero__form bl-animate-text\">\n                                    <div class=\"h5\">\n                        D\u00e9couvrez nos plans                    <\/div>\n                                    <div class=\"bl-secondary-hero__form-description\">\n                        <p>Notre \u00e9quipe est pr\u00eate \u00e0 vous aider \u00e0 commencer \u00e0 r\u00e9diger plus d\u2019affaires. Remplissez le formulaire ci-dessous pour parler \u00e0 un repr\u00e9sentant.  <\/p>\n                    <\/div>\n                \n                                    <div id=\"sh_block_e774c37400f69457d1d5b199304b09eb\"\n                         data-region=\"na1\"\n                         data-portal-id=\"711460\"\n                         data-form-id=\"5ecf9155-6bb3-4f8b-a0a4-a75715dfc9a8\"><\/div>\n                            <\/div>\n            <\/div>\n\n    \n    \n<\/section>\n\n\n\n<section id=\"block_88b34d568c5bf530220261097a4727b6\"       class=\"bl-callouts hp-bg-brand-black bl-section-element bl-callouts_white-text bl-callouts_callout-with-stats\">\n\n    \n            <div class=\"bl-callouts__with-stats\"\n             style=\"background:var(--wp--preset--gradient--blue-gradient)\">\n            <div class=\"bl-callouts__with-stats-container\">\n                <div class=\"bl-callouts__with-stats-head bl-animate-text bl-callouts__with-stats-head_center-tablet\"><h2 class=\"h2\">boulon Essential en un coup d\u2019\u0153il<\/h2><\/div>\n                                    <div class=\"bl-callouts__with-stats-count\">\n                                                    <div class=\"bl-callouts__with-stats-item\">\n                                <div class=\"h4\">\n                                    ~100                                <\/div>\n                                                                    <div class=\"bl-callouts__with-stats-item-description\">\n                                        Partenaires transporteurs                                    <\/div>\n                                                            <\/div>\n                                                    <div class=\"bl-callouts__with-stats-item\">\n                                <div class=\"h4\">\n                                    ~200                                <\/div>\n                                                                    <div class=\"bl-callouts__with-stats-item-description\">\n                                        produits dans tous les secteurs d\u2019activit\u00e9 de l\u2019assurance de dommages                                    <\/div>\n                                                            <\/div>\n                                                    <div class=\"bl-callouts__with-stats-item\">\n                                <div class=\"h4\">\n                                    50                                <\/div>\n                                                                    <div class=\"bl-callouts__with-stats-item-description\">\n                                        \u00c9tats avec couverture disponible                                    <\/div>\n                                                            <\/div>\n                                                    <div class=\"bl-callouts__with-stats-item\">\n                                <div class=\"h4\">\n                                    4,000+                                <\/div>\n                                                                    <div class=\"bl-callouts__with-stats-item-description\">\n                                        Les agents qui utilisent d\u00e9j\u00e0 notre plateforme                                    <\/div>\n                                                            <\/div>\n                                            <\/div>\n                \n                            <\/div>\n        <\/div>\n    \n    \n    \n<\/section>\n\n\n\n<section id=\"block_f8d21fade56a06eda1516b675f79cc2f\"       class=\"bl-hover-tabs hp-bg-brand-black bl-section-element\"\n      style=\"background:var(--wp--preset--color--white)\">\n\n    <div class=\"bl-container-wide\">\n        <div class=\"bl-hover-tabs__head bl-animate-text\"><h2 class=\"bl-eyebrow\">Avantages<\/h2><h3 class=\"h3\">Pourquoi bolt Essential ?<\/h3><div class=\"bl-hover-tabs__head-description\"><p>Int\u00e9grez des programmes de bout en bout dans la vie quotidienne de vos clients afin de leur offrir le meilleur de la protection, de l&rsquo;assurance et du service dans tous les secteurs d&rsquo;activit\u00e9.<\/p>\n<\/div><\/div>\n                    <div class=\"bl-hover-tabs__container\">\n                <div class=\"bl-hover-tabs__panel\">\n                    <div class=\"bl-hover-tabs__panel-row\">\n                                                    <button class=\"bl-hover-tabs__panel-button active\"\n                                    data-id-tab=\"block_f8d21fade56a06eda1516b675f79cc2f-1\"\n                                    aria-label=\"Choix\">\n                                Choix                            <\/button>\n                                                        <button class=\"bl-hover-tabs__panel-button\"\n                                    data-id-tab=\"block_f8d21fade56a06eda1516b675f79cc2f-2\"\n                                    aria-label=\"Vitesse\">\n                                Vitesse                            <\/button>\n                                                        <button class=\"bl-hover-tabs__panel-button\"\n                                    data-id-tab=\"block_f8d21fade56a06eda1516b675f79cc2f-3\"\n                                    aria-label=\"Commodit\u00e9\">\n                                Commodit\u00e9                            <\/button>\n                                                <\/div>\n                <\/div>\n\n                                    <div class=\"bl-hover-tabs__content active\"\n                         data-id-content=\"block_f8d21fade56a06eda1516b675f79cc2f-1\" tabindex=\"-1\">\n\n                        <img loading=\"lazy\" decoding=\"async\" width=\"680\" height=\"736\" src=\"https:\/\/bolttech.io\/wp-content\/uploads\/2024\/08\/4377ded7e6c751a5f97e3012f313d140.png\" class=\"bl-hover-tabs__img\" alt=\"\" srcset=\"https:\/\/bolttech.io\/wp-content\/uploads\/2024\/08\/4377ded7e6c751a5f97e3012f313d140.png 680w, https:\/\/bolttech.io\/wp-content\/uploads\/2024\/08\/4377ded7e6c751a5f97e3012f313d140-277x300.png 277w\" sizes=\"auto, (max-width: 680px) 100vw, 680px\" \/>                        <div class=\"bl-hover-tabs__section bl-hover-tabs__section_gradient\">\n                                                            <div class=\"h5\">Acc\u00e8s \u00e0 plus de transporteurs<\/div>\n                                                            <div class=\"bl-hover-tabs__section-description\">\n                                    <p>Un vaste \u00e9ventail d\u2019assureurs et de produits d\u2019assurance des particuliers et des entreprises sur une seule plate-forme technologique pour souscrire plus d\u2019affaires, am\u00e9liorer la r\u00e9tention et augmenter la rentabilit\u00e9.<\/p>\n                                <\/div>\n                                                    <\/div>\n                    <\/div>\n                                        <div class=\"bl-hover-tabs__content\"\n                         data-id-content=\"block_f8d21fade56a06eda1516b675f79cc2f-2\" tabindex=\"-1\">\n\n                        <img loading=\"lazy\" decoding=\"async\" width=\"768\" height=\"512\" src=\"https:\/\/bolttech.io\/wp-content\/uploads\/2024\/07\/212dcb9cab4ebee6a6240815d61c7094-768x512.png\" class=\"bl-hover-tabs__img\" alt=\"\" srcset=\"https:\/\/bolttech.io\/wp-content\/uploads\/2024\/07\/212dcb9cab4ebee6a6240815d61c7094-768x512.png 768w, https:\/\/bolttech.io\/wp-content\/uploads\/2024\/07\/212dcb9cab4ebee6a6240815d61c7094-300x200.png 300w, https:\/\/bolttech.io\/wp-content\/uploads\/2024\/07\/212dcb9cab4ebee6a6240815d61c7094.png 800w\" sizes=\"auto, (max-width: 768px) 100vw, 768px\" \/>                        <div class=\"bl-hover-tabs__section bl-hover-tabs__section_gradient\">\n                                                            <div class=\"h5\">\u00c9mettez des devis plus rapidement<\/div>\n                                                            <div class=\"bl-hover-tabs__section-description\">\n                                    <p>Un seul entretien dynamique qui g\u00e9n\u00e8re plusieurs devis en temps r\u00e9el avec des capacit\u00e9s de liaison instantan\u00e9e pour vous aider \u00e0 conclure des affaires plus rapidement. De plus, vous b\u00e9n\u00e9ficiez des d\u00e9lais d&rsquo;ex\u00e9cution les plus rapides du secteur gr\u00e2ce \u00e0 une \u00e9quipe d\u00e9di\u00e9e de sp\u00e9cialistes du placement. <\/p>\n                                <\/div>\n                                                    <\/div>\n                    <\/div>\n                                        <div class=\"bl-hover-tabs__content\"\n                         data-id-content=\"block_f8d21fade56a06eda1516b675f79cc2f-3\" tabindex=\"-1\">\n\n                        <img loading=\"lazy\" decoding=\"async\" width=\"768\" height=\"539\" src=\"https:\/\/bolttech.io\/wp-content\/uploads\/2024\/08\/888aeb619f6b751643738baaf5dbd9cf-768x539.png\" class=\"bl-hover-tabs__img\" alt=\"\" srcset=\"https:\/\/bolttech.io\/wp-content\/uploads\/2024\/08\/888aeb619f6b751643738baaf5dbd9cf-768x539.png 768w, https:\/\/bolttech.io\/wp-content\/uploads\/2024\/08\/888aeb619f6b751643738baaf5dbd9cf-300x211.png 300w, https:\/\/bolttech.io\/wp-content\/uploads\/2024\/08\/888aeb619f6b751643738baaf5dbd9cf-1024x719.png 1024w, https:\/\/bolttech.io\/wp-content\/uploads\/2024\/08\/888aeb619f6b751643738baaf5dbd9cf-1536x1079.png 1536w, https:\/\/bolttech.io\/wp-content\/uploads\/2024\/08\/888aeb619f6b751643738baaf5dbd9cf.png 1538w\" sizes=\"auto, (max-width: 768px) 100vw, 768px\" \/>                        <div class=\"bl-hover-tabs__section bl-hover-tabs__section_gradient\">\n                                                            <div class=\"h5\">\u00c9mettez facilement des devis<\/div>\n                                                            <div class=\"bl-hover-tabs__section-description\">\n                                    <p>Des outils et des services simples et intuitifs sur une seule plateforme qui int\u00e8gre facilement vos rendez-vous existants et les applications d\u2019agences tierces.<\/p>\n                                <\/div>\n                                                    <\/div>\n                    <\/div>\n                                <\/div>\n        \n    <\/div>\n\n<\/section>\n\n<section id=\"block_65db1924299cc61e16e659df229e7aac\"       class=\"bl-last-element bl-card-layouts hp-bg-brand-black bl-section-element\"\n      style=\"background:var(--wp--preset--color--white)\">\n\n    <div class=\"bl-card-layouts__container\">\n        <div class=\"bl-card-layouts__head bl-animate-text\"><h3 class=\"bl-eyebrow\">Caract\u00e9ristiques<\/h3><h2 class=\"h3\">Qu\u2019est-ce qui nous distingue ?<\/h2><\/div>            <div class=\"bl-card-layouts__row bl-fade-up-items\">\n                \n<article class=\"bl-card-with-icon bl-card-with-icon_dark\">\n    <h3 class=\"h5\">Acc\u00e8s \u00e9largi au march\u00e9<\/h3><div><p>Comparez plusieurs devis en temps r\u00e9el de vos rendez-vous d\u2019acc\u00e8s direct et par boulon c\u00f4te \u00e0 c\u00f4te dans une seule vue.<\/p>\n<\/div><\/article>\n\n<article class=\"bl-card-with-icon bl-card-with-icon_dark\">\n    <h3 class=\"h5\">Entretien dynamique<\/h3><div><p>Fournissez des devis plus rapidement gr\u00e2ce \u00e0 une seule entrevue qui simplifie le processus de souscription en fonction des r\u00e9ponses des clients.<\/p>\n<\/div><\/article>\n\n<article class=\"bl-card-with-icon bl-card-with-icon_dark\">\n    <h3 class=\"h5\">Services de pr\u00e9-remplissage<\/h3><div><p>Gagnez du temps gr\u00e2ce aux champs d\u2019interview pr\u00e9remplis \u00e0 partir de services de donn\u00e9es de pr\u00e9remplissage sp\u00e9cialis\u00e9s automatis\u00e9s.<\/p>\n<\/div><\/article>\n\n<article class=\"bl-card-with-icon bl-card-with-icon_dark\">\n    <h3 class=\"h5\">Liaison instantan\u00e9e<\/h3><div><p>Tirez parti des capacit\u00e9s de devis faciles et de liaison instantan\u00e9e.<\/p>\n<\/div><\/article>\n\n<article class=\"bl-card-with-icon bl-card-with-icon_dark\">\n    <h3 class=\"h5\">Recherche de march\u00e9<\/h3><div><p>Naviguez sans effort dans les transporteurs et les produits disponibles par \u00e9tat.<\/p>\n<\/div><\/article>\n\n<article class=\"bl-card-with-icon bl-card-with-icon_dark\">\n    <h3 class=\"h5\">Assistance en direct<\/h3><div><p>Faites appel \u00e0 une \u00e9quipe de sp\u00e9cialistes en placement et en services pour trouver la bonne couverture.<\/p>\n<\/div><\/article>\n\n<article class=\"bl-card-with-icon bl-card-with-icon_dark\">\n    <h3 class=\"h5\">Int\u00e9grations<\/h3><div><p>Synchronisez de mani\u00e8re transparente les logiciels et applications de votre agence existante avec notre plateforme num\u00e9rique.<\/p>\n<\/div><\/article>\n\n<article class=\"bl-card-with-icon bl-card-with-icon_dark\">\n    <h3 class=\"h5\">Tableau de bord de l\u2019agence<\/h3><div><p>Suivez et organisez les prospects par source, et g\u00e9rez tous les documents de votre agence en un seul endroit organis\u00e9.<\/p>\n<\/div><\/article>\n            <\/div>\n            <\/div>\n\n<\/section>\n\n","protected":false},"excerpt":{"rendered":"","protected":false},"author":2,"featured_media":0,"parent":23656,"menu_order":0,"comment_status":"closed","ping_status":"closed","template":"","meta":{"_acf_changed":false,"footnotes":""},"class_list":["post-24527","page","type-page","status-publish","hentry"],"acf":[],"_links":{"self":[{"href":"https:\/\/bolttech.io\/fr\/wp-json\/wp\/v2\/pages\/24527","targetHints":{"allow":["GET"]}}],"collection":[{"href":"https:\/\/bolttech.io\/fr\/wp-json\/wp\/v2\/pages"}],"about":[{"href":"https:\/\/bolttech.io\/fr\/wp-json\/wp\/v2\/types\/page"}],"author":[{"embeddable":true,"href":"https:\/\/bolttech.io\/fr\/wp-json\/wp\/v2\/users\/2"}],"replies":[{"embeddable":true,"href":"https:\/\/bolttech.io\/fr\/wp-json\/wp\/v2\/comments?post=24527"}],"version-history":[{"count":0,"href":"https:\/\/bolttech.io\/fr\/wp-json\/wp\/v2\/pages\/24527\/revisions"}],"up":[{"embeddable":true,"href":"https:\/\/bolttech.io\/fr\/wp-json\/wp\/v2\/pages\/23656"}],"wp:attachment":[{"href":"https:\/\/bolttech.io\/fr\/wp-json\/wp\/v2\/media?parent=24527"}],"curies":[{"name":"wp","href":"https:\/\/api.w.org\/{rel}","templated":true}]}}