{"id":24437,"date":"2024-10-24T04:37:41","date_gmt":"2024-10-24T09:37:41","guid":{"rendered":"https:\/\/bolttech.io\/politique-en-matiere-de-cookies\/"},"modified":"2024-11-08T06:03:39","modified_gmt":"2024-11-08T11:03:39","slug":"politique-en-matiere-de-cookies","status":"publish","type":"page","link":"https:\/\/bolttech.io\/fr\/politique-en-matiere-de-cookies\/","title":{"rendered":"Politique en mati\u00e8re de cookies"},"content":{"rendered":"<!-- Hidden input -->\n\n    <input type=\"hidden\" id=\"geo-country\" value=\"[geot_country_name default=&quot;&quot;]\" data-country=\"[geot_country_name default=&quot;&quot;]\" >\n    <!-- <input type=\"hidden\" id=\"geo-country\" value=\"Hong Kong\"> -->\n\n<section id=\"block_fd147d4ff5e52ab99bca70b4e2e0b8c1\"       class=\"bl-first-element bl-secondary-hero hp-bg-brand-black bl-section-element bl-secondary-hero_centered-content bl-secondary-hero_shapes-animation\"\n      style=\"background:var(--wp--preset--color--white)\">\n\n    <div class=\"bl-secondary-hero__container\">\n        <div class=\"bl-secondary-hero__head bl-animate-text\"><h2 class=\"h2\">Politique en mati\u00e8re de cookies<\/h2><\/div>\n\n            <\/div>\n\n                <div class=\"shape-left-1\"><\/div>\n            <div class=\"shape-left-2\"><\/div>\n\n            <div class=\"shape-right-1\"><\/div>\n            <div class=\"shape-right-2\"><\/div>\n        \n    \n<\/section>\n\n\n\n\n\n<section id=\"block_ad9c9034d2dbc9a035b687f5c20cca6b\"\n         class=\"bl-last-element bl-sticky-sidebar hp-bg-brand-black bl-section-element\">\n\n    <div class=\"bl-container-wide\">\n        <div class=\"bl-sticky-sidebar__content\">\n                            <div class=\"bl-sticky-sidebar__sidebar\">\n                    <div class=\"bl-sticky-sidebar__bar\">\n                        <div class=\"bl-sticky-sidebar__bar-links\">\n                                                            <div class=\"bl-sticky-sidebar__bar-heading\">\n                                    Naviguer                                <\/div>\n                            \n                                                            <div class=\"bl-sticky-sidebar__nav\">\n                                                                                <a href=\"#cookie-policy\"\n                                               target=\"_self\"\n                                               class=\"bl-sticky-sidebar__nav-link\">\n                                                Politique en mati\u00e8re de cookies                                            <\/a>\n                                                                                    <a href=\"#cookie-settings\"\n                                               target=\"_self\"\n                                               class=\"bl-sticky-sidebar__nav-link\">\n                                                G\u00e9rer vos param\u00e8tres de cookies                                            <\/a>\n                                                                                    <a href=\"#cookie-list\"\n                                               target=\"_self\"\n                                               class=\"bl-sticky-sidebar__nav-link\">\n                                                Liste des cookies                                            <\/a>\n                                                                                    <a href=\"#netlify\"\n                                               target=\"_self\"\n                                               class=\"bl-sticky-sidebar__nav-link\">\n                                                Netlifier                                            <\/a>\n                                                                        <\/div>\n                                                    <\/div>\n                    <\/div>\n                <\/div>\n            \n            <div class=\"bl-sticky-sidebar__textual\">\n                <div class=\"acf-innerblocks-container\">\n\n<p><em><strong>Janvier <\/strong><\/em><strong><em>202<\/em>2<\/strong><\/p>\n\n\n\n<p id=\"cookie-policy\"><strong>COOKIE POLICY<\/strong><br>Notre site web utilise des cookies pour vous distinguer des autres utilisateurs de notre site web. Cela nous aide \u00e0 vous offrir une bonne exp\u00e9rience lorsque vous naviguez sur notre site Web et nous permet \u00e9galement d\u2019am\u00e9liorer notre site.<\/p>\n\n\n\n<p id=\"cookie-settings\"><strong>GESTION DE VOS PARAM\u00c8TRES DE COOKIE<\/strong><br>Les param\u00e8tres des cookies sur ce site web sont g\u00e9r\u00e9s par un plug-in tiers. Veuillez actualiser la page si vous cliquez sur le bouton \u00ab Param\u00e8tres des cookies \u00bb ci-dessous, mais que la fen\u00eatre du Centre de pr\u00e9f\u00e9rences de confidentialit\u00e9 n\u2019appara\u00eet pas.<\/p>\n\n\n\n<button class=\"ot-sdk-show-settings\">Param\u00e8tres des cookies<\/button>\n\n\n\n<p id=\"cookie-list\"><\/p>\n\n\n\n<div id=\"ot-sdk-cookie-policy\"><\/div>\n\n\n\n<p id=\"netlify\"><strong>NETLIFY<\/strong><br>Netlify utilise des cookies pour savoir quelle variante de page vous avez vue, pour savoir si vous avez cliqu\u00e9 sur une variante de page, pour surveiller les sch\u00e9mas de trafic et pour \u00e9valuer la popularit\u00e9 des options de service. Vous pouvez bloquer les cookies en activant le param\u00e8tre de votre navigateur qui vous permet de refuser l\u2019installation de tous les cookies ou de certains d\u2019entre eux. Cependant, si vous utilisez les param\u00e8tres de votre navigateur pour bloquer tous les cookies (y compris les cookies essentiels), il se peut que vous ne puissiez pas acc\u00e9der \u00e0 tout ou partie de notre site Web.<\/p>\n\n<\/div>\n            <\/div>\n        <\/div>\n    <\/div>\n\n<\/section>\n","protected":false},"excerpt":{"rendered":"","protected":false},"author":2,"featured_media":0,"parent":0,"menu_order":0,"comment_status":"closed","ping_status":"closed","template":"","meta":{"_acf_changed":false,"footnotes":""},"class_list":["post-24437","page","type-page","status-publish","hentry"],"acf":[],"_links":{"self":[{"href":"https:\/\/bolttech.io\/fr\/wp-json\/wp\/v2\/pages\/24437","targetHints":{"allow":["GET"]}}],"collection":[{"href":"https:\/\/bolttech.io\/fr\/wp-json\/wp\/v2\/pages"}],"about":[{"href":"https:\/\/bolttech.io\/fr\/wp-json\/wp\/v2\/types\/page"}],"author":[{"embeddable":true,"href":"https:\/\/bolttech.io\/fr\/wp-json\/wp\/v2\/users\/2"}],"replies":[{"embeddable":true,"href":"https:\/\/bolttech.io\/fr\/wp-json\/wp\/v2\/comments?post=24437"}],"version-history":[{"count":0,"href":"https:\/\/bolttech.io\/fr\/wp-json\/wp\/v2\/pages\/24437\/revisions"}],"wp:attachment":[{"href":"https:\/\/bolttech.io\/fr\/wp-json\/wp\/v2\/media?parent=24437"}],"curies":[{"name":"wp","href":"https:\/\/api.w.org\/{rel}","templated":true}]}}