{"id":24009,"date":"2024-10-23T16:22:47","date_gmt":"2024-10-23T21:22:47","guid":{"rendered":"https:\/\/bolttech.io\/gse\/"},"modified":"2024-12-23T23:00:32","modified_gmt":"2024-12-23T15:00:32","slug":"gse","status":"publish","type":"page","link":"https:\/\/bolttech.io\/fr\/gse\/","title":{"rendered":"GSE"},"content":{"rendered":"\n<section id=\"block_32fa2bdb77f35b940943867ba447eca1\"       class=\"bl-first-element bl-bg-image-hero hp-bg-brand-black bl-section-element\">\n\n            <picture class=\"bl-bg-image-hero__bg\">\n            <source srcset=\"https:\/\/bolttech.io\/wp-content\/uploads\/2024\/12\/2-1920x1080.png\" media=\"(min-width: 1025px)\">\n            <img decoding=\"async\" src=\"https:\/\/bolttech.io\/wp-content\/uploads\/2024\/12\/2-834x566.png\"\n                 alt=\"Construire une entreprise responsable\">\n        <\/picture>\n    \n    \n    <div class=\"bl-bg-image-hero__container\">\n        <div class=\"bl-container-wide\">\n            <div class=\"bl-bg-image-hero__head bl-animate-text\"><h2 class=\"h1\">Construire une entreprise responsable<\/h2><div class=\"bl-bg-image-hero__head-description\"><p>Chez bolt, nous pensons que notre succ\u00e8s commercial est intimement li\u00e9 \u00e0 notre engagement envers les principes environnementaux, sociaux et de gouvernance (ESG)<\/p>\n<\/div><\/div>        <\/div>\n\n            <\/div>\n\n<\/section>\n\n<section id=\"block_39f1760fafe3c31f80a937929a1618dc\"       class=\"bl-esg-approach hp-bg-brand-black bl-section-element\">\n\n    <div class=\"bl-esg-approach__container bl-fade-up-items\">\n        <div class=\"bl-esg-approach__head bl-animate-text\"><h2 class=\"h2\">Notre approche  <\/h2><p>Nos efforts en mati\u00e8re d&rsquo;ESG sont align\u00e9s sur nos objectifs de construction d&rsquo;une entreprise durable, \u00e9thique et conforme. Nos objectifs ESG prioritaires comprennent l&rsquo;inclusion financi\u00e8re, la r\u00e9duction des d\u00e9chets \u00e9lectroniques et la bonne gouvernance d&rsquo;entreprise. <\/p>\n<\/div>\n        <img loading=\"lazy\" decoding=\"async\" width=\"600\" height=\"355\" src=\"https:\/\/bolttech.io\/wp-content\/uploads\/2024\/08\/Frame-1171277078.svg\" class=\"bl-esg-approach__image bl-esg-approach__image_high\" alt=\"\" \/>\n        \n<article class=\"bl-card-with-icon bl-card-with-icon_dark bl-esg-approach__item bl-esg-approach__item_1\">\n    <div class=\"bl-card-with-icon__media bl-card-with-icon__media_image\"><img loading=\"lazy\" decoding=\"async\" width=\"44\" height=\"44\" src=\"https:\/\/bolttech.io\/wp-content\/uploads\/2024\/09\/Family-2.svg\" class=\"bl-card-with-icon__media-image\" alt=\"\" \/><\/div><div class=\"h5\">Responsabilit\u00e9 sociale  <\/div><div><p>Nous visons \u00e0 promouvoir l&rsquo;inclusion financi\u00e8re gr\u00e2ce \u00e0 notre solution de base, qui permet aux gens de prot\u00e9ger les choses qui leur sont ch\u00e8res. Depuis notre cr\u00e9ation, nous avons donn\u00e9 acc\u00e8s \u00e0 des produits d&rsquo;assurance \u00e0 plus de 20 millions de personnes dans le monde, dont beaucoup n&rsquo;auraient pas eu acc\u00e8s \u00e0 des produits d&rsquo;assurance traditionnels. <\/p>\n<\/div><\/article>\n\n<article class=\"bl-card-with-icon bl-card-with-icon_dark bl-esg-approach__item bl-esg-approach__item_2\">\n    <div class=\"bl-card-with-icon__media bl-card-with-icon__media_image\"><img loading=\"lazy\" decoding=\"async\" width=\"72\" height=\"72\" src=\"https:\/\/bolttech.io\/wp-content\/uploads\/2024\/08\/new-plants-dead.svg\" class=\"bl-card-with-icon__media-image\" alt=\"\" \/><\/div><div class=\"h5\">Durabilit\u00e9 environnementale  <\/div><div><p>Nous nous engageons \u00e0 r\u00e9duire notre impact sur l\u2019environnement, qu\u2019il s\u2019agisse de nos actions visant \u00e0 am\u00e9liorer la durabilit\u00e9 de nos bureaux ou de la gestion des d\u00e9chets \u00e9lectroniques gr\u00e2ce \u00e0 nos programmes de protection des appareils, afin de contribuer \u00e0 prolonger la dur\u00e9e de vie des appareils \u00e9lectroniques et de r\u00e9duire le besoin de remplacements fr\u00e9quents.  <\/p>\n<\/div><\/article>\n\n<article class=\"bl-card-with-icon bl-card-with-icon_dark bl-esg-approach__item bl-esg-approach__item_3\">\n    <div class=\"bl-card-with-icon__media bl-card-with-icon__media_image\"><img loading=\"lazy\" decoding=\"async\" width=\"44\" height=\"44\" src=\"https:\/\/bolttech.io\/wp-content\/uploads\/2024\/09\/Analyze.svg\" class=\"bl-card-with-icon__media-image\" alt=\"\" \/><\/div><div class=\"h5\">Gouvernement d&#039;entreprise  <\/div><div><p>Nous avons mis en \u0153uvre une s\u00e9rie de politiques, de proc\u00e9dures et de pratiques pour garantir que nous fonctionnons de mani\u00e8re transparente, responsable et \u00e9thique. Notre conseil d&rsquo;administration assure une supervision et une orientation solides, en veillant \u00e0 ce que nous soyons en phase avec notre mission, notre vision et nos valeurs fondamentales. <\/p>\n<\/div><\/article>\n\n        <img loading=\"lazy\" decoding=\"async\" width=\"600\" height=\"355\" src=\"https:\/\/bolttech.io\/wp-content\/uploads\/2024\/08\/Frame-1171277078-1.svg\" class=\"bl-esg-approach__image bl-esg-approach__image_low\" alt=\"\" \/>\n    <\/div>\n\n<\/section>\n\n<section id=\"block_abf29efba163787486ef452c15c61a0f\"       class=\"bl-text-image hp-bg-brand-black bl-section-element bl-text-image_right bl-text-image_video-image-with-stats\"\n      style=\"background:var(--wp--preset--color--white)\">\n\n            <div class=\"bl-container-wide\">\n            <div class=\"bl-text-image__row\">\n                                    <div class=\"bl-text-image__video-image\">\n                        <img loading=\"lazy\" decoding=\"async\" width=\"640\" height=\"360\" src=\"https:\/\/bolttech.io\/wp-content\/uploads\/2024\/09\/thumbnail-2.png\" class=\"attachment-medium_large size-medium_large\" alt=\"\" srcset=\"https:\/\/bolttech.io\/wp-content\/uploads\/2024\/09\/thumbnail-2.png 640w, https:\/\/bolttech.io\/wp-content\/uploads\/2024\/09\/thumbnail-2-300x169.png 300w\" sizes=\"auto, (max-width: 640px) 100vw, 640px\" \/>                            <a href=\"https:\/\/youtu.be\/b8TDhhMKQHg?si=fMMr4DXfiTX4QdNR\" aria-label=\"Play video\" data-fancybox target=\"_blank\" rel=\"noopener\">\n                                <svg width=\"30\" height=\"29\" viewBox=\"0 0 30 29\" fill=\"none\"\n                                     xmlns=\"http:\/\/www.w3.org\/2000\/svg\">\n                                    <path d=\"M29.1826 14.1496L0.828125 0.304565V28.7046L29.1826 14.1496Z\"\n                                          fill=\"#170F4F\"\/>\n                                <\/svg>\n                            <\/a>\n                                            <\/div>\n                \n                <div class=\"bl-text-image__head bl-animate-text\"><h2 class=\"bl-text-image__head-title\">LeapFrog et bolttech : acc\u00e9l\u00e9rer l\u2019acc\u00e8s \u00e0 une assurance abordable et de qualit\u00e9<\/h2><div class=\"bl-text-image__head-description\"><p>D\u00e9couvrez comment nous collaborons avec notre investisseur strat\u00e9gique LeapFrog Investments pour fournir des produits d\u2019assurance sur mesure et abordables aux consommateurs via des plateformes partenaires, acc\u00e9l\u00e9rant ainsi l\u2019acc\u00e8s \u00e0 une assurance de qualit\u00e9 dans plus de 35 march\u00e9s sur quatre continents.<\/p>\n<p>&nbsp;<\/p>\n<p>&nbsp;<\/p>\n<\/div><\/div>            <\/div>\n        <\/div>\n    \n<\/section>\n    <section id=\"block_9a7879a21e51680eaa0ad49bf94813bc\"           class=\"bl-last-element bl-featured-resources hp-bg-brand-black bl-section-element bl-featured-resources_all\"\n          style=\"background:var(--wp--preset--color--light-grey)\">\n\n        <div class=\"bl-featured-resources__container\">\n            <div class=\"bl-featured-resources__header\">\n                <div class=\"bl-featured-resources__head bl-animate-text\"><h3 class=\"bl-eyebrow\">Restez inform\u00e9<\/h3><h2 class=\"h3\">Actualit\u00e9s et informations<\/h2><\/div>            <\/div>\n\n                                <div class=\"bl-featured-resources__masonry bl-fade-up-items\">\n                        \n<a href=\"https:\/\/bolttech.io\/fr\/news\/digital-care-change-de-nom-pour-devenir-bolttech\/\" class=\"bl-resource-card\" style=\"background:var(--wp--preset--color--white)\" target=\"_self\">\n            <span class=\"bl-resource-card__thumb\">\n                            <span class=\"bl-resource-card__label\">\n                    Nouvelles                <\/span>\n            <img loading=\"lazy\" decoding=\"async\" width=\"1024\" height=\"538\" src=\"https:\/\/bolttech.io\/wp-content\/uploads\/2024\/08\/bolttech-OG-1024x538.png\" class=\"attachment-large size-large\" alt=\"\" srcset=\"https:\/\/bolttech.io\/wp-content\/uploads\/2024\/08\/bolttech-OG-1024x538.png 1024w, https:\/\/bolttech.io\/wp-content\/uploads\/2024\/08\/bolttech-OG-300x158.png 300w, https:\/\/bolttech.io\/wp-content\/uploads\/2024\/08\/bolttech-OG-768x403.png 768w, https:\/\/bolttech.io\/wp-content\/uploads\/2024\/08\/bolttech-OG-1536x806.png 1536w, https:\/\/bolttech.io\/wp-content\/uploads\/2024\/08\/bolttech-OG-2048x1075.png 2048w\" sizes=\"auto, (max-width: 1024px) 100vw, 1024px\" \/>        <\/span>\n    \n                    <span class=\"bl-resource-card__date\">\n                19 septembre 2024            <\/span>\n        \n                <div class=\"h5\">Digital Care change de nom pour devenir bolttech<\/div>\n                <span class=\"bl-resource-card__description\">\n            Varsovie, Pologne, 18 juin 2024 &#8211; Digital Care sp. z o.o (\u00ab\u00a0Digital Care\u00a0\u00bb), une soci\u00e9t\u00e9 de protection des appareils et de services bas\u00e9e en Pologne, a \u00e9t\u00e9 rebaptis\u00e9e bolttech Poland sp. z o.o, et rebaptis\u00e9e bolttech. Cela fait suite \u00e0&#8230;        <\/span>\n    <div class=\"bl-btn bl-btn_tertiary-dark\" aria-label=\"En savoir plus\"><span>En savoir plus<\/span><svg width=\"24\" height=\"24\" viewBox=\"0 0 24 24\" fill=\"none\" xmlns=\"http:\/\/www.w3.org\/2000\/svg\"><path d=\"M17.6537 18.3253L16.9402 17.6368L22.098 12.4791H2V11.4791H22.1173L16.9652 6.32131L17.6537 5.63281L24 11.9791L17.6537 18.3253Z\"\/><\/svg><\/div><\/a>\n\n<a href=\"https:\/\/bolttech.io\/fr\/news\/une-nouvelle-etape-pour-stellantis-insurance-stellantis-financial-services-us-lance-un-programme-dassurance-embarquee-avec-bolt-pour-elargir-le-choix-des-clients\/\" class=\"bl-resource-card\" style=\"background:var(--wp--preset--color--white)\" target=\"_self\">\n    \n                    <span class=\"bl-resource-card__date\">\n                19 septembre 2024            <\/span>\n        \n                <div class=\"h5\">Une nouvelle \u00e9tape pour Stellantis Insurance : Stellantis Financial Services US lance un programme d&rsquo;assurance embarqu\u00e9e avec bolt pour \u00e9largir le choix des clients.<\/div>\n                <span class=\"bl-resource-card__description\">\n            SAN FRANCISCO, CA &#8211; 18 juin 2024 &#8211; Stellantis Financial Services US, la soci\u00e9t\u00e9 captive de financement automobile de Stellantis en Am\u00e9rique du Nord, a annonc\u00e9 aujourd&rsquo;hui un nouveau partenariat avec bolt, l&rsquo;insurtech avec la plus grande bourse d&rsquo;assurance au monde bas\u00e9e sur la technologie, pour soutenir les clients de Chrysler, Dodge, Jeep\u00ae, Ram, Fiat et Alfa Romeo.        <\/span>\n    <div class=\"bl-btn bl-btn_tertiary-dark\" aria-label=\"En savoir plus\"><span>En savoir plus<\/span><svg width=\"24\" height=\"24\" viewBox=\"0 0 24 24\" fill=\"none\" xmlns=\"http:\/\/www.w3.org\/2000\/svg\"><path d=\"M17.6537 18.3253L16.9402 17.6368L22.098 12.4791H2V11.4791H22.1173L16.9652 6.32131L17.6537 5.63281L24 11.9791L17.6537 18.3253Z\"\/><\/svg><\/div><\/a>\n\n<a href=\"https:\/\/bolttech.io\/fr\/news\/bolttech-lance-un-partenariat-avec-singtel-pour-lextension-de-la-garantie-des-gadgets-lifestyle\/\" class=\"bl-resource-card bl-resource-card_small\" style=\"background:var(--wp--preset--color--white)\" target=\"_self\">\n    \n                    <span class=\"bl-resource-card__date\">\n                19 septembre 2024            <\/span>\n        \n                <div class=\"h6\">bolttech lance un partenariat avec Singtel pour l&rsquo;extension de la garantie des gadgets \u00ab\u00a0lifestyle<\/div>\n                <span class=\"bl-resource-card__description\">\n            Les clients peuvent prolonger la protection de leurs gadgets jusqu&rsquo;\u00e0 trois ans apr\u00e8s l&rsquo;expiration de la garantie du fabricant. Singapour, le 22 mars 2024 &#8211; La soci\u00e9t\u00e9 internationale d&rsquo;assurance bolttech s&rsquo;est associ\u00e9e au premier groupe de technologies de communication de&#8230;        <\/span>\n    <div class=\"bl-btn bl-btn_tertiary-dark\" aria-label=\"En savoir plus\"><span>En savoir plus<\/span><svg width=\"24\" height=\"24\" viewBox=\"0 0 24 24\" fill=\"none\" xmlns=\"http:\/\/www.w3.org\/2000\/svg\"><path d=\"M17.6537 18.3253L16.9402 17.6368L22.098 12.4791H2V11.4791H22.1173L16.9652 6.32131L17.6537 5.63281L24 11.9791L17.6537 18.3253Z\"\/><\/svg><\/div><\/a>\n\n<a href=\"https:\/\/bolttech.io\/fr\/insights\/bolttech-presente-dans-un-article-de-rein-asia-examinant-limpact-des-donnees-des-wearables-sur-la-souscription\/\" class=\"bl-resource-card bl-resource-card_small\" style=\"background:var(--wp--preset--color--white)\" target=\"_self\">\n            <span class=\"bl-resource-card__thumb\">\n                            <span class=\"bl-resource-card__label\">\n                    Perspectives                <\/span>\n            <img loading=\"lazy\" decoding=\"async\" width=\"1024\" height=\"1024\" src=\"https:\/\/bolttech.io\/wp-content\/uploads\/2024\/08\/wearables-bolttech-1024x1024.avif\" class=\"attachment-large size-large\" alt=\"\" srcset=\"https:\/\/bolttech.io\/wp-content\/uploads\/2024\/08\/wearables-bolttech-1024x1024.avif 1024w, https:\/\/bolttech.io\/wp-content\/uploads\/2024\/08\/wearables-bolttech-300x300.avif 300w, https:\/\/bolttech.io\/wp-content\/uploads\/2024\/08\/wearables-bolttech-150x150.avif 150w, https:\/\/bolttech.io\/wp-content\/uploads\/2024\/08\/wearables-bolttech-768x768.avif 768w, https:\/\/bolttech.io\/wp-content\/uploads\/2024\/08\/wearables-bolttech-1536x1536.avif 1536w, https:\/\/bolttech.io\/wp-content\/uploads\/2024\/08\/wearables-bolttech.avif 1937w\" sizes=\"auto, (max-width: 1024px) 100vw, 1024px\" \/>        <\/span>\n    \n                    <span class=\"bl-resource-card__date\">\n                19 septembre 2024            <\/span>\n        \n                <div class=\"h6\">bolttech pr\u00e9sent\u00e9 dans un article de (Re)in Asia examinant l\u2019impact des donn\u00e9es des wearables sur la souscription<\/div>\n                <span class=\"bl-resource-card__description\">\n            Daisy Dong, notre responsable de la proposition de produits et responsable des produits et des prix pour l\u2019Europe, a \u00e9t\u00e9 interview\u00e9e dans l\u2019article de (Re)in Asia, \u00ab Les donn\u00e9es portables sont un compl\u00e9ment pr\u00e9cieux \u2013 mais pas un remplacement \u2013&#8230;        <\/span>\n    <div class=\"bl-btn bl-btn_tertiary-dark\" aria-label=\"En savoir plus\"><span>En savoir plus<\/span><svg width=\"24\" height=\"24\" viewBox=\"0 0 24 24\" fill=\"none\" xmlns=\"http:\/\/www.w3.org\/2000\/svg\"><path d=\"M17.6537 18.3253L16.9402 17.6368L22.098 12.4791H2V11.4791H22.1173L16.9652 6.32131L17.6537 5.63281L24 11.9791L17.6537 18.3253Z\"\/><\/svg><\/div><\/a>\n\n<a href=\"https:\/\/bolttech.io\/fr\/insights\/interview-dam-best-avec-rob-schimek-pdg-de-notre-groupe\/\" class=\"bl-resource-card bl-resource-card_small\" style=\"background:var(--wp--preset--color--white)\" target=\"_self\">\n            <span class=\"bl-resource-card__thumb\">\n                            <span class=\"bl-resource-card__label\">\n                    Perspectives                <\/span>\n            <img loading=\"lazy\" decoding=\"async\" width=\"460\" height=\"459\" src=\"https:\/\/bolttech.io\/wp-content\/uploads\/2024\/08\/interview-rob-schimek.avif\" class=\"attachment-large size-large\" alt=\"\" srcset=\"https:\/\/bolttech.io\/wp-content\/uploads\/2024\/08\/interview-rob-schimek.avif 460w, https:\/\/bolttech.io\/wp-content\/uploads\/2024\/08\/interview-rob-schimek-300x300.avif 300w, https:\/\/bolttech.io\/wp-content\/uploads\/2024\/08\/interview-rob-schimek-150x150.avif 150w\" sizes=\"auto, (max-width: 460px) 100vw, 460px\" \/>        <\/span>\n    \n                    <span class=\"bl-resource-card__date\">\n                19 septembre 2024            <\/span>\n        \n                <div class=\"h6\">Interview d\u2019AM Best avec Rob Schimek, PDG de notre groupe<\/div>\n                <span class=\"bl-resource-card__description\">\n            Dans une interview accord\u00e9e \u00e0 AM Best TV \u00e0 Insurtech Insights USA \u00e0 New York le mois dernier, le PDG de notre groupe, Rob Schimek, partage son point de vue sur l\u2019\u00e9volution de l\u2019assurance int\u00e9gr\u00e9e en une opportunit\u00e9 de plusieurs&#8230;        <\/span>\n    <div class=\"bl-btn bl-btn_tertiary-dark\" aria-label=\"En savoir plus\"><span>En savoir plus<\/span><svg width=\"24\" height=\"24\" viewBox=\"0 0 24 24\" fill=\"none\" xmlns=\"http:\/\/www.w3.org\/2000\/svg\"><path d=\"M17.6537 18.3253L16.9402 17.6368L22.098 12.4791H2V11.4791H22.1173L16.9652 6.32131L17.6537 5.63281L24 11.9791L17.6537 18.3253Z\"\/><\/svg><\/div><\/a>\n                    <\/div>\n                \n                    <\/div>\n    <\/section>\n","protected":false},"excerpt":{"rendered":"","protected":false},"author":3,"featured_media":0,"parent":0,"menu_order":0,"comment_status":"closed","ping_status":"closed","template":"","meta":{"_acf_changed":false,"footnotes":""},"class_list":["post-24009","page","type-page","status-publish","hentry"],"acf":[],"_links":{"self":[{"href":"https:\/\/bolttech.io\/fr\/wp-json\/wp\/v2\/pages\/24009","targetHints":{"allow":["GET"]}}],"collection":[{"href":"https:\/\/bolttech.io\/fr\/wp-json\/wp\/v2\/pages"}],"about":[{"href":"https:\/\/bolttech.io\/fr\/wp-json\/wp\/v2\/types\/page"}],"author":[{"embeddable":true,"href":"https:\/\/bolttech.io\/fr\/wp-json\/wp\/v2\/users\/3"}],"replies":[{"embeddable":true,"href":"https:\/\/bolttech.io\/fr\/wp-json\/wp\/v2\/comments?post=24009"}],"version-history":[{"count":0,"href":"https:\/\/bolttech.io\/fr\/wp-json\/wp\/v2\/pages\/24009\/revisions"}],"wp:attachment":[{"href":"https:\/\/bolttech.io\/fr\/wp-json\/wp\/v2\/media?parent=24009"}],"curies":[{"name":"wp","href":"https:\/\/api.w.org\/{rel}","templated":true}]}}