{"id":23656,"date":"2024-10-23T15:51:54","date_gmt":"2024-10-23T20:51:54","guid":{"rendered":"https:\/\/bolttech.io\/agences-dassurance\/"},"modified":"2025-05-01T16:08:46","modified_gmt":"2025-05-01T08:08:46","slug":"agences-dassurance","status":"publish","type":"page","link":"https:\/\/bolttech.io\/fr\/cas-dutilisation\/agences-dassurance\/","title":{"rendered":"Agences d\u2019assurance"},"content":{"rendered":"\n<section id=\"block_a366e54ba13299779e93dbeb1e75a70f\"       class=\"bl-first-element bl-bg-image-hero hp-bg-brand-black bl-section-element\">\n\n            <picture class=\"bl-bg-image-hero__bg\">\n            <source srcset=\"https:\/\/bolttech.io\/wp-content\/uploads\/2024\/10\/Get-a-demo_GettyImages-2103894533-1920x1080.jpg\" media=\"(min-width: 1025px)\">\n            <img decoding=\"async\" src=\"https:\/\/bolttech.io\/wp-content\/uploads\/2024\/10\/Get-a-demo_GettyImages-2103894533-834x566.jpg\"\n                 alt=\"Donnez \u00e0 votre agence des solutions d\u2019assurance compl\u00e8tes\">\n        <\/picture>\n    \n    \n    <div class=\"bl-bg-image-hero__container\">\n        <div class=\"bl-container-wide\">\n            <div class=\"bl-bg-image-hero__head bl-animate-text\"><h1 class=\"bl-eyebrow\">Un meilleur logiciel d\u2019assurance pour les agents<\/h1><h2 class=\"h1\">Donnez \u00e0 votre agence des solutions d\u2019assurance compl\u00e8tes<\/h2><div class=\"bl-bg-image-hero__head-description\"><p>D\u00e9couvrez comment notre plateforme innovante aide les agences de toutes tailles \u00e0 \u00e9largir leur offre de produits, \u00e0 rationaliser leurs op\u00e9rations et \u00e0 stimuler leur croissance en toute simplicit\u00e9. Acc\u00e9dez \u00e0 une vaste gamme de transporteurs et de produits pour r\u00e9pondre aux besoins changeants de vos clients et am\u00e9liorer l\u2019efficacit\u00e9 de votre agence. <\/p>\n<\/div><a class=\"bl-btn bl-btn_primary-dark\" href=\"https:\/\/bolttech.io\/fr\/commencez\/\" aria-label=\"Commencez\"><span>Commencez<\/span><\/a><\/div>        <\/div>\n\n            <\/div>\n\n<\/section>\n\n<section id=\"block_2be5531780c42faea00b850f439de5c6\"       class=\"bl-card-layouts hp-bg-brand-black bl-section-element\"\n      style=\"background:var(--wp--preset--color--light-blue)\">\n\n    <div class=\"bl-card-layouts__container\">\n        <div class=\"bl-card-layouts__head bl-animate-text\"><h2 class=\"h3\">Augmentez vos revenus et la satisfaction de vos clients gr\u00e2ce \u00e0 nos solutions d\u2019agence d\u2019assurance.<\/h2><p>D\u00e9couvrez comment notre plateforme permet aux agences d\u2019assurance de toutes tailles de se d\u00e9velopper efficacement, d\u2019am\u00e9liorer leur service et de saisir de nouvelles opportunit\u00e9s.<\/p>\n<\/div>            <div class=\"bl-card-layouts__row bl-fade-up-items\">\n                \n<article class=\"bl-card-with-icon\">\n    <div class=\"bl-card-with-icon__media bl-card-with-icon__media_image\"><img loading=\"lazy\" decoding=\"async\" width=\"96\" height=\"96\" src=\"https:\/\/bolttech.io\/wp-content\/uploads\/2024\/07\/cl-1.svg\" class=\"bl-card-with-icon__media-image\" alt=\"\" \/><\/div><h3 class=\"h5\">Plus de transporteurs, plus de produits  <\/h3><div><p>\u00c9largissez le portefeuille de votre agence en lui donnant acc\u00e8s \u00e0 divers produits d\u2019assurance, ce qui vous permettra de p\u00e9n\u00e9trer de nouveaux march\u00e9s et d\u2019accro\u00eetre votre rentabilit\u00e9 en offrant \u00e0 vos clients des solutions plus personnalis\u00e9es.<\/p>\n<\/div><\/article>\n\n<article class=\"bl-card-with-icon\">\n    <div class=\"bl-card-with-icon__media bl-card-with-icon__media_image\"><img loading=\"lazy\" decoding=\"async\" width=\"24\" height=\"24\" src=\"https:\/\/bolttech.io\/wp-content\/uploads\/2024\/08\/connection-link.svg\" class=\"bl-card-with-icon__media-image\" alt=\"\" \/><\/div><h3 class=\"h5\">Stimuler la croissance de l\u2019entreprise<\/h3><div><p>Simplifiez vos op\u00e9rations gr\u00e2ce \u00e0 des flux de travail rationalis\u00e9s, ce qui permet \u00e0 votre \u00e9quipe de consacrer plus de temps aux ventes et \u00e0 l\u2019engagement des clients avec une plus grande efficacit\u00e9.<\/p>\n<\/div><\/article>\n\n<article class=\"bl-card-with-icon\">\n    <div class=\"bl-card-with-icon__media bl-card-with-icon__media_image\"><img loading=\"lazy\" decoding=\"async\" width=\"96\" height=\"96\" src=\"https:\/\/bolttech.io\/wp-content\/uploads\/2024\/07\/cl-3.svg\" class=\"bl-card-with-icon__media-image\" alt=\"\" \/><\/div><h3 class=\"h5\">Augmentez la satisfaction des clients<\/h3><div><p>Offrez des options d\u2019assurance personnalis\u00e9es pour r\u00e9pondre aux besoins sp\u00e9cifiques de vos clients, en am\u00e9liorant leur exp\u00e9rience et en cr\u00e9ant des relations \u00e0 long terme fond\u00e9es sur la confiance et la satisfaction.<\/p>\n<\/div><\/article>\n            <\/div>\n            <\/div>\n\n<\/section>\n\n\n<section id=\"block_d299fa43eee45bafe617504a216f52b7\"       class=\"bl-callouts hp-bg-brand-black bl-section-element bl-callouts_white-text bl-callouts_callout-with-stats\">\n\n    \n            <div class=\"bl-callouts__with-stats\"\n             style=\"background:var(--wp--preset--gradient--blue-gradient)\">\n            <div class=\"bl-callouts__with-stats-container\">\n                <div class=\"bl-callouts__with-stats-head bl-animate-text\"><h2 class=\"h2\">En savoir plus sur la fa\u00e7on dont nous servons les petites agences<\/h2><p>Acc\u00e9dez aux march\u00e9s dont vous avez besoin. En savoir plus sur bolt et sur la fa\u00e7on dont vous pouvez \u00e9tendre la port\u00e9e de vos produits.<\/p>\n<\/div>\n                \n                                    <div class=\"bl-callouts__with-stats-cta\">\n                                            <\/div>\n                            <\/div>\n        <\/div>\n    \n    \n    \n<\/section>\n\n\n\n<section id=\"block_bb3beab5469fe9677a97e19f331e13e5\"       class=\"bl-last-element bl-hover-tabs hp-bg-brand-black bl-section-element\"\n      style=\"background:var(--wp--preset--color--white)\">\n\n    <div class=\"bl-container-wide\">\n        <div class=\"bl-hover-tabs__head bl-animate-text\"><h2 class=\"h3\">Faites \u00e9voluer votre agence gr\u00e2ce \u00e0 un acc\u00e8s \u00e9largi et \u00e0 une efficacit\u00e9 accrue<\/h2><div class=\"bl-hover-tabs__head-description\"><p>Nous vous connectons \u00e0 plus de transporteurs et de produits, ce qui vous permet d\u2019offrir facilement plus d\u2019options aux clients, d\u2019acc\u00e9l\u00e9rer les devis et de d\u00e9velopper efficacement votre agence.<\/p>\n<\/div><\/div>\n                    <div class=\"bl-hover-tabs__container\">\n                <div class=\"bl-hover-tabs__panel\">\n                    <div class=\"bl-hover-tabs__panel-row\">\n                                                    <button class=\"bl-hover-tabs__panel-button active\"\n                                    data-id-tab=\"block_bb3beab5469fe9677a97e19f331e13e5-1\"\n                                    aria-label=\"\u00c9largir l\u2019acc\u00e8s des op\u00e9rateurs\">\n                                \u00c9largir l\u2019acc\u00e8s des op\u00e9rateurs                            <\/button>\n                                                        <button class=\"bl-hover-tabs__panel-button\"\n                                    data-id-tab=\"block_bb3beab5469fe9677a97e19f331e13e5-2\"\n                                    aria-label=\"\u00c9largissez votre portefeuille de produits\">\n                                \u00c9largissez votre portefeuille de produits                            <\/button>\n                                                        <button class=\"bl-hover-tabs__panel-button\"\n                                    data-id-tab=\"block_bb3beab5469fe9677a97e19f331e13e5-3\"\n                                    aria-label=\"Simplifiez les processus de devis\">\n                                Simplifiez les processus de devis                            <\/button>\n                                                        <button class=\"bl-hover-tabs__panel-button\"\n                                    data-id-tab=\"block_bb3beab5469fe9677a97e19f331e13e5-4\"\n                                    aria-label=\"Rapidit\u00e9 de mise sur le march\u00e9\">\n                                Rapidit\u00e9 de mise sur le march\u00e9                            <\/button>\n                                                        <button class=\"bl-hover-tabs__panel-button\"\n                                    data-id-tab=\"block_bb3beab5469fe9677a97e19f331e13e5-5\"\n                                    aria-label=\"Soutien \u00e0 la souscription par des experts\">\n                                Soutien \u00e0 la souscription par des experts                            <\/button>\n                                                <\/div>\n                <\/div>\n\n                                    <div class=\"bl-hover-tabs__content active\"\n                         data-id-content=\"block_bb3beab5469fe9677a97e19f331e13e5-1\" tabindex=\"-1\">\n\n                                                <div class=\"bl-hover-tabs__section bl-hover-tabs__section_gradient\">\n                                                            <div class=\"h5\">Offrez plus de choix aux clients gr\u00e2ce \u00e0 des solutions transparentes<\/div>\n                                                            <div class=\"bl-hover-tabs__section-description\">\n                                    <p>Connectez-vous \u00e0 un vaste r\u00e9seau d\u2019assureurs, ce qui permettra \u00e0 votre agence d\u2019offrir une gamme diversifi\u00e9e de produits d\u2019assurance des particuliers et des entreprises qui r\u00e9pondent aux besoins changeants de vos clients.<\/p>\n                                <\/div>\n                                                    <\/div>\n                    <\/div>\n                                        <div class=\"bl-hover-tabs__content\"\n                         data-id-content=\"block_bb3beab5469fe9677a97e19f331e13e5-2\" tabindex=\"-1\">\n\n                        <img loading=\"lazy\" decoding=\"async\" width=\"768\" height=\"512\" src=\"https:\/\/bolttech.io\/wp-content\/uploads\/2024\/09\/business-agreement--768x512.avif\" class=\"bl-hover-tabs__img\" alt=\"\" srcset=\"https:\/\/bolttech.io\/wp-content\/uploads\/2024\/09\/business-agreement--768x512.avif 768w, https:\/\/bolttech.io\/wp-content\/uploads\/2024\/09\/business-agreement--300x200.avif 300w, https:\/\/bolttech.io\/wp-content\/uploads\/2024\/09\/business-agreement--1024x683.avif 1024w, https:\/\/bolttech.io\/wp-content\/uploads\/2024\/09\/business-agreement-.avif 1200w\" sizes=\"auto, (max-width: 768px) 100vw, 768px\" \/>                        <div class=\"bl-hover-tabs__section bl-hover-tabs__section_gradient\">\n                                                            <div class=\"h5\">D\u00e9bloquez facilement de nouvelles opportunit\u00e9s de revenus et de nouveaux march\u00e9s<\/div>\n                                                            <div class=\"bl-hover-tabs__section-description\">\n                                    <p>Offrez une plus grande vari\u00e9t\u00e9 d\u2019options d\u2019assurance et exploitez de nouveaux march\u00e9s, ce qui vous aidera \u00e0 faire cro\u00eetre votre entreprise et \u00e0 rester concurrentiel avec des produits qui r\u00e9pondent aux demandes de vos clients.<\/p>\n                                <\/div>\n                                                    <\/div>\n                    <\/div>\n                                        <div class=\"bl-hover-tabs__content\"\n                         data-id-content=\"block_bb3beab5469fe9677a97e19f331e13e5-3\" tabindex=\"-1\">\n\n                        <img loading=\"lazy\" decoding=\"async\" width=\"768\" height=\"512\" src=\"https:\/\/bolttech.io\/wp-content\/uploads\/2024\/09\/woman-on-phone-taking-notes-768x512.jpg\" class=\"bl-hover-tabs__img\" alt=\"\" srcset=\"https:\/\/bolttech.io\/wp-content\/uploads\/2024\/09\/woman-on-phone-taking-notes-768x512.jpg 768w, https:\/\/bolttech.io\/wp-content\/uploads\/2024\/09\/woman-on-phone-taking-notes-300x200.jpg 300w, https:\/\/bolttech.io\/wp-content\/uploads\/2024\/09\/woman-on-phone-taking-notes-1024x683.jpg 1024w, https:\/\/bolttech.io\/wp-content\/uploads\/2024\/09\/woman-on-phone-taking-notes.jpg 1200w\" sizes=\"auto, (max-width: 768px) 100vw, 768px\" \/>                        <div class=\"bl-hover-tabs__section bl-hover-tabs__section_gradient\">\n                                                            <div class=\"h5\">Rationalisez les flux de travail pour un service plus rapide et plus efficace<\/div>\n                                                            <div class=\"bl-hover-tabs__section-description\">\n                                    <p>\u00c9liminez les t\u00e2ches r\u00e9p\u00e9titives gr\u00e2ce \u00e0 notre application unifi\u00e9e, qui vous permet de chiffrer plusieurs transporteurs en une seule fois et de rationaliser vos op\u00e9rations pour un service plus rapide.<\/p>\n                                <\/div>\n                                                    <\/div>\n                    <\/div>\n                                        <div class=\"bl-hover-tabs__content\"\n                         data-id-content=\"block_bb3beab5469fe9677a97e19f331e13e5-4\" tabindex=\"-1\">\n\n                                                <div class=\"bl-hover-tabs__section bl-hover-tabs__section_gradient\">\n                                                            <div class=\"h5\">R\u00e9pondez aux besoins des clients avec des devis plus rapides<\/div>\n                                                            <div class=\"bl-hover-tabs__section-description\">\n                                    <p>Acc\u00e9dez rapidement \u00e0 de nouveaux produits et livrez des devis plus rapidement, ce qui vous permet d\u2019am\u00e9liorer la satisfaction de vos clients et de r\u00e9pondre efficacement \u00e0 leurs besoins.<\/p>\n                                <\/div>\n                                                    <\/div>\n                    <\/div>\n                                        <div class=\"bl-hover-tabs__content\"\n                         data-id-content=\"block_bb3beab5469fe9677a97e19f331e13e5-5\" tabindex=\"-1\">\n\n                                                <div class=\"bl-hover-tabs__section bl-hover-tabs__section_gradient\">\n                                                            <div class=\"h5\">Prenez des d\u00e9cisions en toute confiance gr\u00e2ce \u00e0 des informations \u00e9tay\u00e9es par des experts<\/div>\n                                                            <div class=\"bl-hover-tabs__section-description\">\n                                    <p>Obtenez un acc\u00e8s direct \u00e0 l\u2019expertise en souscription lorsque vous en avez besoin, ce qui vous donne la confiance n\u00e9cessaire pour g\u00e9rer des cas complexes et conclure plus de transactions.<\/p>\n                                <\/div>\n                                                    <\/div>\n                    <\/div>\n                                <\/div>\n        \n    <\/div>\n\n<\/section>\n","protected":false},"excerpt":{"rendered":"","protected":false},"author":3,"featured_media":0,"parent":24415,"menu_order":0,"comment_status":"closed","ping_status":"closed","template":"","meta":{"_acf_changed":false,"footnotes":""},"class_list":["post-23656","page","type-page","status-publish","hentry"],"acf":[],"_links":{"self":[{"href":"https:\/\/bolttech.io\/fr\/wp-json\/wp\/v2\/pages\/23656","targetHints":{"allow":["GET"]}}],"collection":[{"href":"https:\/\/bolttech.io\/fr\/wp-json\/wp\/v2\/pages"}],"about":[{"href":"https:\/\/bolttech.io\/fr\/wp-json\/wp\/v2\/types\/page"}],"author":[{"embeddable":true,"href":"https:\/\/bolttech.io\/fr\/wp-json\/wp\/v2\/users\/3"}],"replies":[{"embeddable":true,"href":"https:\/\/bolttech.io\/fr\/wp-json\/wp\/v2\/comments?post=23656"}],"version-history":[{"count":0,"href":"https:\/\/bolttech.io\/fr\/wp-json\/wp\/v2\/pages\/23656\/revisions"}],"up":[{"embeddable":true,"href":"https:\/\/bolttech.io\/fr\/wp-json\/wp\/v2\/pages\/24415"}],"wp:attachment":[{"href":"https:\/\/bolttech.io\/fr\/wp-json\/wp\/v2\/media?parent=23656"}],"curies":[{"name":"wp","href":"https:\/\/api.w.org\/{rel}","templated":true}]}}