{"id":23293,"date":"2024-10-23T02:59:40","date_gmt":"2024-10-23T07:59:40","guid":{"rendered":"https:\/\/bolttech.io\/dementi\/"},"modified":"2024-11-08T10:41:17","modified_gmt":"2024-11-08T15:41:17","slug":"dementi","status":"publish","type":"page","link":"https:\/\/bolttech.io\/fr\/dementi\/","title":{"rendered":"D\u00e9menti"},"content":{"rendered":"<!-- Hidden input -->\n\n    <input type=\"hidden\" id=\"geo-country\" value=\"[geot_country_name default=&quot;&quot;]\" data-country=\"[geot_country_name default=&quot;&quot;]\" >\n    <!-- <input type=\"hidden\" id=\"geo-country\" value=\"Hong Kong\"> -->\n\n<section id=\"block_2ea9b9386530dea1923b03021466de85\"       class=\"bl-first-element bl-secondary-hero hp-bg-brand-black bl-section-element bl-secondary-hero_centered-content bl-secondary-hero_shapes-animation\"\n      style=\"background:var(--wp--preset--color--white)\">\n\n    <div class=\"bl-secondary-hero__container\">\n        <div class=\"bl-secondary-hero__head bl-animate-text\"><h1 class=\"h2\">D\u00e9menti<\/h1><div class=\"bl-secondary-hero__head-description bl-secondary-hero__head-description_petit\"><p>Septembre 2024<\/p>\n<\/div><\/div>\n\n            <\/div>\n\n                <div class=\"shape-left-1\"><\/div>\n            <div class=\"shape-left-2\"><\/div>\n\n            <div class=\"shape-right-1\"><\/div>\n            <div class=\"shape-right-2\"><\/div>\n        \n    \n<\/section>\n\n\n\n\n\n<section id=\"block_e92386a6d301f2c4bbb9c6e96b802dd7\"\n         class=\"bl-last-element bl-sticky-sidebar hp-bg-brand-black bl-section-element\">\n\n    <div class=\"bl-container-wide\">\n        <div class=\"bl-sticky-sidebar__content\">\n                            <div class=\"bl-sticky-sidebar__sidebar\">\n                    <div class=\"bl-sticky-sidebar__bar\">\n                        <div class=\"bl-sticky-sidebar__bar-links\">\n                                                            <div class=\"bl-sticky-sidebar__bar-heading\">\n                                    Acc\u00e9dez \u00e0                                <\/div>\n                            \n                                                            <div class=\"bl-sticky-sidebar__nav\">\n                                                                                <a href=\"#avis\"\n                                               target=\"_self\"\n                                               class=\"bl-sticky-sidebar__nav-link\">\n                                                Avis                                            <\/a>\n                                                                                    <a href=\"#droit-dauteur\"\n                                               target=\"_self\"\n                                               class=\"bl-sticky-sidebar__nav-link\">\n                                                Droit d&#039;auteur                                            <\/a>\n                                                                                    <a href=\"#Marques-deposees\"\n                                               target=\"_self\"\n                                               class=\"bl-sticky-sidebar__nav-link\">\n                                                Marques d\u00e9pos\u00e9es                                            <\/a>\n                                                                                    <a href=\"#Utilisation-des-informations-et-du-materiel\"\n                                               target=\"_self\"\n                                               class=\"bl-sticky-sidebar__nav-link\">\n                                                Utilisation des informations et du mat\u00e9riel                                            <\/a>\n                                                                                    <a href=\"#Aucune-garantie\"\n                                               target=\"_self\"\n                                               class=\"bl-sticky-sidebar__nav-link\">\n                                                Aucune garantie                                            <\/a>\n                                                                                    <a href=\"#Performance-du-site\"\n                                               target=\"_self\"\n                                               class=\"bl-sticky-sidebar__nav-link\">\n                                                Performances du site                                            <\/a>\n                                                                                    <a href=\"#Licences-de-logiciels\"\n                                               target=\"_self\"\n                                               class=\"bl-sticky-sidebar__nav-link\">\n                                                Licences de logiciels                                            <\/a>\n                                                                                    <a href=\"#Limitation-de-responsabilite\"\n                                               target=\"_self\"\n                                               class=\"bl-sticky-sidebar__nav-link\">\n                                                Limitation de responsabilit\u00e9                                            <\/a>\n                                                                                    <a href=\"#Liens-vers-des-sites-Web-tiers\"\n                                               target=\"_self\"\n                                               class=\"bl-sticky-sidebar__nav-link\">\n                                                Liens vers des sites Web tiers                                            <\/a>\n                                                                                    <a href=\"#Soumission-dinformations\"\n                                               target=\"_self\"\n                                               class=\"bl-sticky-sidebar__nav-link\">\n                                                Soumission d&#039;informations                                            <\/a>\n                                                                                    <a href=\"#Communication-Internet\"\n                                               target=\"_self\"\n                                               class=\"bl-sticky-sidebar__nav-link\">\n                                                Communications Internet                                            <\/a>\n                                                                        <\/div>\n                                                    <\/div>\n                    <\/div>\n                <\/div>\n            \n            <div class=\"bl-sticky-sidebar__textual\">\n                <div class=\"acf-innerblocks-container\">\n\n<h2 class=\"wp-block-heading\" id=\"avis\">Remarquer<\/h2>\n\n\n\n<p>Bienvenue sur le site Web de bolttech&nbsp;! Veuillez lire attentivement les conditions g\u00e9n\u00e9rales suivantes. En acc\u00e9dant \u00e0 ce site Web et \u00e0 toutes les pages, vous acceptez d\u2019\u00eatre li\u00e9 par les termes et conditions ci-dessous. Si vous n\u2019\u00eates pas d\u2019accord avec les termes et conditions ci-dessous, veuillez ne pas acc\u00e9der \u00e0 ce site Web, ni \u00e0 aucune de ses pages.   <\/p>\n\n\n\n<p>Nous pouvons modifier ces conditions g\u00e9n\u00e9rales de temps \u00e0 autre, sans vous en informer et sans vous donner de raison de le faire, en publiant une version mise \u00e0 jour des conditions g\u00e9n\u00e9rales sur le site Web. Vous devez v\u00e9rifier r\u00e9guli\u00e8rement ces conditions g\u00e9n\u00e9rales pour toute modification. Si les pr\u00e9sentes conditions g\u00e9n\u00e9rales sont modifi\u00e9es, vous devez vous conformer aux conditions g\u00e9n\u00e9rales mises \u00e0 jour. Si vous n\u2019\u00eates pas d\u2019accord avec les conditions g\u00e9n\u00e9rales mises \u00e0 jour, vous devez imm\u00e9diatement cesser d\u2019utiliser le site Web.   <\/p>\n\n\n\n<p>En cas de divergence entre la version anglaise et les autres versions linguistiques de ce site Web, la version anglaise s\u2019appliquera et pr\u00e9vaudra.<\/p>\n\n\n\n<h2 class=\"wp-block-heading\" id=\"droit-dauteur\">Droits d\u2019auteur&nbsp;: Tous droits r\u00e9serv\u00e9s<\/h2>\n\n\n\n<p>Sauf indication contraire, les droits d&rsquo;auteur de tous les documents et contenus figurant sur ce site Web sont d\u00e9tenus par bolttech et ses soci\u00e9t\u00e9s affili\u00e9es (collectivement d\u00e9nomm\u00e9es \u00ab\u00a0bolttech\u00a0\u00bb, \u00ab\u00a0nous\u00a0\u00bb, \u00ab\u00a0notre\u00a0\u00bb ou \u00ab\u00a0nos\u00a0\u00bb). Le site Web permet aux utilisateurs de lire des informations sur bolttech et de nous envoyer un courrier \u00e9lectronique de demande de renseignements.<\/p>\n\n\n\n<p>Aux fins de la pr\u00e9sente clause de non-responsabilit\u00e9, on entend par \u00ab\u00a0soci\u00e9t\u00e9 affili\u00e9e\u00a0\u00bb, en ce qui concerne toute personne, toute autre personne qui est une soci\u00e9t\u00e9 holding ou une filiale directe ou indirecte ou toute soci\u00e9t\u00e9 de personnes ou entreprise (constitu\u00e9e ou non en soci\u00e9t\u00e9) de Bolttech qui est directement ou indirectement : (a) poss\u00e8de ou contr\u00f4le Bolttech, (b) est d\u00e9tenu ou contr\u00f4l\u00e9 par bolttech, ou (c) est sous propri\u00e9t\u00e9 ou contr\u00f4le commun avec bolttech. Aux fins de la pr\u00e9sente d\u00e9finition, les termes \u00ab\u00a0contr\u00f4le\u00a0\u00bb, \u00ab\u00a0contr\u00f4lant\u00a0\u00bb ou \u00ab\u00a0contr\u00f4l\u00e9\u00a0\u00bb d\u00e9signent le pouvoir de diriger la gestion, les op\u00e9rations, les activit\u00e9s et\/ou les politiques de Bolttech, que ce soit par la propri\u00e9t\u00e9 d&rsquo;actions ou de tout autre titre, par contrat ou de toute autre mani\u00e8re.<\/p>\n\n\n\n<h2 class=\"wp-block-heading\" id=\"Marques-deposees\">Marques<\/h2>\n\n\n\n<p><br>Toutes les marques de commerce, logos et marques de service affich\u00e9s sur ce site Web sont prot\u00e9g\u00e9s et il est interdit aux utilisateurs de les utiliser sans l\u2019autorisation \u00e9crite de bolttech ou des propri\u00e9taires des marques de commerce, logos et marques de service pertinents, selon le cas.<\/p>\n\n\n\n<p>Le contenu de ce site Web est prot\u00e9g\u00e9 par le droit d\u2019auteur et aucune partie de ce mat\u00e9riel ne peut \u00eatre modifi\u00e9e, reproduite, stock\u00e9e dans un syst\u00e8me de r\u00e9cup\u00e9ration, transmise (sous quelque forme ou par quelque moyen que ce soit), copi\u00e9e, distribu\u00e9e, utilis\u00e9e pour cr\u00e9er des \u0153uvres d\u00e9riv\u00e9es ou utilis\u00e9e de toute autre mani\u00e8re \u00e0 des fins commerciales ou publiques sans le consentement \u00e9crit pr\u00e9alable de bolttech.<\/p>\n\n\n\n<h2 class=\"wp-block-heading\" id=\"Utilisation-des-informations-et-du-materiel\">Utilisation des informations et des documents<\/h2>\n\n\n\n<p>Les informations et les documents contenus dans ces pages (y compris les termes, conditions et descriptions qui y figurent) sont susceptibles d\u2019\u00eatre modifi\u00e9s.<\/p>\n\n\n\n<p>Les produits et services mentionn\u00e9s dans ce site Web ne sont propos\u00e9s que dans la juridiction o\u00f9 et quand ils peuvent \u00eatre l\u00e9galement propos\u00e9s par bolttech. Le contenu de ces pages n\u2019est pas destin\u00e9 \u00e0 \u00eatre utilis\u00e9 par des personnes situ\u00e9es ou r\u00e9sidant dans des juridictions qui restreignent la distribution de ce type de documents par nous. Les personnes qui acc\u00e8dent \u00e0 ces pages sont tenues de respecter toutes les restrictions pertinentes.  <\/p>\n\n\n\n<p>Ces pages ne doivent pas \u00eatre consid\u00e9r\u00e9es comme une offre ou une sollicitation de vente de produits ou de services dans une juridiction \u00e0 toute personne \u00e0 qui il est ill\u00e9gal de faire une telle invitation ou sollicitation dans cette juridiction.<\/p>\n\n\n\n<p>Il est conseill\u00e9 aux personnes qui acc\u00e8dent \u00e0 ces pages d\u2019obtenir des conseils professionnels appropri\u00e9s en fonction de leurs propres besoins pour tout produit ou service particulier contenu dans ces pages.<\/p>\n\n\n\n<h2 class=\"wp-block-heading\" id=\"Aucune-garantie\">Aucune garantie<\/h2>\n\n\n\n<p>Les informations et le mat\u00e9riel contenus dans ce site web, y compris les textes, les graphiques, les liens ou d&rsquo;autres \u00e9l\u00e9ments, sont fournis \u00ab\u00a0en l&rsquo;\u00e9tat\u00a0\u00bb, \u00ab\u00a0tels que disponibles\u00a0\u00bb. bolttech ne garantit pas l&rsquo;exactitude, l&rsquo;ad\u00e9quation ou l&rsquo;exhaustivit\u00e9 de ces informations et documents et d\u00e9cline express\u00e9ment toute responsabilit\u00e9 en cas d&rsquo;erreurs ou d&rsquo;omissions dans ces informations et documents. Aucune garantie de quelque nature que ce soit, implicite, expresse ou l\u00e9gale, y compris les garanties de non-violation des droits des tiers, de titre, de qualit\u00e9 marchande, d&rsquo;ad\u00e9quation \u00e0 un usage particulier et d&rsquo;absence de virus informatique, n&rsquo;est donn\u00e9e en liaison avec les informations et le mat\u00e9riel.<\/p>\n\n\n\n<h2 class=\"wp-block-heading\" id=\"Performance-du-site\">Performance du site web<\/h2>\n\n\n\n<p>Nous nous efforcerons, dans la mesure du possible, de rendre le site web accessible pendant nos heures normales d&rsquo;ouverture. Toutefois, la disponibilit\u00e9 du site web d\u00e9pend de divers fournisseurs tiers et, par cons\u00e9quent, nous n&rsquo;offrons aucune garantie :<\/p>\n\n\n\n<p>(a) que vous serez en mesure d\u2019utiliser le site Web \u00e0 tout moment ; ou (b) que votre utilisation du site Web sera continue, ininterrompue, s\u00e9curis\u00e9e ou exempte d\u2019erreurs. <\/p>\n\n\n\n<p>Vous reconnaissez que le site Web peut ne pas \u00eatre disponible pour utilisation de temps \u00e0 autre, et que vous pouvez \u00eatre d\u00e9connect\u00e9 de votre utilisation du site Web \u00e0 tout moment pour quelque raison que ce soit, y compris si :<\/p>\n\n\n\n<p>(a) des difficult\u00e9s de connexion au r\u00e9seau surviennent ; (b) les syst\u00e8mes fournissant ces services sont indisponibles pour quelque raison que ce soit (y compris pour que la maintenance puisse \u00eatre effectu\u00e9e) ; (c) vous enfreignez l\u2019une des pr\u00e9sentes Conditions d\u2019utilisation ; ou (d) nous d\u00e9cidons de r\u00e9silier, de suspendre ou de bloquer votre acc\u00e8s au site Web pour quelque raison que ce soit.   <\/p>\n\n\n\n<p>Nous ne donnons aucune garantie quant \u00e0 la fiabilit\u00e9 ou \u00e0 d\u2019autres performances du site Web. Les performances du site Web d\u00e9pendent de divers facteurs, notamment les fonctions, la capacit\u00e9 et la configuration de votre propre appareil connect\u00e9 \u00e0 Internet (qui est compatible avec le site Web et dispose d\u2019une connexion Internet actuelle et fonctionnelle), de la vitesse de votre connexion Internet et du nombre d\u2019utilisateurs acc\u00e9dant aux syst\u00e8mes qui prennent en charge le site Web. <\/p>\n\n\n\n<p>Les informations disponibles sur le site web sont susceptibles d&rsquo;\u00eatre mises \u00e0 jour de temps \u00e0 autre et, bien que nous nous efforcions de les actualiser, il peut y avoir des retards, des erreurs ou des omissions susceptibles d&rsquo;en affecter l&rsquo;actualit\u00e9 ou l&rsquo;exactitude. En cons\u00e9quence, nous ne pouvons pas garantir que les informations que vous obtenez par le biais du site web sont ou seront \u00e0 tout moment actuelles, compl\u00e8tes ou exactes. Vous reconnaissez et acceptez que vous ferez vos propres recherches pour d\u00e9terminer si les informations que vous obtenez par le biais du site web sont actuelles, compl\u00e8tes et exactes avant de les utiliser. Nous ne sommes pas responsables des responsabilit\u00e9s, pertes, dommages, co\u00fbts et d\u00e9penses (y compris les co\u00fbts et d\u00e9penses juridiques, qu&rsquo;ils soient encourus ou accord\u00e9s) d\u00e9coulant d&rsquo;un contrat, d&rsquo;un d\u00e9lit civil (y compris la n\u00e9gligence) ou autre, que vous subissez ou engagez en raison de votre non-respect du pr\u00e9sent paragraphe.   <\/p>\n\n\n\n<h2 class=\"wp-block-heading\" id=\"Licences-de-logiciels\">Licences de logiciels<\/h2>\n\n\n\n<p>Dans la mesure o\u00f9 un logiciel est mis \u00e0 votre disposition ou fourni sur ce site web, nous vous accordons une licence non exclusive, limit\u00e9e et personnelle pour t\u00e9l\u00e9charger et utiliser le logiciel pour votre usage personnel et non commercial uniquement. Tous les droits, y compris les droits de propri\u00e9t\u00e9 intellectuelle sur le logiciel, restent notre propri\u00e9t\u00e9 ou la propri\u00e9t\u00e9 des conc\u00e9dants de licence ou des propri\u00e9taires du logiciel et, sauf dans les cas autoris\u00e9s par la loi, vous ne pouvez pas faire de l&rsquo;ing\u00e9nierie inverse, d\u00e9compiler, modifier ou alt\u00e9rer le logiciel.<\/p>\n\n\n\n<h2 class=\"wp-block-heading\" id=\"Limitation-de-responsabilite\">Limitation de responsabilit\u00e9<\/h2>\n\n\n\n<p>En aucun cas Bolttech ne pourra \u00eatre tenu responsable de dommages, y compris de dommages directs ou indirects, sp\u00e9ciaux, accessoires ou cons\u00e9cutifs, de pertes ou de d\u00e9penses li\u00e9s \u00e0 ce site web, \u00e0 son utilisation ou \u00e0 l&rsquo;impossibilit\u00e9 de l&rsquo;utiliser par toute partie, ou li\u00e9s \u00e0 un d\u00e9faut de performance, une erreur, une omission, une interruption, un d\u00e9faut, un retard dans le fonctionnement ou la transmission, un virus informatique ou une panne de ligne ou de syst\u00e8me, m\u00eame si Bolttech ou ses repr\u00e9sentants sont inform\u00e9s de la possibilit\u00e9 de tels dommages, pertes ou d\u00e9penses. Les liens hypertextes vers d&rsquo;autres ressources Internet sont utilis\u00e9s \u00e0 vos propres risques ; le contenu, l&rsquo;exactitude, les opinions exprim\u00e9es et les autres liens fournis par ces ressources ne sont pas examin\u00e9s, v\u00e9rifi\u00e9s, contr\u00f4l\u00e9s ou approuv\u00e9s par Bolttech.<\/p>\n\n\n\n<h2 class=\"wp-block-heading\" id=\"Liens-vers-des-sites-Web-tiers\">Liens vers des sites Web de tiers<\/h2>\n\n\n\n<p>Il existe des liens vers des sites web de tiers qui ne sont pas contr\u00f4l\u00e9s par Bolttech. bolttech n&rsquo;est pas cens\u00e9 garantir ou approuver le contenu des sites web de tiers et n&rsquo;est en aucun cas responsable du contenu de ces sites web. bolttech ne sera pas non plus responsable des dommages ou pertes subis par vous, d\u00e9coulant de ou en rapport avec votre utilisation de sites web de tiers.<\/p>\n\n\n\n<h2 class=\"wp-block-heading\" id=\"Soumission-dinformations\">Soumission de l\u2019information<\/h2>\n\n\n\n<p>Toutes les informations soumises \u00e0 bolttech par le biais de ce site Web seront consid\u00e9r\u00e9es comme \u00e9tant la propri\u00e9t\u00e9 de bolttech et le resteront. bolttech sera libre d&rsquo;utiliser, \u00e0 toutes fins, les id\u00e9es, concepts, savoir-faire ou techniques contenus dans les informations fournies par un visiteur \u00e0 bolttech par le biais de ce site Web. bolttech n&rsquo;est soumis \u00e0 aucune obligation de confidentialit\u00e9 concernant les informations soumises, sauf en cas d&rsquo;accord avec bolttech ayant une relation directe avec le client ou en cas d&rsquo;accord sp\u00e9cifique ou d&rsquo;obligation l\u00e9gale.<\/p>\n\n\n\n<h2 class=\"wp-block-heading\" id=\"Communication-Internet\">Internet Communications<\/h2>\n\n\n\n<p>La s\u00e9curit\u00e9 des messages envoy\u00e9s sur Internet ne peut \u00eatre garantie. bolttech ne sera pas responsable des dommages subis par les utilisateurs s&rsquo;ils envoient un message \u00e0 bolttech, ou si bolttech leur envoie un message \u00e0 leur demande, par le biais d&rsquo;Internet. bolttech n&rsquo;est en aucun cas responsable des dommages directs, indirects, sp\u00e9ciaux ou cons\u00e9cutifs r\u00e9sultant de l&rsquo;utilisation de ce site web.<\/p>\n\n\n\n<p>Les communications sur Internet peuvent faire l\u2019objet d\u2019interruptions, de coupures de transmission, de transmissions retard\u00e9es en raison du trafic Internet ou de transmissions de donn\u00e9es incorrectes en raison de la nature publique d\u2019Internet ou pour toute autre raison.<\/p>\n\n<\/div>\n            <\/div>\n        <\/div>\n    <\/div>\n\n<\/section>\n","protected":false},"excerpt":{"rendered":"","protected":false},"author":4,"featured_media":0,"parent":0,"menu_order":0,"comment_status":"closed","ping_status":"closed","template":"","meta":{"_acf_changed":false,"footnotes":""},"class_list":["post-23293","page","type-page","status-publish","hentry"],"acf":[],"_links":{"self":[{"href":"https:\/\/bolttech.io\/fr\/wp-json\/wp\/v2\/pages\/23293","targetHints":{"allow":["GET"]}}],"collection":[{"href":"https:\/\/bolttech.io\/fr\/wp-json\/wp\/v2\/pages"}],"about":[{"href":"https:\/\/bolttech.io\/fr\/wp-json\/wp\/v2\/types\/page"}],"author":[{"embeddable":true,"href":"https:\/\/bolttech.io\/fr\/wp-json\/wp\/v2\/users\/4"}],"replies":[{"embeddable":true,"href":"https:\/\/bolttech.io\/fr\/wp-json\/wp\/v2\/comments?post=23293"}],"version-history":[{"count":0,"href":"https:\/\/bolttech.io\/fr\/wp-json\/wp\/v2\/pages\/23293\/revisions"}],"wp:attachment":[{"href":"https:\/\/bolttech.io\/fr\/wp-json\/wp\/v2\/media?parent=23293"}],"curies":[{"name":"wp","href":"https:\/\/api.w.org\/{rel}","templated":true}]}}