{"id":43254,"date":"2025-09-01T17:33:04","date_gmt":"2025-09-01T09:33:04","guid":{"rendered":"https:\/\/bolttech.io\/casos-de-uso\/agencias-de-seguros\/tornillo-para-pequenas-agencias\/"},"modified":"2025-09-04T18:42:46","modified_gmt":"2025-09-04T10:42:46","slug":"tornillo-para-pequenas-agencias","status":"publish","type":"page","link":"https:\/\/bolttech.io\/es\/casos-de-uso\/agencias-de-seguros\/tornillo-para-pequenas-agencias\/","title":{"rendered":"Tornillo para peque\u00f1as agencias"},"content":{"rendered":"\n<section id=\"block_05cd473dd37ff9d1395c2996c4e73f84\"       class=\"bl-first-element bl-bg-image-hero hp-bg-brand-black bl-section-element bl-bg-image-hero_overlay\">\n\n            <picture class=\"bl-bg-image-hero__bg\">\n            <source srcset=\"https:\/\/bolttech.io\/wp-content\/uploads\/2024\/08\/888aeb619f6b751643738baaf5dbd9cf.png\" media=\"(min-width: 1025px)\">\n            <img decoding=\"async\" src=\"https:\/\/bolttech.io\/wp-content\/uploads\/2024\/08\/888aeb619f6b751643738baaf5dbd9cf-834x566.png\"\n                 alt=\"Haga crecer su agencia con acceso instant\u00e1neo al mercado de seguros a compa\u00f1\u00edas l\u00edderes en la industria\">\n        <\/picture>\n    \n    \n    <div class=\"bl-bg-image-hero__container\">\n        <div class=\"bl-container-wide\">\n            <div class=\"bl-bg-image-hero__head bl-animate-text\"><h2 class=\"bl-eyebrow\">Bolt para peque\u00f1as agencias<\/h2><h1 class=\"h1\">Haga crecer su agencia con acceso instant\u00e1neo al mercado de seguros a compa\u00f1\u00edas l\u00edderes en la industria<\/h1><div class=\"bl-bg-image-hero__head-description\"><p>Bolt es una plataforma de distribuci\u00f3n de seguros dise\u00f1ada por agentes para agentes. Ofrecemos acceso instant\u00e1neo al mercado de seguros a las principales compa\u00f1\u00edas y productos, adem\u00e1s de herramientas para hacer crecer su agencia de manera eficiente. \u00danase a las principales agencias del pa\u00eds que conf\u00edan en bolt.  <\/p>\n<\/div><a class=\"bl-btn bl-btn_primary-dark\" href=\"https:\/\/signup.boltinsurance.com\/welcome\" aria-label=\"Reg\u00edstrate ahora\" target=\"_blank\" rel=\"noopener\"><span>Reg\u00edstrate ahora<\/span><\/a><\/div>        <\/div>\n\n            <\/div>\n\n<\/section>\n<!-- Hidden input -->\n\n    <input type=\"hidden\" id=\"geo-country\" value=\"[geot_country_name default=&quot;&quot;]\" data-country=\"[geot_country_name default=&quot;&quot;]\" >\n    <!-- <input type=\"hidden\" id=\"geo-country\" value=\"Hong Kong\"> -->\n\n<section id=\"block_e6df3835d8204f1c7fdfe97fb8935d2a\"       class=\"bl-secondary-hero hp-bg-brand-black bl-section-element bl-secondary-hero_form-hero\"\n      style=\"background:var(--wp--preset--gradient--cyan-white-gradient)\">\n\n    <div class=\"bl-secondary-hero__container\">\n        <div class=\"bl-secondary-hero__head bl-animate-text\"><H2 class=\"h1\">Comience a vender con las compa\u00f1\u00edas de seguros m\u00e1s grandes hoy<\/H2><div class=\"bl-secondary-hero__head-description bl-secondary-hero__head-description_peque\u00f1o\"><p>bolt Essential le brinda acceso inmediato a los transportistas nacionales preferidos, as\u00ed como a una variedad de mercados.<\/p>\n<\/div><\/div>\n\n                    <div class=\"bl-secondary-hero__form bl-animate-text\">\n                                    <div class=\"h5\">\n                        Descubre nuestros planes                    <\/div>\n                                    <div class=\"bl-secondary-hero__form-description\">\n                        <p>Nuestro equipo est\u00e1 listo para ayudarlo a comenzar a escribir m\u00e1s negocios. Complete el siguiente formulario para hablar con un representante.   <\/p>\n                    <\/div>\n                \n                                    <div id=\"sh_block_e6df3835d8204f1c7fdfe97fb8935d2a\"\n                         data-region=\"na1\"\n                         data-portal-id=\"711460\"\n                         data-form-id=\"5ecf9155-6bb3-4f8b-a0a4-a75715dfc9a8\"><\/div>\n                            <\/div>\n            <\/div>\n\n    \n    \n<\/section>\n\n\n\n<section id=\"block_b2c267ebb7d8f26f837ccc9425bba829\"       class=\"bl-callouts hp-bg-brand-black bl-section-element bl-callouts_white-text bl-callouts_callout-with-stats\">\n\n    \n            <div class=\"bl-callouts__with-stats\"\n             style=\"background:var(--wp--preset--gradient--blue-gradient)\">\n            <div class=\"bl-callouts__with-stats-container\">\n                <div class=\"bl-callouts__with-stats-head bl-animate-text bl-callouts__with-stats-head_center-tablet\"><H2 class=\"h2\">Bolt de un vistazo<\/H2><\/div>\n                                    <div class=\"bl-callouts__with-stats-count\">\n                                                    <div class=\"bl-callouts__with-stats-item\">\n                                <div class=\"h4\">\n                                    ~100                                <\/div>\n                                                                    <div class=\"bl-callouts__with-stats-item-description\">\n                                        Socios transportistas                                    <\/div>\n                                                            <\/div>\n                                                    <div class=\"bl-callouts__with-stats-item\">\n                                <div class=\"h4\">\n                                    ~200                                <\/div>\n                                                                    <div class=\"bl-callouts__with-stats-item-description\">\n                                        productos en todas las l\u00edneas de negocio de P&amp;C                                    <\/div>\n                                                            <\/div>\n                                                    <div class=\"bl-callouts__with-stats-item\">\n                                <div class=\"h4\">\n                                    50                                <\/div>\n                                                                    <div class=\"bl-callouts__with-stats-item-description\">\n                                        Estados con cobertura disponible                                    <\/div>\n                                                            <\/div>\n                                                    <div class=\"bl-callouts__with-stats-item\">\n                                <div class=\"h4\">\n                                    4,000+                                <\/div>\n                                                                    <div class=\"bl-callouts__with-stats-item-description\">\n                                        Agentes que ya utilizan nuestra plataforma                                    <\/div>\n                                                            <\/div>\n                                            <\/div>\n                \n                            <\/div>\n        <\/div>\n    \n    \n    \n<\/section>\n\n\n\n<section id=\"block_22742e3af20128da2ce655e9c3e96c8f\"       class=\"bl-hover-tabs hp-bg-brand-black bl-section-element\"\n      style=\"background:var(--wp--preset--color--white)\">\n\n    <div class=\"bl-container-wide\">\n        <div class=\"bl-hover-tabs__head bl-animate-text\"><h2 class=\"bl-eyebrow\">Beneficios<\/h2><h3 class=\"h3\">\u00bfPor qu\u00e9 atornillar?<\/h3><div class=\"bl-hover-tabs__head-description\"><p>Integre programas integrales en la vida diaria de sus clientes que brinden lo mejor en protecci\u00f3n, seguros y servicio en todas las verticales de productos.<\/p>\n<\/div><\/div>\n                    <div class=\"bl-hover-tabs__container\">\n                <div class=\"bl-hover-tabs__panel\">\n                    <div class=\"bl-hover-tabs__panel-row\">\n                                                    <button class=\"bl-hover-tabs__panel-button active\"\n                                    data-id-tab=\"block_22742e3af20128da2ce655e9c3e96c8f-1\"\n                                    aria-label=\"Elecci\u00f3n\">\n                                Elecci\u00f3n                            <\/button>\n                                                        <button class=\"bl-hover-tabs__panel-button\"\n                                    data-id-tab=\"block_22742e3af20128da2ce655e9c3e96c8f-2\"\n                                    aria-label=\"Velocidad\">\n                                Velocidad                            <\/button>\n                                                        <button class=\"bl-hover-tabs__panel-button\"\n                                    data-id-tab=\"block_22742e3af20128da2ce655e9c3e96c8f-3\"\n                                    aria-label=\"Conveniencia\">\n                                Conveniencia                            <\/button>\n                                                <\/div>\n                <\/div>\n\n                                    <div class=\"bl-hover-tabs__content active\"\n                         data-id-content=\"block_22742e3af20128da2ce655e9c3e96c8f-1\" tabindex=\"-1\">\n\n                        <img loading=\"lazy\" decoding=\"async\" width=\"680\" height=\"736\" src=\"https:\/\/bolttech.io\/wp-content\/uploads\/2024\/08\/4377ded7e6c751a5f97e3012f313d140.png\" class=\"bl-hover-tabs__img\" alt=\"\" srcset=\"https:\/\/bolttech.io\/wp-content\/uploads\/2024\/08\/4377ded7e6c751a5f97e3012f313d140.png 680w, https:\/\/bolttech.io\/wp-content\/uploads\/2024\/08\/4377ded7e6c751a5f97e3012f313d140-277x300.png 277w\" sizes=\"auto, (max-width: 680px) 100vw, 680px\" \/>                        <div class=\"bl-hover-tabs__section bl-hover-tabs__section_gradient\">\n                                                            <div class=\"h5\">Acceso a m\u00e1s transportistas<\/div>\n                                                            <div class=\"bl-hover-tabs__section-description\">\n                                    <p>Amplio panel de transportistas y productos de l\u00ednea personal y comercial en una plataforma habilitada por tecnolog\u00eda para escribir m\u00e1s negocios, mejorar la retenci\u00f3n y aumentar la rentabilidad.<\/p>\n                                <\/div>\n                                                    <\/div>\n                    <\/div>\n                                        <div class=\"bl-hover-tabs__content\"\n                         data-id-content=\"block_22742e3af20128da2ce655e9c3e96c8f-2\" tabindex=\"-1\">\n\n                        <img loading=\"lazy\" decoding=\"async\" width=\"768\" height=\"512\" src=\"https:\/\/bolttech.io\/wp-content\/uploads\/2024\/07\/212dcb9cab4ebee6a6240815d61c7094-768x512.png\" class=\"bl-hover-tabs__img\" alt=\"\" srcset=\"https:\/\/bolttech.io\/wp-content\/uploads\/2024\/07\/212dcb9cab4ebee6a6240815d61c7094-768x512.png 768w, https:\/\/bolttech.io\/wp-content\/uploads\/2024\/07\/212dcb9cab4ebee6a6240815d61c7094-300x200.png 300w, https:\/\/bolttech.io\/wp-content\/uploads\/2024\/07\/212dcb9cab4ebee6a6240815d61c7094.png 800w\" sizes=\"auto, (max-width: 768px) 100vw, 768px\" \/>                        <div class=\"bl-hover-tabs__section bl-hover-tabs__section_gradient\">\n                                                            <div class=\"h5\">Emite cotizaciones m\u00e1s r\u00e1pido<\/div>\n                                                            <div class=\"bl-hover-tabs__section-description\">\n                                    <p>Una \u00fanica entrevista din\u00e1mica que genera m\u00faltiples cotizaciones en tiempo real con capacidades de vinculaci\u00f3n instant\u00e1nea para ayudarlo a escribir negocios m\u00e1s r\u00e1pido. Adem\u00e1s, los tiempos de respuesta de cumplimiento m\u00e1s r\u00e1pidos de la industria de un equipo dedicado de especialistas en colocaci\u00f3n. <\/p>\n                                <\/div>\n                                                    <\/div>\n                    <\/div>\n                                        <div class=\"bl-hover-tabs__content\"\n                         data-id-content=\"block_22742e3af20128da2ce655e9c3e96c8f-3\" tabindex=\"-1\">\n\n                        <img loading=\"lazy\" decoding=\"async\" width=\"768\" height=\"539\" src=\"https:\/\/bolttech.io\/wp-content\/uploads\/2024\/08\/888aeb619f6b751643738baaf5dbd9cf-768x539.png\" class=\"bl-hover-tabs__img\" alt=\"\" srcset=\"https:\/\/bolttech.io\/wp-content\/uploads\/2024\/08\/888aeb619f6b751643738baaf5dbd9cf-768x539.png 768w, https:\/\/bolttech.io\/wp-content\/uploads\/2024\/08\/888aeb619f6b751643738baaf5dbd9cf-300x211.png 300w, https:\/\/bolttech.io\/wp-content\/uploads\/2024\/08\/888aeb619f6b751643738baaf5dbd9cf-1024x719.png 1024w, https:\/\/bolttech.io\/wp-content\/uploads\/2024\/08\/888aeb619f6b751643738baaf5dbd9cf-1536x1079.png 1536w, https:\/\/bolttech.io\/wp-content\/uploads\/2024\/08\/888aeb619f6b751643738baaf5dbd9cf.png 1538w\" sizes=\"auto, (max-width: 768px) 100vw, 768px\" \/>                        <div class=\"bl-hover-tabs__section bl-hover-tabs__section_gradient\">\n                                                            <div class=\"h5\">Emite presupuestos f\u00e1cilmente<\/div>\n                                                            <div class=\"bl-hover-tabs__section-description\">\n                                    <p>Herramientas y servicios simples e intuitivos en una sola plataforma que integra f\u00e1cilmente sus citas existentes y aplicaciones de agencias de terceros.<\/p>\n                                <\/div>\n                                                    <\/div>\n                    <\/div>\n                                <\/div>\n        \n    <\/div>\n\n<\/section>\n\n<section id=\"block_ff87834ce5e9c5a9812e54cb9ac41de0\"       class=\"bl-card-layouts hp-bg-brand-black bl-section-element\"\n      style=\"background:var(--wp--preset--color--white)\">\n\n    <div class=\"bl-card-layouts__container\">\n        <div class=\"bl-card-layouts__head bl-animate-text\"><h3 class=\"bl-eyebrow\">Funciones<\/h3><h2 class=\"h3\">\u00bfQu\u00e9 nos diferencia?<\/h2><\/div>            <div class=\"bl-card-layouts__row bl-fade-up-items\">\n                \n<article class=\"bl-card-with-icon bl-card-with-icon_dark\">\n    <h3 class=\"h5\">Acceso ampliado al mercado<\/h3><div><p>Compare m\u00faltiples cotizaciones en tiempo real de sus citas de acceso directo y bolt una al lado de la otra en una sola vista.<\/p>\n<\/div><\/article>\n\n<article class=\"bl-card-with-icon bl-card-with-icon_dark\">\n    <h3 class=\"h5\">Entrevista din\u00e1mica<\/h3><div><p>Entregue cotizaciones m\u00e1s r\u00e1pidas con una sola entrevista que agiliza el proceso de suscripci\u00f3n en funci\u00f3n de las respuestas de los clientes.<\/p>\n<\/div><\/article>\n\n<article class=\"bl-card-with-icon bl-card-with-icon_dark\">\n    <h3 class=\"h5\">Servicios de prellenado<\/h3><div><p>Ahorre tiempo con campos de entrevista precargados a partir de servicios de datos automatizados y especializados de precargado.<\/p>\n<\/div><\/article>\n\n<article class=\"bl-card-with-icon bl-card-with-icon_dark\">\n    <h3 class=\"h5\">Enlace instant\u00e1neo<\/h3><div><p>Aproveche las capacidades de cotizaci\u00f3n f\u00e1cil y vinculaci\u00f3n instant\u00e1nea.<\/p>\n<\/div><\/article>\n\n<article class=\"bl-card-with-icon bl-card-with-icon_dark\">\n    <h3 class=\"h5\">Buscador de mercado<\/h3><div><p>Navegue por los transportistas y productos disponibles por estado sin esfuerzo.<\/p>\n<\/div><\/article>\n\n<article class=\"bl-card-with-icon bl-card-with-icon_dark\">\n    <h3 class=\"h5\">Soporte en vivo<\/h3><div><p>Acceda a un equipo de especialistas en colocaci\u00f3n y servicio para encontrar la cobertura adecuada.<\/p>\n<\/div><\/article>\n\n<article class=\"bl-card-with-icon bl-card-with-icon_dark\">\n    <h3 class=\"h5\">Integraciones<\/h3><div><p>Sincronice el software y las aplicaciones de su agencia existentes sin problemas en nuestra plataforma digital.<\/p>\n<\/div><\/article>\n\n<article class=\"bl-card-with-icon bl-card-with-icon_dark\">\n    <h3 class=\"h5\">Panel de control de la agencia<\/h3><div><p>Realice un seguimiento y organice los clientes potenciales por fuente y administre todos los documentos de su agencia en un lugar organizado.<\/p>\n<\/div><\/article>\n            <\/div>\n            <\/div>\n\n<\/section>\n\n    <section id=\"block_20fb2eef711e34f83811a4628730dff0\"           class=\"bl-last-element bl-featured-resources hp-bg-brand-black bl-section-element bl-featured-resources_all\"\n          style=\"background:var(--wp--preset--color--light-grey)\">\n\n        <div class=\"bl-featured-resources__container\">\n            <div class=\"bl-featured-resources__header\">\n                <div class=\"bl-featured-resources__head bl-animate-text\"><h2 class=\"h3\">Art\u00edculos relacionados<\/h2><\/div>            <\/div>\n\n                                <div class=\"bl-featured-resources__three-up bl-fade-up-items\">\n                        \n<a href=\"https:\/\/bolttech.io\/es\/insights\/el-mejor-software-de-agencia-de-seguros-para-hacer-crecer-su-cartera-de-negocios\/\" class=\"bl-resource-card bl-resource-card_small\" style=\"background:var(--wp--preset--color--white)\" target=\"_self\">\n            <span class=\"bl-resource-card__thumb\">\n                            <span class=\"bl-resource-card__label\">\n                    Insights                <\/span>\n            <img loading=\"lazy\" decoding=\"async\" width=\"1024\" height=\"683\" src=\"https:\/\/bolttech.io\/wp-content\/uploads\/2024\/10\/GettyImages-1454530428-1024x683.jpg\" class=\"attachment-large size-large\" alt=\"\" srcset=\"https:\/\/bolttech.io\/wp-content\/uploads\/2024\/10\/GettyImages-1454530428-1024x683.jpg 1024w, https:\/\/bolttech.io\/wp-content\/uploads\/2024\/10\/GettyImages-1454530428-300x200.jpg 300w, https:\/\/bolttech.io\/wp-content\/uploads\/2024\/10\/GettyImages-1454530428-768x512.jpg 768w, https:\/\/bolttech.io\/wp-content\/uploads\/2024\/10\/GettyImages-1454530428-1536x1024.jpg 1536w, https:\/\/bolttech.io\/wp-content\/uploads\/2024\/10\/GettyImages-1454530428.jpg 1920w\" sizes=\"auto, (max-width: 1024px) 100vw, 1024px\" \/>        <\/span>\n    \n                    <span class=\"bl-resource-card__date\">\n                6 de junio de 2025            <\/span>\n        \n                <div class=\"h6\">El mejor software de agencia de seguros para hacer crecer su cartera de negocios<\/div>\n                <span class=\"bl-resource-card__description\">\n            Los desarrollos tecnol\u00f3gicos nunca se detienen. Sin embargo, la mayor\u00eda del software de agencias de seguros en el mercado actual se cre\u00f3 para las necesidades de las agencias de ayer. Muchos agentes est\u00e1n familiarizados con la lucha: est\u00e1 trabajando con&#8230;        <\/span>\n    <div class=\"bl-btn bl-btn_tertiary-dark\" aria-label=\"Read more\"><span>Read more<\/span><svg width=\"24\" height=\"24\" viewBox=\"0 0 24 24\" fill=\"none\" xmlns=\"http:\/\/www.w3.org\/2000\/svg\"><path d=\"M17.6537 18.3253L16.9402 17.6368L22.098 12.4791H2V11.4791H22.1173L16.9652 6.32131L17.6537 5.63281L24 11.9791L17.6537 18.3253Z\"\/><\/svg><\/div><\/a>\n\n<a href=\"https:\/\/bolttech.io\/es\/insights\/desbloqueo-del-acceso-al-mercado-de-seguros-sin-citas-directas\/\" class=\"bl-resource-card bl-resource-card_small\" style=\"background:var(--wp--preset--color--white)\" target=\"_self\">\n            <span class=\"bl-resource-card__thumb\">\n                            <span class=\"bl-resource-card__label\">\n                    Insights                <\/span>\n            <img loading=\"lazy\" decoding=\"async\" width=\"1024\" height=\"684\" src=\"https:\/\/bolttech.io\/wp-content\/uploads\/2024\/10\/GettyImages-539669185-e1730443956238-1024x684.jpg\" class=\"attachment-large size-large\" alt=\"\" srcset=\"https:\/\/bolttech.io\/wp-content\/uploads\/2024\/10\/GettyImages-539669185-e1730443956238-1024x684.jpg 1024w, https:\/\/bolttech.io\/wp-content\/uploads\/2024\/10\/GettyImages-539669185-e1730443956238-300x200.jpg 300w, https:\/\/bolttech.io\/wp-content\/uploads\/2024\/10\/GettyImages-539669185-e1730443956238-768x513.jpg 768w, https:\/\/bolttech.io\/wp-content\/uploads\/2024\/10\/GettyImages-539669185-e1730443956238-1536x1025.jpg 1536w, https:\/\/bolttech.io\/wp-content\/uploads\/2024\/10\/GettyImages-539669185-e1730443956238-2048x1367.jpg 2048w\" sizes=\"auto, (max-width: 1024px) 100vw, 1024px\" \/>        <\/span>\n    \n                    <span class=\"bl-resource-card__date\">\n                16 de mayo de 2025            <\/span>\n        \n                <div class=\"h6\">Desbloqueo del acceso al mercado de seguros sin citas directas<\/div>\n                <span class=\"bl-resource-card__description\">\n            El acceso al mercado de seguros es a menudo una barrera pronunciada para el crecimiento de las agencias de seguros m\u00e1s peque\u00f1as e independientes. Sin estas relaciones, los agentes pueden verse excluidos de las ofertas de productos, precios y mercados&#8230;        <\/span>\n    <div class=\"bl-btn bl-btn_tertiary-dark\" aria-label=\"Read more\"><span>Read more<\/span><svg width=\"24\" height=\"24\" viewBox=\"0 0 24 24\" fill=\"none\" xmlns=\"http:\/\/www.w3.org\/2000\/svg\"><path d=\"M17.6537 18.3253L16.9402 17.6368L22.098 12.4791H2V11.4791H22.1173L16.9652 6.32131L17.6537 5.63281L24 11.9791L17.6537 18.3253Z\"\/><\/svg><\/div><\/a>\n\n<a href=\"https:\/\/bolttech.io\/es\/insights\/como-las-pequenas-agencias-de-seguros-pueden-diversificar-la-oferta-de-productos\/\" class=\"bl-resource-card bl-resource-card_small\" style=\"background:var(--wp--preset--color--white)\" target=\"_self\">\n            <span class=\"bl-resource-card__thumb\">\n                            <span class=\"bl-resource-card__label\">\n                    Insights                <\/span>\n            <img loading=\"lazy\" decoding=\"async\" width=\"1024\" height=\"683\" src=\"https:\/\/bolttech.io\/wp-content\/uploads\/2024\/09\/Servicing-1024x683.jpg\" class=\"attachment-large size-large\" alt=\"\" srcset=\"https:\/\/bolttech.io\/wp-content\/uploads\/2024\/09\/Servicing-1024x683.jpg 1024w, https:\/\/bolttech.io\/wp-content\/uploads\/2024\/09\/Servicing-300x200.jpg 300w, https:\/\/bolttech.io\/wp-content\/uploads\/2024\/09\/Servicing-768x512.jpg 768w, https:\/\/bolttech.io\/wp-content\/uploads\/2024\/09\/Servicing-1536x1024.jpg 1536w, https:\/\/bolttech.io\/wp-content\/uploads\/2024\/09\/Servicing-2048x1365.jpg 2048w\" sizes=\"auto, (max-width: 1024px) 100vw, 1024px\" \/>        <\/span>\n    \n                    <span class=\"bl-resource-card__date\">\n                26 de abril de 2025            <\/span>\n        \n                <div class=\"h6\">C\u00f3mo las peque\u00f1as agencias de seguros pueden diversificar la oferta de productos<\/div>\n                <span class=\"bl-resource-card__description\">\n            El fuerte crecimiento de la industria de seguros proviene de ofertas de productos diversificadas que satisfacen las necesidades de m\u00e1s clientes. Sin embargo, para las agencias de seguros m\u00e1s peque\u00f1as e independientes, es m\u00e1s f\u00e1cil decirlo que hacerlo. Es posible&#8230;        <\/span>\n    <div class=\"bl-btn bl-btn_tertiary-dark\" aria-label=\"Read more\"><span>Read more<\/span><svg width=\"24\" height=\"24\" viewBox=\"0 0 24 24\" fill=\"none\" xmlns=\"http:\/\/www.w3.org\/2000\/svg\"><path d=\"M17.6537 18.3253L16.9402 17.6368L22.098 12.4791H2V11.4791H22.1173L16.9652 6.32131L17.6537 5.63281L24 11.9791L17.6537 18.3253Z\"\/><\/svg><\/div><\/a>\n                    <\/div>\n                \n                    <\/div>\n    <\/section>\n","protected":false},"excerpt":{"rendered":"","protected":false},"author":2,"featured_media":0,"parent":43248,"menu_order":0,"comment_status":"closed","ping_status":"closed","template":"","meta":{"_acf_changed":false,"footnotes":""},"class_list":["post-43254","page","type-page","status-publish","hentry"],"acf":[],"_links":{"self":[{"href":"https:\/\/bolttech.io\/es\/wp-json\/wp\/v2\/pages\/43254","targetHints":{"allow":["GET"]}}],"collection":[{"href":"https:\/\/bolttech.io\/es\/wp-json\/wp\/v2\/pages"}],"about":[{"href":"https:\/\/bolttech.io\/es\/wp-json\/wp\/v2\/types\/page"}],"author":[{"embeddable":true,"href":"https:\/\/bolttech.io\/es\/wp-json\/wp\/v2\/users\/2"}],"replies":[{"embeddable":true,"href":"https:\/\/bolttech.io\/es\/wp-json\/wp\/v2\/comments?post=43254"}],"version-history":[{"count":0,"href":"https:\/\/bolttech.io\/es\/wp-json\/wp\/v2\/pages\/43254\/revisions"}],"up":[{"embeddable":true,"href":"https:\/\/bolttech.io\/es\/wp-json\/wp\/v2\/pages\/43248"}],"wp:attachment":[{"href":"https:\/\/bolttech.io\/es\/wp-json\/wp\/v2\/media?parent=43254"}],"curies":[{"name":"wp","href":"https:\/\/api.w.org\/{rel}","templated":true}]}}