{"id":42996,"date":"2025-09-01T16:57:41","date_gmt":"2025-09-01T08:57:41","guid":{"rendered":"https:\/\/bolttech.io\/esg\/"},"modified":"2025-09-05T15:33:39","modified_gmt":"2025-09-05T07:33:39","slug":"esg","status":"publish","type":"page","link":"https:\/\/bolttech.io\/es\/esg\/","title":{"rendered":"ESG"},"content":{"rendered":"\n<section id=\"block_e64beeec94142194662fd246acff9957\"       class=\"bl-first-element bl-bg-image-hero hp-bg-brand-black bl-section-element\">\n\n            <picture class=\"bl-bg-image-hero__bg\">\n            <source srcset=\"https:\/\/bolttech.io\/wp-content\/uploads\/2024\/12\/2-1920x1080.png\" media=\"(min-width: 1025px)\">\n            <img decoding=\"async\" src=\"https:\/\/bolttech.io\/wp-content\/uploads\/2024\/12\/2-834x566.png\"\n                 alt=\"Construyendo un negocio responsable\">\n        <\/picture>\n    \n    \n    <div class=\"bl-bg-image-hero__container\">\n        <div class=\"bl-container-wide\">\n            <div class=\"bl-bg-image-hero__head bl-animate-text\"><h2 class=\"h1\">Construyendo un negocio responsable<\/h2><div class=\"bl-bg-image-hero__head-description\"><p>En bolt, creemos que nuestro \u00e9xito empresarial est\u00e1 entrelazado con nuestro compromiso con los principios ambientales, sociales y de gobernanza (ESG)<\/p>\n<\/div><\/div>        <\/div>\n\n            <\/div>\n\n<\/section>\n\n\n\n<section id=\"block_15ec14a5667c8b527ca07c1ba51dd8f8\"       class=\"bl-esg-approach hp-bg-brand-black bl-section-element\">\n\n    <div class=\"bl-esg-approach__container bl-fade-up-items\">\n        <div class=\"bl-esg-approach__head bl-animate-text\"><h2 class=\"h2\">Nuestro enfoque  <\/h2><p>Nuestros esfuerzos ESG est\u00e1n alineados con nuestros objetivos de construir un negocio sostenible, \u00e9tico y compatible. Nuestros objetivos ESG prioritarios incluyen la inclusi\u00f3n financiera, la reducci\u00f3n de residuos electr\u00f3nicos y el buen gobierno corporativo. <\/p>\n<\/div>\n        <img loading=\"lazy\" decoding=\"async\" width=\"600\" height=\"355\" src=\"https:\/\/bolttech.io\/wp-content\/uploads\/2024\/08\/Frame-1171277078.svg\" class=\"bl-esg-approach__image bl-esg-approach__image_high\" alt=\"\" \/>\n        \n<article class=\"bl-card-with-icon bl-card-with-icon_dark bl-esg-approach__item bl-esg-approach__item_1\">\n    <div class=\"bl-card-with-icon__media bl-card-with-icon__media_image\"><img loading=\"lazy\" decoding=\"async\" width=\"44\" height=\"44\" src=\"https:\/\/bolttech.io\/wp-content\/uploads\/2024\/09\/Family-2.svg\" class=\"bl-card-with-icon__media-image\" alt=\"\" \/><\/div><div class=\"h5\">Responsabilidad social  <\/div><div><p>Nuestro objetivo es promover la inclusi\u00f3n financiera a trav\u00e9s de nuestra soluci\u00f3n principal, que conecta a las personas con m\u00e1s formas de proteger las cosas que valoran. Desde nuestra fundaci\u00f3n, hemos brindado acceso a productos de seguros a m\u00e1s de 20 millones de personas en todo el mundo, muchas de las cuales pueden no haber tenido acceso a los productos de seguros tradicionales. <\/p>\n<\/div><\/article>\n\n<article class=\"bl-card-with-icon bl-card-with-icon_dark bl-esg-approach__item bl-esg-approach__item_2\">\n    <div class=\"bl-card-with-icon__media bl-card-with-icon__media_image\"><img loading=\"lazy\" decoding=\"async\" width=\"72\" height=\"72\" src=\"https:\/\/bolttech.io\/wp-content\/uploads\/2024\/08\/new-plants-dead.svg\" class=\"bl-card-with-icon__media-image\" alt=\"\" \/><\/div><div class=\"h5\">Sostenibilidad ambiental  <\/div><div><p>Estamos comprometidos a reducir nuestro impacto en el medio ambiente, ya sean nuestras acciones para mejorar la sostenibilidad de nuestras oficinas o la gesti\u00f3n de los desechos electr\u00f3nicos a trav\u00e9s de nuestros programas de protecci\u00f3n de dispositivos, para ayudar a extender la vida \u00fatil de los dispositivos electr\u00f3nicos y reducir la necesidad de reemplazos frecuentes.  <\/p>\n<\/div><\/article>\n\n<article class=\"bl-card-with-icon bl-card-with-icon_dark bl-esg-approach__item bl-esg-approach__item_3\">\n    <div class=\"bl-card-with-icon__media bl-card-with-icon__media_image\"><img loading=\"lazy\" decoding=\"async\" width=\"44\" height=\"44\" src=\"https:\/\/bolttech.io\/wp-content\/uploads\/2024\/09\/Analyze.svg\" class=\"bl-card-with-icon__media-image\" alt=\"\" \/><\/div><div class=\"h5\">Gobierno corporativo  <\/div><div><p>Hemos implementado una variedad de pol\u00edticas, procedimientos y pr\u00e1cticas para garantizar que operamos de manera transparente, responsable y \u00e9tica. Nuestra junta directiva proporciona una s\u00f3lida supervisi\u00f3n y orientaci\u00f3n, asegurando que estemos alineados con nuestra misi\u00f3n, visi\u00f3n y valores fundamentales. <\/p>\n<\/div><\/article>\n\n        <img loading=\"lazy\" decoding=\"async\" width=\"600\" height=\"355\" src=\"https:\/\/bolttech.io\/wp-content\/uploads\/2024\/08\/Frame-1171277078-1.svg\" class=\"bl-esg-approach__image bl-esg-approach__image_low\" alt=\"\" \/>\n    <\/div>\n\n<\/section>\n\n\n\n<section id=\"block_3d1efd38706435b878b6dfb8ca7918a5\"       class=\"bl-text-image hp-bg-brand-black bl-section-element bl-text-image_right bl-text-image_video-image-with-stats\"\n      style=\"background:var(--wp--preset--color--white)\">\n\n            <div class=\"bl-container-wide\">\n            <div class=\"bl-text-image__row\">\n                                    <div class=\"bl-text-image__video-image\">\n                        <img loading=\"lazy\" decoding=\"async\" width=\"640\" height=\"360\" src=\"https:\/\/bolttech.io\/wp-content\/uploads\/2024\/09\/thumbnail-2.png\" class=\"attachment-medium_large size-medium_large\" alt=\"\" srcset=\"https:\/\/bolttech.io\/wp-content\/uploads\/2024\/09\/thumbnail-2.png 640w, https:\/\/bolttech.io\/wp-content\/uploads\/2024\/09\/thumbnail-2-300x169.png 300w\" sizes=\"auto, (max-width: 640px) 100vw, 640px\" \/>                            <a href=\"https:\/\/youtu.be\/b8TDhhMKQHg?si=fMMr4DXfiTX4QdNR\" aria-label=\"Play video\" data-fancybox target=\"_blank\" rel=\"noopener\">\n                                <svg width=\"30\" height=\"29\" viewBox=\"0 0 30 29\" fill=\"none\"\n                                     xmlns=\"http:\/\/www.w3.org\/2000\/svg\">\n                                    <path d=\"M29.1826 14.1496L0.828125 0.304565V28.7046L29.1826 14.1496Z\"\n                                          fill=\"#170F4F\"\/>\n                                <\/svg>\n                            <\/a>\n                                            <\/div>\n                \n                <div class=\"bl-text-image__head bl-animate-text\"><h1 class=\"bl-text-image__head-title\">LeapFrog y bolttech: Acelerando el acceso a seguros asequibles y de calidad<\/h1><div class=\"bl-text-image__head-description\"><p>Descubra c\u00f3mo estamos colaborando con nuestro inversor estrat\u00e9gico LeapFrog Investments para ofrecer productos de seguros personalizados y asequibles a los consumidores a trav\u00e9s de plataformas asociadas, acelerando el acceso a seguros de calidad en m\u00e1s de 35 mercados en cuatro continentes.<\/p>\n<p>&nbsp;<\/p>\n<p>&nbsp;<\/p>\n<\/div><\/div>            <\/div>\n        <\/div>\n    \n<\/section>\n\n\n\n\n\n\n\n\n    <section id=\"block_7b152d5a79c69e594f9adb124bd1bf56\"           class=\"bl-last-element bl-featured-resources hp-bg-brand-black bl-section-element bl-featured-resources_all\"\n          style=\"background:var(--wp--preset--color--light-grey)\">\n\n        <div class=\"bl-featured-resources__container\">\n            <div class=\"bl-featured-resources__header\">\n                <div class=\"bl-featured-resources__head bl-animate-text\"><h3 class=\"bl-eyebrow\">Mantente informado<\/h3><h2 class=\"h3\">Noticias y perspectivas<\/h2><\/div>            <\/div>\n\n                                <div class=\"bl-featured-resources__masonry bl-fade-up-items\">\n                        \n<a href=\"https:\/\/bolttech.io\/es\/news\/digital-care-cambia-de-nombre-a-bolttech\/\" class=\"bl-resource-card\" style=\"background:var(--wp--preset--color--white)\" target=\"_self\">\n            <span class=\"bl-resource-card__thumb\">\n                            <span class=\"bl-resource-card__label\">\n                    News                <\/span>\n            <img loading=\"lazy\" decoding=\"async\" width=\"1024\" height=\"538\" src=\"https:\/\/bolttech.io\/wp-content\/uploads\/2024\/08\/bolttech-OG-1024x538.png\" class=\"attachment-large size-large\" alt=\"\" srcset=\"https:\/\/bolttech.io\/wp-content\/uploads\/2024\/08\/bolttech-OG-1024x538.png 1024w, https:\/\/bolttech.io\/wp-content\/uploads\/2024\/08\/bolttech-OG-300x158.png 300w, https:\/\/bolttech.io\/wp-content\/uploads\/2024\/08\/bolttech-OG-768x403.png 768w, https:\/\/bolttech.io\/wp-content\/uploads\/2024\/08\/bolttech-OG-1536x806.png 1536w, https:\/\/bolttech.io\/wp-content\/uploads\/2024\/08\/bolttech-OG-2048x1075.png 2048w, https:\/\/bolttech.io\/wp-content\/uploads\/2024\/08\/bolttech-OG-e1734627475705.png 600w\" sizes=\"auto, (max-width: 1024px) 100vw, 1024px\" \/>        <\/span>\n    \n                    <span class=\"bl-resource-card__date\">\n                18 de junio de 2024            <\/span>\n        \n                <div class=\"h5\">Digital Care cambia de nombre a bolttech<\/div>\n                <span class=\"bl-resource-card__description\">\n            Varsovia, Polonia, 18 de junio de 2024 \u2013 Digital Care sp. z o.o (\u00abDigital Care\u00bb), una empresa de protecci\u00f3n y servicios de dispositivos con sede en Polonia, ha pasado a llamarse bolttech Poland sp. z o.o, y ha pasado a&#8230;        <\/span>\n    <div class=\"bl-btn bl-btn_tertiary-dark\" aria-label=\"Read more\"><span>Read more<\/span><svg width=\"24\" height=\"24\" viewBox=\"0 0 24 24\" fill=\"none\" xmlns=\"http:\/\/www.w3.org\/2000\/svg\"><path d=\"M17.6537 18.3253L16.9402 17.6368L22.098 12.4791H2V11.4791H22.1173L16.9652 6.32131L17.6537 5.63281L24 11.9791L17.6537 18.3253Z\"\/><\/svg><\/div><\/a>\n\n<a href=\"https:\/\/bolttech.io\/es\/news\/un-nuevo-hito-para-stellantis-insurance-stellantis-financial-services-us-lanza-un-programa-de-seguros-integrados-con-bolt-para-ampliar-las-opciones-de-los-clientes\/\" class=\"bl-resource-card\" style=\"background:var(--wp--preset--color--white)\" target=\"_self\">\n    \n                    <span class=\"bl-resource-card__date\">\n                18 de junio de 2024            <\/span>\n        \n                <div class=\"h5\">Un nuevo hito para Stellantis Insurance: Stellantis Financial Services US lanza un programa de seguros integrados con bolt para ampliar las opciones de los clientes<\/div>\n                <span class=\"bl-resource-card__description\">\n            SAN FRANCISCO, CA \u2013 18 de junio de 2024 \u2013 Stellantis Financial Services US, la empresa cautiva de financiaci\u00f3n de autom\u00f3viles de Stellantis en Norteam\u00e9rica, ha anunciado hoy una nueva asociaci\u00f3n con bolt, la insurtech con el mayor intercambio de seguros tecnol\u00f3gico del mundo, para apoyar a los clientes de Chrysler, Dodge, Jeep\u00ae, Ram, Fiat y Alfa Romeo.        <\/span>\n    <div class=\"bl-btn bl-btn_tertiary-dark\" aria-label=\"Read more\"><span>Read more<\/span><svg width=\"24\" height=\"24\" viewBox=\"0 0 24 24\" fill=\"none\" xmlns=\"http:\/\/www.w3.org\/2000\/svg\"><path d=\"M17.6537 18.3253L16.9402 17.6368L22.098 12.4791H2V11.4791H22.1173L16.9652 6.32131L17.6537 5.63281L24 11.9791L17.6537 18.3253Z\"\/><\/svg><\/div><\/a>\n\n<a href=\"https:\/\/bolttech.io\/es\/news\/bolttech-se-asocia-con-singtel-para-extender-la-garantia-de-los-dispositivos-de-estilo-de-vida\/\" class=\"bl-resource-card bl-resource-card_small\" style=\"background:var(--wp--preset--color--white)\" target=\"_self\">\n    \n                    <span class=\"bl-resource-card__date\">\n                22 de marzo de 2024            <\/span>\n        \n                <div class=\"h6\">bolttech se asocia con Singtel para extender la garant\u00eda de los dispositivos de estilo de vida<\/div>\n                <span class=\"bl-resource-card__description\">\n            Los clientes pueden extender la protecci\u00f3n de sus dispositivos de estilo de vida hasta tres a\u00f1os despu\u00e9s de que expire la garant\u00eda del fabricante Singapur, 22 de marzo de 2024 \u2013 La insurtech internacional bolttech se ha asociado con el&#8230;        <\/span>\n    <div class=\"bl-btn bl-btn_tertiary-dark\" aria-label=\"Read more\"><span>Read more<\/span><svg width=\"24\" height=\"24\" viewBox=\"0 0 24 24\" fill=\"none\" xmlns=\"http:\/\/www.w3.org\/2000\/svg\"><path d=\"M17.6537 18.3253L16.9402 17.6368L22.098 12.4791H2V11.4791H22.1173L16.9652 6.32131L17.6537 5.63281L24 11.9791L17.6537 18.3253Z\"\/><\/svg><\/div><\/a>\n\n<a href=\"https:\/\/bolttech.io\/es\/insights\/bolttech-aparece-en-el-articulo-de-rein-asia-que-examina-el-impacto-de-los-datos-de-los-wearables-en-la-suscripcion\/\" class=\"bl-resource-card bl-resource-card_small\" style=\"background:var(--wp--preset--color--white)\" target=\"_self\">\n            <span class=\"bl-resource-card__thumb\">\n                            <span class=\"bl-resource-card__label\">\n                    Insights                <\/span>\n            <img loading=\"lazy\" decoding=\"async\" width=\"1024\" height=\"1024\" src=\"https:\/\/bolttech.io\/wp-content\/uploads\/2024\/08\/wearables-bolttech-1024x1024.avif\" class=\"attachment-large size-large\" alt=\"\" srcset=\"https:\/\/bolttech.io\/wp-content\/uploads\/2024\/08\/wearables-bolttech-1024x1024.avif 1024w, https:\/\/bolttech.io\/wp-content\/uploads\/2024\/08\/wearables-bolttech-300x300.avif 300w, https:\/\/bolttech.io\/wp-content\/uploads\/2024\/08\/wearables-bolttech-150x150.avif 150w, https:\/\/bolttech.io\/wp-content\/uploads\/2024\/08\/wearables-bolttech-768x768.avif 768w, https:\/\/bolttech.io\/wp-content\/uploads\/2024\/08\/wearables-bolttech-1536x1536.avif 1536w, https:\/\/bolttech.io\/wp-content\/uploads\/2024\/08\/wearables-bolttech.avif 1937w\" sizes=\"auto, (max-width: 1024px) 100vw, 1024px\" \/>        <\/span>\n    \n                    <span class=\"bl-resource-card__date\">\n                15 de agosto de 2024            <\/span>\n        \n                <div class=\"h6\">bolttech aparece en el art\u00edculo de (Re)in Asia que examina el impacto de los datos de los wearables en la suscripci\u00f3n<\/div>\n                <span class=\"bl-resource-card__description\">\n            Nuestra jefa de propuesta de producto y jefa de producto y precios para Europa, Daisy Dong, fue entrevistada en el art\u00edculo de (Re)in Asia, \u00abLos datos de los wearables son un valioso complemento, pero no un sustituto, de la suscripci\u00f3n&#8230;        <\/span>\n    <div class=\"bl-btn bl-btn_tertiary-dark\" aria-label=\"Read more\"><span>Read more<\/span><svg width=\"24\" height=\"24\" viewBox=\"0 0 24 24\" fill=\"none\" xmlns=\"http:\/\/www.w3.org\/2000\/svg\"><path d=\"M17.6537 18.3253L16.9402 17.6368L22.098 12.4791H2V11.4791H22.1173L16.9652 6.32131L17.6537 5.63281L24 11.9791L17.6537 18.3253Z\"\/><\/svg><\/div><\/a>\n\n<a href=\"https:\/\/bolttech.io\/es\/insights\/entrevista-de-am-best-con-nuestro-ceo-del-grupo-rob-schimek-2\/\" class=\"bl-resource-card bl-resource-card_small\" style=\"background:var(--wp--preset--color--white)\" target=\"_self\">\n            <span class=\"bl-resource-card__thumb\">\n                            <span class=\"bl-resource-card__label\">\n                    Insights                <\/span>\n            <img loading=\"lazy\" decoding=\"async\" width=\"460\" height=\"459\" src=\"https:\/\/bolttech.io\/wp-content\/uploads\/2024\/08\/interview-rob-schimek.avif\" class=\"attachment-large size-large\" alt=\"\" srcset=\"https:\/\/bolttech.io\/wp-content\/uploads\/2024\/08\/interview-rob-schimek.avif 460w, https:\/\/bolttech.io\/wp-content\/uploads\/2024\/08\/interview-rob-schimek-300x300.avif 300w, https:\/\/bolttech.io\/wp-content\/uploads\/2024\/08\/interview-rob-schimek-150x150.avif 150w\" sizes=\"auto, (max-width: 460px) 100vw, 460px\" \/>        <\/span>\n    \n                    <span class=\"bl-resource-card__date\">\n                1 de julio de 2024            <\/span>\n        \n                <div class=\"h6\">Entrevista de AM Best con nuestro CEO del Grupo, Rob Schimek<\/div>\n                <span class=\"bl-resource-card__description\">\n            En una entrevista con AM Best TV en Insurtech Insights USA en Nueva York el mes pasado, nuestro CEO del Grupo, Rob Schimek, comparte sus puntos de vista sobre la evoluci\u00f3n de los seguros integrados en una oportunidad multimillonaria para&#8230;        <\/span>\n    <div class=\"bl-btn bl-btn_tertiary-dark\" aria-label=\"Read more\"><span>Read more<\/span><svg width=\"24\" height=\"24\" viewBox=\"0 0 24 24\" fill=\"none\" xmlns=\"http:\/\/www.w3.org\/2000\/svg\"><path d=\"M17.6537 18.3253L16.9402 17.6368L22.098 12.4791H2V11.4791H22.1173L16.9652 6.32131L17.6537 5.63281L24 11.9791L17.6537 18.3253Z\"\/><\/svg><\/div><\/a>\n                    <\/div>\n                \n                    <\/div>\n    <\/section>\n","protected":false},"excerpt":{"rendered":"","protected":false},"author":3,"featured_media":0,"parent":0,"menu_order":0,"comment_status":"closed","ping_status":"closed","template":"","meta":{"_acf_changed":false,"footnotes":""},"class_list":["post-42996","page","type-page","status-publish","hentry"],"acf":[],"_links":{"self":[{"href":"https:\/\/bolttech.io\/es\/wp-json\/wp\/v2\/pages\/42996","targetHints":{"allow":["GET"]}}],"collection":[{"href":"https:\/\/bolttech.io\/es\/wp-json\/wp\/v2\/pages"}],"about":[{"href":"https:\/\/bolttech.io\/es\/wp-json\/wp\/v2\/types\/page"}],"author":[{"embeddable":true,"href":"https:\/\/bolttech.io\/es\/wp-json\/wp\/v2\/users\/3"}],"replies":[{"embeddable":true,"href":"https:\/\/bolttech.io\/es\/wp-json\/wp\/v2\/comments?post=42996"}],"version-history":[{"count":0,"href":"https:\/\/bolttech.io\/es\/wp-json\/wp\/v2\/pages\/42996\/revisions"}],"wp:attachment":[{"href":"https:\/\/bolttech.io\/es\/wp-json\/wp\/v2\/media?parent=42996"}],"curies":[{"name":"wp","href":"https:\/\/api.w.org\/{rel}","templated":true}]}}