{"id":42856,"date":"2025-09-01T16:13:26","date_gmt":"2025-09-01T08:13:26","guid":{"rendered":"https:\/\/bolttech.io\/politica-de-cookies\/"},"modified":"2025-09-05T17:35:58","modified_gmt":"2025-09-05T09:35:58","slug":"politica-de-cookies","status":"publish","type":"page","link":"https:\/\/bolttech.io\/es\/politica-de-cookies\/","title":{"rendered":"Pol\u00edtica de cookies"},"content":{"rendered":"<!-- Hidden input -->\n\n    <input type=\"hidden\" id=\"geo-country\" value=\"[geot_country_name default=&quot;&quot;]\" data-country=\"[geot_country_name default=&quot;&quot;]\" >\n    <!-- <input type=\"hidden\" id=\"geo-country\" value=\"Hong Kong\"> -->\n\n<section id=\"block_8dbba1e4b99d33cb02206c73b69dc63f\"       class=\"bl-first-element bl-secondary-hero hp-bg-brand-black bl-section-element bl-secondary-hero_centered-content bl-secondary-hero_shapes-animation\"\n      style=\"background:var(--wp--preset--color--white)\">\n\n    <div class=\"bl-secondary-hero__container\">\n        <div class=\"bl-secondary-hero__head bl-animate-text\"><H2 class=\"h2\">Pol\u00edtica de cookies<\/H2><\/div>\n\n            <\/div>\n\n                <div class=\"shape-left-1\"><\/div>\n            <div class=\"shape-left-2\"><\/div>\n\n            <div class=\"shape-right-1\"><\/div>\n            <div class=\"shape-right-2\"><\/div>\n        \n    \n<\/section>\n\n\n\n<section id=\"block_e6281041689fde3bb8b292486d2140be\"\n         class=\"bl-last-element bl-sticky-sidebar hp-bg-brand-black bl-section-element\">\n\n    <div class=\"bl-container-wide\">\n        <div class=\"bl-sticky-sidebar__content\">\n                            <div class=\"bl-sticky-sidebar__sidebar\">\n                    <div class=\"bl-sticky-sidebar__bar\">\n                        <div class=\"bl-sticky-sidebar__bar-links\">\n                                                            <div class=\"bl-sticky-sidebar__bar-heading\">\n                                    Navegar                                <\/div>\n                            \n                                                            <div class=\"bl-sticky-sidebar__nav\">\n                                                                                <a href=\"#cookie-policy\"\n                                               target=\"_self\"\n                                               class=\"bl-sticky-sidebar__nav-link\">\n                                                Cookie Policy                                            <\/a>\n                                                                                    <a href=\"#cookie-settings\"\n                                               target=\"_self\"\n                                               class=\"bl-sticky-sidebar__nav-link\">\n                                                Manage your cookie settings                                            <\/a>\n                                                                                    <a href=\"#cookie-list\"\n                                               target=\"_self\"\n                                               class=\"bl-sticky-sidebar__nav-link\">\n                                                Cookie list                                            <\/a>\n                                                                                    <a href=\"#netlify\"\n                                               target=\"_self\"\n                                               class=\"bl-sticky-sidebar__nav-link\">\n                                                Netlify                                            <\/a>\n                                                                        <\/div>\n                                                    <\/div>\n                    <\/div>\n                <\/div>\n            \n            <div class=\"bl-sticky-sidebar__textual\">\n                <div class=\"acf-innerblocks-container\">\n\n<p><em><strong>Enero <\/strong><\/em><strong><em>202<\/em>2<\/strong><\/p>\n\n\n\n<p id=\"cookie-policy\"><strong>POL\u00cdTICA DE COOKIES<\/strong><br\/>Nuestro sitio web utiliza cookies para distinguirlo de otros usuarios de nuestro sitio web. Esto nos ayuda a brindarle una buena experiencia cuando navega por nuestro sitio web y tambi\u00e9n nos permite mejorar nuestro sitio. <\/p>\n\n\n\n<p id=\"cookie-settings\"><strong>ADMINISTRE SU CONFIGURACI\u00d3N DE COOKIES<\/strong><br\/>La configuraci\u00f3n de cookies en este sitio web es administrada por un complemento de terceros. Actualice la p\u00e1gina si hace clic en el bot\u00f3n \u00abConfiguraci\u00f3n de cookies\u00bb a continuaci\u00f3n, pero la ventana del Centro de preferencias de privacidad no aparece. <\/p>\n\n\n\n<button class=\"ot-sdk-show-settings\">Configuraci\u00f3n de cookies<\/button>\n\n\n\n<p id=\"cookie-list\"><\/p>\n\n\n\n<div id=\"ot-sdk-cookie-policy\"><\/div>\n\n\n\n<p id=\"netlify\"><strong>NETLIFICAR<\/strong><br\/>Netlify utiliza cookies para rastrear qu\u00e9 variante de p\u00e1gina ha visto, para rastrear si ha hecho clic en una variante de p\u00e1gina, para monitorear los patrones de tr\u00e1fico y para medir la popularidad de las opciones de servicio. Puede bloquear las cookies activando la configuraci\u00f3n de su navegador que le permite rechazar la configuraci\u00f3n de todas o algunas cookies. Sin embargo, si utiliza la configuraci\u00f3n de su navegador para bloquear todas las cookies (incluidas las cookies esenciales), es posible que no pueda acceder a todo o parte de nuestro sitio web.  <\/p>\n\n<\/div>\n            <\/div>\n        <\/div>\n    <\/div>\n\n<\/section>\n","protected":false},"excerpt":{"rendered":"","protected":false},"author":2,"featured_media":0,"parent":0,"menu_order":0,"comment_status":"closed","ping_status":"open","template":"","meta":{"_acf_changed":false,"footnotes":""},"class_list":["post-42856","page","type-page","status-publish","hentry"],"acf":[],"_links":{"self":[{"href":"https:\/\/bolttech.io\/es\/wp-json\/wp\/v2\/pages\/42856","targetHints":{"allow":["GET"]}}],"collection":[{"href":"https:\/\/bolttech.io\/es\/wp-json\/wp\/v2\/pages"}],"about":[{"href":"https:\/\/bolttech.io\/es\/wp-json\/wp\/v2\/types\/page"}],"author":[{"embeddable":true,"href":"https:\/\/bolttech.io\/es\/wp-json\/wp\/v2\/users\/2"}],"replies":[{"embeddable":true,"href":"https:\/\/bolttech.io\/es\/wp-json\/wp\/v2\/comments?post=42856"}],"version-history":[{"count":0,"href":"https:\/\/bolttech.io\/es\/wp-json\/wp\/v2\/pages\/42856\/revisions"}],"wp:attachment":[{"href":"https:\/\/bolttech.io\/es\/wp-json\/wp\/v2\/media?parent=42856"}],"curies":[{"name":"wp","href":"https:\/\/api.w.org\/{rel}","templated":true}]}}