{"id":42793,"date":"2025-09-01T16:11:19","date_gmt":"2025-09-01T08:11:19","guid":{"rendered":"https:\/\/bolttech.io\/folletos\/"},"modified":"2025-09-05T15:42:01","modified_gmt":"2025-09-05T07:42:01","slug":"folletos","status":"publish","type":"page","link":"https:\/\/bolttech.io\/es\/folletos\/","title":{"rendered":"Folletos"},"content":{"rendered":"<!-- Hidden input -->\n\n    <input type=\"hidden\" id=\"geo-country\" value=\"[geot_country_name default=&quot;&quot;]\" data-country=\"[geot_country_name default=&quot;&quot;]\" >\n    <!-- <input type=\"hidden\" id=\"geo-country\" value=\"Hong Kong\"> -->\n\n<section id=\"block_d4fe4cd35203c1f705f6017782e267b7\"       class=\"bl-first-element bl-secondary-hero hp-bg-brand-black bl-section-element bl-secondary-hero_centered-content bl-secondary-hero_shapes-animation\"\n      style=\"background:var(--wp--preset--color--light-blue)\">\n\n    <div class=\"bl-secondary-hero__container\">\n        <div class=\"bl-secondary-hero__head bl-animate-text\"><H1 class=\"h2\">Folletos para transportistas<\/H1><div class=\"bl-secondary-hero__head-description bl-secondary-hero__head-description_peque\u00f1o\"><div class=\"hero-container\">\n<section class=\"hero\">\n<div class=\"overlay\">\n<div class=\"wrapper\">\n<div class=\"hero-content longHeader\">\n<p>Vea los \u00faltimos folletos de transportistas a trav\u00e9s de bolt access, la red de mercado en l\u00ednea definitiva para el agente independiente.<\/p>\n<\/div>\n<\/div>\n<\/div>\n<\/section>\n<\/div>\n<section class=\"article-list\">\n<div class=\"wrapper\">\n<div class=\"article-filter\"><\/div>\n<\/div>\n<\/section>\n<\/div><\/div>\n\n            <\/div>\n\n                <div class=\"shape-left-1\"><\/div>\n            <div class=\"shape-left-2\"><\/div>\n\n            <div class=\"shape-right-1\"><\/div>\n            <div class=\"shape-right-2\"><\/div>\n        \n    \n<\/section>\n\n\n\n<section id=\"block_67e9c9559e166b42b2954901c77257ec\"       class=\"bl-last-element bl-resource-center hp-bg-brand-black bl-section-element\">\n\n    \n            \n                                <div id=\"\"\n                         class=\"bl-resource-center__container\">\n                        <div class=\"bl-resource-center__header\">\n                            <div class=\"h3\">\n                                                            <\/div>\n\n                                                    <\/div>\n\n                        <div class=\"bl-resource-center__row\">\n                            \n<a href=\"https:\/\/bolttech.io\/wp-content\/uploads\/2024\/09\/Aegis-Homeowners-.pdf\"\n   class=\"bl-resource-card bl-resource-card_small\"\n   style=\"background:var(--wp--preset--color--light-navy)\"\n   target=\"_blank\">\n                <div class=\"h6\">Propietarios de viviendas de Aegis<\/div>\n        <div class=\"bl-btn bl-btn_tertiary-dark\" aria-label=\"Download\"><span>Download<\/span><svg width=\"24\" height=\"24\" viewBox=\"0 0 24 24\" fill=\"none\" xmlns=\"http:\/\/www.w3.org\/2000\/svg\"><path d=\"M17.6537 18.3253L16.9402 17.6368L22.098 12.4791H2V11.4791H22.1173L16.9652 6.32131L17.6537 5.63281L24 11.9791L17.6537 18.3253Z\"\/><\/svg><\/div><\/a>\n\n<a href=\"https:\/\/bolttech.io\/wp-content\/uploads\/2024\/09\/Aegis-Manufactured-Home-.pdf\"\n   class=\"bl-resource-card bl-resource-card_small\"\n   style=\"background:var(--wp--preset--color--light-navy)\"\n   target=\"_blank\">\n                <div class=\"h6\">Casa prefabricada Aegis<\/div>\n        <div class=\"bl-btn bl-btn_tertiary-dark\" aria-label=\"Download\"><span>Download<\/span><svg width=\"24\" height=\"24\" viewBox=\"0 0 24 24\" fill=\"none\" xmlns=\"http:\/\/www.w3.org\/2000\/svg\"><path d=\"M17.6537 18.3253L16.9402 17.6368L22.098 12.4791H2V11.4791H22.1173L16.9652 6.32131L17.6537 5.63281L24 11.9791L17.6537 18.3253Z\"\/><\/svg><\/div><\/a>\n\n<a href=\"https:\/\/bolttech.io\/wp-content\/uploads\/2024\/09\/Aegis-Rental-Property-.pdf\"\n   class=\"bl-resource-card bl-resource-card_small\"\n   style=\"background:var(--wp--preset--color--light-navy)\"\n   target=\"_blank\">\n                <div class=\"h6\">Propiedad de alquiler Aegis<\/div>\n        <div class=\"bl-btn bl-btn_tertiary-dark\" aria-label=\"Download\"><span>Download<\/span><svg width=\"24\" height=\"24\" viewBox=\"0 0 24 24\" fill=\"none\" xmlns=\"http:\/\/www.w3.org\/2000\/svg\"><path d=\"M17.6537 18.3253L16.9402 17.6368L22.098 12.4791H2V11.4791H22.1173L16.9652 6.32131L17.6537 5.63281L24 11.9791L17.6537 18.3253Z\"\/><\/svg><\/div><\/a>\n\n<a href=\"https:\/\/bolttech.io\/wp-content\/uploads\/2024\/09\/Aegis-Vacant-Structure-.pdf\"\n   class=\"bl-resource-card bl-resource-card_small\"\n   style=\"background:var(--wp--preset--color--light-navy)\"\n   target=\"_blank\">\n                <div class=\"h6\">Estructura vacante de Aegis<\/div>\n        <div class=\"bl-btn bl-btn_tertiary-dark\" aria-label=\"Download\"><span>Download<\/span><svg width=\"24\" height=\"24\" viewBox=\"0 0 24 24\" fill=\"none\" xmlns=\"http:\/\/www.w3.org\/2000\/svg\"><path d=\"M17.6537 18.3253L16.9402 17.6368L22.098 12.4791H2V11.4791H22.1173L16.9652 6.32131L17.6537 5.63281L24 11.9791L17.6537 18.3253Z\"\/><\/svg><\/div><\/a>\n\n<a href=\"https:\/\/bolttech.io\/wp-content\/uploads\/2024\/09\/American-Integrity-Dwelling-Fire-.pdf\"\n   class=\"bl-resource-card bl-resource-card_small\"\n   style=\"background:var(--wp--preset--color--light-navy)\"\n   target=\"_blank\">\n                <div class=\"h6\">Incendio en la vivienda de American Integrity<\/div>\n        <div class=\"bl-btn bl-btn_tertiary-dark\" aria-label=\"Download\"><span>Download<\/span><svg width=\"24\" height=\"24\" viewBox=\"0 0 24 24\" fill=\"none\" xmlns=\"http:\/\/www.w3.org\/2000\/svg\"><path d=\"M17.6537 18.3253L16.9402 17.6368L22.098 12.4791H2V11.4791H22.1173L16.9652 6.32131L17.6537 5.63281L24 11.9791L17.6537 18.3253Z\"\/><\/svg><\/div><\/a>\n\n<a href=\"https:\/\/bolttech.io\/wp-content\/uploads\/2024\/09\/American-Integrity-Flood-Guidelines-.pdf\"\n   class=\"bl-resource-card bl-resource-card_small\"\n   style=\"background:var(--wp--preset--color--light-navy)\"\n   target=\"_blank\">\n                <div class=\"h6\">Pautas de Integridad Estadounidense sobre Inundaciones<\/div>\n        <div class=\"bl-btn bl-btn_tertiary-dark\" aria-label=\"Download\"><span>Download<\/span><svg width=\"24\" height=\"24\" viewBox=\"0 0 24 24\" fill=\"none\" xmlns=\"http:\/\/www.w3.org\/2000\/svg\"><path d=\"M17.6537 18.3253L16.9402 17.6368L22.098 12.4791H2V11.4791H22.1173L16.9652 6.32131L17.6537 5.63281L24 11.9791L17.6537 18.3253Z\"\/><\/svg><\/div><\/a>\n                        <\/div>\n\n                                                    <div class=\"bl-resource-center__btn\">\n                                <a class=\"bl-btn bl-btn_primary-dark\" href=\"https:\/\/bolttech.io\/es\/brochure\/\" aria-label=\"View All  Brochures\"><span>View All  Brochures<\/span><\/a>                            <\/div>\n                                            <\/div>\n                \n<\/section>\n\n\n\n","protected":false},"excerpt":{"rendered":"","protected":false},"author":4,"featured_media":0,"parent":0,"menu_order":0,"comment_status":"closed","ping_status":"closed","template":"","meta":{"_acf_changed":false,"footnotes":""},"class_list":["post-42793","page","type-page","status-publish","hentry"],"acf":[],"_links":{"self":[{"href":"https:\/\/bolttech.io\/es\/wp-json\/wp\/v2\/pages\/42793","targetHints":{"allow":["GET"]}}],"collection":[{"href":"https:\/\/bolttech.io\/es\/wp-json\/wp\/v2\/pages"}],"about":[{"href":"https:\/\/bolttech.io\/es\/wp-json\/wp\/v2\/types\/page"}],"author":[{"embeddable":true,"href":"https:\/\/bolttech.io\/es\/wp-json\/wp\/v2\/users\/4"}],"replies":[{"embeddable":true,"href":"https:\/\/bolttech.io\/es\/wp-json\/wp\/v2\/comments?post=42793"}],"version-history":[{"count":0,"href":"https:\/\/bolttech.io\/es\/wp-json\/wp\/v2\/pages\/42793\/revisions"}],"wp:attachment":[{"href":"https:\/\/bolttech.io\/es\/wp-json\/wp\/v2\/media?parent=42793"}],"curies":[{"name":"wp","href":"https:\/\/api.w.org\/{rel}","templated":true}]}}