{"id":42791,"date":"2025-09-01T16:10:37","date_gmt":"2025-09-01T08:10:37","guid":{"rendered":"https:\/\/bolttech.io\/recursos-para-agentes\/"},"modified":"2025-09-05T23:48:37","modified_gmt":"2025-09-05T15:48:37","slug":"recursos-para-agentes","status":"publish","type":"page","link":"https:\/\/bolttech.io\/es\/recursos-para-agentes\/","title":{"rendered":"Recursos para agentes"},"content":{"rendered":"<!-- Hidden input -->\n\n    <input type=\"hidden\" id=\"geo-country\" value=\"[geot_country_name default=&quot;&quot;]\" data-country=\"[geot_country_name default=&quot;&quot;]\" >\n    <!-- <input type=\"hidden\" id=\"geo-country\" value=\"Hong Kong\"> -->\n\n<section id=\"block_23cdcf462a223c67da5c53418a68f494\"       class=\"bl-first-element bl-secondary-hero hp-bg-brand-black bl-section-element bl-secondary-hero_two-images-shapes bl-secondary-hero_shapes-animation\"\n      style=\"background:var(--wp--preset--color--white)\">\n\n    <div class=\"bl-secondary-hero__container\">\n        <div class=\"bl-secondary-hero__head bl-animate-text\"><H1 class=\"h2\">Recursos del agente<\/H1><div class=\"bl-secondary-hero__head-description bl-secondary-hero__head-description_extragrande\"><p>Informaci\u00f3n, capacitaci\u00f3n y gu\u00edas valiosas para que nuestros agentes actuales y futuros mantengan su ventaja y satisfagan las necesidades de sus clientes.<\/p>\n<\/div><form class=\"bl-secondary-hero__head-search\" role=\"search\" method=\"get\" action=\"https:\/\/bolttech.io\/es\/\"><input class=\"bl-secondary-hero__head-search-input\" name=\"s\" maxlength=\"50\" type=\"text\" value=\"\" placeholder=\"Search by keyword\" aria-label=\"Search\" \/><button class=\"bl-secondary-hero__head-search-submit\" type=\"submit\" aria-label=\"Submit\"><svg width=\"17\" height=\"17\" viewBox=\"0 0 17 17\" fill=\"none\" xmlns=\"http:\/\/www.w3.org\/2000\/svg\"><path d=\"M7.40906 2.6875C6.43814 2.6875 5.48903 2.97541 4.68174 3.51483C3.87444 4.05424 3.24524 4.82093 2.87368 5.71795C2.50213 6.61496 2.40491 7.60201 2.59433 8.55427C2.78375 9.50654 3.25129 10.3812 3.93783 11.0678C4.62438 11.7543 5.49909 12.2219 6.45135 12.4113C7.40362 12.6007 8.39067 12.5035 9.28768 12.1319C10.1847 11.7604 10.9514 11.1312 11.4908 10.3239C12.0302 9.5166 12.3181 8.56748 12.3181 7.59656C12.318 6.29462 11.8008 5.04603 10.8802 4.12542C9.95959 3.20481 8.711 2.68758 7.40906 2.6875Z\" stroke=\"#0A0842\" stroke-width=\"1.5\" stroke-miterlimit=\"10\"\/><path d=\"M11.0703 11.2578L14.4987 14.6862\" stroke=\"#0A0842\" stroke-width=\"1.5\" stroke-miterlimit=\"10\" stroke-linecap=\"round\"\/><\/svg><\/button><\/form><\/div>\n\n                    <div class=\"bl-secondary-hero__two-images-shapes\">\n                <img loading=\"lazy\" decoding=\"async\" width=\"768\" height=\"1152\" src=\"https:\/\/bolttech.io\/wp-content\/uploads\/2024\/08\/70b12f6db23ee19341f7416bd0d6dd2d-768x1152.jpg\" class=\"image-1\" alt=\"\" srcset=\"https:\/\/bolttech.io\/wp-content\/uploads\/2024\/08\/70b12f6db23ee19341f7416bd0d6dd2d-768x1152.jpg 768w, https:\/\/bolttech.io\/wp-content\/uploads\/2024\/08\/70b12f6db23ee19341f7416bd0d6dd2d-200x300.jpg 200w, https:\/\/bolttech.io\/wp-content\/uploads\/2024\/08\/70b12f6db23ee19341f7416bd0d6dd2d-683x1024.jpg 683w, https:\/\/bolttech.io\/wp-content\/uploads\/2024\/08\/70b12f6db23ee19341f7416bd0d6dd2d.jpg 1000w\" sizes=\"auto, (max-width: 768px) 100vw, 768px\" \/><img loading=\"lazy\" decoding=\"async\" width=\"768\" height=\"539\" src=\"https:\/\/bolttech.io\/wp-content\/uploads\/2024\/08\/888aeb619f6b751643738baaf5dbd9cf-768x539.png\" class=\"image-2\" alt=\"\" srcset=\"https:\/\/bolttech.io\/wp-content\/uploads\/2024\/08\/888aeb619f6b751643738baaf5dbd9cf-768x539.png 768w, https:\/\/bolttech.io\/wp-content\/uploads\/2024\/08\/888aeb619f6b751643738baaf5dbd9cf-300x211.png 300w, https:\/\/bolttech.io\/wp-content\/uploads\/2024\/08\/888aeb619f6b751643738baaf5dbd9cf-1024x719.png 1024w, https:\/\/bolttech.io\/wp-content\/uploads\/2024\/08\/888aeb619f6b751643738baaf5dbd9cf-1536x1079.png 1536w, https:\/\/bolttech.io\/wp-content\/uploads\/2024\/08\/888aeb619f6b751643738baaf5dbd9cf.png 1538w\" sizes=\"auto, (max-width: 768px) 100vw, 768px\" \/>                <div class=\"shape-1\"><\/div>\n                <div class=\"shape-2\"><\/div>\n                <div class=\"shape-3\"><\/div>\n                <div class=\"shape-4\"><\/div>\n                <div class=\"shape-5\"><\/div>\n                <div class=\"shape-6\"><\/div>\n            <\/div>\n            <\/div>\n\n    \n    \n<\/section>\n\n\n\n<section id=\"block_0381a57a0e8075ac83dd7424f49094f7\"       class=\"bl-last-element bl-resource-center hp-bg-brand-black bl-section-element\">\n\n    \n                            <div class=\"bl-resource-center__nav\">\n                                                <a href=\"#folletos-para-transportistas\">\n                                Folletos para transportistas                            <\/a>\n                                                    <a href=\"#guias\">\n                                Gu\u00edas                            <\/a>\n                                        <\/div>\n            \n                                <div id=\"folletos-para-transportistas\"\n                         class=\"bl-resource-center__container\">\n                        <div class=\"bl-resource-center__header\">\n                            <div class=\"h3\">\n                                Folletos para transportistas                            <\/div>\n\n                                                    <\/div>\n\n                        <div class=\"bl-resource-center__row\">\n                            \n<a href=\"https:\/\/bolttech.io\/wp-content\/uploads\/2024\/08\/1697662571-openly-appetite-guide-coverage-highlights.pdf\"\n   class=\"bl-resource-card bl-resource-card_small\"\n   style=\"background:var(--wp--preset--color--light-navy)\"\n   target=\"_blank\">\n                <div class=\"h6\">Gu\u00eda de apetito abierto<\/div>\n        <div class=\"bl-btn bl-btn_tertiary-dark\" aria-label=\"Download\"><span>Download<\/span><svg width=\"24\" height=\"24\" viewBox=\"0 0 24 24\" fill=\"none\" xmlns=\"http:\/\/www.w3.org\/2000\/svg\"><path d=\"M17.6537 18.3253L16.9402 17.6368L22.098 12.4791H2V11.4791H22.1173L16.9652 6.32131L17.6537 5.63281L24 11.9791L17.6537 18.3253Z\"\/><\/svg><\/div><\/a>\n\n<a href=\"https:\/\/bolttech.io\/wp-content\/uploads\/2024\/08\/1682952600-restaurant-coverage-guide.pdf\"\n   class=\"bl-resource-card bl-resource-card_small\"\n   style=\"background:var(--wp--preset--color--light-navy)\"\n   target=\"_blank\">\n                <div class=\"h6\">Gu\u00eda de cobertura de restaurantes NEXT<\/div>\n        <div class=\"bl-btn bl-btn_tertiary-dark\" aria-label=\"Download\"><span>Download<\/span><svg width=\"24\" height=\"24\" viewBox=\"0 0 24 24\" fill=\"none\" xmlns=\"http:\/\/www.w3.org\/2000\/svg\"><path d=\"M17.6537 18.3253L16.9402 17.6368L22.098 12.4791H2V11.4791H22.1173L16.9652 6.32131L17.6537 5.63281L24 11.9791L17.6537 18.3253Z\"\/><\/svg><\/div><\/a>\n\n<a href=\"https:\/\/bolttech.io\/wp-content\/uploads\/2024\/08\/1682952572-contractors-coverage-guide.pdf\"\n   class=\"bl-resource-card bl-resource-card_small\"\n   style=\"background:var(--wp--preset--color--light-navy)\"\n   target=\"_blank\">\n                <div class=\"h6\">Gu\u00eda de cobertura para contratistas de NEXT<\/div>\n        <div class=\"bl-btn bl-btn_tertiary-dark\" aria-label=\"Download\"><span>Download<\/span><svg width=\"24\" height=\"24\" viewBox=\"0 0 24 24\" fill=\"none\" xmlns=\"http:\/\/www.w3.org\/2000\/svg\"><path d=\"M17.6537 18.3253L16.9402 17.6368L22.098 12.4791H2V11.4791H22.1173L16.9652 6.32131L17.6537 5.63281L24 11.9791L17.6537 18.3253Z\"\/><\/svg><\/div><\/a>\n                        <\/div>\n\n                                                    <div class=\"bl-resource-center__btn\">\n                                <a class=\"bl-btn bl-btn_primary-dark\" href=\"https:\/\/bolttech.io\/es\/brochure\/\" aria-label=\"View All  Brochures\"><span>View All  Brochures<\/span><\/a>                            <\/div>\n                                            <\/div>\n                                    <div id=\"guias\"\n                         class=\"bl-resource-center__container\">\n                        <div class=\"bl-resource-center__header\">\n                            <div class=\"h3\">\n                                Gu\u00edas                            <\/div>\n\n                                                    <\/div>\n\n                        <div class=\"bl-resource-center__row\">\n                            \n<a href=\"https:\/\/bolttech.io\/es\/guide\/construyendo-una-red-para-su-agencia\/\"\n   class=\"bl-resource-card bl-resource-card_small\"\n   style=\"background:var(--wp--preset--color--light-navy)\"\n   target=\"_self\">\n            <span class=\"bl-resource-card__thumb\">\n                            <span class=\"bl-resource-card__label\">\n                    Guides                <\/span>\n            <img loading=\"lazy\" decoding=\"async\" width=\"1024\" height=\"683\" src=\"https:\/\/bolttech.io\/wp-content\/uploads\/2024\/08\/guide-building-a-network-for-your-agency-1024x683.avif\" class=\"attachment-large size-large\" alt=\"\" srcset=\"https:\/\/bolttech.io\/wp-content\/uploads\/2024\/08\/guide-building-a-network-for-your-agency-1024x683.avif 1024w, https:\/\/bolttech.io\/wp-content\/uploads\/2024\/08\/guide-building-a-network-for-your-agency-300x200.avif 300w, https:\/\/bolttech.io\/wp-content\/uploads\/2024\/08\/guide-building-a-network-for-your-agency-768x512.avif 768w, https:\/\/bolttech.io\/wp-content\/uploads\/2024\/08\/guide-building-a-network-for-your-agency-1536x1024.avif 1536w, https:\/\/bolttech.io\/wp-content\/uploads\/2024\/08\/guide-building-a-network-for-your-agency-2048x1365.avif 2048w\" sizes=\"auto, (max-width: 1024px) 100vw, 1024px\" \/>        <\/span>\n    \n                    <span class=\"bl-resource-card__date\">\n                5 de septiembre de 2025            <\/span>\n        \n                <div class=\"h6\">Construyendo una red para su agencia<\/div>\n        <div class=\"bl-btn bl-btn_tertiary-dark\" aria-label=\"Read more\"><span>Read more<\/span><svg width=\"24\" height=\"24\" viewBox=\"0 0 24 24\" fill=\"none\" xmlns=\"http:\/\/www.w3.org\/2000\/svg\"><path d=\"M17.6537 18.3253L16.9402 17.6368L22.098 12.4791H2V11.4791H22.1173L16.9652 6.32131L17.6537 5.63281L24 11.9791L17.6537 18.3253Z\"\/><\/svg><\/div><\/a>\n\n<a href=\"https:\/\/bolttech.io\/es\/guide\/aprovechar-las-redes-sociales-para-su-agencia\/\"\n   class=\"bl-resource-card bl-resource-card_small\"\n   style=\"background:var(--wp--preset--color--light-navy)\"\n   target=\"_self\">\n            <span class=\"bl-resource-card__thumb\">\n                            <span class=\"bl-resource-card__label\">\n                    Guides                <\/span>\n            <img loading=\"lazy\" decoding=\"async\" width=\"1024\" height=\"683\" src=\"https:\/\/bolttech.io\/wp-content\/uploads\/2024\/08\/guide-leveraging-social-media-hero-1024x683.avif\" class=\"attachment-large size-large\" alt=\"\" srcset=\"https:\/\/bolttech.io\/wp-content\/uploads\/2024\/08\/guide-leveraging-social-media-hero-1024x683.avif 1024w, https:\/\/bolttech.io\/wp-content\/uploads\/2024\/08\/guide-leveraging-social-media-hero-300x200.avif 300w, https:\/\/bolttech.io\/wp-content\/uploads\/2024\/08\/guide-leveraging-social-media-hero-768x512.avif 768w, https:\/\/bolttech.io\/wp-content\/uploads\/2024\/08\/guide-leveraging-social-media-hero-1536x1024.avif 1536w, https:\/\/bolttech.io\/wp-content\/uploads\/2024\/08\/guide-leveraging-social-media-hero-2048x1365.avif 2048w\" sizes=\"auto, (max-width: 1024px) 100vw, 1024px\" \/>        <\/span>\n    \n                    <span class=\"bl-resource-card__date\">\n                5 de septiembre de 2025            <\/span>\n        \n                <div class=\"h6\">Aprovechar las redes sociales para su agencia<\/div>\n        <div class=\"bl-btn bl-btn_tertiary-dark\" aria-label=\"Read more\"><span>Read more<\/span><svg width=\"24\" height=\"24\" viewBox=\"0 0 24 24\" fill=\"none\" xmlns=\"http:\/\/www.w3.org\/2000\/svg\"><path d=\"M17.6537 18.3253L16.9402 17.6368L22.098 12.4791H2V11.4791H22.1173L16.9652 6.32131L17.6537 5.63281L24 11.9791L17.6537 18.3253Z\"\/><\/svg><\/div><\/a>\n                        <\/div>\n\n                                                    <div class=\"bl-resource-center__btn\">\n                                <a class=\"bl-btn bl-btn_primary-dark\" href=\"https:\/\/bolttech.io\/es\/guide\/\" aria-label=\"View All  Guides\"><span>View All  Guides<\/span><\/a>                            <\/div>\n                                            <\/div>\n                \n<\/section>\n\n\n\n","protected":false},"excerpt":{"rendered":"","protected":false},"author":2,"featured_media":0,"parent":0,"menu_order":0,"comment_status":"closed","ping_status":"closed","template":"","meta":{"_acf_changed":false,"footnotes":""},"class_list":["post-42791","page","type-page","status-publish","hentry"],"acf":[],"_links":{"self":[{"href":"https:\/\/bolttech.io\/es\/wp-json\/wp\/v2\/pages\/42791","targetHints":{"allow":["GET"]}}],"collection":[{"href":"https:\/\/bolttech.io\/es\/wp-json\/wp\/v2\/pages"}],"about":[{"href":"https:\/\/bolttech.io\/es\/wp-json\/wp\/v2\/types\/page"}],"author":[{"embeddable":true,"href":"https:\/\/bolttech.io\/es\/wp-json\/wp\/v2\/users\/2"}],"replies":[{"embeddable":true,"href":"https:\/\/bolttech.io\/es\/wp-json\/wp\/v2\/comments?post=42791"}],"version-history":[{"count":0,"href":"https:\/\/bolttech.io\/es\/wp-json\/wp\/v2\/pages\/42791\/revisions"}],"wp:attachment":[{"href":"https:\/\/bolttech.io\/es\/wp-json\/wp\/v2\/media?parent=42791"}],"curies":[{"name":"wp","href":"https:\/\/api.w.org\/{rel}","templated":true}]}}