{"id":42784,"date":"2025-09-01T16:09:20","date_gmt":"2025-09-01T08:09:20","guid":{"rendered":"https:\/\/bolttech.io\/tecnologia-de-prevencion\/"},"modified":"2025-09-05T20:53:56","modified_gmt":"2025-09-05T12:53:56","slug":"tecnologia-de-prevencion","status":"publish","type":"page","link":"https:\/\/bolttech.io\/es\/tecnologia-de-prevencion\/","title":{"rendered":"Tecnolog\u00eda de prevenci\u00f3n"},"content":{"rendered":"\n<section id=\"block_cbdd56604f5c972f73591a925e3e4f09\"       class=\"bl-first-element bl-bg-image-hero hp-bg-brand-black bl-section-element bl-bg-image-hero_overlay\">\n\n            <picture class=\"bl-bg-image-hero__bg\">\n            <source srcset=\"https:\/\/bolttech.io\/wp-content\/uploads\/2024\/09\/Insurance-entity-setup-1920x1080.jpg\" media=\"(min-width: 1025px)\">\n            <img decoding=\"async\" src=\"https:\/\/bolttech.io\/wp-content\/uploads\/2024\/09\/Insurance-entity-setup-834x566.jpg\"\n                 alt=\"Reduzca las p\u00e9rdidas de agua con prevenci\u00f3n proactiva\">\n        <\/picture>\n    \n    \n    <div class=\"bl-bg-image-hero__container\">\n        <div class=\"bl-container-wide\">\n            <div class=\"bl-bg-image-hero__head bl-animate-text\"><h1 class=\"bl-eyebrow\">Tecnolog\u00eda de prevenci\u00f3n<\/h1><h2 class=\"h1\">Reduzca las p\u00e9rdidas de agua con prevenci\u00f3n proactiva<\/h2><div class=\"bl-bg-image-hero__head-description\"><p>Nuestra tecnolog\u00eda de prevenci\u00f3n ayuda a las compa\u00f1\u00edas de seguros y MGA a reducir las p\u00e9rdidas relacionadas con el agua mediante la integraci\u00f3n de datos de sensores en tiempo real con la administraci\u00f3n de p\u00f3lizas y los flujos de trabajo de reclamos.<\/p>\n<\/div><a class=\"bl-btn bl-btn_primary-dark\" href=\"https:\/\/bolttech.io\/es\/empieza-hoy\/\" aria-label=\"Comenzar\"><span>Comenzar<\/span><\/a><\/div>        <\/div>\n\n            <\/div>\n\n<\/section>\n\n\n\n\n\n\n\n\n\n<section id=\"block_c84e709275fdf03ab3c96176f0053cb6\"       class=\"bl-card-layouts hp-bg-brand-black bl-section-element\"\n      style=\"background:var(--wp--preset--color--white)\">\n\n    <div class=\"bl-card-layouts__container\">\n        <div class=\"bl-card-layouts__head bl-animate-text\"><h2 class=\"h3\">Evite p\u00e9rdidas, optimice la suscripci\u00f3n y proteja a los asegurados.<\/h2><p>Reduzca las p\u00e9rdidas por da\u00f1os causados por el agua antes de que ocurran con monitoreo en tiempo real, informaci\u00f3n de riesgos automatizada e integraci\u00f3n perfecta con el transportista.<\/p>\n<\/div>            <div class=\"bl-card-layouts__row bl-fade-up-items\">\n                \n<article class=\"bl-card-with-icon bl-card-with-icon_dark\">\n    <div class=\"bl-card-with-icon__media bl-card-with-icon__media_image\"><img loading=\"lazy\" decoding=\"async\" width=\"44\" height=\"44\" src=\"https:\/\/bolttech.io\/wp-content\/uploads\/2024\/09\/Idea-2.svg\" class=\"bl-card-with-icon__media-image\" alt=\"\" \/><\/div><h3 class=\"h5\">Monitoreo y alertas en tiempo real<\/h3><div><p>Los sensores de agua conectados detectan fugas y alertan a los asegurados y transportistas antes de que aumenten los da\u00f1os.<\/p>\n<\/div><\/article>\n\n<article class=\"bl-card-with-icon bl-card-with-icon_dark\">\n    <div class=\"bl-card-with-icon__media bl-card-with-icon__media_image\"><img loading=\"lazy\" decoding=\"async\" width=\"44\" height=\"44\" src=\"https:\/\/bolttech.io\/wp-content\/uploads\/2024\/10\/Big-data.svg\" class=\"bl-card-with-icon__media-image\" alt=\"\" \/><\/div><h3 class=\"h5\">Soporte de suscripci\u00f3n basado en datos<\/h3><div><p>La informaci\u00f3n procesable ayuda a las aseguradoras a refinar los modelos de riesgo, optimizar los precios y mejorar el rendimiento de las p\u00f3lizas.<\/p>\n<\/div><\/article>\n\n<article class=\"bl-card-with-icon bl-card-with-icon_dark\">\n    <div class=\"bl-card-with-icon__media bl-card-with-icon__media_image\"><img loading=\"lazy\" decoding=\"async\" width=\"44\" height=\"44\" src=\"https:\/\/bolttech.io\/wp-content\/uploads\/2024\/10\/Connection-2.svg\" class=\"bl-card-with-icon__media-image\" alt=\"\" \/><\/div><h3 class=\"h5\">Integraci\u00f3n de extremo a extremo<\/h3><div><p>Nuestra tecnolog\u00eda de prevenci\u00f3n se conecta a la perfecci\u00f3n con la administraci\u00f3n de p\u00f3lizas y los flujos de trabajo de reclamos existentes.<\/p>\n<\/div><\/article>\n            <\/div>\n            <\/div>\n\n<\/section>\n\n\n\n\n<section id=\"block_3489f2cc5f416de9e44c106c2fb5cd28\"       class=\"bl-hover-tabs hp-bg-brand-black bl-section-element\"\n      style=\"background:var(--wp--preset--color--white)\">\n\n    <div class=\"bl-container-wide\">\n        <div class=\"bl-hover-tabs__head bl-animate-text\"><h2 class=\"h3\">Una forma m\u00e1s inteligente de mitigar el riesgo para las aseguradoras<\/h2><div class=\"bl-hover-tabs__head-description\"><p>Prevenir las p\u00e9rdidas antes de que ocurran es un paso fundamental para mejorar la gesti\u00f3n de riesgos. Nuestra tecnolog\u00eda de prevenci\u00f3n permite a los transportistas y MGA reducir las p\u00e9rdidas mediante la integraci\u00f3n de sensores de agua habilitados para IoT con flujos de trabajo de pol\u00edticas. Las alertas en tiempo real, las herramientas de participaci\u00f3n automatizadas y la integraci\u00f3n perfecta de las aseguradoras garantizan que los asegurados cumplan con las normas al tiempo que brindan a las aseguradoras informaci\u00f3n procesable, lo que les permite adoptar un enfoque m\u00e1s inteligente y basado en datos para la reducci\u00f3n de riesgos.  <\/p>\n<\/div><\/div>\n                    <div class=\"bl-hover-tabs__container\">\n                <div class=\"bl-hover-tabs__panel\">\n                    <div class=\"bl-hover-tabs__panel-row\">\n                                                    <button class=\"bl-hover-tabs__panel-button active\"\n                                    data-id-tab=\"block_3489f2cc5f416de9e44c106c2fb5cd28-1\"\n                                    aria-label=\"Reclamaciones por menor p\u00e9rdida de agua  \">\n                                Reclamaciones por menor p\u00e9rdida de agua                              <\/button>\n                                                        <button class=\"bl-hover-tabs__panel-button\"\n                                    data-id-tab=\"block_3489f2cc5f416de9e44c106c2fb5cd28-2\"\n                                    aria-label=\"Integraci\u00f3n perfecta con los sistemas de transporte  \">\n                                Integraci\u00f3n perfecta con los sistemas de transporte                              <\/button>\n                                                        <button class=\"bl-hover-tabs__panel-button\"\n                                    data-id-tab=\"block_3489f2cc5f416de9e44c106c2fb5cd28-3\"\n                                    aria-label=\"Herramientas de participaci\u00f3n de los asegurados  \">\n                                Herramientas de participaci\u00f3n de los asegurados                              <\/button>\n                                                        <button class=\"bl-hover-tabs__panel-button\"\n                                    data-id-tab=\"block_3489f2cc5f416de9e44c106c2fb5cd28-4\"\n                                    aria-label=\"Plataforma flexible e independiente del dispositivo\">\n                                Plataforma flexible e independiente del dispositivo                            <\/button>\n                                                <\/div>\n                <\/div>\n\n                                    <div class=\"bl-hover-tabs__content active\"\n                         data-id-content=\"block_3489f2cc5f416de9e44c106c2fb5cd28-1\" tabindex=\"-1\">\n\n                        <img loading=\"lazy\" decoding=\"async\" width=\"768\" height=\"512\" src=\"https:\/\/bolttech.io\/wp-content\/uploads\/2025\/08\/GettyImages-1222861323-768x512.jpg\" class=\"bl-hover-tabs__img\" alt=\"\" srcset=\"https:\/\/bolttech.io\/wp-content\/uploads\/2025\/08\/GettyImages-1222861323-768x512.jpg 768w, https:\/\/bolttech.io\/wp-content\/uploads\/2025\/08\/GettyImages-1222861323-300x200.jpg 300w, https:\/\/bolttech.io\/wp-content\/uploads\/2025\/08\/GettyImages-1222861323-1024x682.jpg 1024w, https:\/\/bolttech.io\/wp-content\/uploads\/2025\/08\/GettyImages-1222861323-1536x1024.jpg 1536w, https:\/\/bolttech.io\/wp-content\/uploads\/2025\/08\/GettyImages-1222861323.jpg 2000w\" sizes=\"auto, (max-width: 768px) 100vw, 768px\" \/>                        <div class=\"bl-hover-tabs__section bl-hover-tabs__section_gradient\">\n                                                            <div class=\"h5\">Reducir la frecuencia y la gravedad de las reclamaciones costosas<\/div>\n                                                            <div class=\"bl-hover-tabs__section-description\">\n                                    <p>Se ha demostrado que nuestra tecnolog\u00eda de prevenci\u00f3n reduce la frecuencia de reclamos por p\u00e9rdida de agua en un 39% y la gravedad en un 12%, lo que ayuda a las aseguradoras a reducir costos y mejorar la rentabilidad.<\/p>\n                                <\/div>\n                                                    <\/div>\n                    <\/div>\n                                        <div class=\"bl-hover-tabs__content\"\n                         data-id-content=\"block_3489f2cc5f416de9e44c106c2fb5cd28-2\" tabindex=\"-1\">\n\n                        <img loading=\"lazy\" decoding=\"async\" width=\"768\" height=\"512\" src=\"https:\/\/bolttech.io\/wp-content\/uploads\/2025\/03\/Seamless-integration-with-carrier-systems-768x512.webp\" class=\"bl-hover-tabs__img\" alt=\"\" srcset=\"https:\/\/bolttech.io\/wp-content\/uploads\/2025\/03\/Seamless-integration-with-carrier-systems-768x512.webp 768w, https:\/\/bolttech.io\/wp-content\/uploads\/2025\/03\/Seamless-integration-with-carrier-systems-300x200.webp 300w, https:\/\/bolttech.io\/wp-content\/uploads\/2025\/03\/Seamless-integration-with-carrier-systems-1024x683.webp 1024w, https:\/\/bolttech.io\/wp-content\/uploads\/2025\/03\/Seamless-integration-with-carrier-systems.webp 1500w\" sizes=\"auto, (max-width: 768px) 100vw, 768px\" \/>                        <div class=\"bl-hover-tabs__section bl-hover-tabs__section_gradient\">\n                                                            <div class=\"h5\">Optimice los flujos de trabajo de suscripci\u00f3n y reclamos<\/div>\n                                                            <div class=\"bl-hover-tabs__section-description\">\n                                    <p>La plataforma se conecta directamente con los sistemas de administraci\u00f3n de p\u00f3lizas y reclamos, lo que garantiza flujos de datos en tiempo real y una mejor evaluaci\u00f3n de riesgos.<\/p>\n                                <\/div>\n                                                    <\/div>\n                    <\/div>\n                                        <div class=\"bl-hover-tabs__content\"\n                         data-id-content=\"block_3489f2cc5f416de9e44c106c2fb5cd28-3\" tabindex=\"-1\">\n\n                        <img loading=\"lazy\" decoding=\"async\" width=\"768\" height=\"512\" src=\"https:\/\/bolttech.io\/wp-content\/uploads\/2025\/07\/GettyImages-2103894533-768x512.jpg\" class=\"bl-hover-tabs__img\" alt=\"\" srcset=\"https:\/\/bolttech.io\/wp-content\/uploads\/2025\/07\/GettyImages-2103894533-768x512.jpg 768w, https:\/\/bolttech.io\/wp-content\/uploads\/2025\/07\/GettyImages-2103894533-300x200.jpg 300w, https:\/\/bolttech.io\/wp-content\/uploads\/2025\/07\/GettyImages-2103894533-1024x682.jpg 1024w, https:\/\/bolttech.io\/wp-content\/uploads\/2025\/07\/GettyImages-2103894533-1536x1024.jpg 1536w, https:\/\/bolttech.io\/wp-content\/uploads\/2025\/07\/GettyImages-2103894533.jpg 2000w\" sizes=\"auto, (max-width: 768px) 100vw, 768px\" \/>                        <div class=\"bl-hover-tabs__section bl-hover-tabs__section_gradient\">\n                                                            <div class=\"h5\">Ayude a los clientes a cumplir con las normas y evitar p\u00e9rdidas<\/div>\n                                                            <div class=\"bl-hover-tabs__section-description\">\n                                    <p>Nuestra tecnolog\u00eda de prevenci\u00f3n proporciona notificaciones autom\u00e1ticas y orientaci\u00f3n para fomentar el uso adecuado de los sensores, minimizando el incumplimiento y los dispositivos inactivos.<\/p>\n                                <\/div>\n                                                    <\/div>\n                    <\/div>\n                                        <div class=\"bl-hover-tabs__content\"\n                         data-id-content=\"block_3489f2cc5f416de9e44c106c2fb5cd28-4\" tabindex=\"-1\">\n\n                        <img loading=\"lazy\" decoding=\"async\" width=\"768\" height=\"512\" src=\"https:\/\/bolttech.io\/wp-content\/uploads\/2024\/11\/GettyImages-1362328147-768x512.jpg\" class=\"bl-hover-tabs__img\" alt=\"\" srcset=\"https:\/\/bolttech.io\/wp-content\/uploads\/2024\/11\/GettyImages-1362328147-768x512.jpg 768w, https:\/\/bolttech.io\/wp-content\/uploads\/2024\/11\/GettyImages-1362328147-300x200.jpg 300w, https:\/\/bolttech.io\/wp-content\/uploads\/2024\/11\/GettyImages-1362328147-1024x683.jpg 1024w, https:\/\/bolttech.io\/wp-content\/uploads\/2024\/11\/GettyImages-1362328147-1536x1024.jpg 1536w, https:\/\/bolttech.io\/wp-content\/uploads\/2024\/11\/GettyImages-1362328147-2048x1365.jpg 2048w\" sizes=\"auto, (max-width: 768px) 100vw, 768px\" \/>                        <div class=\"bl-hover-tabs__section bl-hover-tabs__section_gradient\">\n                                                            <div class=\"h5\">Funciona con m\u00faltiples proveedores de sensores<\/div>\n                                                            <div class=\"bl-hover-tabs__section-description\">\n                                    <p>Los operadores pueden elegir entre una variedad de socios de sensores, lo que permite la personalizaci\u00f3n y la escalabilidad para adaptarse a diferentes perfiles de riesgo.<\/p>\n                                <\/div>\n                                                    <\/div>\n                    <\/div>\n                                <\/div>\n        \n    <\/div>\n\n<\/section>\n\n\n","protected":false},"excerpt":{"rendered":"","protected":false},"author":6,"featured_media":0,"parent":0,"menu_order":0,"comment_status":"closed","ping_status":"closed","template":"","meta":{"_acf_changed":false,"footnotes":""},"class_list":["post-42784","page","type-page","status-publish","hentry"],"acf":[],"_links":{"self":[{"href":"https:\/\/bolttech.io\/es\/wp-json\/wp\/v2\/pages\/42784","targetHints":{"allow":["GET"]}}],"collection":[{"href":"https:\/\/bolttech.io\/es\/wp-json\/wp\/v2\/pages"}],"about":[{"href":"https:\/\/bolttech.io\/es\/wp-json\/wp\/v2\/types\/page"}],"author":[{"embeddable":true,"href":"https:\/\/bolttech.io\/es\/wp-json\/wp\/v2\/users\/6"}],"replies":[{"embeddable":true,"href":"https:\/\/bolttech.io\/es\/wp-json\/wp\/v2\/comments?post=42784"}],"version-history":[{"count":0,"href":"https:\/\/bolttech.io\/es\/wp-json\/wp\/v2\/pages\/42784\/revisions"}],"wp:attachment":[{"href":"https:\/\/bolttech.io\/es\/wp-json\/wp\/v2\/media?parent=42784"}],"curies":[{"name":"wp","href":"https:\/\/api.w.org\/{rel}","templated":true}]}}