{"id":42777,"date":"2025-09-01T16:09:14","date_gmt":"2025-09-01T08:09:14","guid":{"rendered":"https:\/\/bolttech.io\/renuncia\/"},"modified":"2025-09-01T16:09:26","modified_gmt":"2025-09-01T08:09:26","slug":"renuncia","status":"publish","type":"page","link":"https:\/\/bolttech.io\/es\/renuncia\/","title":{"rendered":"Renuncia"},"content":{"rendered":"<!-- Hidden input -->\n\n    <input type=\"hidden\" id=\"geo-country\" value=\"[geot_country_name default=&quot;&quot;]\" data-country=\"[geot_country_name default=&quot;&quot;]\" >\n    <!-- <input type=\"hidden\" id=\"geo-country\" value=\"Hong Kong\"> -->\n\n<section id=\"block_98823bd6bd178be423c8e441df328188\"       class=\"bl-first-element bl-secondary-hero hp-bg-brand-black bl-section-element bl-secondary-hero_centered-content bl-secondary-hero_shapes-animation\"\n      style=\"background:var(--wp--preset--color--white)\">\n\n    <div class=\"bl-secondary-hero__container\">\n        <div class=\"bl-secondary-hero__head bl-animate-text\"><H1 class=\"h2\">Renuncia<\/H1><div class=\"bl-secondary-hero__head-description bl-secondary-hero__head-description_peque\u00f1o\"><p>Septiembre 2024<\/p>\n<\/div><\/div>\n\n            <\/div>\n\n                <div class=\"shape-left-1\"><\/div>\n            <div class=\"shape-left-2\"><\/div>\n\n            <div class=\"shape-right-1\"><\/div>\n            <div class=\"shape-right-2\"><\/div>\n        \n    \n<\/section>\n\n\n\n<section id=\"block_82b153e975d3c03f71ac705be2ba36ae\"\n         class=\"bl-last-element bl-sticky-sidebar hp-bg-brand-black bl-section-element\">\n\n    <div class=\"bl-container-wide\">\n        <div class=\"bl-sticky-sidebar__content\">\n                            <div class=\"bl-sticky-sidebar__sidebar\">\n                    <div class=\"bl-sticky-sidebar__bar\">\n                        <div class=\"bl-sticky-sidebar__bar-links\">\n                                                            <div class=\"bl-sticky-sidebar__bar-heading\">\n                                    Vaya a                                <\/div>\n                            \n                                                            <div class=\"bl-sticky-sidebar__nav\">\n                                                                                <a href=\"#notice\"\n                                               target=\"_self\"\n                                               class=\"bl-sticky-sidebar__nav-link\">\n                                                Notar                                            <\/a>\n                                                                                    <a href=\"#copyright\"\n                                               target=\"_self\"\n                                               class=\"bl-sticky-sidebar__nav-link\">\n                                                Derechos de autor                                            <\/a>\n                                                                                    <a href=\"#Trademarks\"\n                                               target=\"_self\"\n                                               class=\"bl-sticky-sidebar__nav-link\">\n                                                Marcas                                            <\/a>\n                                                                                    <a href=\"#Use-of-Information-and-Materials\"\n                                               target=\"_self\"\n                                               class=\"bl-sticky-sidebar__nav-link\">\n                                                Uso de informaci\u00f3n y materiales                                            <\/a>\n                                                                                    <a href=\"#no-warranty\"\n                                               target=\"_self\"\n                                               class=\"bl-sticky-sidebar__nav-link\">\n                                                Sin garant\u00eda                                            <\/a>\n                                                                                    <a href=\"#Performance-of-the-website\"\n                                               target=\"_self\"\n                                               class=\"bl-sticky-sidebar__nav-link\">\n                                                Rendimiento del sitio web                                            <\/a>\n                                                                                    <a href=\"#Software-licences\"\n                                               target=\"_self\"\n                                               class=\"bl-sticky-sidebar__nav-link\">\n                                                Licencias de software                                            <\/a>\n                                                                                    <a href=\"#Limitation-of-Liability\"\n                                               target=\"_self\"\n                                               class=\"bl-sticky-sidebar__nav-link\">\n                                                Limitaci\u00f3n de responsabilidad                                            <\/a>\n                                                                                    <a href=\"#Links-to-Third-Party-Websites\"\n                                               target=\"_self\"\n                                               class=\"bl-sticky-sidebar__nav-link\">\n                                                Enlaces a sitios web de terceros                                            <\/a>\n                                                                                    <a href=\"#Submission-of-Information\"\n                                               target=\"_self\"\n                                               class=\"bl-sticky-sidebar__nav-link\">\n                                                Env\u00edo de informaci\u00f3n                                            <\/a>\n                                                                                    <a href=\"#Internet-Communications\"\n                                               target=\"_self\"\n                                               class=\"bl-sticky-sidebar__nav-link\">\n                                                Comunicaciones por Internet                                            <\/a>\n                                                                        <\/div>\n                                                    <\/div>\n                    <\/div>\n                <\/div>\n            \n            <div class=\"bl-sticky-sidebar__textual\">\n                <div class=\"acf-innerblocks-container\">\n\n<h2 class=\"wp-block-heading\" id=\"notice\">Notar<\/h2>\n\n\n\n<p>\u00a1Bienvenido al sitio web de bolttech! Lea atentamente los siguientes t\u00e9rminos y condiciones. Al acceder a este sitio web y a cualquier p\u00e1gina, usted acepta estar sujeto a los t\u00e9rminos y condiciones a continuaci\u00f3n. Si no est\u00e1 de acuerdo con los t\u00e9rminos y condiciones a continuaci\u00f3n, no acceda a este sitio web ni a ninguna de sus p\u00e1ginas.   <\/p>\n\n\n\n<p>Podemos modificar estos t\u00e9rminos y condiciones de vez en cuando, sin previo aviso y sin dar ninguna raz\u00f3n para hacerlo, publicando una versi\u00f3n actualizada de los t\u00e9rminos y condiciones en el sitio web. Debe consultar regularmente estos t\u00e9rminos y condiciones para ver si hay modificaciones. Si se modifican estos t\u00e9rminos y condiciones, debe cumplir con los t\u00e9rminos y condiciones actualizados. Si no est\u00e1 de acuerdo con los t\u00e9rminos y condiciones actualizados, debe dejar de usar el sitio web de inmediato.   <\/p>\n\n\n\n<p>En caso de discrepancias entre las versiones en ingl\u00e9s y en otros idiomas de este sitio web, se aplicar\u00e1 y prevalecer\u00e1 la versi\u00f3n en ingl\u00e9s.<\/p>\n\n\n\n<h2 class=\"wp-block-heading\" id=\"copyright\">Derechos de autor: Todos los derechos reservados<\/h2>\n\n\n\n<p>A menos que se indique lo contrario, los derechos de autor de todos los materiales y contenidos que se encuentran en este sitio web son propiedad de bolttech y sus afiliados (denominados colectivamente \u00abbolttech\u00bb, \u00abnosotros\u00bb, \u00abnos\u00bb o \u00abnuestro\u00bb). El sitio web permite a los usuarios leer informaci\u00f3n sobre bolttech y enviarnos un correo electr\u00f3nico de consulta. <\/p>\n\n\n\n<p>A los efectos de este Descargo de responsabilidad, \u00abAfiliado\u00bb significar\u00e1 con respecto a cualquier persona, cualquier otra persona que sea una sociedad de cartera directa o indirecta o subsidiaria o cualquier sociedad o empresa (ya sea incorporada o no incorporada) de bolttech que sea directa o indirectamente: (a) posee o controla bolttech, (b) es propiedad o est\u00e1 controlada por bolttech, o (c) est\u00e1 bajo propiedad o control com\u00fan con bolttech. A los efectos de esta definici\u00f3n, el t\u00e9rmino \u00abcontrol\u00bb, \u00abcontrolador\u00bb o \u00abcontrolado\u00bb significa el poder de dirigir la administraci\u00f3n, las operaciones, los negocios y \/ o las pol\u00edticas de bolttech, ya sea a trav\u00e9s de la propiedad de acciones o cualquier otro valor, por contrato o de otro modo.    <\/p>\n\n\n\n<h2 class=\"wp-block-heading\" id=\"Trademarks\">Marcas<\/h2>\n\n\n\n<p><br\/>Todas las marcas comerciales, logotipos y marcas de servicio que se muestran en este sitio web est\u00e1n protegidos y los usuarios tienen prohibido usarlos sin el permiso por escrito de bolttech o de los propietarios de las marcas comerciales, logotipos y marcas de servicio relevantes, seg\u00fan sea el caso.<\/p>\n\n\n\n<p>Los materiales de este sitio web est\u00e1n protegidos por derechos de autor y ninguna parte de dichos materiales puede modificarse, reproducirse, almacenarse en un sistema de recuperaci\u00f3n, transmitirse (en cualquier forma o por ning\u00fan medio), copiarse, distribuirse, usarse para crear trabajos derivados o usarse de cualquier otra manera para fines comerciales o p\u00fablicos sin el consentimiento previo por escrito de bolttech.<\/p>\n\n\n\n<h2 class=\"wp-block-heading\" id=\"Use-of-Information-and-Materials\">Uso de informaci\u00f3n y materiales<\/h2>\n\n\n\n<p>La informaci\u00f3n y los materiales contenidos en estas p\u00e1ginas (incluidos los t\u00e9rminos, condiciones y descripciones que aparecen) est\u00e1n sujetos a cambios.<\/p>\n\n\n\n<p>Los productos y servicios a los que se hace referencia en este sitio web solo se ofrecen en la jurisdicci\u00f3n donde y cuando bolttech pueda ofrecerlos legalmente. Los materiales de estas p\u00e1ginas no est\u00e1n destinados a ser utilizados por personas ubicadas o residentes en jurisdicciones que restrinjan la distribuci\u00f3n de dichos materiales por nuestra parte. Las personas que accedan a estas p\u00e1ginas deben observar las restricciones pertinentes.  <\/p>\n\n\n\n<p>Estas p\u00e1ginas no deben considerarse como una oferta o solicitud para vender productos o servicios en ninguna jurisdicci\u00f3n a ninguna persona a la que sea ilegal hacer dicha invitaci\u00f3n o solicitud en dicha jurisdicci\u00f3n.<\/p>\n\n\n\n<p>Se recomienda a las personas que accedan a estas p\u00e1ginas que obtengan el asesoramiento profesional adecuado en funci\u00f3n de sus propias necesidades para cualquier producto o servicio en particular contenido en estas p\u00e1ginas.<\/p>\n\n\n\n<h2 class=\"wp-block-heading\" id=\"no-warranty\">Sin garant\u00eda<\/h2>\n\n\n\n<p>La informaci\u00f3n y los materiales contenidos en este sitio web, incluidos textos, gr\u00e1ficos, enlaces u otros elementos, se proporcionan \u00abtal cual\u00bb, \u00abseg\u00fan disponibilidad\u00bb. Bolttech no garantiza la exactitud, adecuaci\u00f3n o integridad de esta informaci\u00f3n y materiales y renuncia expresamente a la responsabilidad por errores u omisiones en esta informaci\u00f3n y materiales. No se otorga ninguna garant\u00eda de ning\u00fan tipo, impl\u00edcita, expresa o estatutaria, incluidas las garant\u00edas de no infracci\u00f3n de los derechos de terceros, t\u00edtulo, comerciabilidad, idoneidad para un prop\u00f3sito particular y ausencia de virus inform\u00e1ticos, junto con la informaci\u00f3n y los materiales.  <\/p>\n\n\n\n<h2 class=\"wp-block-heading\" id=\"Performance-of-the-website\">Rendimiento del sitio web<\/h2>\n\n\n\n<p>Haremos todos los esfuerzos razonables para que el sitio web est\u00e9 disponible en general durante nuestro horario comercial normal. Sin embargo, la disponibilidad del sitio web depende de varios proveedores externos y, en consecuencia, no garantizamos: <\/p>\n\n\n\n<p>(a) que podr\u00e1 utilizar el sitio web en cualquier momento; o (b) que su uso del sitio web ser\u00e1 continuo, ininterrumpido, seguro o libre de errores. <\/p>\n\n\n\n<p>Usted reconoce que es posible que el sitio web no est\u00e9 disponible para su uso de vez en cuando, y que puede ser desconectado de su uso del sitio web en cualquier momento y por cualquier motivo, incluso si:<\/p>\n\n\n\n<p>a) se produzcan dificultades de conexi\u00f3n a la red; b) los sistemas que prestan esos servicios no est\u00e1n disponibles por cualquier motivo (incluso para que se pueda realizar el mantenimiento); (c) incumple cualquiera de estos T\u00e9rminos de uso; o (d) decidimos cancelar, suspender o bloquear su acceso al sitio web por cualquier motivo.   <\/p>\n\n\n\n<p>No garantizamos la confiabilidad u otro rendimiento del sitio web. El rendimiento del sitio web depende de varios factores, incluidas las funciones, la capacidad y la configuraci\u00f3n de su propio dispositivo habilitado para Internet (que es compatible con el sitio web y tiene una conexi\u00f3n a Internet actual y funcional), la velocidad de su conexi\u00f3n a Internet y la cantidad de usuarios que acceden a los sistemas que respaldan el sitio web. <\/p>\n\n\n\n<p>La informaci\u00f3n disponible a trav\u00e9s del sitio web est\u00e1 sujeta a actualizaciones peri\u00f3dicas y, si bien nuestro objetivo es garantizar que est\u00e9 actualizada, puede haber retrasos, errores u omisiones que podr\u00edan afectar su vigencia o precisi\u00f3n. En consecuencia, no podemos garantizar que la informaci\u00f3n que obtenga a trav\u00e9s del sitio web sea o vaya a ser actual, completa o precisa en todo momento. Usted reconoce y acepta que realizar\u00e1 sus propias consultas para determinar si la informaci\u00f3n que obtiene a trav\u00e9s del sitio web es actual, completa y precisa antes de usarla. No somos responsables de ninguna responsabilidad, p\u00e9rdida, da\u00f1o, costo y gasto (incluidos los costos y gastos legales, independientemente de si se incurren o se otorgan) que surjan por contrato, agravio (incluida la negligencia) o de otro modo que sufra o incurra como resultado de su incumplimiento de este p\u00e1rrafo.   <\/p>\n\n\n\n<h2 class=\"wp-block-heading\" id=\"Software-licences\">Licencias de software<\/h2>\n\n\n\n<p>En la medida en que cualquier software est\u00e9 disponible o se le proporcione en este sitio web, le otorgamos una licencia no exclusiva, limitada y personal para descargar y usar el software solo para su uso personal y no comercial. Todos los derechos, incluidos los derechos de propiedad intelectual sobre el software, siguen siendo de nuestra propiedad o de los licenciantes o propietarios pertinentes del software y, salvo que lo permita la ley, no puede realizar ingenier\u00eda inversa, descompilar, modificar ni manipular el software. <\/p>\n\n\n\n<h2 class=\"wp-block-heading\" id=\"Limitation-of-Liability\">Limitaci\u00f3n de responsabilidad<\/h2>\n\n\n\n<p>En ning\u00fan caso bolttech ser\u00e1 responsable de ning\u00fan da\u00f1o, incluidos los da\u00f1os, p\u00e9rdidas o gastos directos o indirectos, especiales, incidentales o consecuentes que surjan en relaci\u00f3n con este sitio web o el uso del mismo o la incapacidad de uso por parte de cualquier parte, o en relaci\u00f3n con cualquier falla de rendimiento, error, omisi\u00f3n, interrupci\u00f3n, defecto, demora en la operaci\u00f3n o transmisi\u00f3n, virus inform\u00e1tico o falla de l\u00ednea o sistema.  Incluso si Bolttech, o sus representantes, son advertidos de la posibilidad de tales da\u00f1os, p\u00e9rdidas o gastos. Los hiperv\u00ednculos a otros recursos de Internet se utilizan bajo su propio riesgo; El contenido, la precisi\u00f3n, las opiniones expresadas y otros enlaces proporcionados por estos recursos no son investigados, verificados, monitoreados ni respaldados por Bolttech. <\/p>\n\n\n\n<h2 class=\"wp-block-heading\" id=\"Links-to-Third-Party-Websites\">Enlaces a sitios web de terceros<\/h2>\n\n\n\n<p>Hay enlaces a sitios web de terceros que no est\u00e1n controlados por bolttech. No se considerar\u00e1 que bolttech garantiza o respalda el contenido de los sitios web de terceros, y no ser\u00e1 responsable de ninguna manera por el contenido de estos sitios web. Bolttech tampoco ser\u00e1 responsable de ning\u00fan da\u00f1o o p\u00e9rdida incurrido o sufrido por usted, que surja de o en relaci\u00f3n con su uso de sitios web de terceros.  <\/p>\n\n\n\n<h2 class=\"wp-block-heading\" id=\"Submission-of-Information\">Env\u00edo de informaci\u00f3n<\/h2>\n\n\n\n<p>Toda la informaci\u00f3n enviada a bolttech a trav\u00e9s de este sitio web se considerar\u00e1 y seguir\u00e1 siendo propiedad de bolttech y bolttech ser\u00e1 libre de usar, para cualquier prop\u00f3sito, cualquier idea, concepto, conocimiento o t\u00e9cnica contenida en la informaci\u00f3n proporcionada por un visitante a bolttech a trav\u00e9s de este sitio web. Bolttech no estar\u00e1 sujeto a ninguna obligaci\u00f3n de confidencialidad con respecto a la informaci\u00f3n enviada, excepto seg\u00fan lo acordado con Bolttech que tenga la relaci\u00f3n directa con el cliente o seg\u00fan lo acordado espec\u00edficamente o requerido por la ley. <\/p>\n\n\n\n<h2 class=\"wp-block-heading\" id=\"Internet-Communications\">Comunicaciones por Internet<\/h2>\n\n\n\n<p>No se puede garantizar que los mensajes enviados a trav\u00e9s de Internet sean completamente seguros. bolttech no ser\u00e1 responsable de los da\u00f1os sufridos por los usuarios si env\u00edan un mensaje a bolttech, o si bolttech les env\u00eda un mensaje a petici\u00f3n suya, a trav\u00e9s de Internet. Bolttech no es responsable de ninguna manera por da\u00f1os directos, indirectos, especiales o consecuentes que surjan del uso de este sitio web.  <\/p>\n\n\n\n<p>Las comunicaciones a trav\u00e9s de Internet pueden estar sujetas a interrupciones, apagones de transmisi\u00f3n, transmisi\u00f3n retrasada debido al tr\u00e1fico de Internet o transmisi\u00f3n de datos incorrecta debido a la naturaleza p\u00fablica de Internet o de otro tipo.<\/p>\n\n<\/div>\n            <\/div>\n        <\/div>\n    <\/div>\n\n<\/section>\n","protected":false},"excerpt":{"rendered":"","protected":false},"author":4,"featured_media":0,"parent":0,"menu_order":0,"comment_status":"closed","ping_status":"closed","template":"","meta":{"_acf_changed":false,"footnotes":""},"class_list":["post-42777","page","type-page","status-publish","hentry"],"acf":[],"_links":{"self":[{"href":"https:\/\/bolttech.io\/es\/wp-json\/wp\/v2\/pages\/42777","targetHints":{"allow":["GET"]}}],"collection":[{"href":"https:\/\/bolttech.io\/es\/wp-json\/wp\/v2\/pages"}],"about":[{"href":"https:\/\/bolttech.io\/es\/wp-json\/wp\/v2\/types\/page"}],"author":[{"embeddable":true,"href":"https:\/\/bolttech.io\/es\/wp-json\/wp\/v2\/users\/4"}],"replies":[{"embeddable":true,"href":"https:\/\/bolttech.io\/es\/wp-json\/wp\/v2\/comments?post=42777"}],"version-history":[{"count":0,"href":"https:\/\/bolttech.io\/es\/wp-json\/wp\/v2\/pages\/42777\/revisions"}],"wp:attachment":[{"href":"https:\/\/bolttech.io\/es\/wp-json\/wp\/v2\/media?parent=42777"}],"curies":[{"name":"wp","href":"https:\/\/api.w.org\/{rel}","templated":true}]}}